{"id":64,"date":"2014-02-12T11:28:54","date_gmt":"2014-02-12T13:28:54","guid":{"rendered":"http:\/\/sites.usp.br\/epsec\/?page_id=64"},"modified":"2022-02-14T15:42:21","modified_gmt":"2022-02-14T17:42:21","slug":"pagina-2","status":"publish","type":"page","link":"https:\/\/sites.usp.br\/gep\/pagina-2\/","title":{"rendered":"Membros antigos"},"content":{"rendered":"<ul>\n<li>Renan de Souza Moser<\/li>\n<li>Jo\u00e3o Francisco Tasso<\/li>\n<li>Naiara Tostes Cruz<\/li>\n<li>Allan Jukowski Louren\u00e7o<\/li>\n<li>Maria Carolini Lima de Mello<\/li>\n<li>Gisd\u00e9lia Oliveira e Silva<\/li>\n<li>Rosangela Fagundes<\/li>\n<li>Luciana Prado Dumont<\/li>\n<li>Cl\u00f3vis Reis da Silva Junior<\/li>\n<li>Ana Carolina Dalb\u00f3 do Nascimento<\/li>\n<li>Maria Victoria Cadamuro Mimo<\/li>\n<li>Elaine Moreno Mendon\u00e7a<\/li>\n<li>Miriam Navarro de Castro Nunes<\/li>\n<\/ul>\n<p>&nbsp;<\/p>\n<p>&nbsp;<\/p>\n","protected":false},"excerpt":{"rendered":"<p>Renan de Souza Moser Jo\u00e3o Francisco Tasso Naiara Tostes Cruz Allan Jukowski Louren\u00e7o Maria Carolini Lima de Mello Gisd\u00e9lia Oliveira e Silva Rosangela Fagundes Luciana Prado Dumont Cl\u00f3vis Reis da Silva Junior Ana Carolina Dalb\u00f3 do Nascimento Maria Victoria Cadamuro Mimo Elaine Moreno Mendon\u00e7a Miriam Navarro de Castro Nunes &nbsp; &nbsp;<\/p>\n","protected":false},"author":1,"featured_media":308,"parent":0,"menu_order":2,"comment_status":"closed","ping_status":"closed","template":"","meta":{"footnotes":"","_links_to":"","_links_to_target":""},"class_list":["post-64","page","type-page","status-publish","has-post-thumbnail","hentry"],"_links":{"self":[{"href":"https:\/\/sites.usp.br\/gep\/wp-json\/wp\/v2\/pages\/64","targetHints":{"allow":["GET"]}}],"collection":[{"href":"https:\/\/sites.usp.br\/gep\/wp-json\/wp\/v2\/pages"}],"about":[{"href":"https:\/\/sites.usp.br\/gep\/wp-json\/wp\/v2\/types\/page"}],"author":[{"embeddable":true,"href":"https:\/\/sites.usp.br\/gep\/wp-json\/wp\/v2\/users\/1"}],"replies":[{"embeddable":true,"href":"https:\/\/sites.usp.br\/gep\/wp-json\/wp\/v2\/comments?post=64"}],"version-history":[{"count":4,"href":"https:\/\/sites.usp.br\/gep\/wp-json\/wp\/v2\/pages\/64\/revisions"}],"predecessor-version":[{"id":371,"href":"https:\/\/sites.usp.br\/gep\/wp-json\/wp\/v2\/pages\/64\/revisions\/371"}],"wp:featuredmedia":[{"embeddable":true,"href":"https:\/\/sites.usp.br\/gep\/wp-json\/wp\/v2\/media\/308"}],"wp:attachment":[{"href":"https:\/\/sites.usp.br\/gep\/wp-json\/wp\/v2\/media?parent=64"}],"curies":[{"name":"wp","href":"https:\/\/api.w.org\/{rel}","templated":true}]}}