{"id":852,"date":"2023-02-13T16:47:25","date_gmt":"2023-02-13T19:47:25","guid":{"rendered":"https:\/\/sites.usp.br\/gepcham\/?page_id=852"},"modified":"2023-02-13T17:35:50","modified_gmt":"2023-02-13T20:35:50","slug":"sobre-gepcham","status":"publish","type":"page","link":"https:\/\/sites.usp.br\/gepcham\/sobre-gepcham\/","title":{"rendered":"Sobre GEPCHAM"},"content":{"rendered":"\t\t<div data-elementor-type=\"wp-page\" data-elementor-id=\"852\" class=\"elementor elementor-852\" data-elementor-post-type=\"page\">\n\t\t\t\t\t\t<section class=\"elementor-section elementor-top-section elementor-element elementor-element-8b06125 elementor-section-stretched elementor-section-boxed elementor-section-height-default elementor-section-height-default\" data-id=\"8b06125\" data-element_type=\"section\" data-settings=\"{&quot;stretch_section&quot;:&quot;section-stretched&quot;,&quot;background_background&quot;:&quot;classic&quot;}\">\n\t\t\t\t\t\t<div class=\"elementor-container elementor-column-gap-default\">\n\t\t\t\t\t<header class=\"elementor-column elementor-col-100 elementor-top-column elementor-element elementor-element-16e3219\" data-id=\"16e3219\" data-element_type=\"column\">\n\t\t\t<div class=\"elementor-widget-wrap elementor-element-populated\">\n\t\t\t\t\t\t<div class=\"elementor-element elementor-element-5e1cf1f elementor-widget elementor-widget-heading\" data-id=\"5e1cf1f\" data-element_type=\"widget\" data-widget_type=\"heading.default\">\n\t\t\t\t<div class=\"elementor-widget-container\">\n\t\t\t<h1 class=\"elementor-heading-title elementor-size-default\">Sobre GEPCHAM<\/h1>\t\t<\/div>\n\t\t\t\t<\/div>\n\t\t\t\t\t<\/div>\n\t\t<\/header>\n\t\t\t\t\t<\/div>\n\t\t<\/section>\n\t\t\t\t<section class=\"elementor-section elementor-top-section elementor-element elementor-element-da076e3 elementor-section-boxed elementor-section-height-default elementor-section-height-default\" data-id=\"da076e3\" data-element_type=\"section\">\n\t\t\t\t\t\t<div class=\"elementor-container elementor-column-gap-default\">\n\t\t\t\t\t<div class=\"elementor-column elementor-col-100 elementor-top-column elementor-element elementor-element-fd1c2d2\" data-id=\"fd1c2d2\" data-element_type=\"column\">\n\t\t\t<div class=\"elementor-widget-wrap elementor-element-populated\">\n\t\t\t\t\t\t<div class=\"elementor-element elementor-element-0abcc63 elementor-widget elementor-widget-text-editor\" data-id=\"0abcc63\" data-element_type=\"widget\" data-widget_type=\"text-editor.default\">\n\t\t\t\t<div class=\"elementor-widget-container\">\n\t\t\t\t\t\t\t<p>O Grupo de Estudo e Pesquisa em Capacidades e Habilidades Motoras (Gepcham) \u00e9 vinculado ao Curso de Ci\u00eancias da Atividade F\u00edsica da Escola de Artes, Ci\u00eancias e Humanidades da Universidade de S\u00e3o Paulo (EACH\/USP).<\/p><p><a href=\"https:\/\/sites.usp.br\/gepcham\/wp-content\/uploads\/sites\/1223\/2023\/02\/gepcham-home1440x500.jpg\"><img fetchpriority=\"high\" decoding=\"async\" class=\"aligncenter wp-image-815 size-large\" src=\"https:\/\/sites.usp.br\/gepcham\/wp-content\/uploads\/sites\/1223\/2023\/02\/gepcham-home1440x500-1024x356.jpg\" alt=\"\" width=\"1024\" height=\"356\" data-id=\"815\" srcset=\"https:\/\/sites.usp.br\/gepcham\/wp-content\/uploads\/sites\/1223\/2023\/02\/gepcham-home1440x500-1024x356.jpg 1024w, https:\/\/sites.usp.br\/gepcham\/wp-content\/uploads\/sites\/1223\/2023\/02\/gepcham-home1440x500-300x104.jpg 300w, https:\/\/sites.usp.br\/gepcham\/wp-content\/uploads\/sites\/1223\/2023\/02\/gepcham-home1440x500-768x267.jpg 768w, https:\/\/sites.usp.br\/gepcham\/wp-content\/uploads\/sites\/1223\/2023\/02\/gepcham-home1440x500-400x139.jpg 400w, https:\/\/sites.usp.br\/gepcham\/wp-content\/uploads\/sites\/1223\/2023\/02\/gepcham-home1440x500.jpg 1440w\" sizes=\"(max-width: 1024px) 100vw, 1024px\" \/><\/a><\/p><p>O Gepcham tem a miss\u00e3o de fomentar estudo e pesquisa de qualidade em rela\u00e7\u00e3o \u00e0s capacidades e habilidades motoras.<\/p><p>Fundado em 2009 pelos professores\u00a0<a href=\"http:\/\/lattes.cnpq.br\/5626706946578999\">Marcelo Massa<\/a>\u00a0(l\u00edder) e\u00a0<a href=\"https:\/\/sites.usp.br\/cmj\/\" target=\"_blank\" rel=\"noopener noreferrer\">\u00a0C\u00e1ssio M. Meira Jr<\/a>. (vice-l\u00edder), o grupo \u00e9 composto tamb\u00e9m pelos professores Fernando H. Magalh\u00e3es, Alessandro H. N. R\u00e9, Carlos B. M. Monteiro e Dante De Rose Jr. e por graduandos, graduados, mestres, mestrandos, doutorandos e doutores da EACH\/USP e de outras institui\u00e7\u00f5es de ensino superior.<\/p><p>O Gepcham est\u00e1 alocado no\u00a0LabCAF, t\u00e9rreo do gin\u00e1sio da EACH-USP.<\/p>\t\t\t\t\t\t<\/div>\n\t\t\t\t<\/div>\n\t\t\t\t\t<\/div>\n\t\t<\/div>\n\t\t\t\t\t<\/div>\n\t\t<\/section>\n\t\t\t\t<\/div>\n\t\t","protected":false},"excerpt":{"rendered":"<p>Sobre GEPCHAM O Grupo de Estudo e Pesquisa em Capacidades e Habilidades Motoras (Gepcham) \u00e9 vinculado ao Curso de Ci\u00eancias da Atividade F\u00edsica da Escola de Artes, Ci\u00eancias e Humanidades da Universidade de S\u00e3o Paulo (EACH\/USP). O Gepcham tem a miss\u00e3o de fomentar estudo e pesquisa de qualidade em rela\u00e7\u00e3o \u00e0s capacidades e habilidades motoras.&hellip;<\/p>\n","protected":false},"author":813,"featured_media":0,"parent":0,"menu_order":0,"comment_status":"closed","ping_status":"closed","template":"","meta":{"footnotes":"","_links_to":"","_links_to_target":""},"class_list":["post-852","page","type-page","status-publish","hentry","post"],"_links":{"self":[{"href":"https:\/\/sites.usp.br\/gepcham\/wp-json\/wp\/v2\/pages\/852","targetHints":{"allow":["GET"]}}],"collection":[{"href":"https:\/\/sites.usp.br\/gepcham\/wp-json\/wp\/v2\/pages"}],"about":[{"href":"https:\/\/sites.usp.br\/gepcham\/wp-json\/wp\/v2\/types\/page"}],"author":[{"embeddable":true,"href":"https:\/\/sites.usp.br\/gepcham\/wp-json\/wp\/v2\/users\/813"}],"replies":[{"embeddable":true,"href":"https:\/\/sites.usp.br\/gepcham\/wp-json\/wp\/v2\/comments?post=852"}],"version-history":[{"count":4,"href":"https:\/\/sites.usp.br\/gepcham\/wp-json\/wp\/v2\/pages\/852\/revisions"}],"predecessor-version":[{"id":899,"href":"https:\/\/sites.usp.br\/gepcham\/wp-json\/wp\/v2\/pages\/852\/revisions\/899"}],"wp:attachment":[{"href":"https:\/\/sites.usp.br\/gepcham\/wp-json\/wp\/v2\/media?parent=852"}],"curies":[{"name":"wp","href":"https:\/\/api.w.org\/{rel}","templated":true}]}}