{"id":866,"date":"2023-02-13T17:03:31","date_gmt":"2023-02-13T20:03:31","guid":{"rendered":"https:\/\/sites.usp.br\/gepcham\/?page_id=866"},"modified":"2023-02-13T17:35:58","modified_gmt":"2023-02-13T20:35:58","slug":"areas-de-atuacao","status":"publish","type":"page","link":"https:\/\/sites.usp.br\/gepcham\/areas-de-atuacao\/","title":{"rendered":"\u00c1reas de Atua\u00e7\u00e3o"},"content":{"rendered":"\t\t<div data-elementor-type=\"wp-page\" data-elementor-id=\"866\" class=\"elementor elementor-866\" data-elementor-post-type=\"page\">\n\t\t\t\t\t\t<section class=\"elementor-section elementor-top-section elementor-element elementor-element-18d1a0b elementor-section-stretched elementor-section-boxed elementor-section-height-default elementor-section-height-default\" data-id=\"18d1a0b\" data-element_type=\"section\" data-settings=\"{&quot;stretch_section&quot;:&quot;section-stretched&quot;,&quot;background_background&quot;:&quot;classic&quot;}\">\n\t\t\t\t\t\t<div class=\"elementor-container elementor-column-gap-default\">\n\t\t\t\t\t<div class=\"elementor-column elementor-col-100 elementor-top-column elementor-element elementor-element-fa05123\" data-id=\"fa05123\" data-element_type=\"column\">\n\t\t\t<div class=\"elementor-widget-wrap elementor-element-populated\">\n\t\t\t\t\t\t<div class=\"elementor-element elementor-element-d5bec60 elementor-widget elementor-widget-heading\" data-id=\"d5bec60\" data-element_type=\"widget\" data-widget_type=\"heading.default\">\n\t\t\t\t<div class=\"elementor-widget-container\">\n\t\t\t<h2 class=\"elementor-heading-title elementor-size-default\">\u00c1reas de atua\u00e7\u00e3o<\/h2>\t\t<\/div>\n\t\t\t\t<\/div>\n\t\t\t\t\t<\/div>\n\t\t<\/div>\n\t\t\t\t\t<\/div>\n\t\t<\/section>\n\t\t\t\t<section class=\"elementor-section elementor-top-section elementor-element elementor-element-60358e1 elementor-section-boxed elementor-section-height-default elementor-section-height-default\" data-id=\"60358e1\" data-element_type=\"section\">\n\t\t\t\t\t\t<div class=\"elementor-container elementor-column-gap-default\">\n\t\t\t\t\t<div class=\"elementor-column elementor-col-100 elementor-top-column elementor-element elementor-element-6b96f9b\" data-id=\"6b96f9b\" data-element_type=\"column\">\n\t\t\t<div class=\"elementor-widget-wrap elementor-element-populated\">\n\t\t\t\t\t\t<div class=\"elementor-element elementor-element-6f0f073 elementor-widget elementor-widget-text-editor\" data-id=\"6f0f073\" data-element_type=\"widget\" data-widget_type=\"text-editor.default\">\n\t\t\t\t<div class=\"elementor-widget-container\">\n\t\t\t\t\t\t\t<p>O Gepcham atua nas seguintes \u00e1reas: Comportamento Motor, Desempenho Esportivo, Psicologia do Esporte e Educa\u00e7\u00e3o F\u00edsica e Esporte para Popula\u00e7\u00f5es Especiais (Deficientes e Idosos).<\/p><h2>Linhas de Pesquisa<\/h2><ul><li>Desempenho F\u00edsico e Motor<\/li><li>Aprendizagem, Avalia\u00e7\u00e3o e Interven\u00e7\u00e3o Motora<\/li><li>Inicia\u00e7\u00e3o e Competi\u00e7\u00e3o Esportiva<\/li><\/ul><h2>Objetivos do GEPCHAM<\/h2><p>O Gepcham tem por objetivo oferecer oportunidades para que seus membros possam, elaborar, desenvolver, apresentar e discutir projetos de pesquisa em diferentes n\u00edveis (inicia\u00e7\u00e3o cient\u00edfica, mestrado, doutorado e p\u00f3s-doutorado), bem como discutir e produzir artigos cient\u00edficos e livros nas \u00e1reas de interesse.<\/p>\t\t\t\t\t\t<\/div>\n\t\t\t\t<\/div>\n\t\t\t\t\t<\/div>\n\t\t<\/div>\n\t\t\t\t\t<\/div>\n\t\t<\/section>\n\t\t\t\t<\/div>\n\t\t","protected":false},"excerpt":{"rendered":"<p>\u00c1reas de atua\u00e7\u00e3o O Gepcham atua nas seguintes \u00e1reas: Comportamento Motor, Desempenho Esportivo, Psicologia do Esporte e Educa\u00e7\u00e3o F\u00edsica e Esporte para Popula\u00e7\u00f5es Especiais (Deficientes e Idosos). Linhas de Pesquisa Desempenho F\u00edsico e Motor Aprendizagem, Avalia\u00e7\u00e3o e Interven\u00e7\u00e3o Motora Inicia\u00e7\u00e3o e Competi\u00e7\u00e3o Esportiva Objetivos do GEPCHAM O Gepcham tem por objetivo oferecer oportunidades para que&hellip;<\/p>\n","protected":false},"author":813,"featured_media":0,"parent":0,"menu_order":0,"comment_status":"closed","ping_status":"closed","template":"","meta":{"footnotes":"","_links_to":"","_links_to_target":""},"class_list":["post-866","page","type-page","status-publish","hentry","post"],"_links":{"self":[{"href":"https:\/\/sites.usp.br\/gepcham\/wp-json\/wp\/v2\/pages\/866","targetHints":{"allow":["GET"]}}],"collection":[{"href":"https:\/\/sites.usp.br\/gepcham\/wp-json\/wp\/v2\/pages"}],"about":[{"href":"https:\/\/sites.usp.br\/gepcham\/wp-json\/wp\/v2\/types\/page"}],"author":[{"embeddable":true,"href":"https:\/\/sites.usp.br\/gepcham\/wp-json\/wp\/v2\/users\/813"}],"replies":[{"embeddable":true,"href":"https:\/\/sites.usp.br\/gepcham\/wp-json\/wp\/v2\/comments?post=866"}],"version-history":[{"count":4,"href":"https:\/\/sites.usp.br\/gepcham\/wp-json\/wp\/v2\/pages\/866\/revisions"}],"predecessor-version":[{"id":902,"href":"https:\/\/sites.usp.br\/gepcham\/wp-json\/wp\/v2\/pages\/866\/revisions\/902"}],"wp:attachment":[{"href":"https:\/\/sites.usp.br\/gepcham\/wp-json\/wp\/v2\/media?parent=866"}],"curies":[{"name":"wp","href":"https:\/\/api.w.org\/{rel}","templated":true}]}}