{"id":883,"date":"2023-02-13T17:14:38","date_gmt":"2023-02-13T20:14:38","guid":{"rendered":"https:\/\/sites.usp.br\/gepcham\/?page_id=883"},"modified":"2023-02-13T17:41:13","modified_gmt":"2023-02-13T20:41:13","slug":"pesquisadores","status":"publish","type":"page","link":"https:\/\/sites.usp.br\/gepcham\/pesquisadores\/","title":{"rendered":"Pesquisadores"},"content":{"rendered":"\t\t<div data-elementor-type=\"wp-page\" data-elementor-id=\"883\" class=\"elementor elementor-883\" data-elementor-post-type=\"page\">\n\t\t\t\t\t\t<section class=\"elementor-section elementor-top-section elementor-element elementor-element-232fdaf elementor-section-stretched elementor-section-boxed elementor-section-height-default elementor-section-height-default\" data-id=\"232fdaf\" data-element_type=\"section\" data-settings=\"{&quot;stretch_section&quot;:&quot;section-stretched&quot;,&quot;background_background&quot;:&quot;classic&quot;}\">\n\t\t\t\t\t\t<div class=\"elementor-container elementor-column-gap-default\">\n\t\t\t\t\t<div class=\"elementor-column elementor-col-100 elementor-top-column elementor-element elementor-element-134ed3f\" data-id=\"134ed3f\" data-element_type=\"column\">\n\t\t\t<div class=\"elementor-widget-wrap elementor-element-populated\">\n\t\t\t\t\t\t<div class=\"elementor-element elementor-element-106c1c5 elementor-widget elementor-widget-heading\" data-id=\"106c1c5\" data-element_type=\"widget\" data-widget_type=\"heading.default\">\n\t\t\t\t<div class=\"elementor-widget-container\">\n\t\t\t<h2 class=\"elementor-heading-title elementor-size-default\">Pesquisadores<\/h2>\t\t<\/div>\n\t\t\t\t<\/div>\n\t\t\t\t\t<\/div>\n\t\t<\/div>\n\t\t\t\t\t<\/div>\n\t\t<\/section>\n\t\t\t\t<section class=\"elementor-section elementor-top-section elementor-element elementor-element-beed8be elementor-section-full_width elementor-section-height-default elementor-section-height-default\" data-id=\"beed8be\" data-element_type=\"section\">\n\t\t\t\t\t\t<div class=\"elementor-container elementor-column-gap-default\">\n\t\t\t\t\t<div class=\"elementor-column elementor-col-100 elementor-top-column elementor-element elementor-element-da323f2\" data-id=\"da323f2\" data-element_type=\"column\">\n\t\t\t<div class=\"elementor-widget-wrap elementor-element-populated\">\n\t\t\t\t\t\t<div class=\"elementor-element elementor-element-7b5fc98 elementor--h-position-center elementor--v-position-middle elementor-arrows-position-inside elementor-pagination-position-inside elementor-widget elementor-widget-slides\" data-id=\"7b5fc98\" data-element_type=\"widget\" data-settings=\"{&quot;navigation&quot;:&quot;both&quot;,&quot;autoplay&quot;:&quot;yes&quot;,&quot;pause_on_hover&quot;:&quot;yes&quot;,&quot;pause_on_interaction&quot;:&quot;yes&quot;,&quot;autoplay_speed&quot;:5000,&quot;infinite&quot;:&quot;yes&quot;,&quot;transition&quot;:&quot;slide&quot;,&quot;transition_speed&quot;:500}\" data-widget_type=\"slides.default\">\n\t\t\t\t<div class=\"elementor-widget-container\">\n\t\t\t\t\t<div class=\"elementor-swiper\">\n\t\t\t<div class=\"elementor-slides-wrapper elementor-main-swiper swiper\" dir=\"ltr\" data-animation=\"fadeInUp\">\n\t\t\t\t<div class=\"swiper-wrapper elementor-slides\">\n\t\t\t\t\t\t\t\t\t\t<div class=\"elementor-repeater-item-3cbd78f swiper-slide\"><div class=\"swiper-slide-bg\" role=\"img\"><\/div><div class=\"swiper-slide-inner\" ><div class=\"swiper-slide-contents\"><\/div><\/div><\/div>\t\t\t\t<\/div>\n\t\t\t\t\t\t\t<\/div>\n\t\t<\/div>\n\t\t\t\t<\/div>\n\t\t\t\t<\/div>\n\t\t\t\t\t<\/div>\n\t\t<\/div>\n\t\t\t\t\t<\/div>\n\t\t<\/section>\n\t\t\t\t<section class=\"elementor-section elementor-top-section elementor-element elementor-element-90a0adb elementor-section-full_width elementor-section-height-default elementor-section-height-default\" data-id=\"90a0adb\" data-element_type=\"section\">\n\t\t\t\t\t\t<div class=\"elementor-container elementor-column-gap-default\">\n\t\t\t\t\t<div class=\"elementor-column elementor-col-100 elementor-top-column elementor-element elementor-element-df0636a\" data-id=\"df0636a\" data-element_type=\"column\">\n\t\t\t<div class=\"elementor-widget-wrap elementor-element-populated\">\n\t\t\t\t\t\t<div class=\"elementor-element elementor-element-637ada2 elementor-widget elementor-widget-text-editor\" data-id=\"637ada2\" data-element_type=\"widget\" data-widget_type=\"text-editor.default\">\n\t\t\t\t<div class=\"elementor-widget-container\">\n\t\t\t\t\t\t\t<h4 style=\"text-align: center;\"><em>Clique no link e acesse o curr\u00edculo Lattes dos pesquisadores<\/em><\/h4>\t\t\t\t\t\t<\/div>\n\t\t\t\t<\/div>\n\t\t\t\t\t<\/div>\n\t\t<\/div>\n\t\t\t\t\t<\/div>\n\t\t<\/section>\n\t\t\t\t<section class=\"elementor-section elementor-top-section elementor-element elementor-element-44fe270 elementor-section-boxed elementor-section-height-default elementor-section-height-default\" data-id=\"44fe270\" data-element_type=\"section\">\n\t\t\t\t\t\t<div class=\"elementor-container elementor-column-gap-default\">\n\t\t\t\t\t<div class=\"elementor-column elementor-col-33 elementor-top-column elementor-element elementor-element-a758902\" data-id=\"a758902\" data-element_type=\"column\">\n\t\t\t<div class=\"elementor-widget-wrap elementor-element-populated\">\n\t\t\t\t\t\t<div class=\"elementor-element elementor-element-2d4c069 elementor-widget elementor-widget-text-editor\" data-id=\"2d4c069\" data-element_type=\"widget\" data-widget_type=\"text-editor.default\">\n\t\t\t\t<div class=\"elementor-widget-container\">\n\t\t\t\t\t\t\t<p style=\"text-align: center;\"><a href=\"https:\/\/sites.usp.br\/gepcham\/wp-content\/uploads\/sites\/1223\/2023\/02\/Alessandro-Hervaldo-Nicolai-Re.gif\"><img decoding=\"async\" class=\"size-full wp-image-874 aligncenter\" src=\"https:\/\/sites.usp.br\/gepcham\/wp-content\/uploads\/sites\/1223\/2023\/02\/Alessandro-Hervaldo-Nicolai-Re.gif\" alt=\"\" width=\"95\" height=\"99\" data-id=\"874\" \/><\/a><\/p><p style=\"text-align: center;\"><a href=\"http:\/\/buscatextual.cnpq.br\/buscatextual\/visualizacv.do?id=K4771946J3\">Alessandro Hervaldo Nicolai R\u00e9<\/a><\/p>\t\t\t\t\t\t<\/div>\n\t\t\t\t<\/div>\n\t\t\t\t\t<\/div>\n\t\t<\/div>\n\t\t\t\t<div class=\"elementor-column elementor-col-33 elementor-top-column elementor-element elementor-element-860bb91\" data-id=\"860bb91\" data-element_type=\"column\">\n\t\t\t<div class=\"elementor-widget-wrap elementor-element-populated\">\n\t\t\t\t\t\t<div class=\"elementor-element elementor-element-729c794 elementor-widget elementor-widget-text-editor\" data-id=\"729c794\" data-element_type=\"widget\" data-widget_type=\"text-editor.default\">\n\t\t\t\t<div class=\"elementor-widget-container\">\n\t\t\t\t\t\t\t<p style=\"text-align: center;\"><a href=\"https:\/\/sites.usp.br\/gepcham\/wp-content\/uploads\/sites\/1223\/2023\/02\/Carlos-Bandeira-de-Mello-Monteiro.gif\"><img decoding=\"async\" class=\"alignnone size-full wp-image-875\" src=\"https:\/\/sites.usp.br\/gepcham\/wp-content\/uploads\/sites\/1223\/2023\/02\/Carlos-Bandeira-de-Mello-Monteiro.gif\" alt=\"\" width=\"95\" height=\"99\" data-id=\"875\" \/><\/a><\/p><p style=\"text-align: center;\"><a href=\"http:\/\/buscatextual.cnpq.br\/buscatextual\/visualizacv.do?id=K4757735P3\">Carlos Bandeira de Mello Monteiro<\/a><\/p>\t\t\t\t\t\t<\/div>\n\t\t\t\t<\/div>\n\t\t\t\t\t<\/div>\n\t\t<\/div>\n\t\t\t\t<div class=\"elementor-column elementor-col-33 elementor-top-column elementor-element elementor-element-55c01e5\" data-id=\"55c01e5\" data-element_type=\"column\">\n\t\t\t<div class=\"elementor-widget-wrap elementor-element-populated\">\n\t\t\t\t\t\t<div class=\"elementor-element elementor-element-cabc085 elementor-widget elementor-widget-text-editor\" data-id=\"cabc085\" data-element_type=\"widget\" data-widget_type=\"text-editor.default\">\n\t\t\t\t<div class=\"elementor-widget-container\">\n\t\t\t\t\t\t\t<p><a href=\"https:\/\/sites.usp.br\/gepcham\/wp-content\/uploads\/sites\/1223\/2023\/02\/Cassio-M-Meira-Jr.gif\"><img decoding=\"async\" class=\"size-full wp-image-876 aligncenter\" src=\"https:\/\/sites.usp.br\/gepcham\/wp-content\/uploads\/sites\/1223\/2023\/02\/Cassio-M-Meira-Jr.gif\" alt=\"\" width=\"95\" height=\"99\" data-id=\"876\" \/><\/a><\/p><p style=\"text-align: center;\"><a href=\"http:\/\/each.uspnet.usp.br\/cmj\/\" target=\"_blank\" rel=\"noopener noreferrer\">C\u00e1ssio M. Meira Jr.<\/a><\/p>\t\t\t\t\t\t<\/div>\n\t\t\t\t<\/div>\n\t\t\t\t\t<\/div>\n\t\t<\/div>\n\t\t\t\t\t<\/div>\n\t\t<\/section>\n\t\t\t\t<section class=\"elementor-section elementor-top-section elementor-element elementor-element-31bc34a elementor-section-boxed elementor-section-height-default elementor-section-height-default\" data-id=\"31bc34a\" data-element_type=\"section\">\n\t\t\t\t\t\t<div class=\"elementor-container elementor-column-gap-default\">\n\t\t\t\t\t<div class=\"elementor-column elementor-col-33 elementor-top-column elementor-element elementor-element-333c11b\" data-id=\"333c11b\" data-element_type=\"column\">\n\t\t\t<div class=\"elementor-widget-wrap elementor-element-populated\">\n\t\t\t\t\t\t<div class=\"elementor-element elementor-element-01eec91 elementor-widget elementor-widget-text-editor\" data-id=\"01eec91\" data-element_type=\"widget\" data-widget_type=\"text-editor.default\">\n\t\t\t\t<div class=\"elementor-widget-container\">\n\t\t\t\t\t\t\t<p><a href=\"https:\/\/sites.usp.br\/gepcham\/wp-content\/uploads\/sites\/1223\/2023\/02\/Dante-de-Rose-Junior.gif\"><img loading=\"lazy\" decoding=\"async\" class=\"size-full wp-image-877 aligncenter\" src=\"https:\/\/sites.usp.br\/gepcham\/wp-content\/uploads\/sites\/1223\/2023\/02\/Dante-de-Rose-Junior.gif\" alt=\"\" width=\"95\" height=\"99\" data-id=\"877\" \/><\/a><\/p><p style=\"text-align: center;\"><a href=\"http:\/\/buscatextual.cnpq.br\/buscatextual\/visualizacv.do?id=K4798511E7\">Dante De Rose Jr.<\/a><\/p>\t\t\t\t\t\t<\/div>\n\t\t\t\t<\/div>\n\t\t\t\t\t<\/div>\n\t\t<\/div>\n\t\t\t\t<div class=\"elementor-column elementor-col-33 elementor-top-column elementor-element elementor-element-79e4a89\" data-id=\"79e4a89\" data-element_type=\"column\">\n\t\t\t<div class=\"elementor-widget-wrap elementor-element-populated\">\n\t\t\t\t\t\t<div class=\"elementor-element elementor-element-3b8acd1 elementor-widget elementor-widget-text-editor\" data-id=\"3b8acd1\" data-element_type=\"widget\" data-widget_type=\"text-editor.default\">\n\t\t\t\t<div class=\"elementor-widget-container\">\n\t\t\t\t\t\t\t<p style=\"text-align: center;\"><a href=\"https:\/\/sites.usp.br\/gepcham\/wp-content\/uploads\/sites\/1223\/2023\/02\/Fernando-Henrique-Magalhaes.gif\"><img loading=\"lazy\" decoding=\"async\" class=\"size-full wp-image-878 aligncenter\" src=\"https:\/\/sites.usp.br\/gepcham\/wp-content\/uploads\/sites\/1223\/2023\/02\/Fernando-Henrique-Magalhaes.gif\" alt=\"\" width=\"95\" height=\"99\" data-id=\"878\" \/><\/a><\/p><p style=\"text-align: center;\"><a href=\"http:\/\/buscatextual.cnpq.br\/buscatextual\/visualizacv.do?id=K4736497Z4\">Fernando Henrique Magalh\u00e3es<\/a><\/p>\t\t\t\t\t\t<\/div>\n\t\t\t\t<\/div>\n\t\t\t\t\t<\/div>\n\t\t<\/div>\n\t\t\t\t<div class=\"elementor-column elementor-col-33 elementor-top-column elementor-element elementor-element-36567f3\" data-id=\"36567f3\" data-element_type=\"column\">\n\t\t\t<div class=\"elementor-widget-wrap elementor-element-populated\">\n\t\t\t\t\t\t<div class=\"elementor-element elementor-element-262cc76 elementor-widget elementor-widget-text-editor\" data-id=\"262cc76\" data-element_type=\"widget\" data-widget_type=\"text-editor.default\">\n\t\t\t\t<div class=\"elementor-widget-container\">\n\t\t\t\t\t\t\t<p><a href=\"https:\/\/sites.usp.br\/gepcham\/wp-content\/uploads\/sites\/1223\/2023\/02\/Marcelo-Massa.gif\"><img loading=\"lazy\" decoding=\"async\" class=\"size-full wp-image-880 aligncenter\" src=\"https:\/\/sites.usp.br\/gepcham\/wp-content\/uploads\/sites\/1223\/2023\/02\/Marcelo-Massa.gif\" alt=\"\" width=\"95\" height=\"99\" data-id=\"880\" \/><\/a><\/p><p style=\"text-align: center;\"><a href=\"http:\/\/buscatextual.cnpq.br\/buscatextual\/visualizacv.do?id=K4771043T6\">Marcelo Massa<\/a><\/p>\t\t\t\t\t\t<\/div>\n\t\t\t\t<\/div>\n\t\t\t\t\t<\/div>\n\t\t<\/div>\n\t\t\t\t\t<\/div>\n\t\t<\/section>\n\t\t\t\t<\/div>\n\t\t","protected":false},"excerpt":{"rendered":"<p>Pesquisadores Clique no link e acesse o curr\u00edculo Lattes dos pesquisadores Alessandro Hervaldo Nicolai R\u00e9 Carlos Bandeira de Mello Monteiro C\u00e1ssio M. Meira Jr. Dante De Rose Jr. Fernando Henrique Magalh\u00e3es Marcelo Massa<\/p>\n","protected":false},"author":813,"featured_media":0,"parent":0,"menu_order":0,"comment_status":"closed","ping_status":"closed","template":"","meta":{"footnotes":"","_links_to":"","_links_to_target":""},"class_list":["post-883","page","type-page","status-publish","hentry","post"],"_links":{"self":[{"href":"https:\/\/sites.usp.br\/gepcham\/wp-json\/wp\/v2\/pages\/883","targetHints":{"allow":["GET"]}}],"collection":[{"href":"https:\/\/sites.usp.br\/gepcham\/wp-json\/wp\/v2\/pages"}],"about":[{"href":"https:\/\/sites.usp.br\/gepcham\/wp-json\/wp\/v2\/types\/page"}],"author":[{"embeddable":true,"href":"https:\/\/sites.usp.br\/gepcham\/wp-json\/wp\/v2\/users\/813"}],"replies":[{"embeddable":true,"href":"https:\/\/sites.usp.br\/gepcham\/wp-json\/wp\/v2\/comments?post=883"}],"version-history":[{"count":4,"href":"https:\/\/sites.usp.br\/gepcham\/wp-json\/wp\/v2\/pages\/883\/revisions"}],"predecessor-version":[{"id":905,"href":"https:\/\/sites.usp.br\/gepcham\/wp-json\/wp\/v2\/pages\/883\/revisions\/905"}],"wp:attachment":[{"href":"https:\/\/sites.usp.br\/gepcham\/wp-json\/wp\/v2\/media?parent=883"}],"curies":[{"name":"wp","href":"https:\/\/api.w.org\/{rel}","templated":true}]}}