{"id":324,"date":"2019-03-07T11:42:51","date_gmt":"2019-03-07T14:42:51","guid":{"rendered":"http:\/\/sites.usp.br\/gepdip\/?page_id=324"},"modified":"2023-02-24T11:55:34","modified_gmt":"2023-02-24T14:55:34","slug":"quem-somos","status":"publish","type":"page","link":"https:\/\/sites.usp.br\/gepdip\/","title":{"rendered":"Grupo de\u00a0Estudos\u00a0e Pesquisa em Desenvolvimento e Interven\u00e7\u00e3o Psicossocial"},"content":{"rendered":"<h3 style=\"text-align: center;\">Miss\u00e3o<\/h3>\n<p style=\"margin: 0cm 0cm 0.0001pt; font-family: Tahoma, sans-serif; background-image: initial; background-position: initial; background-size: initial; background-repeat: initial; background-attachment: initial; background-origin: initial; background-clip: initial; text-align: left;\">No\u00a0Grupo de\u00a0Estudos\u00a0e Pesquisa em Desenvolvimento e Interven\u00e7\u00e3o Psicossocial\u00a0(GEPDIP) dedicamo-nos ao estudo da tem\u00e1tica da viol\u00eancia envolvendo crian\u00e7as e adolescentes, sejam como v\u00edtimas em situa\u00e7\u00f5es caracterizadas como maus-tratos dom\u00e9sticos, sejam como autores em situa\u00e7\u00f5es de viola\u00e7\u00e3o de leis, especificamente as criminais. Considerando que ambas as problem\u00e1ticas impactam negativamente o desenvolvimento\u00a0infantil e, em ess\u00eancia, constituem-se em viola\u00e7\u00e3o de direitos, ambas imp\u00f5em a a\u00e7\u00e3o de pol\u00edticas p\u00fablicas e institui\u00e7\u00f5es. Buscamos compreender como essas problem\u00e1ticas se desenvolvem, estudando seus mecanismos e fatores associados.\u00a0Nesse contexto, coloca-se a quest\u00e3o do que as institui\u00e7\u00f5es e os profissionais precisam fazer diante de problem\u00e1ticas t\u00e3o complexas.<\/p>\n<p>\u00a0<\/p>\n<p style=\"margin: 0cm 0cm 0.0001pt; font-family: Tahoma, sans-serif; background-image: initial; background-position: initial; background-size: initial; background-repeat: initial; background-attachment: initial; background-origin: initial; background-clip: initial; text-align: left;\">O GEPDIP busca dispor de informa\u00e7\u00f5es robustas e sistematizadas que possam apoiar pr\u00e1ticas profissionais de interven\u00e7\u00e3o psicossocial em n\u00edvel de preven\u00e7\u00e3o e de tratamento do problema dos maus tratos infantis e da delinqu\u00eancia juvenil, sempre norteadas pela no\u00e7\u00e3o de prote\u00e7\u00e3o integral \u00e0s crian\u00e7as e aos adolescentes, tendo por base\u00a0a garantia dos direitos desse segmento.<\/p>\n<p>\u00a0<\/p>\n<p style=\"margin: 0cm 0cm 0.0001pt; font-family: Tahoma, sans-serif; background-image: initial; background-position: initial; background-size: initial; background-repeat: initial; background-attachment: initial; background-origin: initial; background-clip: initial; text-align: left;\">Sob coordena\u00e7\u00e3o da Prof\u00aa. Dr\u00aa. Marina Rezende Bazon, s\u00e3o realizadas pesquisas nessa \u00e1rea em n\u00edvel de inicia\u00e7\u00e3o cient\u00edfica, mestrado e doutorado. Al\u00e9m de atividades de forma\u00e7\u00e3o de profissionais e de extens\u00e3o.<\/p>\n<p>\u00a0<\/p>\n<p><iframe loading=\"lazy\" title=\"O que \u00e9 o GEPDIP? Grupo de Estudos e Pesquisa em Desenvolvimento e Interven\u00e7\u00e3o Psicossocial\" width=\"1140\" height=\"641\" src=\"https:\/\/www.youtube.com\/embed\/mo_7oJUMc5c?feature=oembed\" frameborder=\"0\" allow=\"accelerometer; autoplay; clipboard-write; encrypted-media; gyroscope; picture-in-picture; web-share\" allowfullscreen><\/iframe><\/p>\n<p>\u00a0<\/p>\n<figure><\/figure>\n<figure><\/figure>\n<figure><\/figure>\n\n\n<figure class=\"wp-block-gallery has-nested-images columns-default is-cropped wp-block-gallery-1 is-layout-flex wp-block-gallery-is-layout-flex\">\n<figure class=\"wp-block-image\"><img loading=\"lazy\" decoding=\"async\" width=\"1024\" height=\"768\" data-id=\"419\" src=\"https:\/\/sites.usp.br\/gepdip\/wp-content\/uploads\/sites\/479\/2019\/06\/WhatsApp-Image-2019-02-12-at-12.58.31-1-1024x768.jpeg\" alt=\"\" class=\"wp-image-419\" srcset=\"https:\/\/sites.usp.br\/gepdip\/wp-content\/uploads\/sites\/479\/2019\/06\/WhatsApp-Image-2019-02-12-at-12.58.31-1-1024x768.jpeg 1024w, https:\/\/sites.usp.br\/gepdip\/wp-content\/uploads\/sites\/479\/2019\/06\/WhatsApp-Image-2019-02-12-at-12.58.31-1-300x225.jpeg 300w, https:\/\/sites.usp.br\/gepdip\/wp-content\/uploads\/sites\/479\/2019\/06\/WhatsApp-Image-2019-02-12-at-12.58.31-1-768x576.jpeg 768w, https:\/\/sites.usp.br\/gepdip\/wp-content\/uploads\/sites\/479\/2019\/06\/WhatsApp-Image-2019-02-12-at-12.58.31-1-80x60.jpeg 80w, https:\/\/sites.usp.br\/gepdip\/wp-content\/uploads\/sites\/479\/2019\/06\/WhatsApp-Image-2019-02-12-at-12.58.31-1-400x300.jpeg 400w, https:\/\/sites.usp.br\/gepdip\/wp-content\/uploads\/sites\/479\/2019\/06\/WhatsApp-Image-2019-02-12-at-12.58.31-1.jpeg 1280w\" sizes=\"auto, (max-width: 1024px) 100vw, 1024px\" \/><\/figure>\n\n\n\n<figure class=\"wp-block-image\"><img loading=\"lazy\" decoding=\"async\" width=\"720\" height=\"540\" data-id=\"422\" src=\"https:\/\/sites.usp.br\/gepdip\/wp-content\/uploads\/sites\/479\/2019\/06\/WhatsApp-Image-2019-04-08-at-12.37.38.jpeg\" alt=\"\" class=\"wp-image-422\" srcset=\"https:\/\/sites.usp.br\/gepdip\/wp-content\/uploads\/sites\/479\/2019\/06\/WhatsApp-Image-2019-04-08-at-12.37.38.jpeg 720w, https:\/\/sites.usp.br\/gepdip\/wp-content\/uploads\/sites\/479\/2019\/06\/WhatsApp-Image-2019-04-08-at-12.37.38-300x225.jpeg 300w, https:\/\/sites.usp.br\/gepdip\/wp-content\/uploads\/sites\/479\/2019\/06\/WhatsApp-Image-2019-04-08-at-12.37.38-80x60.jpeg 80w, https:\/\/sites.usp.br\/gepdip\/wp-content\/uploads\/sites\/479\/2019\/06\/WhatsApp-Image-2019-04-08-at-12.37.38-400x300.jpeg 400w\" sizes=\"auto, (max-width: 720px) 100vw, 720px\" \/><\/figure>\n\n\n\n<figure class=\"wp-block-image size-large\"><img loading=\"lazy\" decoding=\"async\" width=\"1024\" height=\"768\" data-id=\"634\" src=\"https:\/\/sites.usp.br\/gepdip\/wp-content\/uploads\/sites\/479\/2019\/11\/WhatsApp-Image-2019-11-04-at-12.47.14-1-1024x768.jpeg\" alt=\"\" class=\"wp-image-634\" srcset=\"https:\/\/sites.usp.br\/gepdip\/wp-content\/uploads\/sites\/479\/2019\/11\/WhatsApp-Image-2019-11-04-at-12.47.14-1-1024x768.jpeg 1024w, https:\/\/sites.usp.br\/gepdip\/wp-content\/uploads\/sites\/479\/2019\/11\/WhatsApp-Image-2019-11-04-at-12.47.14-1-300x225.jpeg 300w, https:\/\/sites.usp.br\/gepdip\/wp-content\/uploads\/sites\/479\/2019\/11\/WhatsApp-Image-2019-11-04-at-12.47.14-1-768x576.jpeg 768w, https:\/\/sites.usp.br\/gepdip\/wp-content\/uploads\/sites\/479\/2019\/11\/WhatsApp-Image-2019-11-04-at-12.47.14-1-80x60.jpeg 80w, https:\/\/sites.usp.br\/gepdip\/wp-content\/uploads\/sites\/479\/2019\/11\/WhatsApp-Image-2019-11-04-at-12.47.14-1-400x300.jpeg 400w, https:\/\/sites.usp.br\/gepdip\/wp-content\/uploads\/sites\/479\/2019\/11\/WhatsApp-Image-2019-11-04-at-12.47.14-1.jpeg 1280w\" sizes=\"auto, (max-width: 1024px) 100vw, 1024px\" \/><\/figure>\n<\/figure>\n\n\n\n<p class=\"has-text-align-center\">Veja mais fotos acessando nossa <a href=\"https:\/\/sites.usp.br\/gepdip\/galeria-de-fotos\/\">galeria<\/a>!<\/p>\n","protected":false},"excerpt":{"rendered":"<p>Miss\u00e3o No\u00a0Grupo de\u00a0Estudos\u00a0e Pesquisa em Desenvolvimento e Interven\u00e7\u00e3o Psicossocial\u00a0(GEPDIP) dedicamo-nos ao estudo da tem\u00e1tica da viol\u00eancia envolvendo crian\u00e7as e adolescentes, sejam como v\u00edtimas em situa\u00e7\u00f5es caracterizadas como maus-tratos dom\u00e9sticos, sejam como autores em situa\u00e7\u00f5es de viola\u00e7\u00e3o de leis, especificamente as criminais. Considerando que ambas as problem\u00e1ticas impactam negativamente o desenvolvimento\u00a0infantil e, em ess\u00eancia, constituem-se em&hellip;<\/p>\n","protected":false},"author":865,"featured_media":0,"parent":0,"menu_order":0,"comment_status":"closed","ping_status":"closed","template":"","meta":{"footnotes":"","_links_to":"","_links_to_target":""},"class_list":["post-324","page","type-page","status-publish","hentry","post"],"_links":{"self":[{"href":"https:\/\/sites.usp.br\/gepdip\/wp-json\/wp\/v2\/pages\/324","targetHints":{"allow":["GET"]}}],"collection":[{"href":"https:\/\/sites.usp.br\/gepdip\/wp-json\/wp\/v2\/pages"}],"about":[{"href":"https:\/\/sites.usp.br\/gepdip\/wp-json\/wp\/v2\/types\/page"}],"author":[{"embeddable":true,"href":"https:\/\/sites.usp.br\/gepdip\/wp-json\/wp\/v2\/users\/865"}],"replies":[{"embeddable":true,"href":"https:\/\/sites.usp.br\/gepdip\/wp-json\/wp\/v2\/comments?post=324"}],"version-history":[{"count":4,"href":"https:\/\/sites.usp.br\/gepdip\/wp-json\/wp\/v2\/pages\/324\/revisions"}],"predecessor-version":[{"id":859,"href":"https:\/\/sites.usp.br\/gepdip\/wp-json\/wp\/v2\/pages\/324\/revisions\/859"}],"wp:attachment":[{"href":"https:\/\/sites.usp.br\/gepdip\/wp-json\/wp\/v2\/media?parent=324"}],"curies":[{"name":"wp","href":"https:\/\/api.w.org\/{rel}","templated":true}]}}