{"id":638,"date":"2019-11-04T13:28:25","date_gmt":"2019-11-04T16:28:25","guid":{"rendered":"http:\/\/sites.usp.br\/gepdip\/?page_id=638"},"modified":"2019-11-04T13:28:25","modified_gmt":"2019-11-04T16:28:25","slug":"pequeno-cientista","status":"publish","type":"page","link":"https:\/\/sites.usp.br\/gepdip\/pequeno-cientista\/","title":{"rendered":"Pequeno Cientista"},"content":{"rendered":"<p style=\"text-align: right;\"><a href=\"https:\/\/sites.usp.br\/gepdip\/wp-content\/uploads\/sites\/479\/2019\/11\/pequeno2.png\"><img loading=\"lazy\" decoding=\"async\" class=\"wp-image-639 alignleft\" src=\"https:\/\/sites.usp.br\/gepdip\/wp-content\/uploads\/sites\/479\/2019\/11\/pequeno2-300x119.png\" alt=\"\" width=\"343\" height=\"136\" \/><\/a>\u00a0 \u00a0 \u00a0 \u00a0 \u00a0 \u00a0 \u00a0 \u00a0 \u00a0 \u00a0 \u00a0 \u00a0 \u00a0 \u00a0 \u00a0 \u00a0 \u00a0 \u00a0 \u00a0 \u00a0 \u00a0 \u00a0 \u00a0 \u00a0 \u00a0 \u00a0 \u00a0 <a href=\"https:\/\/sites.usp.br\/gepdip\/wp-content\/uploads\/sites\/479\/2019\/11\/hemocentro.png\"><img loading=\"lazy\" decoding=\"async\" class=\"alignnone  wp-image-641\" src=\"https:\/\/sites.usp.br\/gepdip\/wp-content\/uploads\/sites\/479\/2019\/11\/hemocentro.png\" alt=\"\" width=\"274\" height=\"207\" srcset=\"https:\/\/sites.usp.br\/gepdip\/wp-content\/uploads\/sites\/479\/2019\/11\/hemocentro.png 259w, https:\/\/sites.usp.br\/gepdip\/wp-content\/uploads\/sites\/479\/2019\/11\/hemocentro-80x60.png 80w\" sizes=\"auto, (max-width: 274px) 100vw, 274px\" \/><\/a><\/p>\n<p style=\"text-align: left;\"><a href=\"https:\/\/sites.usp.br\/gepdip\/wp-content\/uploads\/sites\/479\/2019\/11\/casa-da-ciencia.jpg\"><img loading=\"lazy\" decoding=\"async\" class=\"size-medium wp-image-640 alignleft\" src=\"https:\/\/sites.usp.br\/gepdip\/wp-content\/uploads\/sites\/479\/2019\/11\/casa-da-ciencia-300x300.jpg\" alt=\"\" width=\"300\" height=\"300\" srcset=\"https:\/\/sites.usp.br\/gepdip\/wp-content\/uploads\/sites\/479\/2019\/11\/casa-da-ciencia-300x300.jpg 300w, https:\/\/sites.usp.br\/gepdip\/wp-content\/uploads\/sites\/479\/2019\/11\/casa-da-ciencia-150x150.jpg 150w, https:\/\/sites.usp.br\/gepdip\/wp-content\/uploads\/sites\/479\/2019\/11\/casa-da-ciencia-768x768.jpg 768w, https:\/\/sites.usp.br\/gepdip\/wp-content\/uploads\/sites\/479\/2019\/11\/casa-da-ciencia-45x45.jpg 45w, https:\/\/sites.usp.br\/gepdip\/wp-content\/uploads\/sites\/479\/2019\/11\/casa-da-ciencia-200x200.jpg 200w, https:\/\/sites.usp.br\/gepdip\/wp-content\/uploads\/sites\/479\/2019\/11\/casa-da-ciencia-400x400.jpg 400w, https:\/\/sites.usp.br\/gepdip\/wp-content\/uploads\/sites\/479\/2019\/11\/casa-da-ciencia.jpg 1000w\" sizes=\"auto, (max-width: 300px) 100vw, 300px\" \/><\/a><a href=\"https:\/\/sites.usp.br\/gepdip\/wp-content\/uploads\/sites\/479\/2019\/11\/basta-uma-semente.jpg\"><img loading=\"lazy\" decoding=\"async\" class=\"size-medium wp-image-643 alignright\" src=\"https:\/\/sites.usp.br\/gepdip\/wp-content\/uploads\/sites\/479\/2019\/11\/basta-uma-semente-300x294.jpg\" alt=\"\" width=\"300\" height=\"294\" srcset=\"https:\/\/sites.usp.br\/gepdip\/wp-content\/uploads\/sites\/479\/2019\/11\/basta-uma-semente-300x294.jpg 300w, https:\/\/sites.usp.br\/gepdip\/wp-content\/uploads\/sites\/479\/2019\/11\/basta-uma-semente-45x45.jpg 45w, https:\/\/sites.usp.br\/gepdip\/wp-content\/uploads\/sites\/479\/2019\/11\/basta-uma-semente-400x392.jpg 400w, https:\/\/sites.usp.br\/gepdip\/wp-content\/uploads\/sites\/479\/2019\/11\/basta-uma-semente.jpg 492w\" sizes=\"auto, (max-width: 300px) 100vw, 300px\" \/><\/a><\/p>\n<p>&nbsp;<\/p>\n<p>&nbsp;<\/p>\n<p>&nbsp;<\/p>\n<p>&nbsp;<\/p>\n<p>&nbsp;<\/p>\n<p>&nbsp;<\/p>\n<p>&nbsp;<\/p>\n<p>&nbsp;<\/p>\n<p><span style=\"font-weight: 400;\">O \u201cPequeno Cientista\u201d \u00e9 uma atividade complementar do <\/span><a href=\"http:\/\/www.casadaciencia.com.br\/adote-um-cientista\/\"><b>\u201cAdote um Cientista\u201d<\/b><\/a><span style=\"font-weight: 400;\">, programa para alunos com idade m\u00ednima de 12 anos coordenado desde 2005 pela Casa da Ci\u00eancia do Hemocentro de Ribeir\u00e3o Preto. Neste projeto, alunos da rede b\u00e1sica de ensino desenvolvem um pequeno projeto de inicia\u00e7\u00e3o cient\u00edfica com pesquisadores da universidade. As orienta\u00e7\u00f5es acontecem ao longo de 12 encontros com cerca de uma hora cada, sendo que os dois finais s\u00e3o dedicados \u00e0 organiza\u00e7\u00e3o para apresenta\u00e7\u00e3o de painel confeccionados para o <\/span><b>Mural<\/b><span style=\"font-weight: 400;\">, pequeno congresso semestral realizado pela CASA para avalia\u00e7\u00e3o do programa.<\/span><\/p>\n<p><span style=\"font-weight: 400;\">De acordo com a Casa da Ci\u00eancia, \u201cA proposta do Pequeno \u00e9 que tanto <\/span><b>orientandos<\/b><span style=\"font-weight: 400;\"> quanto <\/span><b>orientadores<\/b><span style=\"font-weight: 400;\"> complementem sua forma\u00e7\u00e3o por meio do programa\u201d. Com o compromisso de aplicar e divulgar o conhecimento cient\u00edfico de diferentes formas e de contribuir com a forma\u00e7\u00e3o de adolescentes, <\/span><span style=\"font-weight: 400;\">o projeto do GEPDIP junto ao Pequeno Cientista tem como objetivos:<\/span><\/p>\n<p>&nbsp;<\/p>\n<ul>\n<li style=\"font-weight: 400;\"><span style=\"font-weight: 400;\">Discutir aspectos relevantes para a compreens\u00e3o do desenvolvimento psicossocial infanto-juvenil e de problem\u00e1ticas nessa fase da vida;\u00a0<\/span><\/li>\n<li style=\"font-weight: 400;\"><span style=\"font-weight: 400;\">Que os adolescentes se familiarizem com o racioc\u00ednio cient\u00edfico aplicado nesse campo do conhecimento e compreendam aspectos relevantes na preven\u00e7\u00e3o e tratamento de problem\u00e1ticas psicossociais.<\/span><\/li>\n<\/ul>\n","protected":false},"excerpt":{"rendered":"<p>\u00a0 \u00a0 \u00a0 \u00a0 \u00a0 \u00a0 \u00a0 \u00a0 \u00a0 \u00a0 \u00a0 \u00a0 \u00a0 \u00a0 \u00a0 \u00a0 \u00a0 \u00a0 \u00a0 \u00a0 \u00a0 \u00a0 \u00a0 \u00a0 \u00a0 \u00a0 \u00a0 &nbsp; &nbsp; &nbsp; &nbsp; &nbsp; &nbsp; &nbsp; &nbsp; O \u201cPequeno Cientista\u201d \u00e9 uma atividade complementar do \u201cAdote um Cientista\u201d, programa para alunos com idade m\u00ednima de 12 anos&hellip;<\/p>\n","protected":false},"author":873,"featured_media":0,"parent":0,"menu_order":0,"comment_status":"closed","ping_status":"closed","template":"","meta":{"footnotes":"","_links_to":"","_links_to_target":""},"class_list":["post-638","page","type-page","status-publish","hentry","post"],"_links":{"self":[{"href":"https:\/\/sites.usp.br\/gepdip\/wp-json\/wp\/v2\/pages\/638","targetHints":{"allow":["GET"]}}],"collection":[{"href":"https:\/\/sites.usp.br\/gepdip\/wp-json\/wp\/v2\/pages"}],"about":[{"href":"https:\/\/sites.usp.br\/gepdip\/wp-json\/wp\/v2\/types\/page"}],"author":[{"embeddable":true,"href":"https:\/\/sites.usp.br\/gepdip\/wp-json\/wp\/v2\/users\/873"}],"replies":[{"embeddable":true,"href":"https:\/\/sites.usp.br\/gepdip\/wp-json\/wp\/v2\/comments?post=638"}],"version-history":[{"count":3,"href":"https:\/\/sites.usp.br\/gepdip\/wp-json\/wp\/v2\/pages\/638\/revisions"}],"predecessor-version":[{"id":646,"href":"https:\/\/sites.usp.br\/gepdip\/wp-json\/wp\/v2\/pages\/638\/revisions\/646"}],"wp:attachment":[{"href":"https:\/\/sites.usp.br\/gepdip\/wp-json\/wp\/v2\/media?parent=638"}],"curies":[{"name":"wp","href":"https:\/\/api.w.org\/{rel}","templated":true}]}}