{"id":650,"date":"2019-12-10T10:44:04","date_gmt":"2019-12-10T13:44:04","guid":{"rendered":"http:\/\/sites.usp.br\/gepdip\/?page_id=650"},"modified":"2019-12-10T10:48:30","modified_gmt":"2019-12-10T13:48:30","slug":"videos","status":"publish","type":"page","link":"https:\/\/sites.usp.br\/gepdip\/videos\/","title":{"rendered":"V\u00eddeos"},"content":{"rendered":"<p><iframe loading=\"lazy\" title=\"Ci\u00eancias Humanas | Autor: Pedro Grisi Galv\u00e3o Barban - Pr\u00eamio V\u00eddeo P\u00f3s-Gradua\u00e7\u00e3o USP\" width=\"1140\" height=\"641\" src=\"https:\/\/www.youtube.com\/embed\/pIpRzFwjWh4?feature=oembed\" frameborder=\"0\" allow=\"accelerometer; autoplay; encrypted-media; gyroscope; picture-in-picture\" allowfullscreen><\/iframe><\/p>\n<p>V\u00eddeo vencedor do Pr\u00eamio V\u00eddeo de P\u00f3s-Gradua\u00e7\u00e3o USP, de Pedro Grisi Galv\u00e3o Barban, p\u00f3s-graduando do programa de P\u00f3s-Gradua\u00e7\u00e3o em Psicologia da Faculdade de Filosofia, Ci\u00eancias e Letras de Ribeir\u00e3o Preto. Nele, o autor aborda diferentes projetos do programa, suas rela\u00e7\u00f5es com a atualidade e a import\u00e2ncia da pesquisa no Brasil. Um dos projetos citados no v\u00eddeo \u00e9 o de Thales Vin\u00edcius Mozaner Romano, mestrando do GEPDIP.<\/p>\n<p><iframe loading=\"lazy\" title=\"Valida\u00e7\u00e3o de um protocolo para avalia\u00e7\u00e3o inicial de adolescente autor de ato infracional\" width=\"1140\" height=\"641\" src=\"https:\/\/www.youtube.com\/embed\/EO8NArjpnqQ?feature=oembed\" frameborder=\"0\" allow=\"accelerometer; autoplay; encrypted-media; gyroscope; picture-in-picture\" allowfullscreen><\/iframe><\/p>\n<p>V\u00eddeo de Maria Cristina Maruschi, doutorando do GEPDIP, falando sobre a valida\u00e7\u00e3o de um protocolo para avalia\u00e7\u00e3o inicial de adolescente autor de ato infracional, que competiu pelo Pr\u00eamio V\u00eddeo de P\u00f3s-Gradua\u00e7\u00e3o USP.<\/p>\n","protected":false},"excerpt":{"rendered":"<p>V\u00eddeo vencedor do Pr\u00eamio V\u00eddeo de P\u00f3s-Gradua\u00e7\u00e3o USP, de Pedro Grisi Galv\u00e3o Barban, p\u00f3s-graduando do programa de P\u00f3s-Gradua\u00e7\u00e3o em Psicologia da Faculdade de Filosofia, Ci\u00eancias e Letras de Ribeir\u00e3o Preto. Nele, o autor aborda diferentes projetos do programa, suas rela\u00e7\u00f5es com a atualidade e a import\u00e2ncia da pesquisa no Brasil. Um dos projetos citados no&hellip;<\/p>\n","protected":false},"author":873,"featured_media":0,"parent":0,"menu_order":0,"comment_status":"closed","ping_status":"closed","template":"","meta":{"footnotes":"","_links_to":"","_links_to_target":""},"class_list":["post-650","page","type-page","status-publish","hentry","post"],"_links":{"self":[{"href":"https:\/\/sites.usp.br\/gepdip\/wp-json\/wp\/v2\/pages\/650","targetHints":{"allow":["GET"]}}],"collection":[{"href":"https:\/\/sites.usp.br\/gepdip\/wp-json\/wp\/v2\/pages"}],"about":[{"href":"https:\/\/sites.usp.br\/gepdip\/wp-json\/wp\/v2\/types\/page"}],"author":[{"embeddable":true,"href":"https:\/\/sites.usp.br\/gepdip\/wp-json\/wp\/v2\/users\/873"}],"replies":[{"embeddable":true,"href":"https:\/\/sites.usp.br\/gepdip\/wp-json\/wp\/v2\/comments?post=650"}],"version-history":[{"count":4,"href":"https:\/\/sites.usp.br\/gepdip\/wp-json\/wp\/v2\/pages\/650\/revisions"}],"predecessor-version":[{"id":657,"href":"https:\/\/sites.usp.br\/gepdip\/wp-json\/wp\/v2\/pages\/650\/revisions\/657"}],"wp:attachment":[{"href":"https:\/\/sites.usp.br\/gepdip\/wp-json\/wp\/v2\/media?parent=650"}],"curies":[{"name":"wp","href":"https:\/\/api.w.org\/{rel}","templated":true}]}}