{"id":722,"date":"2021-07-18T18:19:51","date_gmt":"2021-07-18T21:19:51","guid":{"rendered":"https:\/\/sites.usp.br\/gepdip\/?page_id=722"},"modified":"2021-07-18T18:20:23","modified_gmt":"2021-07-18T21:20:23","slug":"aprender-na-comunidade-2021","status":"publish","type":"page","link":"https:\/\/sites.usp.br\/gepdip\/aprender-na-comunidade-2021\/","title":{"rendered":"Aprender na Comunidade 2021"},"content":{"rendered":"<p><a href=\"https:\/\/sites.usp.br\/gepdip\/wp-content\/uploads\/sites\/479\/2021\/07\/Logo.png\"><img loading=\"lazy\" decoding=\"async\" class=\"alignnone size-medium wp-image-723 aligncenter\" src=\"https:\/\/sites.usp.br\/gepdip\/wp-content\/uploads\/sites\/479\/2021\/07\/Logo-300x300.png\" alt=\"\" width=\"300\" height=\"300\" srcset=\"https:\/\/sites.usp.br\/gepdip\/wp-content\/uploads\/sites\/479\/2021\/07\/Logo-300x300.png 300w, https:\/\/sites.usp.br\/gepdip\/wp-content\/uploads\/sites\/479\/2021\/07\/Logo-150x150.png 150w, https:\/\/sites.usp.br\/gepdip\/wp-content\/uploads\/sites\/479\/2021\/07\/Logo-45x45.png 45w, https:\/\/sites.usp.br\/gepdip\/wp-content\/uploads\/sites\/479\/2021\/07\/Logo-200x200.png 200w, https:\/\/sites.usp.br\/gepdip\/wp-content\/uploads\/sites\/479\/2021\/07\/Logo-400x400.png 400w, https:\/\/sites.usp.br\/gepdip\/wp-content\/uploads\/sites\/479\/2021\/07\/Logo.png 412w\" sizes=\"auto, (max-width: 300px) 100vw, 300px\" \/><\/a><\/p>\n<p><a href=\"https:\/\/sites.usp.br\/gepdip\/wp-content\/uploads\/sites\/479\/2019\/12\/unnamed.jpg\"><img loading=\"lazy\" decoding=\"async\" class=\"alignnone size-medium wp-image-658 aligncenter\" src=\"https:\/\/sites.usp.br\/gepdip\/wp-content\/uploads\/sites\/479\/2019\/12\/unnamed-300x300.jpg\" alt=\"\" width=\"300\" height=\"300\" srcset=\"https:\/\/sites.usp.br\/gepdip\/wp-content\/uploads\/sites\/479\/2019\/12\/unnamed-300x300.jpg 300w, https:\/\/sites.usp.br\/gepdip\/wp-content\/uploads\/sites\/479\/2019\/12\/unnamed-150x150.jpg 150w, https:\/\/sites.usp.br\/gepdip\/wp-content\/uploads\/sites\/479\/2019\/12\/unnamed-768x768.jpg 768w, https:\/\/sites.usp.br\/gepdip\/wp-content\/uploads\/sites\/479\/2019\/12\/unnamed-45x45.jpg 45w, https:\/\/sites.usp.br\/gepdip\/wp-content\/uploads\/sites\/479\/2019\/12\/unnamed-200x200.jpg 200w, https:\/\/sites.usp.br\/gepdip\/wp-content\/uploads\/sites\/479\/2019\/12\/unnamed-400x400.jpg 400w, https:\/\/sites.usp.br\/gepdip\/wp-content\/uploads\/sites\/479\/2019\/12\/unnamed.jpg 900w\" sizes=\"auto, (max-width: 300px) 100vw, 300px\" \/><\/a><\/p>\n<p>O Socioeducando II \u00e9 um projeto de a\u00e7\u00f5es educativas que visa promover a cidadania de crian\u00e7as e adolescentes em situa\u00e7\u00e3o de vulnerabilidade.<\/p>\n<p>Para este fim, por meio da parceria entre a FFCLRP-USP, representada pela Prof\u00aa Dr\u00aa Marina Rezende Bazon, a FDRP, representada pelo Prof. Dr. S\u00e9rgio Nojiri, e Institui\u00e7\u00f5es respons\u00e1veis pela execu\u00e7\u00e3o de servi\u00e7os da sa\u00fade e assist\u00eancia social, o Socioeducando II est\u00e1 desenvolvendo um curso de forma\u00e7\u00e3o, voltado aos profissionais\/trabalhadores de Centros de Aten\u00e7\u00e3o Psicossocial (CAPS), de Servi\u00e7os de Conviv\u00eancia e Fortalecimento de V\u00ednculos (SCFV) e da Funda\u00e7\u00e3o CASA.<\/p>\n<p>O principal objetivo desta forma\u00e7\u00e3o \u00e9 ser uma ponte entre o conhecimento cient\u00edfico atualizado acerca do desenvolvimento biopsicossocial na inf\u00e2ncia e na adolesc\u00eancia, e os profissionais que lidam com essa faixa et\u00e1ria.<\/p>\n<p>Dessa forma, buscamos trabalhar com estes profissionais o desenvolvimento de uma consci\u00eancia cr\u00edtica sobre aspectos da realidade e contextos nas quais grupos socioeconomicamente vulner\u00e1veis se desenvolvem, e algumas problem\u00e1ticas que podem se manifestar, tomando sempre como referencial modelos fundamentados cientificamente que possam ser transpostos para suas pr\u00e1ticas cotidianas institucionais.<\/p>\n<p>Acreditamos que a partir da difus\u00e3o dos conhecimentos cient\u00edficos, os profissionais poder\u00e3o atuar de forma mais racional e consciente, consequentemente melhorando a qualidade do servi\u00e7o prestado \u00e0s crian\u00e7as e aos adolescentes, colaborando para a constru\u00e7\u00e3o de ambientes de desenvolvimento da cidadania destas crian\u00e7as e adolescentes.<\/p>\n<p>O Socioeducando II \u00e9 a continuidade das a\u00e7\u00f5es iniciadas em 2019, no escopo do Programa Aprender na Comunidade, da Pr\u00f3-Reitoria de Gradua\u00e7\u00e3o da USP.<\/p>\n","protected":false},"excerpt":{"rendered":"<p>O Socioeducando II \u00e9 um projeto de a\u00e7\u00f5es educativas que visa promover a cidadania de crian\u00e7as e adolescentes em situa\u00e7\u00e3o de vulnerabilidade. Para este fim, por meio da parceria entre a FFCLRP-USP, representada pela Prof\u00aa Dr\u00aa Marina Rezende Bazon, a FDRP, representada pelo Prof. Dr. S\u00e9rgio Nojiri, e Institui\u00e7\u00f5es respons\u00e1veis pela execu\u00e7\u00e3o de servi\u00e7os da&hellip;<\/p>\n","protected":false},"author":22499,"featured_media":0,"parent":0,"menu_order":0,"comment_status":"closed","ping_status":"closed","template":"","meta":{"footnotes":"","_links_to":"","_links_to_target":""},"class_list":["post-722","page","type-page","status-publish","hentry","post"],"_links":{"self":[{"href":"https:\/\/sites.usp.br\/gepdip\/wp-json\/wp\/v2\/pages\/722","targetHints":{"allow":["GET"]}}],"collection":[{"href":"https:\/\/sites.usp.br\/gepdip\/wp-json\/wp\/v2\/pages"}],"about":[{"href":"https:\/\/sites.usp.br\/gepdip\/wp-json\/wp\/v2\/types\/page"}],"author":[{"embeddable":true,"href":"https:\/\/sites.usp.br\/gepdip\/wp-json\/wp\/v2\/users\/22499"}],"replies":[{"embeddable":true,"href":"https:\/\/sites.usp.br\/gepdip\/wp-json\/wp\/v2\/comments?post=722"}],"version-history":[{"count":2,"href":"https:\/\/sites.usp.br\/gepdip\/wp-json\/wp\/v2\/pages\/722\/revisions"}],"predecessor-version":[{"id":726,"href":"https:\/\/sites.usp.br\/gepdip\/wp-json\/wp\/v2\/pages\/722\/revisions\/726"}],"wp:attachment":[{"href":"https:\/\/sites.usp.br\/gepdip\/wp-json\/wp\/v2\/media?parent=722"}],"curies":[{"name":"wp","href":"https:\/\/api.w.org\/{rel}","templated":true}]}}