{"id":785,"date":"2023-01-26T10:44:05","date_gmt":"2023-01-26T13:44:05","guid":{"rendered":"https:\/\/sites.usp.br\/gepdip\/?page_id=785"},"modified":"2023-06-22T14:33:13","modified_gmt":"2023-06-22T17:33:13","slug":"livros-e-capitulos-de-livros","status":"publish","type":"page","link":"https:\/\/sites.usp.br\/gepdip\/livros-e-capitulos-de-livros\/","title":{"rendered":"Livros e cap\u00edtulos de livros"},"content":{"rendered":"\n<p><strong>2023<\/strong><\/p>\n\n\n\n<div class=\"wp-block-media-text alignwide is-stacked-on-mobile\" style=\"grid-template-columns:18% auto\"><figure class=\"wp-block-media-text__media\"><a href=\"https:\/\/pedroejoaoeditores.com.br\/produto\/desenvolvimento-social-e-da-personalidade-e-os-diferentes-padroes-de-conduta-infracional-na-adolescencia\/\"><img loading=\"lazy\" decoding=\"async\" width=\"635\" height=\"1024\" src=\"https:\/\/sites.usp.br\/gepdip\/wp-content\/uploads\/sites\/479\/2023\/06\/FRENTE-marina-rezende-andre-ebook-16x23cm-capa-635x1024.jpg\" alt=\"\" class=\"wp-image-896 size-full\" srcset=\"https:\/\/sites.usp.br\/gepdip\/wp-content\/uploads\/sites\/479\/2023\/06\/FRENTE-marina-rezende-andre-ebook-16x23cm-capa-635x1024.jpg 635w, https:\/\/sites.usp.br\/gepdip\/wp-content\/uploads\/sites\/479\/2023\/06\/FRENTE-marina-rezende-andre-ebook-16x23cm-capa-186x300.jpg 186w, https:\/\/sites.usp.br\/gepdip\/wp-content\/uploads\/sites\/479\/2023\/06\/FRENTE-marina-rezende-andre-ebook-16x23cm-capa-768x1238.jpg 768w, https:\/\/sites.usp.br\/gepdip\/wp-content\/uploads\/sites\/479\/2023\/06\/FRENTE-marina-rezende-andre-ebook-16x23cm-capa-953x1536.jpg 953w, https:\/\/sites.usp.br\/gepdip\/wp-content\/uploads\/sites\/479\/2023\/06\/FRENTE-marina-rezende-andre-ebook-16x23cm-capa-1270x2048.jpg 1270w, https:\/\/sites.usp.br\/gepdip\/wp-content\/uploads\/sites\/479\/2023\/06\/FRENTE-marina-rezende-andre-ebook-16x23cm-capa-372x600.jpg 372w, https:\/\/sites.usp.br\/gepdip\/wp-content\/uploads\/sites\/479\/2023\/06\/FRENTE-marina-rezende-andre-ebook-16x23cm-capa-scaled.jpg 1588w\" sizes=\"auto, (max-width: 635px) 100vw, 635px\" \/><\/a><\/figure><div class=\"wp-block-media-text__content\">\n<p><strong>T\u00edtulo do Livro:<\/strong> Desenvolvimento Social e da Personalidade e os diferentes padr\u00f5es de conduta infracional na adolesc\u00eancia<br><strong>Autores: <\/strong>Marina Rezende Bazon; Andr\u00e9 Vilela Komatsu<br><strong>Editora: <\/strong>Pedro &amp; Jo\u00e3o Editores<br><strong>DOI<\/strong>: 10.51795\/9786526504499<br><strong>ISBN:<\/strong> 978-65-265-0449-9<\/p>\n<\/div><\/div>\n\n\n\n<p><\/p>\n\n\n\n<p><strong>2022<\/strong><\/p>\n\n\n\n<div class=\"wp-block-media-text alignwide is-stacked-on-mobile\" style=\"grid-template-columns:18% auto\"><figure class=\"wp-block-media-text__media\"><a href=\"http:\/\/sepjf.org\/wp-content\/uploads\/2019\/03\/Serie-n%C2%BA17-Ciencia-psicol%C3%B3gica-al-servicio-de-la-justicia-y-la-ley.pdf\"><img loading=\"lazy\" decoding=\"async\" width=\"526\" height=\"740\" src=\"https:\/\/sites.usp.br\/gepdip\/wp-content\/uploads\/sites\/479\/2023\/01\/Livro-Ciencia-psicologica-al-servicio-de-la-justicia-y-la-ley.png\" alt=\"\" class=\"wp-image-798 size-full\" srcset=\"https:\/\/sites.usp.br\/gepdip\/wp-content\/uploads\/sites\/479\/2023\/01\/Livro-Ciencia-psicologica-al-servicio-de-la-justicia-y-la-ley.png 526w, https:\/\/sites.usp.br\/gepdip\/wp-content\/uploads\/sites\/479\/2023\/01\/Livro-Ciencia-psicologica-al-servicio-de-la-justicia-y-la-ley-213x300.png 213w, https:\/\/sites.usp.br\/gepdip\/wp-content\/uploads\/sites\/479\/2023\/01\/Livro-Ciencia-psicologica-al-servicio-de-la-justicia-y-la-ley-400x563.png 400w\" sizes=\"auto, (max-width: 526px) 100vw, 526px\" \/><\/a><\/figure><div class=\"wp-block-media-text__content\">\n<p><strong>T\u00edtulo do Cap\u00edtulo:<\/strong> Comportamiento violento en la adolescencia: una revisi\u00f3n sistem\u00e1tica con metan\u00e1lisis<br><strong>Autores: <\/strong>Andr\u00e9 Vilela Komatsu; Rafaelle C. S. Costa; Renato Carpio de la Torre; Marina Rezende Bazon<br><strong>Livro: <\/strong>Ciencia psicol\u00f3gica al servicio de la justicia y la ley. Sociedad Espa\u00f1ola de Psicolog\u00eda Jur\u00eddica y Forense.<br><strong>ISBN:<\/strong> 978-84-125553-3-2<\/p>\n\n\n\n<p><strong>T\u00edtulo do Cap\u00edtulo: <\/strong>Actitudes hacia las leyes y comportamientos delictivos: un estudio con adolescentes en S\u00e3o Paulo, Brasil<br><strong>Autores:<\/strong> Andr\u00e9 Vilela Komatsu; Aline M. M. Gomes<br><strong>Livro: <\/strong>Ciencia psicol\u00f3gica al servicio de la justicia y la ley. Sociedad Espa\u00f1ola de Psicolog\u00eda Jur\u00eddica y Forense.<br><strong>ISBN:<\/strong> 978-84-125553-3-2<\/p>\n<\/div><\/div>\n\n\n\n<p><strong>2021<\/strong><\/p>\n\n\n\n<div class=\"wp-block-media-text alignwide is-stacked-on-mobile\" style=\"grid-template-columns:18% auto\"><figure class=\"wp-block-media-text__media\"><a href=\"https:\/\/link.springer.com\/book\/10.1007\/978-3-030-83700-6\"><img loading=\"lazy\" decoding=\"async\" width=\"659\" height=\"1024\" src=\"https:\/\/sites.usp.br\/gepdip\/wp-content\/uploads\/sites\/479\/2023\/01\/Livro-Child-and-adolescent-development-in-risky-adverse-context-659x1024.jpg\" alt=\"\" class=\"wp-image-799 size-full\" srcset=\"https:\/\/sites.usp.br\/gepdip\/wp-content\/uploads\/sites\/479\/2023\/01\/Livro-Child-and-adolescent-development-in-risky-adverse-context-659x1024.jpg 659w, https:\/\/sites.usp.br\/gepdip\/wp-content\/uploads\/sites\/479\/2023\/01\/Livro-Child-and-adolescent-development-in-risky-adverse-context-193x300.jpg 193w, https:\/\/sites.usp.br\/gepdip\/wp-content\/uploads\/sites\/479\/2023\/01\/Livro-Child-and-adolescent-development-in-risky-adverse-context-768x1193.jpg 768w, https:\/\/sites.usp.br\/gepdip\/wp-content\/uploads\/sites\/479\/2023\/01\/Livro-Child-and-adolescent-development-in-risky-adverse-context-386x600.jpg 386w, https:\/\/sites.usp.br\/gepdip\/wp-content\/uploads\/sites\/479\/2023\/01\/Livro-Child-and-adolescent-development-in-risky-adverse-context.jpg 827w\" sizes=\"auto, (max-width: 659px) 100vw, 659px\" \/><\/a><\/figure><div class=\"wp-block-media-text__content\">\n<p><strong>T\u00edtulo do Cap\u00edtulo:<\/strong> Juvenile Delinquency in Brazil: Development of Adolescents in Adverse Contexts<br><strong>Autores<\/strong>: Marina Rezende Bazon; Andr\u00e9 Vilela Komatsu<br><strong>Livro<\/strong>: Child and Adolescent Development in Risky Adverse Contexts. Springer.<br><strong>ISBN:<\/strong> 978-3-030-83700-6<\/p>\n<\/div><\/div>\n\n\n\n<div class=\"wp-block-media-text alignwide is-stacked-on-mobile\" style=\"grid-template-columns:18% auto\"><figure class=\"wp-block-media-text__media\"><a href=\"https:\/\/www.livrariavozes.com.br\/avaliacaopsicologicanainfanciaeadolescencia6557131478\/p\"><img loading=\"lazy\" decoding=\"async\" width=\"410\" height=\"500\" src=\"https:\/\/sites.usp.br\/gepdip\/wp-content\/uploads\/sites\/479\/2023\/01\/Livro-Avaliacao-psicologica-na-infancia-e-adolescencia.jpg\" alt=\"\" class=\"wp-image-794 size-full\" srcset=\"https:\/\/sites.usp.br\/gepdip\/wp-content\/uploads\/sites\/479\/2023\/01\/Livro-Avaliacao-psicologica-na-infancia-e-adolescencia.jpg 410w, https:\/\/sites.usp.br\/gepdip\/wp-content\/uploads\/sites\/479\/2023\/01\/Livro-Avaliacao-psicologica-na-infancia-e-adolescencia-246x300.jpg 246w, https:\/\/sites.usp.br\/gepdip\/wp-content\/uploads\/sites\/479\/2023\/01\/Livro-Avaliacao-psicologica-na-infancia-e-adolescencia-400x488.jpg 400w\" sizes=\"auto, (max-width: 410px) 100vw, 410px\" \/><\/a><\/figure><div class=\"wp-block-media-text__content\">\n<p><strong>T\u00edtulo do Cap\u00edtulo: <\/strong>Avalia\u00e7\u00e3o de Risco de Viol\u00eancia em Adolescentes: aspectos te\u00f3ricos e pr\u00e1ticos<br><b>Autores<\/b>: Andr\u00e9 Vilela Komatsu; Marina Rezende Bazon<br><b>Livro<\/b>: <i>Avalia\u00e7\u00e3o psicol\u00f3gica na inf\u00e2ncia e adolesc\u00eancia<\/i>. IBAP.<\/p>\n\n\n\n<p><strong>T\u00edtulo do Cap\u00edtulo:&nbsp;<\/strong><br><b>Autores<\/b>: Marina Rezende Bazon; Roberta Noronha Azevedo; Fernanda Papa Buoso<br><b>Livro<\/b>:&nbsp;<i>Avalia\u00e7\u00e3o psicol\u00f3gica na inf\u00e2ncia e adolesc\u00eancia<\/i>. IBAP.<\/p>\n<\/div><\/div>\n\n\n\n<div class=\"wp-block-media-text alignwide is-stacked-on-mobile\" style=\"grid-template-columns:18% auto\"><figure class=\"wp-block-media-text__media\"><a href=\"https:\/\/bice.org\/app\/uploads\/2021\/12\/1.OPA_JUSTICIA-JUVENIL-EN-PERU-Y-AMERICA-LATINA.pdf\"><img loading=\"lazy\" decoding=\"async\" width=\"558\" height=\"728\" src=\"https:\/\/sites.usp.br\/gepdip\/wp-content\/uploads\/sites\/479\/2023\/01\/Livro-Justicia-juvenil-en-Peru-y-America-Latina.png\" alt=\"\" class=\"wp-image-801 size-full\" srcset=\"https:\/\/sites.usp.br\/gepdip\/wp-content\/uploads\/sites\/479\/2023\/01\/Livro-Justicia-juvenil-en-Peru-y-America-Latina.png 558w, https:\/\/sites.usp.br\/gepdip\/wp-content\/uploads\/sites\/479\/2023\/01\/Livro-Justicia-juvenil-en-Peru-y-America-Latina-230x300.png 230w, https:\/\/sites.usp.br\/gepdip\/wp-content\/uploads\/sites\/479\/2023\/01\/Livro-Justicia-juvenil-en-Peru-y-America-Latina-400x522.png 400w\" sizes=\"auto, (max-width: 558px) 100vw, 558px\" \/><\/a><\/figure><div class=\"wp-block-media-text__content\">\n<p><strong>T\u00edtulo do Cap\u00edtulo:<\/strong> Desenvolvimento psicossocial e adapta\u00e7\u00e3o na adolesc\u00eancia: um olhar para adolescentes institucionalizados<br><strong>Autores<\/strong>: Andr\u00e9 Vilela Komatsu<br><strong>Livro<\/strong>: Just\u00edcia Juvenil en Per\u00fa y Am\u00e9rica Latina. OPA &#8211; Ni\u00f1os Libres.<br><strong>ISBN:<\/strong> 978-612-48748-1-9<\/p>\n<\/div><\/div>\n\n\n\n<p><\/p>\n\n\n\n<p><strong>2019<\/strong><\/p>\n\n\n\n<div class=\"wp-block-media-text alignwide is-stacked-on-mobile\" style=\"grid-template-columns:18% auto\"><figure class=\"wp-block-media-text__media\"><img loading=\"lazy\" decoding=\"async\" width=\"583\" height=\"881\" src=\"https:\/\/sites.usp.br\/gepdip\/wp-content\/uploads\/sites\/479\/2023\/01\/Livro-La-criminologia-que-viene.png\" alt=\"\" class=\"wp-image-796 size-full\" srcset=\"https:\/\/sites.usp.br\/gepdip\/wp-content\/uploads\/sites\/479\/2023\/01\/Livro-La-criminologia-que-viene.png 583w, https:\/\/sites.usp.br\/gepdip\/wp-content\/uploads\/sites\/479\/2023\/01\/Livro-La-criminologia-que-viene-199x300.png 199w, https:\/\/sites.usp.br\/gepdip\/wp-content\/uploads\/sites\/479\/2023\/01\/Livro-La-criminologia-que-viene-397x600.png 397w\" sizes=\"auto, (max-width: 583px) 100vw, 583px\" \/><\/figure><div class=\"wp-block-media-text__content\">\n<p><a href=\"https:\/\/dialnet.unirioja.es\/servlet\/libro?codigo=745952\">https:\/\/dialnet.unirioja.es\/servlet\/libro?codigo=745952<\/a><strong>T\u00edtulo do Cap\u00edtulo: <\/strong>Evaluaci\u00f3n de las funciones ejecutivas en j\u00f3venes infractores violentos, no violentos y no infractores<br><b>Autores<\/b>: Andr\u00e9 Vilela Komatsu; Ana Luiza Mendon\u00e7a dos Santos; Marina Rezende Bazon<br><b>Livro<\/b>: La Criminolog\u00eda que viene: Resultados del I Encuentro de J\u00f3venes Investigadores en Criminolog\u00eda. 1ed. REJIC. (2019)<br><strong>ISBN:<\/strong> 978-84-09-07333-7<\/p>\n<\/div><\/div>\n\n\n\n<p><\/p>\n\n\n\n<p><strong>2018<\/strong><\/p>\n\n\n\n<div class=\"wp-block-media-text alignwide is-stacked-on-mobile\" style=\"grid-template-columns:18% auto\"><figure class=\"wp-block-media-text__media\"><a href=\"https:\/\/www.editoradplacido.com.br\/criminologia-integrativa-contributos-para-uma-comunidade-criminologica-de-lingua-portuguesa\"><img loading=\"lazy\" decoding=\"async\" width=\"453\" height=\"693\" src=\"https:\/\/sites.usp.br\/gepdip\/wp-content\/uploads\/sites\/479\/2023\/01\/Livro-criminologia-integrativa.png\" alt=\"\" class=\"wp-image-803 size-full\" srcset=\"https:\/\/sites.usp.br\/gepdip\/wp-content\/uploads\/sites\/479\/2023\/01\/Livro-criminologia-integrativa.png 453w, https:\/\/sites.usp.br\/gepdip\/wp-content\/uploads\/sites\/479\/2023\/01\/Livro-criminologia-integrativa-196x300.png 196w, https:\/\/sites.usp.br\/gepdip\/wp-content\/uploads\/sites\/479\/2023\/01\/Livro-criminologia-integrativa-392x600.png 392w\" sizes=\"auto, (max-width: 453px) 100vw, 453px\" \/><\/a><\/figure><div class=\"wp-block-media-text__content\">\n<p><strong>T\u00edtulo do Cap\u00edtulo:<\/strong> Rela\u00e7\u00f5es entre drogas e crime: modelos te\u00f3ricos e pesquisas emp\u00edricas com adolescentes no Grupo de Estudos e Pesquisa em Desenvolvimento e Interven\u00e7\u00e3o Psicossocial da Universidade de S\u00e3o Paulo<br><strong>Autores<\/strong>: Andr\u00e9 Vilela Komatsu; Ruth Estev\u00e3o; Marina Rezende Bazon<br><strong>Livro<\/strong>: Criminologia Integrativa: contributos para uma comunidade criminol\u00f3gica de l\u00edngua portuguesa. Editora D&#8217;Pl\u00e1cido.<br><strong>ISBN:<\/strong> 9788584259229<\/p>\n<\/div><\/div>\n\n\n\n<p><\/p>\n\n\n\n<p><strong>2017<\/strong><\/p>\n\n\n\n<div class=\"wp-block-media-text alignwide is-stacked-on-mobile\" style=\"grid-template-columns:18% auto\"><figure class=\"wp-block-media-text__media\"><a href=\"https:\/\/link.springer.com\/book\/10.1007\/978-3-319-44501-4\"><img loading=\"lazy\" decoding=\"async\" width=\"701\" height=\"1024\" src=\"https:\/\/sites.usp.br\/gepdip\/wp-content\/uploads\/sites\/479\/2023\/01\/Livro-Cybercrime-Organized-Crime-and-Societal-Responses-701x1024.jpg\" alt=\"\" class=\"wp-image-804 size-full\" srcset=\"https:\/\/sites.usp.br\/gepdip\/wp-content\/uploads\/sites\/479\/2023\/01\/Livro-Cybercrime-Organized-Crime-and-Societal-Responses-701x1024.jpg 701w, https:\/\/sites.usp.br\/gepdip\/wp-content\/uploads\/sites\/479\/2023\/01\/Livro-Cybercrime-Organized-Crime-and-Societal-Responses-205x300.jpg 205w, https:\/\/sites.usp.br\/gepdip\/wp-content\/uploads\/sites\/479\/2023\/01\/Livro-Cybercrime-Organized-Crime-and-Societal-Responses-768x1122.jpg 768w, https:\/\/sites.usp.br\/gepdip\/wp-content\/uploads\/sites\/479\/2023\/01\/Livro-Cybercrime-Organized-Crime-and-Societal-Responses-400x584.jpg 400w, https:\/\/sites.usp.br\/gepdip\/wp-content\/uploads\/sites\/479\/2023\/01\/Livro-Cybercrime-Organized-Crime-and-Societal-Responses.jpg 827w\" sizes=\"auto, (max-width: 701px) 100vw, 701px\" \/><\/a><\/figure><div class=\"wp-block-media-text__content\">\n<p><strong>T\u00edtulo do Cap\u00edtulo:<\/strong> Crime and Antisocial Behaviors in Male Adolescents: An Exploratory Study in the City of Ribeir\u00e3o Preto, S\u00e3o Paulo Brazil<br><strong>Autores<\/strong>: Andr\u00e9 Vilela Komatsu; Marina Rezende Bazon<br><strong>Livro<\/strong>: Cybercrime, Organized Crime, and Societal Responses. Springer.<br><strong>ISBN:<\/strong> 978-3-319-44501-4<\/p>\n<\/div><\/div>\n\n\n\n<p><\/p>\n\n\n\n<p><strong>2016<\/strong><\/p>\n\n\n\n<div class=\"wp-block-media-text alignwide is-stacked-on-mobile\" style=\"grid-template-columns:18% auto\"><figure class=\"wp-block-media-text__media\"><img loading=\"lazy\" decoding=\"async\" width=\"486\" height=\"698\" src=\"https:\/\/sites.usp.br\/gepdip\/wp-content\/uploads\/sites\/479\/2023\/01\/Livro-direito-psicologia-neurociencia.png\" alt=\"\" class=\"wp-image-807 size-full\" srcset=\"https:\/\/sites.usp.br\/gepdip\/wp-content\/uploads\/sites\/479\/2023\/01\/Livro-direito-psicologia-neurociencia.png 486w, https:\/\/sites.usp.br\/gepdip\/wp-content\/uploads\/sites\/479\/2023\/01\/Livro-direito-psicologia-neurociencia-209x300.png 209w, https:\/\/sites.usp.br\/gepdip\/wp-content\/uploads\/sites\/479\/2023\/01\/Livro-direito-psicologia-neurociencia-400x574.png 400w\" sizes=\"auto, (max-width: 486px) 100vw, 486px\" \/><\/figure><div class=\"wp-block-media-text__content\">\n<p><a href=\"https:\/\/repositorio.usp.br\/item\/002897974\">https:\/\/repositorio.usp.br\/item\/002897974<\/a><strong>T\u00edtulo do Cap\u00edtulo:<\/strong> Adolescentes em conflito com a lei: justi\u00e7a juvenil pela perspectiva da criminologia desenvolvimental<br><b>Autores<\/b>: Andr\u00e9 Vilela Komatsu; Marina Rezende Bazon<br><b>Livro<\/b>: &nbsp;Direito, Psicologia e Neuroci\u00eancia. IELD Jus.<br><strong>ISBN:<\/strong> 9788567059464<\/p>\n<\/div><\/div>\n\n\n\n<p><\/p>\n\n\n\n<div class=\"wp-block-media-text alignwide is-stacked-on-mobile\" style=\"grid-template-columns:18% auto\"><figure class=\"wp-block-media-text__media\"><a href=\"https:\/\/www.jurua.com.br\/shop_item.asp?id=24517\"><img loading=\"lazy\" decoding=\"async\" width=\"352\" height=\"499\" src=\"https:\/\/sites.usp.br\/gepdip\/wp-content\/uploads\/sites\/479\/2023\/01\/Livro-Introducao-a-psicologia-forense.jpg\" alt=\"\" class=\"wp-image-806 size-full\" srcset=\"https:\/\/sites.usp.br\/gepdip\/wp-content\/uploads\/sites\/479\/2023\/01\/Livro-Introducao-a-psicologia-forense.jpg 352w, https:\/\/sites.usp.br\/gepdip\/wp-content\/uploads\/sites\/479\/2023\/01\/Livro-Introducao-a-psicologia-forense-212x300.jpg 212w\" sizes=\"auto, (max-width: 352px) 100vw, 352px\" \/><\/a><\/figure><div class=\"wp-block-media-text__content\">\n<p><strong>T\u00edtulo do Cap\u00edtulo:<\/strong> Adolescente Infrator<br><strong>Autores<\/strong>: Marina Rezende Bazon; Eduardo Saad Diniz; Andr\u00e9 Vilela Komatsu<br><strong>Livro<\/strong>: &nbsp;Introdu\u00e7\u00e3o \u00e0 Psicologia Forense. Juru\u00e1.<br><strong>ISBN:<\/strong> 978-3-319-44501-4<\/p>\n<\/div><\/div>\n\n\n\n<p><\/p>\n\n\n\n<p><strong>2002<\/strong><\/p>\n\n\n\n<div class=\"wp-block-media-text alignwide is-stacked-on-mobile\" style=\"grid-template-columns:18% auto\"><figure class=\"wp-block-media-text__media\"><a href=\"https:\/\/www.holoseditora.com.br\/produto\/psicoeducacao-teoria-e-pratica-para-a-intervencao-junto-a-criancas-e-adolescentes-em-situacao-de-risco-psicossocial\"><img loading=\"lazy\" decoding=\"async\" width=\"250\" height=\"344\" src=\"https:\/\/sites.usp.br\/gepdip\/wp-content\/uploads\/sites\/479\/2023\/01\/Livro-Psicoeducacao.jpg\" alt=\"\" class=\"wp-image-802 size-full\" srcset=\"https:\/\/sites.usp.br\/gepdip\/wp-content\/uploads\/sites\/479\/2023\/01\/Livro-Psicoeducacao.jpg 250w, https:\/\/sites.usp.br\/gepdip\/wp-content\/uploads\/sites\/479\/2023\/01\/Livro-Psicoeducacao-218x300.jpg 218w\" sizes=\"auto, (max-width: 250px) 100vw, 250px\" \/><\/a><\/figure><div class=\"wp-block-media-text__content\">\n<p><strong>Livro: Psicoeduca\u00e7\u00e3o: teoria e pr\u00e1tica para a interven\u00e7\u00e3o junto a crina\u00e7as e adolescentes em situa\u00e7\u00e3o de risco psicossocial<\/strong><br><strong>Autora<\/strong>: Marina Rezende Bazon<br><strong>Editora<\/strong>: Holos Editiora<br><strong>ISBN:<\/strong> 8586699306<\/p>\n<\/div><\/div>\n","protected":false},"excerpt":{"rendered":"<p>2023 T\u00edtulo do Livro: Desenvolvimento Social e da Personalidade e os diferentes padr\u00f5es de conduta infracional na adolesc\u00eanciaAutores: Marina Rezende Bazon; Andr\u00e9 Vilela KomatsuEditora: Pedro &amp; Jo\u00e3o EditoresDOI: 10.51795\/9786526504499ISBN: 978-65-265-0449-9 2022 T\u00edtulo do Cap\u00edtulo: Comportamiento violento en la adolescencia: una revisi\u00f3n sistem\u00e1tica con metan\u00e1lisisAutores: Andr\u00e9 Vilela Komatsu; Rafaelle C. S. Costa; Renato Carpio de la&hellip;<\/p>\n","protected":false},"author":23433,"featured_media":0,"parent":0,"menu_order":0,"comment_status":"closed","ping_status":"closed","template":"","meta":{"footnotes":"","_links_to":"","_links_to_target":""},"class_list":["post-785","page","type-page","status-publish","hentry","post"],"_links":{"self":[{"href":"https:\/\/sites.usp.br\/gepdip\/wp-json\/wp\/v2\/pages\/785","targetHints":{"allow":["GET"]}}],"collection":[{"href":"https:\/\/sites.usp.br\/gepdip\/wp-json\/wp\/v2\/pages"}],"about":[{"href":"https:\/\/sites.usp.br\/gepdip\/wp-json\/wp\/v2\/types\/page"}],"author":[{"embeddable":true,"href":"https:\/\/sites.usp.br\/gepdip\/wp-json\/wp\/v2\/users\/23433"}],"replies":[{"embeddable":true,"href":"https:\/\/sites.usp.br\/gepdip\/wp-json\/wp\/v2\/comments?post=785"}],"version-history":[{"count":4,"href":"https:\/\/sites.usp.br\/gepdip\/wp-json\/wp\/v2\/pages\/785\/revisions"}],"predecessor-version":[{"id":900,"href":"https:\/\/sites.usp.br\/gepdip\/wp-json\/wp\/v2\/pages\/785\/revisions\/900"}],"wp:attachment":[{"href":"https:\/\/sites.usp.br\/gepdip\/wp-json\/wp\/v2\/media?parent=785"}],"curies":[{"name":"wp","href":"https:\/\/api.w.org\/{rel}","templated":true}]}}