{"id":10,"date":"2014-03-14T12:27:08","date_gmt":"2014-03-14T12:27:08","guid":{"rendered":"http:\/\/sites.usp.brcaeco\/?page_id=10"},"modified":"2019-10-29T10:14:46","modified_gmt":"2019-10-29T13:14:46","slug":"projetos","status":"publish","type":"page","link":"https:\/\/sites.usp.br\/gepec\/projetos\/","title":{"rendered":"Extens\u00e3o"},"content":{"rendered":"<h2><strong>Conhe\u00e7a todos os nossos projetos de extens\u00e3o\u00a0<\/strong><\/h2>\n<div id=\"attachment_401\" style=\"width: 310px\" class=\"wp-caption aligncenter\"><a href=\"http:\/\/sites.usp.br\/gepec\/gepecgames\/\"><img loading=\"lazy\" decoding=\"async\" aria-describedby=\"caption-attachment-401\" class=\"wp-image-401 size-medium\" src=\"https:\/\/sites.usp.br\/gepec\/wp-content\/uploads\/sites\/101\/2016\/07\/12795365_1517493998552432_3849922824673551290_n-300x225.jpg\" alt=\"GEPEC Games\" width=\"300\" height=\"225\" srcset=\"https:\/\/sites.usp.br\/gepec\/wp-content\/uploads\/sites\/101\/2016\/07\/12795365_1517493998552432_3849922824673551290_n-300x225.jpg 300w, https:\/\/sites.usp.br\/gepec\/wp-content\/uploads\/sites\/101\/2016\/07\/12795365_1517493998552432_3849922824673551290_n-80x60.jpg 80w, https:\/\/sites.usp.br\/gepec\/wp-content\/uploads\/sites\/101\/2016\/07\/12795365_1517493998552432_3849922824673551290_n-400x300.jpg 400w, https:\/\/sites.usp.br\/gepec\/wp-content\/uploads\/sites\/101\/2016\/07\/12795365_1517493998552432_3849922824673551290_n.jpg 960w\" sizes=\"auto, (max-width: 300px) 100vw, 300px\" \/><\/a><p id=\"caption-attachment-401\" class=\"wp-caption-text\"><strong>GEPEC Games<\/strong><\/p><\/div>\n<p style=\"text-align: center;\"><a href=\"http:\/\/sites.usp.br\/gepec\/trilhas\/\"><img loading=\"lazy\" decoding=\"async\" class=\"wp-image-301 aligncenter\" src=\"https:\/\/sites.usp.br\/gepec\/wp-content\/uploads\/sites\/101\/2014\/05\/Sem-t\u00edtulo-300x143.png\" alt=\"GEPEC Trilhas\" width=\"382\" height=\"182\" srcset=\"https:\/\/sites.usp.br\/gepec\/wp-content\/uploads\/sites\/101\/2014\/05\/Sem-t\u00edtulo-300x143.png 300w, https:\/\/sites.usp.br\/gepec\/wp-content\/uploads\/sites\/101\/2014\/05\/Sem-t\u00edtulo-1024x488.png 1024w, https:\/\/sites.usp.br\/gepec\/wp-content\/uploads\/sites\/101\/2014\/05\/Sem-t\u00edtulo-400x191.png 400w, https:\/\/sites.usp.br\/gepec\/wp-content\/uploads\/sites\/101\/2014\/05\/Sem-t\u00edtulo.png 1357w\" sizes=\"auto, (max-width: 382px) 100vw, 382px\" \/><\/a><strong>Mapeamento dos Egressos em Engenharia de Alimentos &#8211; MECEA\u00a0<\/strong><\/p>\n<p>&nbsp;<\/p>\n","protected":false},"excerpt":{"rendered":"<p>Conhe\u00e7a todos os nossos projetos de extens\u00e3o\u00a0 Mapeamento dos Egressos em Engenharia de Alimentos &#8211; [&hellip;]<\/p>\n","protected":false},"author":23,"featured_media":0,"parent":0,"menu_order":0,"comment_status":"closed","ping_status":"closed","template":"","meta":{"footnotes":"","_links_to":"","_links_to_target":""},"class_list":["post-10","page","type-page","status-publish","hentry"],"_links":{"self":[{"href":"https:\/\/sites.usp.br\/gepec\/wp-json\/wp\/v2\/pages\/10","targetHints":{"allow":["GET"]}}],"collection":[{"href":"https:\/\/sites.usp.br\/gepec\/wp-json\/wp\/v2\/pages"}],"about":[{"href":"https:\/\/sites.usp.br\/gepec\/wp-json\/wp\/v2\/types\/page"}],"author":[{"embeddable":true,"href":"https:\/\/sites.usp.br\/gepec\/wp-json\/wp\/v2\/users\/23"}],"replies":[{"embeddable":true,"href":"https:\/\/sites.usp.br\/gepec\/wp-json\/wp\/v2\/comments?post=10"}],"version-history":[{"count":6,"href":"https:\/\/sites.usp.br\/gepec\/wp-json\/wp\/v2\/pages\/10\/revisions"}],"predecessor-version":[{"id":1306,"href":"https:\/\/sites.usp.br\/gepec\/wp-json\/wp\/v2\/pages\/10\/revisions\/1306"}],"wp:attachment":[{"href":"https:\/\/sites.usp.br\/gepec\/wp-json\/wp\/v2\/media?parent=10"}],"curies":[{"name":"wp","href":"https:\/\/api.w.org\/{rel}","templated":true}]}}