{"id":105,"date":"2014-04-23T15:10:03","date_gmt":"2014-04-23T18:10:03","guid":{"rendered":"http:\/\/sites.usp.brprp\/?page_id=105"},"modified":"2017-04-28T12:06:19","modified_gmt":"2017-04-28T15:06:19","slug":"rede","status":"publish","type":"page","link":"https:\/\/sites.usp.br\/gepec\/rede\/","title":{"rendered":"Nossa rede"},"content":{"rendered":"<p>&nbsp;<\/p>\n<p>&nbsp;<\/p>\n<h4>Conhe\u00e7a as institui\u00e7\u00f5es que s\u00e3o parceiras do GEPEC e que fazem parte da nossa rede<\/h4>\n<p>Veja abaixo os links para acessar nossa rede de parceiros<\/p>\n<p><a href=\"http:\/\/sites.usp.br\/gepec\/wp-content\/uploads\/sites\/101\/2014\/04\/rede.png\"><img loading=\"lazy\" decoding=\"async\" class=\"aligncenter size-full wp-image-1147\" src=\"http:\/\/sites.usp.br\/gepec\/wp-content\/uploads\/sites\/101\/2014\/04\/rede.png\" alt=\"rede\" width=\"960\" height=\"720\" srcset=\"https:\/\/sites.usp.br\/gepec\/wp-content\/uploads\/sites\/101\/2014\/04\/rede.png 960w, https:\/\/sites.usp.br\/gepec\/wp-content\/uploads\/sites\/101\/2014\/04\/rede-300x225.png 300w, https:\/\/sites.usp.br\/gepec\/wp-content\/uploads\/sites\/101\/2014\/04\/rede-80x60.png 80w, https:\/\/sites.usp.br\/gepec\/wp-content\/uploads\/sites\/101\/2014\/04\/rede-400x300.png 400w\" sizes=\"auto, (max-width: 960px) 100vw, 960px\" \/><\/a><\/p>\n<p>&nbsp;<\/p>\n<p>&nbsp;<\/p>\n<p>&nbsp;<\/p>\n<p><a href=\"http:\/\/www.fzea.usp.br\/\">FZEA\/USP<\/a>,\u00a0<a href=\"http:\/\/cnpq.br\/\">CNPQ<\/a>,<a href=\"http:\/\/www.fapesp.br\/\">FAPESP<\/a>,\u00a0<a href=\"http:\/\/prceu.usp.br\/\">PRCEU<\/a>,<a href=\"http:\/\/markesalq.com.br\/\">MARKESALQ<\/a>,\u00a0<a href=\"http:\/\/www.esalqfood.com\/\">ESALQFOOD<\/a>,\u00a0<a href=\"http:\/\/www.enactusfzeausp.com.br\/\">ENACTUS FZEA<\/a>,\u00a0<a href=\"https:\/\/www.gate.cnrs.fr\/?lang=fr\">GATE<\/a>,\u00a0<a href=\"https:\/\/www.ufmg.br\/\">UFMG<\/a>,\u00a0<a href=\"http:\/\/cors.usp.br\/\">CORS<\/a><\/p>\n<p>&nbsp;<\/p>\n<p>&nbsp;<\/p>\n<p>&nbsp;<\/p>\n<p>&nbsp;<\/p>\n<p>&nbsp;<\/p>\n<p>&nbsp;<\/p>\n<p>&nbsp;<\/p>\n<p>&nbsp;<\/p>\n<p>&nbsp;<\/p>\n<p>&nbsp;<\/p>\n<p>&nbsp;<\/p>\n<p>&nbsp;<\/p>\n<p>&nbsp;<\/p>\n<p>&nbsp;<\/p>\n<p>&nbsp;<\/p>\n<p>&nbsp;<\/p>\n<p>&nbsp;<\/p>\n<p>&nbsp;<\/p>\n<p>&nbsp;<\/p>\n<p>&nbsp;<\/p>\n<p>&nbsp;<\/p>\n","protected":false},"excerpt":{"rendered":"<p>&nbsp; &nbsp; Conhe\u00e7a as institui\u00e7\u00f5es que s\u00e3o parceiras do GEPEC e que fazem parte da [&hellip;]<\/p>\n","protected":false},"author":13,"featured_media":0,"parent":0,"menu_order":0,"comment_status":"closed","ping_status":"closed","template":"","meta":{"footnotes":"","_links_to":"","_links_to_target":""},"class_list":["post-105","page","type-page","status-publish","hentry"],"_links":{"self":[{"href":"https:\/\/sites.usp.br\/gepec\/wp-json\/wp\/v2\/pages\/105","targetHints":{"allow":["GET"]}}],"collection":[{"href":"https:\/\/sites.usp.br\/gepec\/wp-json\/wp\/v2\/pages"}],"about":[{"href":"https:\/\/sites.usp.br\/gepec\/wp-json\/wp\/v2\/types\/page"}],"author":[{"embeddable":true,"href":"https:\/\/sites.usp.br\/gepec\/wp-json\/wp\/v2\/users\/13"}],"replies":[{"embeddable":true,"href":"https:\/\/sites.usp.br\/gepec\/wp-json\/wp\/v2\/comments?post=105"}],"version-history":[{"count":8,"href":"https:\/\/sites.usp.br\/gepec\/wp-json\/wp\/v2\/pages\/105\/revisions"}],"predecessor-version":[{"id":1148,"href":"https:\/\/sites.usp.br\/gepec\/wp-json\/wp\/v2\/pages\/105\/revisions\/1148"}],"wp:attachment":[{"href":"https:\/\/sites.usp.br\/gepec\/wp-json\/wp\/v2\/media?parent=105"}],"curies":[{"name":"wp","href":"https:\/\/api.w.org\/{rel}","templated":true}]}}