{"id":159,"date":"2014-05-13T12:34:53","date_gmt":"2014-05-13T15:34:53","guid":{"rendered":"http:\/\/sites.usp.brpadrao2\/?page_id=159"},"modified":"2020-04-09T18:07:22","modified_gmt":"2020-04-09T21:07:22","slug":"games","status":"publish","type":"page","link":"https:\/\/sites.usp.br\/gepec\/projetos\/games\/","title":{"rendered":"GEPEC GAMES"},"content":{"rendered":"<div id=\"attachment_328\" style=\"width: 310px\" class=\"wp-caption aligncenter\"><a href=\"http:\/\/sites.usp.br\/gepec\/wp-content\/uploads\/sites\/101\/2014\/05\/IMG_20160303_142042473.jpg\"><img loading=\"lazy\" decoding=\"async\" aria-describedby=\"caption-attachment-328\" class=\"wp-image-328 size-medium\" src=\"https:\/\/sites.usp.br\/gepec\/wp-content\/uploads\/sites\/101\/2014\/05\/IMG_20160303_142042473-300x225.jpg\" alt=\"IMG_20160303_142042473\" width=\"300\" height=\"225\" srcset=\"https:\/\/sites.usp.br\/gepec\/wp-content\/uploads\/sites\/101\/2014\/05\/IMG_20160303_142042473-300x225.jpg 300w, https:\/\/sites.usp.br\/gepec\/wp-content\/uploads\/sites\/101\/2014\/05\/IMG_20160303_142042473-1024x768.jpg 1024w, https:\/\/sites.usp.br\/gepec\/wp-content\/uploads\/sites\/101\/2014\/05\/IMG_20160303_142042473-80x60.jpg 80w, https:\/\/sites.usp.br\/gepec\/wp-content\/uploads\/sites\/101\/2014\/05\/IMG_20160303_142042473-400x300.jpg 400w\" sizes=\"auto, (max-width: 300px) 100vw, 300px\" \/><\/a><p id=\"caption-attachment-328\" class=\"wp-caption-text\">\u00a0 \u00a0 \u00a0 \u00a0 \u00a0 \u00a0 \u00a0 \u00a0 \u00a0 \u00a0 \u00a0 \u00a0 \u00a0 Tabuleiro do jogo<\/p><\/div>\n<p>&nbsp;<\/p>\n<p><strong><em>Beer Game:<\/em><\/strong><\/p>\n<p style=\"text-align: justify;\">O Beer Game \u00e9 um jogo de empresas desenvolvido no Massachusetts Institute of Technology (MIT\/EUA) ainda na d\u00e9cada de 1960, a fim de estimular a vis\u00e3o sist\u00eamica da cadeia de suprimentos e ambientar os &#8216;jogadores&#8217; quanto a din\u00e2mica do mundo corporativo. Proposta que ganhou o mundo, tornando o beer game um dos mais conhecidos e disseminados jogos de empresa.<\/p>\n<p>No Brasil, o Grupo de Estudos e Pesquisa em Estrat\u00e9gia e Coordena\u00e7\u00e3o Vertical (GEPEC) h\u00e1 mais de uma d\u00e9cada promove a dissemina\u00e7\u00e3o do Beer Game junto a Faculdade de Zootecnia e Engenharia de Alimentos da Universidade de S\u00e3o Paulo (FZEA\/USP), levando ainda o jogo para atividades in company.<\/p>\n<p style=\"text-align: justify;\">Agora voc\u00ea pode jogar com a gente e vivenciar a relev\u00e2ncia de um pensar e a\u00e7\u00e3o sist\u00eamicos da cadeia de suprimentos em prol da efici\u00eancia organizacional.<\/p>\n<div><\/div>\n<p><strong>Que tal proporcionar para seus colaboradores um momento divertido mas de muito aprendizado?<\/strong><\/p>\n<p style=\"text-align: justify;\">Com o Beer Game, os jogadores v\u00e3o conseguir entender na pr\u00e1tica a import\u00e2ncia de uma boa comunica\u00e7\u00e3o, do trabalho em equipe e de analisar a cadeia de produ\u00e7\u00e3o da f\u00e1brica como todo.<\/p>\n<p style=\"text-align: justify;\">A equipe do GEPEC_Games j\u00e1 aplicou\u00a0o jogo em algumas empresas, como a Emulzint e a Fazenda da Toca.<\/p>\n<p style=\"text-align: justify;\">A sua equipe tamb\u00e9m pode receber essa atividade na\u00a0sua empresa.<\/p>\n<p style=\"text-align: justify;\">Entre em contato\u00a0<a href=\"http:\/\/sites.usp.br\/gepec\/contato\/\">aqui<\/a>.<\/p>\n<div id=\"attachment_331\" style=\"width: 310px\" class=\"wp-caption alignnone\"><a href=\"http:\/\/sites.usp.br\/gepec\/wp-content\/uploads\/sites\/101\/2014\/05\/IMG_20160303_152322578_HDR.jpg\"><img loading=\"lazy\" decoding=\"async\" aria-describedby=\"caption-attachment-331\" class=\"wp-image-331 size-medium\" src=\"https:\/\/sites.usp.br\/gepec\/wp-content\/uploads\/sites\/101\/2014\/05\/IMG_20160303_152322578_HDR-300x225.jpg\" alt=\"IMG_20160303_152322578_HDR\" width=\"300\" height=\"225\" srcset=\"https:\/\/sites.usp.br\/gepec\/wp-content\/uploads\/sites\/101\/2014\/05\/IMG_20160303_152322578_HDR-300x225.jpg 300w, https:\/\/sites.usp.br\/gepec\/wp-content\/uploads\/sites\/101\/2014\/05\/IMG_20160303_152322578_HDR-1024x768.jpg 1024w, https:\/\/sites.usp.br\/gepec\/wp-content\/uploads\/sites\/101\/2014\/05\/IMG_20160303_152322578_HDR-80x60.jpg 80w, https:\/\/sites.usp.br\/gepec\/wp-content\/uploads\/sites\/101\/2014\/05\/IMG_20160303_152322578_HDR-400x300.jpg 400w\" sizes=\"auto, (max-width: 300px) 100vw, 300px\" \/><\/a><p id=\"caption-attachment-331\" class=\"wp-caption-text\">GEPEC GAMES na Fazenda da Toca (2016)<\/p><\/div>\n<p><a href=\"http:\/\/sites.usp.br\/gepec\/wp-content\/uploads\/sites\/101\/2014\/05\/IMG_20160303_142615687_HDR.jpg\"><br \/>\n<\/a><a href=\"http:\/\/sites.usp.br\/gepec\/wp-content\/uploads\/sites\/101\/2014\/05\/IMG_20160303_142615687_HDR.jpg\"><br \/>\n<\/a><a href=\"http:\/\/sites.usp.br\/gepec\/wp-content\/uploads\/sites\/101\/2016\/05\/12814068_1211871265513460_3298966395968639995_n.jpg\"><br \/>\n<\/a><\/p>\n<p>&nbsp;<\/p>\n","protected":false},"excerpt":{"rendered":"<p>&nbsp; Beer Game: O Beer Game \u00e9 um jogo de empresas desenvolvido no Massachusetts Institute [&hellip;]<\/p>\n","protected":false},"author":1,"featured_media":0,"parent":10,"menu_order":0,"comment_status":"closed","ping_status":"closed","template":"","meta":{"footnotes":"","_links_to":"","_links_to_target":""},"class_list":["post-159","page","type-page","status-publish","hentry"],"_links":{"self":[{"href":"https:\/\/sites.usp.br\/gepec\/wp-json\/wp\/v2\/pages\/159","targetHints":{"allow":["GET"]}}],"collection":[{"href":"https:\/\/sites.usp.br\/gepec\/wp-json\/wp\/v2\/pages"}],"about":[{"href":"https:\/\/sites.usp.br\/gepec\/wp-json\/wp\/v2\/types\/page"}],"author":[{"embeddable":true,"href":"https:\/\/sites.usp.br\/gepec\/wp-json\/wp\/v2\/users\/1"}],"replies":[{"embeddable":true,"href":"https:\/\/sites.usp.br\/gepec\/wp-json\/wp\/v2\/comments?post=159"}],"version-history":[{"count":4,"href":"https:\/\/sites.usp.br\/gepec\/wp-json\/wp\/v2\/pages\/159\/revisions"}],"predecessor-version":[{"id":1327,"href":"https:\/\/sites.usp.br\/gepec\/wp-json\/wp\/v2\/pages\/159\/revisions\/1327"}],"up":[{"embeddable":true,"href":"https:\/\/sites.usp.br\/gepec\/wp-json\/wp\/v2\/pages\/10"}],"wp:attachment":[{"href":"https:\/\/sites.usp.br\/gepec\/wp-json\/wp\/v2\/media?parent=159"}],"curies":[{"name":"wp","href":"https:\/\/api.w.org\/{rel}","templated":true}]}}