{"id":446,"date":"2016-07-19T10:04:51","date_gmt":"2016-07-19T13:04:51","guid":{"rendered":"http:\/\/sites.usp.br\/gepec\/?page_id=446"},"modified":"2016-07-19T10:22:37","modified_gmt":"2016-07-19T13:22:37","slug":"fzea","status":"publish","type":"page","link":"https:\/\/sites.usp.br\/gepec\/rede\/fzea\/","title":{"rendered":"FZEA"},"content":{"rendered":"<p>A<strong> Faculdade de Zootecnia e Engenharia de Alimentos<\/strong> tem a <strong>miss\u00e3o<\/strong> oferecer \u00e0 sociedade ensino, pesquisa,\u00a0 extens\u00e3o e servi\u00e7os de alta qualidade na \u00e1rea de produ\u00e7\u00e3o animal e de alimentos, de maneira fortemente ligada ao agroneg\u00f3cio do Brasil, especialmente no Estado de S\u00e3o Paulo.<\/p>\n<p>Conhe\u00e7a melhor clicando na imagem:<\/p>\n<div id=\"attachment_454\" style=\"width: 1034px\" class=\"wp-caption aligncenter\"><a href=\"http:\/\/www.fzea.usp.br\/\"><img loading=\"lazy\" decoding=\"async\" aria-describedby=\"caption-attachment-454\" class=\"wp-image-454 size-large\" src=\"http:\/\/sites.usp.br\/gepec\/wp-content\/uploads\/sites\/101\/2016\/07\/pirassununga_002-1024x576.jpg\" alt=\"pirassununga_002\" width=\"1024\" height=\"576\" srcset=\"https:\/\/sites.usp.br\/gepec\/wp-content\/uploads\/sites\/101\/2016\/07\/pirassununga_002-1024x576.jpg 1024w, https:\/\/sites.usp.br\/gepec\/wp-content\/uploads\/sites\/101\/2016\/07\/pirassununga_002-300x169.jpg 300w, https:\/\/sites.usp.br\/gepec\/wp-content\/uploads\/sites\/101\/2016\/07\/pirassununga_002-310x174.jpg 310w, https:\/\/sites.usp.br\/gepec\/wp-content\/uploads\/sites\/101\/2016\/07\/pirassununga_002-400x225.jpg 400w, https:\/\/sites.usp.br\/gepec\/wp-content\/uploads\/sites\/101\/2016\/07\/pirassununga_002.jpg 1920w\" sizes=\"auto, (max-width: 1024px) 100vw, 1024px\" \/><\/a><p id=\"caption-attachment-454\" class=\"wp-caption-text\">FZEA<\/p><\/div>\n","protected":false},"excerpt":{"rendered":"<p>A Faculdade de Zootecnia e Engenharia de Alimentos tem a miss\u00e3o oferecer \u00e0 sociedade ensino, [&hellip;]<\/p>\n","protected":false},"author":199,"featured_media":0,"parent":105,"menu_order":0,"comment_status":"closed","ping_status":"closed","template":"","meta":{"footnotes":"","_links_to":"","_links_to_target":""},"class_list":["post-446","page","type-page","status-publish","hentry"],"_links":{"self":[{"href":"https:\/\/sites.usp.br\/gepec\/wp-json\/wp\/v2\/pages\/446","targetHints":{"allow":["GET"]}}],"collection":[{"href":"https:\/\/sites.usp.br\/gepec\/wp-json\/wp\/v2\/pages"}],"about":[{"href":"https:\/\/sites.usp.br\/gepec\/wp-json\/wp\/v2\/types\/page"}],"author":[{"embeddable":true,"href":"https:\/\/sites.usp.br\/gepec\/wp-json\/wp\/v2\/users\/199"}],"replies":[{"embeddable":true,"href":"https:\/\/sites.usp.br\/gepec\/wp-json\/wp\/v2\/comments?post=446"}],"version-history":[{"count":2,"href":"https:\/\/sites.usp.br\/gepec\/wp-json\/wp\/v2\/pages\/446\/revisions"}],"predecessor-version":[{"id":455,"href":"https:\/\/sites.usp.br\/gepec\/wp-json\/wp\/v2\/pages\/446\/revisions\/455"}],"up":[{"embeddable":true,"href":"https:\/\/sites.usp.br\/gepec\/wp-json\/wp\/v2\/pages\/105"}],"wp:attachment":[{"href":"https:\/\/sites.usp.br\/gepec\/wp-json\/wp\/v2\/media?parent=446"}],"curies":[{"name":"wp","href":"https:\/\/api.w.org\/{rel}","templated":true}]}}