{"id":448,"date":"2016-07-19T10:06:19","date_gmt":"2016-07-19T13:06:19","guid":{"rendered":"http:\/\/sites.usp.br\/gepec\/?page_id=448"},"modified":"2016-07-19T10:25:15","modified_gmt":"2016-07-19T13:25:15","slug":"cors","status":"publish","type":"page","link":"https:\/\/sites.usp.br\/gepec\/rede\/cors\/","title":{"rendered":"CORS"},"content":{"rendered":"<p style=\"text-align: justify\">CORS \u00e9 um grupo de pesquisa , com base em uma rede de pesquisadores de diversas universidades e institutos, cujo assunto principal \u00e9 o estudo das institui\u00e7\u00f5es e organiza\u00e7\u00f5es, por meio de uma abordagem multidisciplinar , com base na economia e outras ci\u00eancias sociais aplicadas.<\/p>\n<p style=\"text-align: justify\">Conhe\u00e7a melhor clicando na imagem:<\/p>\n<div id=\"attachment_456\" style=\"width: 970px\" class=\"wp-caption aligncenter\"><a href=\"http:\/\/cors.usp.br\/#\"><img loading=\"lazy\" decoding=\"async\" aria-describedby=\"caption-attachment-456\" class=\"wp-image-456 size-full\" src=\"http:\/\/sites.usp.br\/gepec\/wp-content\/uploads\/sites\/101\/2016\/07\/logo-cors-novo-1.png\" alt=\"logo-cors-novo (1)\" width=\"960\" height=\"180\" \/><\/a><p id=\"caption-attachment-456\" class=\"wp-caption-text\">CORS (Center for Organization Studies<\/p><\/div>\n","protected":false},"excerpt":{"rendered":"<p>CORS \u00e9 um grupo de pesquisa , com base em uma rede de pesquisadores de [&hellip;]<\/p>\n","protected":false},"author":199,"featured_media":0,"parent":105,"menu_order":0,"comment_status":"closed","ping_status":"closed","template":"","meta":{"footnotes":"","_links_to":"","_links_to_target":""},"class_list":["post-448","page","type-page","status-publish","hentry"],"_links":{"self":[{"href":"https:\/\/sites.usp.br\/gepec\/wp-json\/wp\/v2\/pages\/448","targetHints":{"allow":["GET"]}}],"collection":[{"href":"https:\/\/sites.usp.br\/gepec\/wp-json\/wp\/v2\/pages"}],"about":[{"href":"https:\/\/sites.usp.br\/gepec\/wp-json\/wp\/v2\/types\/page"}],"author":[{"embeddable":true,"href":"https:\/\/sites.usp.br\/gepec\/wp-json\/wp\/v2\/users\/199"}],"replies":[{"embeddable":true,"href":"https:\/\/sites.usp.br\/gepec\/wp-json\/wp\/v2\/comments?post=448"}],"version-history":[{"count":2,"href":"https:\/\/sites.usp.br\/gepec\/wp-json\/wp\/v2\/pages\/448\/revisions"}],"predecessor-version":[{"id":457,"href":"https:\/\/sites.usp.br\/gepec\/wp-json\/wp\/v2\/pages\/448\/revisions\/457"}],"up":[{"embeddable":true,"href":"https:\/\/sites.usp.br\/gepec\/wp-json\/wp\/v2\/pages\/105"}],"wp:attachment":[{"href":"https:\/\/sites.usp.br\/gepec\/wp-json\/wp\/v2\/media?parent=448"}],"curies":[{"name":"wp","href":"https:\/\/api.w.org\/{rel}","templated":true}]}}