{"id":452,"date":"2016-07-19T10:12:43","date_gmt":"2016-07-19T13:12:43","guid":{"rendered":"http:\/\/sites.usp.br\/gepec\/?page_id=452"},"modified":"2016-07-19T10:12:43","modified_gmt":"2016-07-19T13:12:43","slug":"usp","status":"publish","type":"page","link":"https:\/\/sites.usp.br\/gepec\/rede\/usp\/","title":{"rendered":"USP"},"content":{"rendered":"<p>A Universidade de S\u00e3o Paulo (USP) \u00e9 uma universidade p\u00fablica, mantida pelo Estado de S\u00e3o Paulo e ligada \u00e0 Secretaria de Estado de Desenvolvimento Econ\u00f4mico, Ci\u00eancia e Tecnologia. O talento e dedica\u00e7\u00e3o dos docentes, alunos e funcion\u00e1rios t\u00eam sido reconhecidos por diferentes rankings mundiais, criados para medir a qualidade das universidades a partir de diversos crit\u00e9rios, principalmente os relacionados \u00e0 produtividade cient\u00edfica.<\/p>\n<p>Conhe\u00e7a melhor clicando na imagem<\/p>\n<div id=\"attachment_75\" style=\"width: 948px\" class=\"wp-caption aligncenter\"><a href=\"http:\/\/www5.usp.br\/\"><img loading=\"lazy\" decoding=\"async\" aria-describedby=\"caption-attachment-75\" class=\"wp-image-75 size-full\" src=\"http:\/\/sites.usp.br\/gepec\/wp-content\/uploads\/sites\/101\/2014\/04\/Pra\u00e7a-do-Rel\u00f3gio_122-14_foto-Cec\u00edlia-Bastos-40.jpg\" alt=\"Cr\u00e9dito: Cec\u00edlia Bastos \/ Jornal da USP\" width=\"938\" height=\"338\" srcset=\"https:\/\/sites.usp.br\/gepec\/wp-content\/uploads\/sites\/101\/2014\/04\/Pra\u00e7a-do-Rel\u00f3gio_122-14_foto-Cec\u00edlia-Bastos-40.jpg 938w, https:\/\/sites.usp.br\/gepec\/wp-content\/uploads\/sites\/101\/2014\/04\/Pra\u00e7a-do-Rel\u00f3gio_122-14_foto-Cec\u00edlia-Bastos-40-300x108.jpg 300w, https:\/\/sites.usp.br\/gepec\/wp-content\/uploads\/sites\/101\/2014\/04\/Pra\u00e7a-do-Rel\u00f3gio_122-14_foto-Cec\u00edlia-Bastos-40-400x144.jpg 400w\" sizes=\"auto, (max-width: 938px) 100vw, 938px\" \/><\/a><p id=\"caption-attachment-75\" class=\"wp-caption-text\">Universidade de S\u00e3o Paulo (USP)<\/p><\/div>\n","protected":false},"excerpt":{"rendered":"<p>A Universidade de S\u00e3o Paulo (USP) \u00e9 uma universidade p\u00fablica, mantida pelo Estado de S\u00e3o [&hellip;]<\/p>\n","protected":false},"author":199,"featured_media":0,"parent":105,"menu_order":0,"comment_status":"closed","ping_status":"closed","template":"","meta":{"footnotes":"","_links_to":"","_links_to_target":""},"class_list":["post-452","page","type-page","status-publish","hentry"],"_links":{"self":[{"href":"https:\/\/sites.usp.br\/gepec\/wp-json\/wp\/v2\/pages\/452","targetHints":{"allow":["GET"]}}],"collection":[{"href":"https:\/\/sites.usp.br\/gepec\/wp-json\/wp\/v2\/pages"}],"about":[{"href":"https:\/\/sites.usp.br\/gepec\/wp-json\/wp\/v2\/types\/page"}],"author":[{"embeddable":true,"href":"https:\/\/sites.usp.br\/gepec\/wp-json\/wp\/v2\/users\/199"}],"replies":[{"embeddable":true,"href":"https:\/\/sites.usp.br\/gepec\/wp-json\/wp\/v2\/comments?post=452"}],"version-history":[{"count":1,"href":"https:\/\/sites.usp.br\/gepec\/wp-json\/wp\/v2\/pages\/452\/revisions"}],"predecessor-version":[{"id":453,"href":"https:\/\/sites.usp.br\/gepec\/wp-json\/wp\/v2\/pages\/452\/revisions\/453"}],"up":[{"embeddable":true,"href":"https:\/\/sites.usp.br\/gepec\/wp-json\/wp\/v2\/pages\/105"}],"wp:attachment":[{"href":"https:\/\/sites.usp.br\/gepec\/wp-json\/wp\/v2\/media?parent=452"}],"curies":[{"name":"wp","href":"https:\/\/api.w.org\/{rel}","templated":true}]}}