{"id":591,"date":"2016-08-31T21:27:52","date_gmt":"2016-09-01T00:27:52","guid":{"rendered":"http:\/\/sites.usp.br\/gepec\/?page_id=591"},"modified":"2016-10-05T19:31:20","modified_gmt":"2016-10-05T22:31:20","slug":"informacoes-secundarias","status":"publish","type":"page","link":"https:\/\/sites.usp.br\/gepec\/utilidades\/portal-de-conhecimento\/informacoes-secundarias\/","title":{"rendered":"Dados Estat\u00edsticos"},"content":{"rendered":"<p>&nbsp;<\/p>\n<p><a href=\"http:\/\/sites.usp.br\/gepec\/wp-content\/uploads\/sites\/101\/2016\/08\/writing-write-person-paperwork-paper-notebook.jpg\"><img loading=\"lazy\" decoding=\"async\" class=\"size-medium wp-image-559 aligncenter\" src=\"http:\/\/sites.usp.br\/gepec\/wp-content\/uploads\/sites\/101\/2016\/08\/writing-write-person-paperwork-paper-notebook-300x200.jpg\" alt=\"Informa\u00e7\u00f5es secund\u00e1rias (IBGE, MAPA, IPEA, FAO). \" width=\"300\" height=\"200\" \/><\/a><\/p>\n<p>Com o intuito de auxiliar em projetos e pesquisas, a seguir encontram-se os principais sites com dados estat\u00edsticos do\u00a0Brasil.<\/p>\n<ul>\n<li><em><span style=\"text-decoration: underline\"><strong>IBGE<\/strong><\/span><\/em><\/li>\n<\/ul>\n<p><a href=\"http:\/\/www.ibge.gov.br\/home\/\" target=\"_blank\">http:\/\/www.ibge.gov.br\/home\/<\/a><\/p>\n<ul>\n<li><em><span style=\"text-decoration: underline\"><strong>MAPA<\/strong><\/span><\/em><\/li>\n<\/ul>\n<p><a href=\"http:\/\/www.agricultura.gov.br\/\" target=\"_blank\">http:\/\/www.agricultura.gov.br\/<\/a><\/p>\n<ul>\n<li><em><span style=\"text-decoration: underline\"><strong>IPEA<\/strong><\/span><\/em><\/li>\n<\/ul>\n<p><a href=\"http:\/\/www.ipea.gov.br\/portal\/\" target=\"_blank\">http:\/\/www.ipea.gov.br\/portal\/<\/a><\/p>\n<ul>\n<li><em><span style=\"text-decoration: underline\"><strong>FAO<\/strong><\/span><\/em><\/li>\n<\/ul>\n<p><a href=\"http:\/\/www.fao.org\/brasil\/pt\/\" target=\"_blank\">http:\/\/www.fao.org\/brasil\/pt\/<\/a><\/p>\n<ul>\n<li><span style=\"text-decoration: underline\"><em><strong>FMI<\/strong><\/em><\/span><\/li>\n<\/ul>\n<p><a href=\"http:\/\/www.imf.org\/external\/index.htm\">http:\/\/www.imf.org\/external\/index.htm<\/a><\/p>\n","protected":false},"excerpt":{"rendered":"<p>&nbsp; Com o intuito de auxiliar em projetos e pesquisas, a seguir encontram-se os principais [&hellip;]<\/p>\n","protected":false},"author":199,"featured_media":0,"parent":498,"menu_order":0,"comment_status":"closed","ping_status":"closed","template":"","meta":{"footnotes":"","_links_to":"","_links_to_target":""},"class_list":["post-591","page","type-page","status-publish","hentry"],"_links":{"self":[{"href":"https:\/\/sites.usp.br\/gepec\/wp-json\/wp\/v2\/pages\/591","targetHints":{"allow":["GET"]}}],"collection":[{"href":"https:\/\/sites.usp.br\/gepec\/wp-json\/wp\/v2\/pages"}],"about":[{"href":"https:\/\/sites.usp.br\/gepec\/wp-json\/wp\/v2\/types\/page"}],"author":[{"embeddable":true,"href":"https:\/\/sites.usp.br\/gepec\/wp-json\/wp\/v2\/users\/199"}],"replies":[{"embeddable":true,"href":"https:\/\/sites.usp.br\/gepec\/wp-json\/wp\/v2\/comments?post=591"}],"version-history":[{"count":5,"href":"https:\/\/sites.usp.br\/gepec\/wp-json\/wp\/v2\/pages\/591\/revisions"}],"predecessor-version":[{"id":730,"href":"https:\/\/sites.usp.br\/gepec\/wp-json\/wp\/v2\/pages\/591\/revisions\/730"}],"up":[{"embeddable":true,"href":"https:\/\/sites.usp.br\/gepec\/wp-json\/wp\/v2\/pages\/498"}],"wp:attachment":[{"href":"https:\/\/sites.usp.br\/gepec\/wp-json\/wp\/v2\/media?parent=591"}],"curies":[{"name":"wp","href":"https:\/\/api.w.org\/{rel}","templated":true}]}}