{"id":630,"date":"2016-09-13T10:52:27","date_gmt":"2016-09-13T13:52:27","guid":{"rendered":"http:\/\/sites.usp.br\/gepec\/?page_id=630"},"modified":"2017-03-23T17:00:15","modified_gmt":"2017-03-23T20:00:15","slug":"utilidades","status":"publish","type":"page","link":"https:\/\/sites.usp.br\/gepec\/utilidades\/","title":{"rendered":"Utilidades"},"content":{"rendered":"<p>\u00c1rea destinada para divulga\u00e7\u00e3o de oportunidades e informa\u00e7\u00f5es que podem contribuir em pesquisas e trabalhos<\/p>\n\n\t\t<style type=\"text\/css\">\n\t\t\t#gallery-1 {\n\t\t\t\tmargin: auto;\n\t\t\t}\n\t\t\t#gallery-1 .gallery-item {\n\t\t\t\tfloat: left;\n\t\t\t\tmargin-top: 10px;\n\t\t\t\ttext-align: center;\n\t\t\t\twidth: 33%;\n\t\t\t}\n\t\t\t#gallery-1 img {\n\t\t\t\tborder: 2px solid #cfcfcf;\n\t\t\t}\n\t\t\t#gallery-1 .gallery-caption {\n\t\t\t\tmargin-left: 0;\n\t\t\t}\n\t\t\t\/* see gallery_shortcode() in wp-includes\/media.php *\/\n\t\t<\/style>\n\t\t<div id='gallery-1' class='gallery galleryid-630 gallery-columns-3 gallery-size-thumbnail'><dl class='gallery-item'>\n\t\t\t<dt class='gallery-icon landscape'>\n\t\t\t\t<a href='https:\/\/sites.usp.br\/gepec\/2-man-adjusting-tie\/'><img loading=\"lazy\" decoding=\"async\" width=\"150\" height=\"150\" src=\"https:\/\/sites.usp.br\/gepec\/wp-content\/uploads\/sites\/101\/2016\/09\/2-man-adjusting-tie-150x150.jpg\" class=\"attachment-thumbnail size-thumbnail\" alt=\"\" aria-describedby=\"gallery-1-690\" srcset=\"https:\/\/sites.usp.br\/gepec\/wp-content\/uploads\/sites\/101\/2016\/09\/2-man-adjusting-tie-150x150.jpg 150w, https:\/\/sites.usp.br\/gepec\/wp-content\/uploads\/sites\/101\/2016\/09\/2-man-adjusting-tie-45x45.jpg 45w, https:\/\/sites.usp.br\/gepec\/wp-content\/uploads\/sites\/101\/2016\/09\/2-man-adjusting-tie-200x200.jpg 200w\" sizes=\"auto, (max-width: 150px) 100vw, 150px\" \/><\/a>\n\t\t\t<\/dt>\n\t\t\t\t<dd class='wp-caption-text gallery-caption' id='gallery-1-690'>\n\t\t\t\tMural de oportunidades\n\t\t\t\t<\/dd><\/dl><dl class='gallery-item'>\n\t\t\t<dt class='gallery-icon landscape'>\n\t\t\t\t<a href='https:\/\/sites.usp.br\/gepec\/utilidades\/2-row-of-colorful-books-on-white-background\/'><img loading=\"lazy\" decoding=\"async\" width=\"150\" height=\"150\" src=\"https:\/\/sites.usp.br\/gepec\/wp-content\/uploads\/sites\/101\/2016\/09\/2-row-of-colorful-books-on-white-background-150x150.jpg\" class=\"attachment-thumbnail size-thumbnail\" alt=\"\" aria-describedby=\"gallery-1-632\" srcset=\"https:\/\/sites.usp.br\/gepec\/wp-content\/uploads\/sites\/101\/2016\/09\/2-row-of-colorful-books-on-white-background-150x150.jpg 150w, https:\/\/sites.usp.br\/gepec\/wp-content\/uploads\/sites\/101\/2016\/09\/2-row-of-colorful-books-on-white-background-45x45.jpg 45w, https:\/\/sites.usp.br\/gepec\/wp-content\/uploads\/sites\/101\/2016\/09\/2-row-of-colorful-books-on-white-background-200x200.jpg 200w\" sizes=\"auto, (max-width: 150px) 100vw, 150px\" \/><\/a>\n\t\t\t<\/dt>\n\t\t\t\t<dd class='wp-caption-text gallery-caption' id='gallery-1-632'>\n\t\t\t\tAcesso a informa\u00e7\u00e3o\n\t\t\t\t<\/dd><\/dl><dl class='gallery-item'>\n\t\t\t<dt class='gallery-icon landscape'>\n\t\t\t\t<a href='https:\/\/sites.usp.br\/gepec\/preview\/'><img loading=\"lazy\" decoding=\"async\" width=\"150\" height=\"150\" src=\"https:\/\/sites.usp.br\/gepec\/wp-content\/uploads\/sites\/101\/2016\/10\/preview-150x150.jpg\" class=\"attachment-thumbnail size-thumbnail\" alt=\"\" aria-describedby=\"gallery-1-715\" srcset=\"https:\/\/sites.usp.br\/gepec\/wp-content\/uploads\/sites\/101\/2016\/10\/preview-150x150.jpg 150w, https:\/\/sites.usp.br\/gepec\/wp-content\/uploads\/sites\/101\/2016\/10\/preview-300x300.jpg 300w, https:\/\/sites.usp.br\/gepec\/wp-content\/uploads\/sites\/101\/2016\/10\/preview-1024x1024.jpg 1024w, https:\/\/sites.usp.br\/gepec\/wp-content\/uploads\/sites\/101\/2016\/10\/preview-45x45.jpg 45w, https:\/\/sites.usp.br\/gepec\/wp-content\/uploads\/sites\/101\/2016\/10\/preview-200x200.jpg 200w, https:\/\/sites.usp.br\/gepec\/wp-content\/uploads\/sites\/101\/2016\/10\/preview-400x400.jpg 400w, https:\/\/sites.usp.br\/gepec\/wp-content\/uploads\/sites\/101\/2016\/10\/preview.jpg 1300w\" sizes=\"auto, (max-width: 150px) 100vw, 150px\" \/><\/a>\n\t\t\t<\/dt>\n\t\t\t\t<dd class='wp-caption-text gallery-caption' id='gallery-1-715'>\n\t\t\t\tV\u00eddeos\/ted\/filmes \n\t\t\t\t<\/dd><\/dl><br style=\"clear: both\" \/><dl class='gallery-item'>\n\t\t\t<dt class='gallery-icon landscape'>\n\t\t\t\t<a href='https:\/\/sites.usp.br\/gepec\/utilidades\/handyman-tools\/'><img loading=\"lazy\" decoding=\"async\" width=\"128\" height=\"128\" src=\"https:\/\/sites.usp.br\/gepec\/wp-content\/uploads\/sites\/101\/2016\/09\/handyman-tools.png\" class=\"attachment-thumbnail size-thumbnail\" alt=\"\" aria-describedby=\"gallery-1-1066\" srcset=\"https:\/\/sites.usp.br\/gepec\/wp-content\/uploads\/sites\/101\/2016\/09\/handyman-tools.png 128w, https:\/\/sites.usp.br\/gepec\/wp-content\/uploads\/sites\/101\/2016\/09\/handyman-tools-45x45.png 45w\" sizes=\"auto, (max-width: 128px) 100vw, 128px\" \/><\/a>\n\t\t\t<\/dt>\n\t\t\t\t<dd class='wp-caption-text gallery-caption' id='gallery-1-1066'>\n\t\t\t\tFerramentas\n\t\t\t\t<\/dd><\/dl>\n\t\t\t<br style='clear: both' \/>\n\t\t<\/div>\n\n","protected":false},"excerpt":{"rendered":"<p>\u00c1rea destinada para divulga\u00e7\u00e3o de oportunidades e informa\u00e7\u00f5es que podem contribuir em pesquisas e trabalhos<\/p>\n","protected":false},"author":199,"featured_media":0,"parent":0,"menu_order":0,"comment_status":"closed","ping_status":"closed","template":"","meta":{"footnotes":"","_links_to":"","_links_to_target":""},"class_list":["post-630","page","type-page","status-publish","hentry"],"_links":{"self":[{"href":"https:\/\/sites.usp.br\/gepec\/wp-json\/wp\/v2\/pages\/630","targetHints":{"allow":["GET"]}}],"collection":[{"href":"https:\/\/sites.usp.br\/gepec\/wp-json\/wp\/v2\/pages"}],"about":[{"href":"https:\/\/sites.usp.br\/gepec\/wp-json\/wp\/v2\/types\/page"}],"author":[{"embeddable":true,"href":"https:\/\/sites.usp.br\/gepec\/wp-json\/wp\/v2\/users\/199"}],"replies":[{"embeddable":true,"href":"https:\/\/sites.usp.br\/gepec\/wp-json\/wp\/v2\/comments?post=630"}],"version-history":[{"count":6,"href":"https:\/\/sites.usp.br\/gepec\/wp-json\/wp\/v2\/pages\/630\/revisions"}],"predecessor-version":[{"id":1067,"href":"https:\/\/sites.usp.br\/gepec\/wp-json\/wp\/v2\/pages\/630\/revisions\/1067"}],"wp:attachment":[{"href":"https:\/\/sites.usp.br\/gepec\/wp-json\/wp\/v2\/media?parent=630"}],"curies":[{"name":"wp","href":"https:\/\/api.w.org\/{rel}","templated":true}]}}