{"id":780,"date":"2016-12-17T16:05:49","date_gmt":"2016-12-17T18:05:49","guid":{"rendered":"http:\/\/sites.usp.br\/gepec\/?page_id=780"},"modified":"2016-12-17T16:57:36","modified_gmt":"2016-12-17T18:57:36","slug":"cursos-online","status":"publish","type":"page","link":"https:\/\/sites.usp.br\/gepec\/utilidades\/cursos-online\/","title":{"rendered":"Cursos online"},"content":{"rendered":"<h2 style=\"text-align: center\">Que tal aprender algo novo hoje?<\/h2>\n<h5>N\u00f3s do GEPEC selecionamos os melhores sites de cursos online (quase todos gratuitos) para voc\u00ea expandir os seus horizontes. Alguns cursos s\u00e3o ministrados pelas melhores universidades do mundo! D\u00e1 s\u00f3 uma conferida<\/h5>\n<ul>\n<li><em><strong>\u00a0Coursera<\/strong><\/em><\/li>\n<\/ul>\n<p><a href=\"https:\/\/www.coursera.org\/courses?languages=pt\" target=\"_blank\">https:\/\/www.coursera.org\/courses?languages=pt<\/a><\/p>\n<ul>\n<li><em><strong>MOOC<\/strong><\/em><\/li>\n<\/ul>\n<p><a href=\"https:\/\/www.mooc-list.com\/\" target=\"_blank\">https:\/\/www.mooc-list.com\/<\/a><\/p>\n<ul>\n<li><em><strong>EDX \u00a0 \u00a0<\/strong><\/em><\/li>\n<\/ul>\n<p><a href=\"https:\/\/www.edx.org\/\" target=\"_blank\">https:\/\/www.edx.org\/<\/a><\/p>\n<ul>\n<li><em><strong>Endeavor <\/strong><\/em><em><strong>\u00a0 \u00a0 \u00a0 \u00a0 \u00a0 \u00a0 \u00a0 \u00a0<\/strong><\/em><\/li>\n<\/ul>\n<p><a href=\"https:\/\/endeavor.org.br\/cursos\/\" target=\"_blank\">https:\/\/endeavor.org.br\/cursos\/<\/a><\/p>\n<ul>\n<li><strong><em>Bradesco online<\/em><\/strong><\/li>\n<\/ul>\n<p><a href=\"http:\/\/www.ev.org.br\/Paginas\/Home.aspx\" target=\"_blank\">http:\/\/www.ev.org.br\/Paginas\/Home.aspx<\/a><\/p>\n<ul>\n<li><em><strong>FGV online<\/strong><\/em><\/li>\n<\/ul>\n<p><a href=\"http:\/\/www5.fgv.br\/fgvonline\/\" target=\"_blank\">http:\/\/www5.fgv.br\/fgvonline\/<\/a><\/p>\n<ul>\n<li><strong>\u00a0<em>EDUK<\/em><\/strong><\/li>\n<\/ul>\n<p><a href=\"http:\/\/www.eduk.com.br\/\">http:\/\/www.eduk.com.br\/<\/a><\/p>\n<ul>\n<li><em><strong>\u00a0VEDUCA<\/strong><\/em><\/li>\n<\/ul>\n<p><a href=\"http:\/\/www.veduca.com.br\/\" target=\"_blank\">http:\/\/www.veduca.com.br\/<\/a><\/p>\n<p>&nbsp;<\/p>\n<p>Dica: Voc\u00ea pode ver todos os v\u00eddeos na metade do tempo usando essa extens\u00e3o do Google Chrome<\/p>\n<p><a href=\"https:\/\/chrome.google.com\/webstore\/detail\/video-speed-controller\/nffaoalbilbmmfgbnbgppjihopabppdk\">Video Speed Controller<\/a><\/p>\n","protected":false},"excerpt":{"rendered":"<p>Que tal aprender algo novo hoje? N\u00f3s do GEPEC selecionamos os melhores sites de cursos [&hellip;]<\/p>\n","protected":false},"author":199,"featured_media":0,"parent":630,"menu_order":0,"comment_status":"closed","ping_status":"closed","template":"","meta":{"footnotes":"","_links_to":"","_links_to_target":""},"class_list":["post-780","page","type-page","status-publish","hentry"],"_links":{"self":[{"href":"https:\/\/sites.usp.br\/gepec\/wp-json\/wp\/v2\/pages\/780","targetHints":{"allow":["GET"]}}],"collection":[{"href":"https:\/\/sites.usp.br\/gepec\/wp-json\/wp\/v2\/pages"}],"about":[{"href":"https:\/\/sites.usp.br\/gepec\/wp-json\/wp\/v2\/types\/page"}],"author":[{"embeddable":true,"href":"https:\/\/sites.usp.br\/gepec\/wp-json\/wp\/v2\/users\/199"}],"replies":[{"embeddable":true,"href":"https:\/\/sites.usp.br\/gepec\/wp-json\/wp\/v2\/comments?post=780"}],"version-history":[{"count":2,"href":"https:\/\/sites.usp.br\/gepec\/wp-json\/wp\/v2\/pages\/780\/revisions"}],"predecessor-version":[{"id":783,"href":"https:\/\/sites.usp.br\/gepec\/wp-json\/wp\/v2\/pages\/780\/revisions\/783"}],"up":[{"embeddable":true,"href":"https:\/\/sites.usp.br\/gepec\/wp-json\/wp\/v2\/pages\/630"}],"wp:attachment":[{"href":"https:\/\/sites.usp.br\/gepec\/wp-json\/wp\/v2\/media?parent=780"}],"curies":[{"name":"wp","href":"https:\/\/api.w.org\/{rel}","templated":true}]}}