{"id":345,"date":"2020-01-28T19:07:38","date_gmt":"2020-01-28T22:07:38","guid":{"rendered":"http:\/\/sites.usp.br\/gepefor\/?page_id=345"},"modified":"2021-11-19T14:54:03","modified_gmt":"2021-11-19T17:54:03","slug":"pesquisas","status":"publish","type":"page","link":"https:\/\/sites.usp.br\/gepefor\/pesquisas\/","title":{"rendered":"Pesquisas"},"content":{"rendered":"<p>O Grupo de Estudos e Pesquisas em Forma\u00e7\u00e3o de Professores e Curr\u00edculo (GEPEFOR) atua na forma\u00e7\u00e3o de professores para o Ensino Superior e Cursos de Licenciatura, envolvendo a dialeticidade entre os campos da Did\u00e1tica e do Curr\u00edculo, e seus desdobramentos nos processos formativos.<br \/>\nTem compromisso com a forma\u00e7\u00e3o de quadros docentes\/pesquisadores para a Educa\u00e7\u00e3o B\u00e1sica e Ensino Superior, bem como com a orienta\u00e7\u00e3o de estudantes de inicia\u00e7\u00e3o cient\u00edfica, mestrado e doutorado.<\/p>\n<p>As pesquisas \u00e2ncoras desenvolvidas no \u00e2mbito do GEPEFOR s\u00e3o:<\/p>\n<ol>\n<li>Forma\u00e7\u00e3o de Professores para a Educa\u00e7\u00e3o Superior;<\/li>\n<li>Pol\u00edticas Curriculares para a forma\u00e7\u00e3o de professores: Educa\u00e7\u00e3o Superior e Cursos de Licenciatura.<\/li>\n<\/ol>\n","protected":false},"excerpt":{"rendered":"<p>O Grupo de Estudos e Pesquisas em Forma\u00e7\u00e3o de Professores e Curr\u00edculo (GEPEFOR) atua na forma\u00e7\u00e3o de professores para o Ensino Superior e Cursos de Licenciatura, envolvendo a dialeticidade entre os campos da Did\u00e1tica e do Curr\u00edculo, e seus desdobramentos nos processos formativos. Tem compromisso com a forma\u00e7\u00e3o de quadros docentes\/pesquisadores para a Educa\u00e7\u00e3o B\u00e1sica [&hellip;]<\/p>\n","protected":false},"author":861,"featured_media":0,"parent":0,"menu_order":0,"comment_status":"closed","ping_status":"closed","template":"","meta":{"footnotes":"","_links_to":"","_links_to_target":""},"class_list":["post-345","page","type-page","status-publish","hentry"],"_links":{"self":[{"href":"https:\/\/sites.usp.br\/gepefor\/wp-json\/wp\/v2\/pages\/345","targetHints":{"allow":["GET"]}}],"collection":[{"href":"https:\/\/sites.usp.br\/gepefor\/wp-json\/wp\/v2\/pages"}],"about":[{"href":"https:\/\/sites.usp.br\/gepefor\/wp-json\/wp\/v2\/types\/page"}],"author":[{"embeddable":true,"href":"https:\/\/sites.usp.br\/gepefor\/wp-json\/wp\/v2\/users\/861"}],"replies":[{"embeddable":true,"href":"https:\/\/sites.usp.br\/gepefor\/wp-json\/wp\/v2\/comments?post=345"}],"version-history":[{"count":4,"href":"https:\/\/sites.usp.br\/gepefor\/wp-json\/wp\/v2\/pages\/345\/revisions"}],"predecessor-version":[{"id":780,"href":"https:\/\/sites.usp.br\/gepefor\/wp-json\/wp\/v2\/pages\/345\/revisions\/780"}],"wp:attachment":[{"href":"https:\/\/sites.usp.br\/gepefor\/wp-json\/wp\/v2\/media?parent=345"}],"curies":[{"name":"wp","href":"https:\/\/api.w.org\/{rel}","templated":true}]}}