{"id":483,"date":"2020-01-29T17:07:26","date_gmt":"2020-01-29T20:07:26","guid":{"rendered":"http:\/\/sites.usp.br\/gepefor\/?page_id=483"},"modified":"2020-01-30T01:53:04","modified_gmt":"2020-01-30T04:53:04","slug":"trabalhos","status":"publish","type":"page","link":"https:\/\/sites.usp.br\/gepefor\/trabalhos\/","title":{"rendered":"Trabalhos"},"content":{"rendered":"<p>Os resultados das pesquisas do Grupo de Estudos e Pesquisas em Forma\u00e7\u00e3o de Professores e Curr\u00edculo (GEPEFOR) t\u00eam sido socializados em f\u00f3runs cient\u00edficos qualificados e publicados em peri\u00f3dicos e livros nacionais e internacionais, encontre-os em:<\/p>\n<p><a href=\"http:\/\/sites.usp.br\/gepefor\/trabalhos\/apresentacoes-em-eventos\/\"><strong>Apresenta\u00e7\u00f5es em eventos<\/strong><\/a> e <a href=\"http:\/\/sites.usp.br\/gepefor\/trabalhos\/publicacoes\/\"><strong>Publica\u00e7\u00f5es<\/strong><\/a>.<\/p>\n","protected":false},"excerpt":{"rendered":"<p>Os resultados das pesquisas do Grupo de Estudos e Pesquisas em Forma\u00e7\u00e3o de Professores e Curr\u00edculo (GEPEFOR) t\u00eam sido socializados em f\u00f3runs cient\u00edficos qualificados e publicados em peri\u00f3dicos e livros nacionais e internacionais, encontre-os em: Apresenta\u00e7\u00f5es em eventos e Publica\u00e7\u00f5es.<\/p>\n","protected":false},"author":861,"featured_media":0,"parent":0,"menu_order":0,"comment_status":"closed","ping_status":"closed","template":"","meta":{"footnotes":"","_links_to":"","_links_to_target":""},"class_list":["post-483","page","type-page","status-publish","hentry"],"_links":{"self":[{"href":"https:\/\/sites.usp.br\/gepefor\/wp-json\/wp\/v2\/pages\/483","targetHints":{"allow":["GET"]}}],"collection":[{"href":"https:\/\/sites.usp.br\/gepefor\/wp-json\/wp\/v2\/pages"}],"about":[{"href":"https:\/\/sites.usp.br\/gepefor\/wp-json\/wp\/v2\/types\/page"}],"author":[{"embeddable":true,"href":"https:\/\/sites.usp.br\/gepefor\/wp-json\/wp\/v2\/users\/861"}],"replies":[{"embeddable":true,"href":"https:\/\/sites.usp.br\/gepefor\/wp-json\/wp\/v2\/comments?post=483"}],"version-history":[{"count":4,"href":"https:\/\/sites.usp.br\/gepefor\/wp-json\/wp\/v2\/pages\/483\/revisions"}],"predecessor-version":[{"id":539,"href":"https:\/\/sites.usp.br\/gepefor\/wp-json\/wp\/v2\/pages\/483\/revisions\/539"}],"wp:attachment":[{"href":"https:\/\/sites.usp.br\/gepefor\/wp-json\/wp\/v2\/media?parent=483"}],"curies":[{"name":"wp","href":"https:\/\/api.w.org\/{rel}","templated":true}]}}