{"id":535,"date":"2020-01-30T01:51:49","date_gmt":"2020-01-30T04:51:49","guid":{"rendered":"http:\/\/sites.usp.br\/gepefor\/?page_id=535"},"modified":"2022-10-03T18:24:18","modified_gmt":"2022-10-03T21:24:18","slug":"apresentacoes-em-eventos","status":"publish","type":"page","link":"https:\/\/sites.usp.br\/gepefor\/trabalhos\/apresentacoes-em-eventos\/","title":{"rendered":"Apresenta\u00e7\u00f5es em eventos"},"content":{"rendered":"<h5 style=\"text-align: center;\"><strong>2022<\/strong><\/h5>\n<p style=\"text-align: center;\"><strong>Projeto de Pesquisa, Cultura e Extens\u00e3o: Forma\u00e7\u00e3o de Coordenadores Pedag\u00f3gicos<\/strong><br \/>\n41\u00ba Encontro Nacional de Estudantes de Pedagogia, organizado pela Executiva Nacional de Estudantes de Pedagogia \/ <em>26 de abril de 2022<\/em><br \/>\nCamily Borges e Natalia Celestina de Assis<\/p>\n<p style=\"text-align: center;\"><strong>A FORMA\u00c7\u00c3O DO P\u00d3S-GRADUANDO PARA A DOC\u00caNCIA NA EDUCA\u00c7\u00c3O SUPERIOR: um campo cient\u00edfico espec\u00edfico de saberes<\/strong><br \/>\n<a href=\"https:\/\/www.youtube.com\/channel\/UCSyTbo9mKzOocJxQ8XCy6wA\">III Congresso Brasileiro de Pedagogia Universit\u00e1ria (CBPU)<\/a> \/ <em>29 de julho de 2022<\/em><br \/>\n<a href=\"http:\/\/lattes.cnpq.br\/0789738391981300\">Yuna L\u00e9lis Beleza Lopes<\/a>, <a href=\"http:\/\/lattes.cnpq.br\/0510595604262845\">M\u00e1rcia Mendes Ruiz Cantano<\/a> e <a href=\"http:\/\/lattes.cnpq.br\/0396444452280339\">Noeli Prestes Padilha Rivas<\/a><\/p>\n<p style=\"text-align: center;\"><strong>FORMA\u00c7\u00c3O INICIAL DE PROFESSORES A DIST\u00c2NCIA: democratiza\u00e7\u00e3o do acesso?<\/strong><br \/>\n<a href=\"https:\/\/www.youtube.com\/c\/AnfopeNacional\">XIII Semin\u00e1rio Nacional de Forma\u00e7\u00e3o de Professores<\/a><br \/>\n<a href=\"http:\/\/lattes.cnpq.br\/0789738391981300\">Yuna L\u00e9lis Beleza Lopes<\/a>\u00a0e <a href=\"http:\/\/lattes.cnpq.br\/0396444452280339\">Noeli Prestes Padilha Rivas<\/a><\/p>\n<p>&nbsp;<\/p>\n<h5 style=\"text-align: center;\"><strong>2021<\/strong><\/h5>\n<p style=\"text-align: center;\"><strong>A (in)visibilidade da educa\u00e7\u00e3o das rela\u00e7\u00f5es \u00e9tnico-raciais nos cursos de licenciatura da Universidade de S\u00e3o Paulo, campus de Ribeir\u00e3o Preto<\/strong><br \/>\nIV Col\u00f3quio Ra\u00e7a e Interseccionalidades \/ <em>30 de agosto a 2 de setembro de 2021<\/em><br \/>\n<a href=\"http:\/\/lattes.cnpq.br\/8057600232020414\">Aline Gimenes Monti<\/a><\/p>\n<p style=\"text-align: center;\"><strong>Educa\u00e7\u00e3o a dist\u00e2ncia e o curso de pedagogia: uma revis\u00e3o integrativa<\/strong><br \/>\nEDUCERE &#8211; XV Congresso Nacional de Educa\u00e7\u00e3o \/ <em>27 a 30 de setembro de 2021<\/em><br \/>\n<a href=\"http:\/\/lattes.cnpq.br\/0789738391981300\">Yuna L\u00e9lis Beleza Lopes<\/a><\/p>\n<p>&nbsp;<\/p>\n<h5 style=\"text-align: center;\"><strong>2020<\/strong><\/h5>\n<p style=\"text-align: center;\"><strong>Pol\u00edticas curriculares e de forma\u00e7\u00e3o docente: implica\u00e7\u00f5es dos atos normativos atuais<\/strong><br \/>\nCBPU &#8211; II Congresso Brasileiro De Pedagogia Universit\u00e1ria \/\u00a0<em>21 a 24 de janeiro de 2020<\/em><br \/>\n<a href=\"http:\/\/lattes.cnpq.br\/0789738391981300\">Yuna L\u00e9lis Beleza Lopes<\/a><\/p>\n<p style=\"text-align: center;\"><strong>Pol\u00edticas curriculares do curso de pedagogia: entre o campo do conhecimento e normativo<\/strong><br \/>\nX Col\u00f3quio Internacional de Pol\u00edticas e Pr\u00e1ticas Curriculares \/ <em>07, 14, e 21 de outubro de 2020<\/em><br \/>\n<a href=\"http:\/\/lattes.cnpq.br\/0789738391981300\">Yuna L\u00e9lis Beleza Lopes<\/a><\/p>\n<h5><\/h5>\n<h5 style=\"text-align: center;\"><strong>2019<\/strong><\/h5>\n<p style=\"text-align: center;\"><strong>O est\u00e1gio PAE na disciplina de Did\u00e1tica do curso de Pedagogia<\/strong><br \/>\n5\u00ba Congresso de Gradua\u00e7\u00e3o USP \/<em> 30 de junho, 1 e 2 de julho de 2019<br \/>\n<\/em><a href=\"http:\/\/lattes.cnpq.br\/0789738391981300\">Yuna L\u00e9lis Beleza Lopes<\/a><em><br \/>\n<\/em><\/p>\n<h5><\/h5>\n<h5 style=\"text-align: center;\"><strong>2018<\/strong><\/h5>\n<p style=\"text-align: center;\"><strong>Implica\u00e7\u00f5es das normativas legais do Conselho Estadual de Educa\u00e7\u00e3o nos cursos de Pedagogia do Estado de S\u00e3o Paulo<\/strong><br \/>\nCBPU &#8211; I Congresso Brasileiro De Pedagogia Universit\u00e1ria \/ <em>24 a 26 de janeiro de 2018<\/em><br \/>\n<a href=\"http:\/\/lattes.cnpq.br\/0789738391981300\">Yuna L\u00e9lis Beleza Lopes<\/a><\/p>\n<p style=\"text-align: center;\"><strong>O lugar do est\u00e1gio supervisionado nos cursos de licenciatura da FFCLRP: dimens\u00f5es e tens\u00f5es na apropria\u00e7\u00e3o do Programa de Forma\u00e7\u00e3o de Professores da USP junto aos programas de est\u00e1gio das licenciaturas<\/strong><br \/>\n4\u00ba Congresso de Gradua\u00e7\u00e3o USP \/ 4 e 5 de julho de 2018<br \/>\n<a href=\"https:\/\/lattes.cnpq.br\/0170484815090315\">Beatriz Borges de Carvalho<\/a>, <a href=\"http:\/\/lattes.cnpq.br\/9819629934516093\">Isabella Maria Cruz Fantacini<\/a> e <a href=\"http:\/\/lattes.cnpq.br\/0396444452280339\">Noeli Prestes Padilha Rivas<\/a><\/p>\n<p style=\"text-align: center;\"><strong>Implica\u00e7\u00f5es das normativas legais do Conselho Estadual de Educa\u00e7\u00e3o nos cursos de Pedagogia do Estado de S\u00e3o Paulo<\/strong><br \/>\nCNFP &#8211; IV Congresso Nacional de Forma\u00e7\u00e3o de Professores (UNESP &#8211; \u00c1guas de Lind\u00f3ia) \/ 24 a 26 de setembro de 2018<br \/>\n<a href=\"http:\/\/lattes.cnpq.br\/0789738391981300\">Yuna L\u00e9lis Beleza Lopes<\/a><\/p>\n<p style=\"text-align: center;\"><strong>Implica\u00e7\u00f5es das normativas legais do Conselho Estadual de Educa\u00e7\u00e3o nos cursos de Pedagogia do Estado de S\u00e3o Paulo<\/strong><br \/>\nVI Encontro da Associa\u00e7\u00e3o Nacional de Pesquisa em Financiamento da Educa\u00e7\u00e3o (FINEDUCA): &#8220;A Emenda Constitucional 95 e a crise do financiamento da Educa\u00e7\u00e3o&#8221; \/ <em>26 e 27 de novembro de 2018<\/em><br \/>\n<a href=\"http:\/\/lattes.cnpq.br\/0789738391981300\">Yuna L\u00e9lis Beleza Lopes<\/a><\/p>\n","protected":false},"excerpt":{"rendered":"<p>2022 Projeto de Pesquisa, Cultura e Extens\u00e3o: Forma\u00e7\u00e3o de Coordenadores Pedag\u00f3gicos 41\u00ba Encontro Nacional de Estudantes de Pedagogia, organizado pela Executiva Nacional de Estudantes de Pedagogia \/ 26 de abril de 2022 Camily Borges e Natalia Celestina de Assis A FORMA\u00c7\u00c3O DO P\u00d3S-GRADUANDO PARA A DOC\u00caNCIA NA EDUCA\u00c7\u00c3O SUPERIOR: um campo cient\u00edfico espec\u00edfico de saberes [&hellip;]<\/p>\n","protected":false},"author":861,"featured_media":0,"parent":483,"menu_order":0,"comment_status":"closed","ping_status":"closed","template":"","meta":{"footnotes":"","_links_to":"","_links_to_target":""},"class_list":["post-535","page","type-page","status-publish","hentry"],"_links":{"self":[{"href":"https:\/\/sites.usp.br\/gepefor\/wp-json\/wp\/v2\/pages\/535","targetHints":{"allow":["GET"]}}],"collection":[{"href":"https:\/\/sites.usp.br\/gepefor\/wp-json\/wp\/v2\/pages"}],"about":[{"href":"https:\/\/sites.usp.br\/gepefor\/wp-json\/wp\/v2\/types\/page"}],"author":[{"embeddable":true,"href":"https:\/\/sites.usp.br\/gepefor\/wp-json\/wp\/v2\/users\/861"}],"replies":[{"embeddable":true,"href":"https:\/\/sites.usp.br\/gepefor\/wp-json\/wp\/v2\/comments?post=535"}],"version-history":[{"count":5,"href":"https:\/\/sites.usp.br\/gepefor\/wp-json\/wp\/v2\/pages\/535\/revisions"}],"predecessor-version":[{"id":969,"href":"https:\/\/sites.usp.br\/gepefor\/wp-json\/wp\/v2\/pages\/535\/revisions\/969"}],"up":[{"embeddable":true,"href":"https:\/\/sites.usp.br\/gepefor\/wp-json\/wp\/v2\/pages\/483"}],"wp:attachment":[{"href":"https:\/\/sites.usp.br\/gepefor\/wp-json\/wp\/v2\/media?parent=535"}],"curies":[{"name":"wp","href":"https:\/\/api.w.org\/{rel}","templated":true}]}}