{"id":635,"date":"2020-10-16T09:26:16","date_gmt":"2020-10-16T12:26:16","guid":{"rendered":"http:\/\/sites.usp.br\/gepefor\/?page_id=635"},"modified":"2022-09-23T12:05:08","modified_gmt":"2022-09-23T15:05:08","slug":"estagio-pae","status":"publish","type":"page","link":"https:\/\/sites.usp.br\/gepefor\/estagio-pae\/","title":{"rendered":"Est\u00e1gio PAE"},"content":{"rendered":"<p style=\"text-align: center;\"><strong>Supervis\u00f5es no Est\u00e1gio Supervisionado em Doc\u00eancia &#8211; Programa de Aperfei\u00e7oamento do Ensino (PAE) \/ Pr\u00f3-Reitoria de P\u00f3s-Gradua\u00e7\u00e3o \/ USP<\/strong><\/p>\n<p style=\"text-align: left;\"><strong>Supervisora: Profa. Dra. Noeli Prestes Padilha Rivas<br \/>\n<\/strong><strong>Curso: Pedagogia\/DEDIC\/FFCLRP\/USP<\/strong><\/p>\n<p>2004 &#8211; Karina de Melo Conte. Est\u00e1gio Supervisionado em Doc\u00eancia &#8211; PAE\/USP junto \u00e0 disciplina Did\u00e1tica II &#8211; Curso de Pedagogia-FFCLRP\/USP.<\/p>\n<p>2008 &#8211; Elisa Minto Boldieri. Est\u00e1gio Supervisionado em Doc\u00eancia &#8211; junto \u00e0 disciplina Did\u00e1tica II \/ Curso de Pedagogia-FFCLRP\/USP.<\/p>\n<p>2012 &#8211; Giovanna Ofret\u00f3rio de Oliveira Martin &#8211; Est\u00e1gio Supervisionado em Doc\u00eancia &#8211; junto \u00e0 disciplina Did\u00e1tica I \/ Curso de Pedagogia-FFCLRP\/USP.<\/p>\n<p>2014 \u2013 Luciana Paula Micheletti &#8211; Est\u00e1gio Supervisionado em Doc\u00eancia &#8211; junto \u00e0 disciplina Did\u00e1tica I \/ Curso de Pedagogia-FFCLRP\/USP.<\/p>\n<p>2015 \u2013 Patr\u00edcia Borges Gimenes &#8211; Est\u00e1gio Supervisionado em Doc\u00eancia &#8211; junto \u00e0 disciplina Did\u00e1tica I \/ Curso de Pedagogia &#8211; FFCLRP\/USP.<\/p>\n<p>2016 \u2013 Mayra Antonelli Ponti &#8211; Est\u00e1gio Supervisionado em Doc\u00eancia &#8211; junto \u00e0 disciplina Teorias do Curr\u00edculo \/ Curso de Pedagogia-FFCLRP\/USP.<\/p>\n<p>2016 \u2013 D\u00e9bora Tatiane G\u00f3es Silva &#8211; Est\u00e1gio Supervisionado em Doc\u00eancia &#8211; junto \u00e0 disciplina Teorias do Curr\u00edculo \/ Curso de Pedagogia-FFCLRP\/USP.<\/p>\n<p>2017 \u2013 Nathana Lopes &#8211; Est\u00e1gio Supervisionado em Doc\u00eancia &#8211; junto \u00e0 disciplina Did\u00e1tica I \/ Curso de Pedagogia-FFCLRP\/USP.<\/p>\n<p>2018 \u2013 Yuna Lelis Beleza Lopes &#8211; Est\u00e1gio Supervisionado em Doc\u00eancia &#8211; junto \u00e0 disciplina Did\u00e1tica I \/ Curso de Pedagogia-FFCLRP\/USP.<\/p>\n<p>2018 \u2013 Ariane Pereira Matias &#8211; Est\u00e1gio Supervisionado em Doc\u00eancia &#8211; junto \u00e0 disciplina Did\u00e1tica I \/ Curso de Pedagogia-FFCLRP\/USP.<\/p>\n<p>2019 \u2013 Maria Carolini Lima de Mello &#8211; Est\u00e1gio Supervisionado em Doc\u00eancia- junto \u00e0 disciplina Teorias do Curr\u00edculo \/ Curso de Pedagogia-FFCLRP\/USP.<\/p>\n<p>2020 &#8211; Yuna Lelis Beleza Lopes &#8211; Est\u00e1gio Supervisionado em Doc\u00eancia &#8211; junto \u00e0 disciplina Did\u00e1tica I \/ Curso de Pedagogia-FFCLRP\/USP.<\/p>\n<p>2020 \u2013 Nayara Raimundo da Silva &#8211; Est\u00e1gio Supervisionado em Doc\u00eancia- junto \u00e0 disciplina Teorias do Curr\u00edculo \/ Curso de Pedagogia-FFCLRP\/USP.<\/p>\n<p>2020 \u2013 In\u00eas Aparecida Bolandin Marcomini &#8211; Est\u00e1gio Supervisionado em Doc\u00eancia &#8211; junto \u00e0 disciplina Supervis\u00e3o e Coordena\u00e7\u00e3o Pedag\u00f3gica: Fundamentos Te\u00f3rico-Metodol\u00f3gico \/ Curso de Pedagogia-FFCLRP\/USP.<\/p>\n<p>2021 &#8211; Yuna Lelis Beleza Lopes &#8211; Est\u00e1gio Supervisionado em Doc\u00eancia (PAE &#8211; M\u00e3es Pesquisadores) &#8211; junto \u00e0 disciplina Organiza\u00e7\u00e3o do Trabalho Acad\u00eamico \/ Curso de Pedagogia-FFCLRP\/USP.<\/p>\n<p>2021 &#8211; Aline Gabriela Anacleto do Nascimento e J\u00falia Barbosa Generoso &#8211; Est\u00e1gio Supervisionado em Doc\u00eancia junto \u00e0 disciplina Teorias do Curr\u00edculo, Curso de Pedagogia da FFCLRP\/USP (2\u00ba semestre).<\/p>\n<p>2021- Fl\u00e1via Pinheiro da Silva Colombini &#8211; Est\u00e1gio Supervisionado em Doc\u00eancia (PAE \u2013 M\u00e3es Pesquisadores) &#8211; junto \u00e0 disciplina Supervis\u00e3o e Coordena\u00e7\u00e3o Pedag\u00f3gica: Fundamentos Te\u00f3rico-Metodol\u00f3gicos, Curso de Pedagogia-FFCLRP\/USP (2\u00ba semestre).<\/p>\n<p>2022 &#8211; Yuna Lelis Beleza Lopes &#8211; Est\u00e1gio Supervisionado em Doc\u00eancia (PAE) &#8211; junto \u00e0 disciplina Did\u00e1tica I \/ Curso de Pedagogia-FFCLRP\/USP (1\u00ba semestre).<\/p>\n<p>2022 &#8211; Yuna Lelis Beleza Lopes &#8211; Est\u00e1gio Supervisionado em Doc\u00eancia (PAE) &#8211; junto \u00e0 disciplina Teorias do Curr\u00edculo \/ Curso de Pedagogia-FFCLRP\/USP (2\u00ba semestre).<\/p>\n","protected":false},"excerpt":{"rendered":"<p>Supervis\u00f5es no Est\u00e1gio Supervisionado em Doc\u00eancia &#8211; Programa de Aperfei\u00e7oamento do Ensino (PAE) \/ Pr\u00f3-Reitoria de P\u00f3s-Gradua\u00e7\u00e3o \/ USP Supervisora: Profa. Dra. Noeli Prestes Padilha Rivas Curso: Pedagogia\/DEDIC\/FFCLRP\/USP 2004 &#8211; Karina de Melo Conte. Est\u00e1gio Supervisionado em Doc\u00eancia &#8211; PAE\/USP junto \u00e0 disciplina Did\u00e1tica II &#8211; Curso de Pedagogia-FFCLRP\/USP. 2008 &#8211; Elisa Minto Boldieri. Est\u00e1gio [&hellip;]<\/p>\n","protected":false},"author":861,"featured_media":0,"parent":0,"menu_order":0,"comment_status":"closed","ping_status":"closed","template":"","meta":{"footnotes":"","_links_to":"","_links_to_target":""},"class_list":["post-635","page","type-page","status-publish","hentry"],"_links":{"self":[{"href":"https:\/\/sites.usp.br\/gepefor\/wp-json\/wp\/v2\/pages\/635","targetHints":{"allow":["GET"]}}],"collection":[{"href":"https:\/\/sites.usp.br\/gepefor\/wp-json\/wp\/v2\/pages"}],"about":[{"href":"https:\/\/sites.usp.br\/gepefor\/wp-json\/wp\/v2\/types\/page"}],"author":[{"embeddable":true,"href":"https:\/\/sites.usp.br\/gepefor\/wp-json\/wp\/v2\/users\/861"}],"replies":[{"embeddable":true,"href":"https:\/\/sites.usp.br\/gepefor\/wp-json\/wp\/v2\/comments?post=635"}],"version-history":[{"count":5,"href":"https:\/\/sites.usp.br\/gepefor\/wp-json\/wp\/v2\/pages\/635\/revisions"}],"predecessor-version":[{"id":940,"href":"https:\/\/sites.usp.br\/gepefor\/wp-json\/wp\/v2\/pages\/635\/revisions\/940"}],"wp:attachment":[{"href":"https:\/\/sites.usp.br\/gepefor\/wp-json\/wp\/v2\/media?parent=635"}],"curies":[{"name":"wp","href":"https:\/\/api.w.org\/{rel}","templated":true}]}}