{"id":207,"date":"2016-08-04T19:12:13","date_gmt":"2016-08-04T21:12:13","guid":{"rendered":"http:\/\/sites.usp.br\/gepema\/?page_id=207"},"modified":"2016-08-16T09:37:43","modified_gmt":"2016-08-16T11:37:43","slug":"publicacoes","status":"publish","type":"page","link":"https:\/\/sites.usp.br\/gepema\/publicacoes\/","title":{"rendered":"Publica\u00e7\u00f5es"},"content":{"rendered":"<p>Leia<a href=\"http:\/\/www.milkpoint.com.br\/seu-espaco\/espaco-aberto\/la-nia-el-nio-e-o-leite-nosso-de-cada-dia-101413n.aspx\"> aqui<\/a> o artigo da acad\u00eamica Pietra Branco sobre as rela\u00e7\u00d5es entre o El Ni\u00f1o, a La Ni\u00f1a e a produ\u00e7\u00e3o leiteira.<\/p>\n<p><a href=\"http:\/\/bioscience.oxfordjournals.org\/content\/early\/2016\/02\/12\/biosci.biw009.full\">Artigo <\/a>da ESALQ, EMBRAPA e Universidade de Nebraska discute as proje\u00e7\u00f5es para a cana-de-a\u00e7\u00facar brasileira nos pr\u00f3ximos 10 anos.<\/p>\n<p><a href=\"http:\/\/oag.sagepub.com\/content\/45\/2\/75.full.pdf+html\">Editorial<\/a> do Prof. F\u00e1bio analisa o setor canavieiro e as necessidades de pesquisa para a supera\u00e7\u00e3o da crise atual.<\/p>\n<p>Leia o a<a href=\"http:\/\/link.springer.com\/article\/10.1007\/s10584-012-0561-y\/fulltext.html\">rtigo<\/a> do Prof. F\u00e1bio e co-autores avaliando o impacto das mudan\u00e7as clim\u00e1ticas sobre a cana-de-a\u00e7\u00facar em S\u00e3o Paulo.<\/p>\n<p>A<a href=\"http:\/\/www.scielo.br\/pdf\/pab\/v47n3\/01.pdf\">rtigo<\/a>\u00a0da PAB publicado por Daniel Nassif e co-autores avaliando o modelo DSSAT\/Canegro para diferentes variedades de cana-de-a\u00e7\u00facar brasileira.<\/p>\n<p><a href=\"http:\/\/www.scielo.br\/pdf\/rbeaa\/v18n5\/a01v18n5.pdf\">Artigo<\/a> de Leandro Costa avalia o impacto de longo-prazo do manejo da palhada e do nitrog\u00eanio em canaviais utilizando o modelo APSIM-Sugar.<\/p>\n<p><a href=\"https:\/\/www.infoteca.cnptia.embrapa.br\/bitstream\/doc\/970633\/1\/padroes.pdf\">Boletim da Embrapa<\/a> explica como coletar dados para experimentos em modelagem com cana-de-a\u00e7\u00facar.<\/p>\n<p>Entenda o que \u00e9 efici\u00eancia agr\u00edcola e veja dois exemplos de aplica\u00e7\u00e3o para os canaviais de S\u00e3o Paulo: <a href=\"http:\/\/www.scielo.br\/scielo.php?pid=S0100-204X2008001100002&amp;script=sci_arttext\">artigo 1<\/a> e <a href=\"http:\/\/www.scielo.br\/pdf\/pab\/v47n2\/v47n2a01.pdf\">artigo 2<\/a>.<\/p>\n<p>Aprenda sobre o modelo SAMUCA e veja como ele funciona. Baixe <a href=\"http:\/\/www.scielo.br\/scielo.php?script=sci_arttext&amp;pid=S0103-90162014000100001\">aqui <\/a>o artigo.<\/p>\n<p><a href=\"http:\/\/www.teses.usp.br\/teses\/disponiveis\/livredocencia\/11\/tde-22082014-112751\/pt-br.php\">Leia<\/a> sobre modelagem agr\u00edcola, entenda como funciona o modelo SAMUCA e veja uma aplica\u00e7\u00e3o multi-modelos para os canaviais brasileiros.<\/p>\n","protected":false},"excerpt":{"rendered":"<p>Leia aqui o artigo da acad\u00eamica Pietra Branco sobre as rela\u00e7\u00d5es entre o El Ni\u00f1o, a La Ni\u00f1a e a produ\u00e7\u00e3o leiteira. Artigo da ESALQ, EMBRAPA e Universidade de Nebraska discute as proje\u00e7\u00f5es para a cana-de-a\u00e7\u00facar brasileira nos pr\u00f3ximos 10 anos. Editorial do Prof. F\u00e1bio analisa o setor canavieiro e as necessidades de pesquisa para a supera\u00e7\u00e3o da crise atual. Leia o artigo do Prof. F\u00e1bio e co-autores avaliando o impacto das mudan\u00e7as clim\u00e1ticas sobre a cana-de-a\u00e7\u00facar em S\u00e3o Paulo. Artigo\u00a0da PAB publicado por Daniel Nassif e co-autores avaliando o modelo DSSAT\/Canegro para diferentes variedades de cana-de-a\u00e7\u00facar brasileira. Artigo de Leandro Costa avalia o impacto de longo-prazo do manejo da palhada e do nitrog\u00eanio em canaviais utilizando o modelo APSIM-Sugar. Boletim da Embrapa explica como coletar dados para experimentos em modelagem com cana-de-a\u00e7\u00facar. Entenda o que \u00e9 efici\u00eancia agr\u00edcola e veja dois exemplos de aplica\u00e7\u00e3o para os canaviais de S\u00e3o Paulo: artigo 1 e artigo 2. Aprenda sobre o modelo SAMUCA e veja como ele funciona. Baixe aqui o artigo. Leia sobre modelagem agr\u00edcola, entenda como funciona o modelo SAMUCA e veja uma aplica\u00e7\u00e3o multi-modelos para os canaviais brasileiros.<\/p>\n","protected":false},"author":265,"featured_media":0,"parent":0,"menu_order":0,"comment_status":"closed","ping_status":"closed","template":"","meta":{"footnotes":"","_links_to":"","_links_to_target":""},"class_list":["post-207","page","type-page","status-publish","hentry"],"_links":{"self":[{"href":"https:\/\/sites.usp.br\/gepema\/wp-json\/wp\/v2\/pages\/207","targetHints":{"allow":["GET"]}}],"collection":[{"href":"https:\/\/sites.usp.br\/gepema\/wp-json\/wp\/v2\/pages"}],"about":[{"href":"https:\/\/sites.usp.br\/gepema\/wp-json\/wp\/v2\/types\/page"}],"author":[{"embeddable":true,"href":"https:\/\/sites.usp.br\/gepema\/wp-json\/wp\/v2\/users\/265"}],"replies":[{"embeddable":true,"href":"https:\/\/sites.usp.br\/gepema\/wp-json\/wp\/v2\/comments?post=207"}],"version-history":[{"count":6,"href":"https:\/\/sites.usp.br\/gepema\/wp-json\/wp\/v2\/pages\/207\/revisions"}],"predecessor-version":[{"id":301,"href":"https:\/\/sites.usp.br\/gepema\/wp-json\/wp\/v2\/pages\/207\/revisions\/301"}],"wp:attachment":[{"href":"https:\/\/sites.usp.br\/gepema\/wp-json\/wp\/v2\/media?parent=207"}],"curies":[{"name":"wp","href":"https:\/\/api.w.org\/{rel}","templated":true}]}}