{"id":219,"date":"2016-08-11T12:41:15","date_gmt":"2016-08-11T14:41:15","guid":{"rendered":"http:\/\/sites.usp.br\/gepema\/?page_id=219"},"modified":"2018-04-20T19:56:39","modified_gmt":"2018-04-20T21:56:39","slug":"material-didatico","status":"publish","type":"page","link":"https:\/\/sites.usp.br\/gepema\/material-didatico\/","title":{"rendered":"Material Did\u00e1tico"},"content":{"rendered":"<p style=\"text-align: center\"><strong>Clique nos links abaixo e fa\u00e7a o download dos arquivos<\/strong><\/p>\n<p style=\"text-align: center\"><strong>Agrometeorologia<\/strong><\/p>\n<p style=\"text-align: center\"><a href=\"http:\/\/sites.usp.br\/gepema\/wp-content\/uploads\/sites\/156\/2016\/08\/Aula1_IntroducaoeConceitosBasicosAgrometeorologia.pdf\">Aula1_IntroducaoeConceitosBasicos<\/a><\/p>\n<p style=\"text-align: center\">(Introdu\u00e7\u00e3o \u00e0 Agrometeorologia)<\/p>\n<p style=\"text-align: center\"><strong>Modelagem<\/strong><\/p>\n<p style=\"text-align: center\"><a href=\"http:\/\/sites.usp.br\/gepema\/wp-content\/uploads\/sites\/156\/2016\/08\/Texto_Intro_Modelagem.pdf\">Texto_Intro_Modelagem<\/a><\/p>\n<p style=\"text-align: center\">(Texto introdut\u00f3rio a respeito de modelagem)<\/p>\n<p style=\"text-align: center\"><strong>Modelo Agrometeorol\u00f3gico Gen\u00e9rico de Produ\u00e7\u00e3o Vegetal (<span class=\"il\">MAG\u00e9<\/span>)<\/strong><\/p>\n<p style=\"text-align: center\"><a href=\"http:\/\/sites.usp.br\/gepema\/wp-content\/uploads\/sites\/156\/2016\/08\/MAGE.pdf\">MAGE<\/a>\u00a0(PDF)\u00a0<a href=\"http:\/\/sites.usp.br\/gepema\/wp-content\/uploads\/sites\/156\/2016\/08\/MAGe_planilha.xlsm\">MAGe_planilha<\/a>\u00a0(.xlsx)<\/p>\n","protected":false},"excerpt":{"rendered":"<p>Clique nos links abaixo e fa\u00e7a o download dos arquivos Agrometeorologia Aula1_IntroducaoeConceitosBasicos (Introdu\u00e7\u00e3o \u00e0 Agrometeorologia) Modelagem Texto_Intro_Modelagem (Texto introdut\u00f3rio a respeito de modelagem) Modelo Agrometeorol\u00f3gico Gen\u00e9rico de Produ\u00e7\u00e3o Vegetal (MAG\u00e9) MAGE\u00a0(PDF)\u00a0MAGe_planilha\u00a0(.xlsx)<\/p>\n","protected":false},"author":265,"featured_media":0,"parent":0,"menu_order":0,"comment_status":"closed","ping_status":"closed","template":"","meta":{"footnotes":"","_links_to":"","_links_to_target":""},"class_list":["post-219","page","type-page","status-publish","hentry"],"_links":{"self":[{"href":"https:\/\/sites.usp.br\/gepema\/wp-json\/wp\/v2\/pages\/219","targetHints":{"allow":["GET"]}}],"collection":[{"href":"https:\/\/sites.usp.br\/gepema\/wp-json\/wp\/v2\/pages"}],"about":[{"href":"https:\/\/sites.usp.br\/gepema\/wp-json\/wp\/v2\/types\/page"}],"author":[{"embeddable":true,"href":"https:\/\/sites.usp.br\/gepema\/wp-json\/wp\/v2\/users\/265"}],"replies":[{"embeddable":true,"href":"https:\/\/sites.usp.br\/gepema\/wp-json\/wp\/v2\/comments?post=219"}],"version-history":[{"count":4,"href":"https:\/\/sites.usp.br\/gepema\/wp-json\/wp\/v2\/pages\/219\/revisions"}],"predecessor-version":[{"id":492,"href":"https:\/\/sites.usp.br\/gepema\/wp-json\/wp\/v2\/pages\/219\/revisions\/492"}],"wp:attachment":[{"href":"https:\/\/sites.usp.br\/gepema\/wp-json\/wp\/v2\/media?parent=219"}],"curies":[{"name":"wp","href":"https:\/\/api.w.org\/{rel}","templated":true}]}}