{"id":62,"date":"2014-02-12T11:28:30","date_gmt":"2014-02-12T13:28:30","guid":{"rendered":"http:\/\/sites.usp.br\/gepema\/?page_id=62"},"modified":"2017-10-25T14:31:00","modified_gmt":"2017-10-25T16:31:00","slug":"pagina-1","status":"publish","type":"page","link":"https:\/\/sites.usp.br\/gepema\/pagina-1\/","title":{"rendered":"Equipe"},"content":{"rendered":"<p><strong>EQUIPE ATUAL GEPEMA<\/strong><\/p>\n<p><strong>Coordena\u00e7\u00e3o<\/strong><\/p>\n<p>Prof. <a href=\"http:\/\/buscatextual.cnpq.br\/buscatextual\/visualizacv.do?id=K4704092Y9\">F\u00e1bio Marin<\/a><\/p>\n<p><strong>Doutorado<\/strong><\/p>\n<ul>\n<li><a href=\"http:\/\/buscatextual.cnpq.br\/buscatextual\/visualizacv.do?id=K4770176H4\">Alexandre Ortega Goncalves<\/a><\/li>\n<li><a href=\"http:\/\/buscatextual.cnpq.br\/buscatextual\/visualizacv.do?id=K4297806E4\">Bruno Araujo Alves<\/a><\/li>\n<li><a href=\"http:\/\/buscatextual.cnpq.br\/buscatextual\/visualizacv.do?id=K4403527Z2\">Murilo S. Vianna<\/a><\/li>\n<\/ul>\n<p><strong>Mestrado<\/strong><\/p>\n<table width=\"541\">\n<tbody>\n<tr>\n<td width=\"251\">Alunos de P\u00f3s-Gradua\u00e7\u00e3o<\/td>\n<td width=\"290\">Contato<\/td>\n<\/tr>\n<tr>\n<td width=\"251\">Evandro H. F. Moura da Silva (coordenador)<\/td>\n<td width=\"290\"><a href=\"mailto:ehfmsilva@gmail.com\">ehfmsilva@gmail.com<\/a><\/td>\n<\/tr>\n<tr>\n<td width=\"251\">Tamires Teles de Souza<\/td>\n<td width=\"290\"><a href=\"mailto:tamires.teles.souza@hotmail.com\">tamires.teles.souza@hotmail.com<\/a><\/td>\n<\/tr>\n<tr>\n<td width=\"251\">Rodolfo Armando Pereira<\/td>\n<td width=\"290\"><a href=\"mailto:rodolfoarmando.17@gmail.com\">rodolfoarmando.17@gmail.com<\/a><\/td>\n<\/tr>\n<tr>\n<td width=\"251\">Daniel Alves da Veiga Grubert<\/td>\n<td><a href=\"mailto:danielgrubert51@gmail.com\">danielgrubert51@gmail.com<\/a><\/td>\n<\/tr>\n<tr>\n<td width=\"251\">Rubmara Ketzer Oliveira<\/td>\n<td><a href=\"mailto:rubmara@usp.br\">rubmara@usp.br<\/a><\/td>\n<\/tr>\n<tr>\n<td width=\"251\">Lu\u00eds Alberto Silva Antolin<\/td>\n<td><a href=\"mailto:antolin.luis@gmail.com\">antolin.luis@gmail.com<\/a><\/td>\n<\/tr>\n<tr>\n<td width=\"251\">Tha\u00eds Leticia dos Santos<\/td>\n<td><a href=\"mailto:santos.thaisle@gmail.com\">santos.thaisle@gmail.com<\/a><\/td>\n<\/tr>\n<\/tbody>\n<\/table>\n<p><strong><br \/>\nGradua\u00e7\u00e3o<\/strong><\/p>\n<table width=\"796\">\n<tbody>\n<tr>\n<td width=\"251\">Alunos de Gradua\u00e7\u00e3o<\/td>\n<td width=\"290\">Curso<\/td>\n<td width=\"255\">Contato<\/td>\n<\/tr>\n<tr>\n<td width=\"251\">Izael Martins Fattori Junior (Coordenador da gradua\u00e7\u00e3o)<\/td>\n<td width=\"290\">Eng. Agron\u00f4mica<\/td>\n<td width=\"255\"><a href=\"mailto:izael.fattori@usp.br\">izael.fattori@usp.br<\/a><\/td>\n<\/tr>\n<tr>\n<td width=\"251\">\u00c1lex J\u00fanior Zanchet Bordignon (Vice-coordenador da gradua\u00e7\u00e3o)<\/td>\n<td width=\"290\">Eng. Agron\u00f4mica<\/td>\n<td width=\"255\"><a href=\"mailto:alex.bordignon@usp.br\">alex.bordignon@usp.br<\/a><\/td>\n<\/tr>\n<tr>\n<td width=\"251\">Robson Luis Ara\u00fajo Miranda<\/td>\n<td width=\"290\">Eng. Agron\u00f4mica<\/td>\n<td width=\"255\">robsonaraujo@usp.br<\/td>\n<\/tr>\n<tr>\n<td width=\"251\">Stefany Amanda Quilles Fava<\/td>\n<td width=\"290\">Eng. Agron\u00f4mica<\/td>\n<td width=\"255\">stefany.fava@usp.br<\/td>\n<\/tr>\n<tr>\n<td width=\"251\">Maria Carolina Melo Sciencia<\/td>\n<td width=\"290\">Eng. Agron\u00f4mica<\/td>\n<td width=\"255\">maria.sciencia@usp.br<\/td>\n<\/tr>\n<tr>\n<td width=\"251\">Vitor de Jesus Martins Bianchini<\/td>\n<td width=\"290\">Eng. Agron\u00f4mica<\/td>\n<td width=\"255\">vjmbianchini97@gmail.com<\/td>\n<\/tr>\n<tr>\n<td width=\"251\">Stephanie do Carmo<\/td>\n<td width=\"290\">Eng. Agron\u00f4mica<\/td>\n<td width=\"255\">stephanie2.carmo@usp.br<\/td>\n<\/tr>\n<tr>\n<td width=\"251\">Leonardo Papad\u00f3poli de Barros<\/td>\n<td width=\"290\">Eng. Agron\u00f4mica<\/td>\n<td width=\"255\">pbarrosleonardo@hotmail.com<\/td>\n<\/tr>\n<tr>\n<td width=\"251\">Pedro Maffessoni Bueno<\/td>\n<td width=\"290\">Eng. Agron\u00f4mica<\/td>\n<td width=\"255\">pedrinho.mbueno@gmail.com<\/td>\n<\/tr>\n<tr>\n<td width=\"251\">Rafael Domingos Paro<\/td>\n<td width=\"290\">Eng. Agron\u00f4mica<\/td>\n<td width=\"255\">rafael.paro@usp.br<\/td>\n<\/tr>\n<tr>\n<td width=\"251\">Igor Barreto<\/td>\n<td width=\"290\">Eng. Agron\u00f4mica<\/td>\n<td width=\"255\">igbarreto.IB@gmail.com<\/td>\n<\/tr>\n<tr>\n<td width=\"251\">Gabriela Antonello Pantano<\/td>\n<td width=\"290\">Eng. Agron\u00f4mica<\/td>\n<td width=\"255\">gabriela.pantano@usp.br<\/td>\n<\/tr>\n<\/tbody>\n<\/table>\n<p><strong><br \/>\nEGRESSOS DO GEPEMA<\/strong><\/p>\n<p><a href=\"http:\/\/buscatextual.cnpq.br\/buscatextual\/visualizacv.do?id=K4735623U6\">Daniel Silveira Pinto Nassif<\/a> &#8211; Mestre e Doutor em\u00a0Engenharia de Sistemas Agr\u00edcolas &#8211; ESALQ\/USP<\/p>\n<p><a href=\"http:\/\/buscatextual.cnpq.br\/buscatextual\/visualizacv.do?id=K4414119D6\">Helena Maria Soares Pinto<\/a> &#8211; Mestre em Engenharia de Sistemas Agr\u00edcolas &#8211; ESALQ\/USP<\/p>\n<p><a href=\"http:\/\/buscatextual.cnpq.br\/buscatextual\/visualizacv.do?id=K4458292U9\">Felipe Andrade Soares <\/a>&#8211;\u00a0Mestre em Engenharia de Sistemas Agr\u00edcolas &#8211; ESALQ\/USP<\/p>\n<p>Rodolfo Pillar\u00a0&#8211; Acad\u00eamico de Engenharia Agron\u00f4mica<\/p>\n<p>J\u00e9ssica Gimenez Tambalo\u00a0&#8211; Acad\u00eamico de Engenharia Agron\u00f4mica<\/p>\n<p>Gabriela Venancio\u00a0&#8211; Acad\u00eamico de Engenharia Agron\u00f4mica<\/p>\n<p>Julio Cesar Natalino\u00a0&#8211; Acad\u00eamico de Engenharia Agron\u00f4mica<\/p>\n<p>Jussara Ferreira\u00a0&#8211; Acad\u00eamico de Engenharia Agron\u00f4mica<\/p>\n<p>Lucas Putti &#8211; Acad\u00eamico de Engenharia Agron\u00f4mica<\/p>\n<p>Pedro Rocha Pereira &#8211; Acad\u00eamico de\u00a0Engenharia Agron\u00f4mica<\/p>\n<p>Mateus Astun Cirino &#8211; Acad\u00eamico de Engenharia Agron\u00f4mica<\/p>\n<p>Carolina Machado Marini &#8211; Acad\u00eamico de Engenharia Agron\u00f4mica<\/p>\n<p>Raul Murigi Regiani &#8211; Acad\u00eamico de\u00a0Engenharia Agron\u00f4mica<\/p>\n","protected":false},"excerpt":{"rendered":"<p>EQUIPE ATUAL GEPEMA Coordena\u00e7\u00e3o Prof. F\u00e1bio Marin Doutorado Alexandre Ortega Goncalves Bruno Araujo Alves Murilo S. Vianna Mestrado Alunos de P\u00f3s-Gradua\u00e7\u00e3o Contato Evandro H. F. Moura da Silva (coordenador) ehfmsilva@gmail.com Tamires Teles de Souza tamires.teles.souza@hotmail.com Rodolfo Armando Pereira rodolfoarmando.17@gmail.com Daniel Alves da Veiga Grubert danielgrubert51@gmail.com Rubmara Ketzer Oliveira rubmara@usp.br Lu\u00eds Alberto Silva Antolin antolin.luis@gmail.com Tha\u00eds Leticia dos Santos santos.thaisle@gmail.com Gradua\u00e7\u00e3o Alunos de Gradua\u00e7\u00e3o Curso Contato Izael Martins Fattori Junior (Coordenador da gradua\u00e7\u00e3o) Eng. Agron\u00f4mica izael.fattori@usp.br \u00c1lex J\u00fanior Zanchet Bordignon (Vice-coordenador da gradua\u00e7\u00e3o) Eng. Agron\u00f4mica alex.bordignon@usp.br Robson Luis Ara\u00fajo Miranda Eng. Agron\u00f4mica robsonaraujo@usp.br Stefany Amanda Quilles Fava Eng. Agron\u00f4mica stefany.fava@usp.br Maria Carolina Melo Sciencia Eng. Agron\u00f4mica maria.sciencia@usp.br Vitor de Jesus Martins Bianchini Eng. Agron\u00f4mica vjmbianchini97@gmail.com Stephanie do Carmo Eng. Agron\u00f4mica stephanie2.carmo@usp.br Leonardo Papad\u00f3poli de Barros Eng. Agron\u00f4mica pbarrosleonardo@hotmail.com Pedro Maffessoni Bueno Eng. Agron\u00f4mica pedrinho.mbueno@gmail.com Rafael Domingos Paro Eng. Agron\u00f4mica rafael.paro@usp.br Igor Barreto Eng. Agron\u00f4mica igbarreto.IB@gmail.com Gabriela Antonello Pantano Eng. Agron\u00f4mica gabriela.pantano@usp.br EGRESSOS DO GEPEMA Daniel Silveira Pinto Nassif &#8211; Mestre e Doutor em\u00a0Engenharia de Sistemas Agr\u00edcolas &#8211; ESALQ\/USP Helena Maria Soares Pinto &#8211; Mestre em Engenharia de Sistemas Agr\u00edcolas &#8211; ESALQ\/USP Felipe Andrade Soares &#8211;\u00a0Mestre em Engenharia de Sistemas Agr\u00edcolas &#8211; ESALQ\/USP Rodolfo Pillar\u00a0&#8211; Acad\u00eamico de Engenharia Agron\u00f4mica J\u00e9ssica Gimenez Tambalo\u00a0&#8211; [&#8230;]<\/p>\n","protected":false},"author":1,"featured_media":0,"parent":0,"menu_order":0,"comment_status":"closed","ping_status":"closed","template":"","meta":{"footnotes":"","_links_to":"","_links_to_target":""},"class_list":["post-62","page","type-page","status-publish","hentry"],"_links":{"self":[{"href":"https:\/\/sites.usp.br\/gepema\/wp-json\/wp\/v2\/pages\/62","targetHints":{"allow":["GET"]}}],"collection":[{"href":"https:\/\/sites.usp.br\/gepema\/wp-json\/wp\/v2\/pages"}],"about":[{"href":"https:\/\/sites.usp.br\/gepema\/wp-json\/wp\/v2\/types\/page"}],"author":[{"embeddable":true,"href":"https:\/\/sites.usp.br\/gepema\/wp-json\/wp\/v2\/users\/1"}],"replies":[{"embeddable":true,"href":"https:\/\/sites.usp.br\/gepema\/wp-json\/wp\/v2\/comments?post=62"}],"version-history":[{"count":4,"href":"https:\/\/sites.usp.br\/gepema\/wp-json\/wp\/v2\/pages\/62\/revisions"}],"predecessor-version":[{"id":398,"href":"https:\/\/sites.usp.br\/gepema\/wp-json\/wp\/v2\/pages\/62\/revisions\/398"}],"wp:attachment":[{"href":"https:\/\/sites.usp.br\/gepema\/wp-json\/wp\/v2\/media?parent=62"}],"curies":[{"name":"wp","href":"https:\/\/api.w.org\/{rel}","templated":true}]}}