{"id":64,"date":"2014-02-12T11:28:54","date_gmt":"2014-02-12T13:28:54","guid":{"rendered":"http:\/\/sites.usp.br\/gepema\/?page_id=64"},"modified":"2016-08-11T13:35:55","modified_gmt":"2016-08-11T15:35:55","slug":"pagina-2","status":"publish","type":"page","link":"https:\/\/sites.usp.br\/gepema\/pagina-2\/","title":{"rendered":"Projetos"},"content":{"rendered":"<p><strong>PROJETOS COM FINANCIAMENTO EXTERNO EM ANDAMENTO<\/strong><\/p>\n<p>1) PROJETO FAPESP &#8211;\u00a0Efici\u00eancia da produ\u00e7\u00e3o da cana-de-a\u00e7\u00facar brasileira: cen\u00e1rio atual e projecoes futuras baseadas em mudan\u00e7as de clima, manejo do solo e de \u00e1gua. Modalidade AR.\u00a0Coordena\u00e7\u00e3o: Prof. F\u00e1bio Marin<\/p>\n<p>2) PROJETO INTERNACIONAL &#8211;\u00a0The Agricultural Model Intercomparison and Improvement Project (AgMIP) &#8211; Sugarcane Pilot.\u00a0Coordena\u00e7\u00e3o: Dr. Peter Thorburn &#8211; CSIRO Australia<\/p>\n<p>3) PROJETO FAPESP\/Belmont Forum &#8211;\u00a0Hydro-social and environmental impacts of sugarcane production on land use and food security ? an international programme to foster trans-disciplinary science, networking and community building.\u00a0Coordena\u00e7\u00e3o: Prof. Jerry Knox &#8211; Cranfield University<\/p>\n<p>4) PROJETO CNPq\/CTHIDRO &#8211;\u00a0Aprimorando a irriga\u00e7\u00e3o na cana-de-a\u00e7\u00facar brasileira: recomenda\u00e7\u00f5es de manejo para a conjuntura atual e para cen\u00e1rios futuros de mudan\u00e7as clim\u00e1ticas e tecnol\u00f3gicas.\u00a0Coordena\u00e7\u00e3o: Prof. F\u00e1bio Marin<\/p>\n<p>5) PROJETO FEALQ\/MGM\/VALE &#8211; Monitoramento de lis\u00edmetros de drenagem e recomenda\u00e7\u00e3o agron\u00f4mica para o desenvolvimento de gram\u00edneas em pilhas de fosfogesso.\u00a0Coordena\u00e7\u00e3o: Prof. F\u00e1bio Marin<\/p>\n<p>6) PROJETO FEALQ\/GIFC\u00a0&#8211; Consumo h\u00eddrico e coeficiente de cultivo de cana-de-a\u00e7\u00facar sob duas condi\u00e7\u00f5es de manejo de palhada.\u00a0Coordena\u00e7\u00e3o: Prof. F\u00e1bio Marin<\/p>\n<p>7) PROJETO FAPESP\/BOLSA MESTRADO &#8211;\u00a0Simula\u00e7\u00e3o de cen\u00e1rios agr\u00edcolas futuros para a cultura do milho no Brasil com base em proje\u00e7\u00f5es de mudan\u00e7as clim\u00e1ticas. Bolsista\u00a0 Tamires Teles de Souza<\/p>\n<p>8)\u00a0PROJETO FAPESP\/BOLSA MESTRADO &#8211;\u00a0Simula\u00e7\u00e3o de cen\u00e1rios agr\u00edcolas futuros para a cultura da soja no Brasil com base em proje\u00e7\u00f5es de mudan\u00e7as clim\u00e1ticas.\u00a0Bolsista \u00a0Evandro Henrique Figueiredo Moura da Silva<\/p>\n<p>9)\u00a0PROJETO FAPESP\/BOLSA INICIA\u00c7\u00c3O CIENT\u00cdFICA\u00a0&#8211;\u00a0Resposta estom\u00e1tica da cana-de-a\u00e7\u00facar \u00e0s vari\u00e1veis ambientais em diferentes condi\u00e7\u00f5es de manejo.\u00a0 Bolsista \u00a0Vin\u00edcius Marques Marangoni<\/p>\n<p>10)\u00a0PROJETO FAPESP\/BOLSA INICIA\u00c7\u00c3O CIENT\u00cdFICA\u00a0&#8211;\u00a0Consumo h\u00eddrico e coeficiente de cultivo da cana-de-a\u00e7\u00facar em duas condi\u00e7\u00f5es de cobertura de solo, com base no m\u00e9todo da raz\u00e3o de Bowen. Bolsista \u00a0 Carolina Machado Marini<\/p>\n<p>11)\u00a0PROJETO FAPESP\/BOLSA INICIA\u00c7\u00c3O CIENT\u00cdFICA\u00a0&#8211; Mapeamento da efici\u00eancia da produ\u00e7\u00e3o agr\u00edcola da cana-de-a\u00e7\u00facar no Brasil simulada com o modelo DSSAT\/CANEGRO.\u00a0 Bolsista \u00a0 Pedro Rocha Pereira<\/p>\n<p>12)\u00a0PROJETO FAPESP\/BOLSA INICIA\u00c7\u00c3O CIENT\u00cdFICA\u00a0&#8211; Mapeamento da efici\u00eancia da produ\u00e7\u00e3o agr\u00edcola da cana-de-a\u00e7\u00facar no Brasil simulada com o modelo APSIM-SUGAR.\u00a0Bolsista \u00a0Lucas Putti<\/p>\n<p>13)PROJETO FAPESP\/BOLSA DOUTORADO &#8211;\u00a0Efici\u00eancia da produ\u00e7\u00e3o de amendoim no estado de S\u00e3o Paulo baseado em simula\u00e7\u00e3o multimodelos.\u00a0Bolsista\u00a0 Bruno Ara\u00fajo Alves<\/p>\n<p>14)\u00a0PROJETO FAPESP\/BOLSA DOUTORADO &#8211;\u00a0Desenvolvimento, aprimoramento, calibra\u00e7\u00e3o e avalia\u00e7\u00e3o de um modelo baseado em processos para a cana-de-a\u00e7\u00facar brasileira. Bolsita\u00a0 Murilo dos Santos Vianna<\/p>\n<p>&nbsp;<\/p>\n<p><strong>PROJETOS COM FINANCIAMENTO EXTERNO FINALIZADOS<\/strong><\/p>\n<p>1)\u00a0PROJETO FAPESP\/BOLSA DOUTORADO &#8211;\u00a0Influ\u00eancia dos res\u00edduos culturais no consumo h\u00eddrico, crescimento e produtividade da cana-de-a\u00e7\u00facar irrigada.\u00a0Bolsista Leandro Garcia da Costa<\/p>\n<p>2)\u00a0PROJETO FAPESP\/BOLSA MESTRADO &#8211;\u00a0Proje\u00e7\u00f5es de risco de produ\u00e7\u00e3o de cana-de-a\u00e7\u00facar no Estado de S\u00e3o Paulo baseados em cen\u00e1rios clim\u00e1ticos futuros.\u00a0Bolsista Helena Maria Soares Pinto<\/p>\n<p>3)\u00a0PROJETO FAPESP\/BOLSA DOUTORADO &#8211;\u00a0Evapotranspira\u00e7\u00e3o, transpira\u00e7\u00e3o e trocas gasosas em canavial irrigado.\u00a0 Bolsista Daniel Silveira Pinto Nassif<\/p>\n","protected":false},"excerpt":{"rendered":"<p>PROJETOS COM FINANCIAMENTO EXTERNO EM ANDAMENTO 1) PROJETO FAPESP &#8211;\u00a0Efici\u00eancia da produ\u00e7\u00e3o da cana-de-a\u00e7\u00facar brasileira: cen\u00e1rio atual e projecoes futuras baseadas em mudan\u00e7as de clima, manejo do solo e de \u00e1gua. Modalidade AR.\u00a0Coordena\u00e7\u00e3o: Prof. F\u00e1bio Marin 2) PROJETO INTERNACIONAL &#8211;\u00a0The Agricultural Model Intercomparison and Improvement Project (AgMIP) &#8211; Sugarcane Pilot.\u00a0Coordena\u00e7\u00e3o: Dr. Peter Thorburn &#8211; CSIRO Australia 3) PROJETO FAPESP\/Belmont Forum &#8211;\u00a0Hydro-social and environmental impacts of sugarcane production on land use and food security ? an international programme to foster trans-disciplinary science, networking and community building.\u00a0Coordena\u00e7\u00e3o: Prof. Jerry Knox &#8211; Cranfield University 4) PROJETO CNPq\/CTHIDRO &#8211;\u00a0Aprimorando a irriga\u00e7\u00e3o na cana-de-a\u00e7\u00facar brasileira: recomenda\u00e7\u00f5es de manejo para a conjuntura atual e para cen\u00e1rios futuros de mudan\u00e7as clim\u00e1ticas e tecnol\u00f3gicas.\u00a0Coordena\u00e7\u00e3o: Prof. F\u00e1bio Marin 5) PROJETO FEALQ\/MGM\/VALE &#8211; Monitoramento de lis\u00edmetros de drenagem e recomenda\u00e7\u00e3o agron\u00f4mica para o desenvolvimento de gram\u00edneas em pilhas de fosfogesso.\u00a0Coordena\u00e7\u00e3o: Prof. F\u00e1bio Marin 6) PROJETO FEALQ\/GIFC\u00a0&#8211; Consumo h\u00eddrico e coeficiente de cultivo de cana-de-a\u00e7\u00facar sob duas condi\u00e7\u00f5es de manejo de palhada.\u00a0Coordena\u00e7\u00e3o: Prof. F\u00e1bio Marin 7) PROJETO FAPESP\/BOLSA MESTRADO &#8211;\u00a0Simula\u00e7\u00e3o de cen\u00e1rios agr\u00edcolas futuros para a cultura do milho no Brasil com base em proje\u00e7\u00f5es de mudan\u00e7as clim\u00e1ticas. Bolsista\u00a0 Tamires Teles de Souza 8)\u00a0PROJETO FAPESP\/BOLSA MESTRADO &#8211;\u00a0Simula\u00e7\u00e3o de cen\u00e1rios agr\u00edcolas futuros [&#8230;]<\/p>\n","protected":false},"author":1,"featured_media":0,"parent":0,"menu_order":0,"comment_status":"closed","ping_status":"closed","template":"","meta":{"footnotes":"","_links_to":"","_links_to_target":""},"class_list":["post-64","page","type-page","status-publish","hentry"],"_links":{"self":[{"href":"https:\/\/sites.usp.br\/gepema\/wp-json\/wp\/v2\/pages\/64","targetHints":{"allow":["GET"]}}],"collection":[{"href":"https:\/\/sites.usp.br\/gepema\/wp-json\/wp\/v2\/pages"}],"about":[{"href":"https:\/\/sites.usp.br\/gepema\/wp-json\/wp\/v2\/types\/page"}],"author":[{"embeddable":true,"href":"https:\/\/sites.usp.br\/gepema\/wp-json\/wp\/v2\/users\/1"}],"replies":[{"embeddable":true,"href":"https:\/\/sites.usp.br\/gepema\/wp-json\/wp\/v2\/comments?post=64"}],"version-history":[{"count":6,"href":"https:\/\/sites.usp.br\/gepema\/wp-json\/wp\/v2\/pages\/64\/revisions"}],"predecessor-version":[{"id":236,"href":"https:\/\/sites.usp.br\/gepema\/wp-json\/wp\/v2\/pages\/64\/revisions\/236"}],"wp:attachment":[{"href":"https:\/\/sites.usp.br\/gepema\/wp-json\/wp\/v2\/media?parent=64"}],"curies":[{"name":"wp","href":"https:\/\/api.w.org\/{rel}","templated":true}]}}