{"id":79,"date":"2014-02-24T16:51:20","date_gmt":"2014-02-24T18:51:20","guid":{"rendered":"http:\/\/sites.usp.br\/gepema\/?page_id=79"},"modified":"2020-08-14T19:05:13","modified_gmt":"2020-08-14T21:05:13","slug":"pagina-inicial","status":"publish","type":"page","link":"https:\/\/sites.usp.br\/gepema\/","title":{"rendered":"GEPEMA"},"content":{"rendered":"<p>&nbsp;<\/p>\n<h2 style=\"text-align: center;\">Visite o novo site com conte\u00fado atualizado: <a href=\"https:\/\/www.esalq.usp.br\/gepema\/\">https:\/\/www.esalq.usp.br\/gepema\/<\/a><\/h2>\n<p>&nbsp;<\/p>\n<p>O Grupo de Experimenta\u00e7\u00e3o e Pesquisa em Modelagem Agr\u00edcola (GEPEMA) tem o objetivo de formar profissionais para o mercado de trabalho com experi\u00eancia pr\u00e1tica e conhecimento bem fundamentado na ci\u00eancia agron\u00f4mica. O grupo tamb\u00e9m oferece oportunidades aos estudantes que tenham interesse em complementar seus estudos na p\u00f3s-gradua\u00e7\u00e3o e, atualmente, re\u00fane 16 estudantes de gradua\u00e7\u00e3o, mestrado e doutorado interessados em produ\u00e7\u00e3o vegetal, irriga\u00e7\u00e3o, agrometeorologia e simula\u00e7\u00e3o com modelos computacionais.\u00a0O grupo foi fundado em 2014 e est\u00e1\u00a0baseado no Laborat\u00f3rio de Modelagem de Sistemas Agr\u00edcolas Tropicais do <a href=\"http:\/\/www.leb.esalq.usp.br\/portal\/\">Departamento de Engenharia de Biossistemas<\/a> da <a href=\"http:\/\/www.esalq.usp.br\/\">ESALQ-USP<\/a>.<\/p>\n<p><i>\r\n\t<div class=\"slideshow_container slideshow_container_style-light\" style=\"height: 292px; \" data-slideshow-id=\"82\" data-style-name=\"style-light\" data-style-version=\"2.3.1\" >\r\n\r\n\t\t\t\t\t<div class=\"slideshow_loading_icon\"><\/div>\r\n\t\t\r\n\t\t<div class=\"slideshow_content\" style=\"display: none;\">\r\n\r\n\t\t\t<div class=\"slideshow_view\">\t<div style=\"clear: both;\"><\/div><\/div><div class=\"slideshow_view\">\t<div style=\"clear: both;\"><\/div><\/div><div class=\"slideshow_view\">\t<div style=\"clear: both;\"><\/div><\/div><div class=\"slideshow_view\">\t<div style=\"clear: both;\"><\/div><\/div><div class=\"slideshow_view\">\t<div style=\"clear: both;\"><\/div><\/div><div class=\"slideshow_view\">\t<div style=\"clear: both;\"><\/div><\/div><div class=\"slideshow_view\">\t<div style=\"clear: both;\"><\/div><\/div><div class=\"slideshow_view\">\t<div style=\"clear: both;\"><\/div><\/div><div class=\"slideshow_view\">\t<div style=\"clear: both;\"><\/div><\/div><div class=\"slideshow_view\">\t<div style=\"clear: both;\"><\/div><\/div><div class=\"slideshow_view\">\t<div style=\"clear: both;\"><\/div><\/div><div class=\"slideshow_view\">\t<div style=\"clear: both;\"><\/div><\/div><div class=\"slideshow_view\">\t<div style=\"clear: both;\"><\/div><\/div><div class=\"slideshow_view\">\t<div style=\"clear: both;\"><\/div><\/div><div class=\"slideshow_view\">\t<div style=\"clear: both;\"><\/div><\/div><div class=\"slideshow_view\">\t<div style=\"clear: both;\"><\/div><\/div><div class=\"slideshow_view\">\t<div style=\"clear: both;\"><\/div><\/div><div class=\"slideshow_view\">\t<div style=\"clear: both;\"><\/div><\/div><div class=\"slideshow_view\">\t<div style=\"clear: both;\"><\/div><\/div><div class=\"slideshow_view\">\t<div style=\"clear: both;\"><\/div><\/div><div class=\"slideshow_view\">\t<div style=\"clear: both;\"><\/div><\/div><div class=\"slideshow_view\">\t<div style=\"clear: both;\"><\/div><\/div><div class=\"slideshow_view\">\t<div style=\"clear: both;\"><\/div><\/div>\r\n\t\t<\/div>\r\n\r\n\t\t<div class=\"slideshow_controlPanel slideshow_transparent\" style=\"display: none;\"><ul><li class=\"slideshow_togglePlay\" data-play-text=\"Acionar\" data-pause-text=\"Pausar\"><\/li><\/ul><\/div>\r\n\r\n\t\t<div class=\"slideshow_button slideshow_previous slideshow_transparent\" role=\"button\" data-previous-text=\"Anterior\" style=\"display: none;\"><\/div>\r\n\t\t<div class=\"slideshow_button slideshow_next slideshow_transparent\" role=\"button\" data-next-text=\"Pr\u00f3ximo\" style=\"display: none;\"><\/div>\r\n\r\n\t\t<div class=\"slideshow_pagination\" style=\"display: none;\" data-go-to-text=\"Ir para o slide\"><div class=\"slideshow_pagination_center\"><\/div><\/div>\r\n\r\n\t\t<!-- WordPress Slideshow Version 2.3.1 -->\r\n\r\n\t\t\t<\/div>\r\n\r\n<\/i><\/p>\n<p>&nbsp;<\/p>\n","protected":false},"excerpt":{"rendered":"<p>&nbsp; Visite o novo site com conte\u00fado atualizado: https:\/\/www.esalq.usp.br\/gepema\/ &nbsp; O Grupo de Experimenta\u00e7\u00e3o e Pesquisa em Modelagem Agr\u00edcola (GEPEMA) tem o objetivo de formar profissionais para o mercado de trabalho com experi\u00eancia pr\u00e1tica e conhecimento bem fundamentado na ci\u00eancia agron\u00f4mica. O grupo tamb\u00e9m oferece oportunidades aos estudantes que tenham interesse em complementar seus estudos na p\u00f3s-gradua\u00e7\u00e3o e, atualmente, re\u00fane 16 estudantes de gradua\u00e7\u00e3o, mestrado e doutorado interessados em produ\u00e7\u00e3o vegetal, irriga\u00e7\u00e3o, agrometeorologia e simula\u00e7\u00e3o com modelos computacionais.\u00a0O grupo foi fundado em 2014 e est\u00e1\u00a0baseado no Laborat\u00f3rio de Modelagem de Sistemas Agr\u00edcolas Tropicais do Departamento de Engenharia de Biossistemas da ESALQ-USP. &nbsp;<\/p>\n","protected":false},"author":1,"featured_media":0,"parent":0,"menu_order":0,"comment_status":"closed","ping_status":"closed","template":"","meta":{"footnotes":"","_links_to":"","_links_to_target":""},"class_list":["post-79","page","type-page","status-publish","hentry"],"_links":{"self":[{"href":"https:\/\/sites.usp.br\/gepema\/wp-json\/wp\/v2\/pages\/79","targetHints":{"allow":["GET"]}}],"collection":[{"href":"https:\/\/sites.usp.br\/gepema\/wp-json\/wp\/v2\/pages"}],"about":[{"href":"https:\/\/sites.usp.br\/gepema\/wp-json\/wp\/v2\/types\/page"}],"author":[{"embeddable":true,"href":"https:\/\/sites.usp.br\/gepema\/wp-json\/wp\/v2\/users\/1"}],"replies":[{"embeddable":true,"href":"https:\/\/sites.usp.br\/gepema\/wp-json\/wp\/v2\/comments?post=79"}],"version-history":[{"count":5,"href":"https:\/\/sites.usp.br\/gepema\/wp-json\/wp\/v2\/pages\/79\/revisions"}],"predecessor-version":[{"id":514,"href":"https:\/\/sites.usp.br\/gepema\/wp-json\/wp\/v2\/pages\/79\/revisions\/514"}],"wp:attachment":[{"href":"https:\/\/sites.usp.br\/gepema\/wp-json\/wp\/v2\/media?parent=79"}],"curies":[{"name":"wp","href":"https:\/\/api.w.org\/{rel}","templated":true}]}}