{"id":2637,"date":"2021-02-15T21:11:33","date_gmt":"2021-02-16T00:11:33","guid":{"rendered":"http:\/\/sites.usp.br\/gepespp-ledep\/?page_id=2637"},"modified":"2024-08-31T18:48:55","modified_gmt":"2024-08-31T21:48:55","slug":"coral-60","status":"publish","type":"page","link":"https:\/\/sites.usp.br\/gepespp-ledep\/coral-60\/","title":{"rendered":"Coral 60+ EACH-USP"},"content":{"rendered":"<p>&nbsp;<\/p>\n<style>\n\t\t.nav {width: 100%;}<br \/>\t\t.nav tr, td {border-style: none;}<br \/>\t\t.bt {border: solid 1px; text-align: center; width: 20%; padding: 5px; background-color: #055c6e; color: white;}<br \/>\t\t.bt:hover {background-color: #ff9e00;}<br \/>\t\t#insc {display: none;}<br \/>\t<\/style>\n<table>\n<tbody>\n<tr>\n<td><\/td>\n<td><\/td>\n<td><\/td>\n<td><\/td>\n<td><\/td>\n<\/tr>\n<\/tbody>\n<\/table>\n<h1><\/h1>\n<p><video autoplay=\"autoplay\" muted=\"\" controls=\"controls\" width=\"240\" height=\"240\"><source src=\"https:\/\/sites.usp.br\/gepespp-ledep\/wp-content\/uploads\/sites\/662\/2021\/06\/coral.mp4\" type=\"video\/mp4\" \/>Seu navegador n\u00e3o suporta este tipo de m\u00eddia.<\/video><\/p>\n<h1>Coral 60+ EACH &#8211; USP<\/h1>\n<p>&nbsp;<\/p>\n<hr \/>\n<p><b>Coordenadora:<\/b> Prof\u00aa Dr\u00aa Maria Eliza Mattosinho Bernardes<\/p>\n<p><b>Reg\u00eancia:<\/b> Rog\u00e9rio Pimenta<\/p>\n<p><b>Monitoras:<\/b><br \/>\nCamila Cristina dos Santos<\/p>\n<p>Juliana da Cruz Batista Rodrigues<\/p>\n<p>&nbsp;<\/p>\n<h2><\/h2>\n<p>&nbsp;<\/p>\n<p>Inscri\u00e7\u00f5es encerradas (ser\u00e3o abertas novamente no 1\u00ba semestre de 2025)<\/p>\n<hr \/>\n<p>&nbsp;<\/p>\n","protected":false},"excerpt":{"rendered":"<p>Finalidades do Coral 60+.<\/p>\n","protected":false},"author":22271,"featured_media":0,"parent":0,"menu_order":0,"comment_status":"closed","ping_status":"closed","template":"","meta":{"footnotes":"","_links_to":"","_links_to_target":""},"class_list":["post-2637","page","type-page","status-publish","hentry"],"_links":{"self":[{"href":"https:\/\/sites.usp.br\/gepespp-ledep\/wp-json\/wp\/v2\/pages\/2637","targetHints":{"allow":["GET"]}}],"collection":[{"href":"https:\/\/sites.usp.br\/gepespp-ledep\/wp-json\/wp\/v2\/pages"}],"about":[{"href":"https:\/\/sites.usp.br\/gepespp-ledep\/wp-json\/wp\/v2\/types\/page"}],"author":[{"embeddable":true,"href":"https:\/\/sites.usp.br\/gepespp-ledep\/wp-json\/wp\/v2\/users\/22271"}],"replies":[{"embeddable":true,"href":"https:\/\/sites.usp.br\/gepespp-ledep\/wp-json\/wp\/v2\/comments?post=2637"}],"version-history":[{"count":4,"href":"https:\/\/sites.usp.br\/gepespp-ledep\/wp-json\/wp\/v2\/pages\/2637\/revisions"}],"predecessor-version":[{"id":3705,"href":"https:\/\/sites.usp.br\/gepespp-ledep\/wp-json\/wp\/v2\/pages\/2637\/revisions\/3705"}],"wp:attachment":[{"href":"https:\/\/sites.usp.br\/gepespp-ledep\/wp-json\/wp\/v2\/media?parent=2637"}],"curies":[{"name":"wp","href":"https:\/\/api.w.org\/{rel}","templated":true}]}}