{"id":2836,"date":"2021-03-22T16:25:58","date_gmt":"2021-03-22T19:25:58","guid":{"rendered":"http:\/\/sites.usp.br\/gepespp-ledep\/?page_id=2836"},"modified":"2022-01-14T09:51:25","modified_gmt":"2022-01-14T12:51:25","slug":"livros","status":"publish","type":"page","link":"https:\/\/sites.usp.br\/gepespp-ledep\/livros\/","title":{"rendered":"Livros"},"content":{"rendered":"<table>\n<tr>\n<td style=\"text-align: center; width: 43%;\">\n            <a href=\"https:\/\/a36b27e2-7d86-45f4-b828-d8b03593f647.filesusr.com\/ugd\/dcac6b_f9e32aeaa27a40b9817c63f474c78f1e.pdf\" target=\"_blank\" rel=\"noopener\"><br \/>\n\t\t\t\t<img decoding=\"async\" src=\"https:\/\/sites.usp.br\/gepespp-ledep\/wp-content\/uploads\/sites\/662\/2022\/01\/Sem-titulo.png\" style=\"width: 200px\"><br \/>\n\t\t\t<\/a><\/p>\n<hr>\n<\/td>\n<td style=\"width: 4%\"><\/td>\n<td style=\"text-align: center; width: 43%;\">\n            <a href=\"https:\/\/a36b27e2-7d86-45f4-b828-d8b03593f647.filesusr.com\/ugd\/dcac6b_cb6669aab40f46f5a39d27957fcf83e0.pdf\" target=\"_blank\" rel=\"noopener\"><br \/>\n\t\t\t\t<img decoding=\"async\" src=\"https:\/\/sites.usp.br\/gepespp-ledep\/wp-content\/uploads\/sites\/662\/2021\/10\/CAPA_MARTA.png\" style=\"width: 200px\"><br \/>\n\t\t\t<\/a><\/p>\n<hr>\n<\/td>\n<\/tr>\n<tr>\n<td style=\"text-align: center; width: 43%;\">\n\t\t\tDrama Humano na Sociedade do Espet\u00e1culo: reflex\u00f5es sobre arte, educa\u00e7\u00e3o e pol\u00edticas p\u00fablicas, em tempos de pandemia.<br \/>\n\t\t\t<br \/>\n\t\t\t<span style=\"font-size: 80%;\">Organizadoras: Maria Eliza Mattosinho Bernardes; Laura Marisa Carnielo Calejon; Mara Aparecida de Castilho Lopes; Maria Fl\u00e1via Silveira Barbosa.<\/span>\n\t\t<\/td>\n<td style=\"width: 4%\"><\/td>\n<td style=\"text-align: center; width: 43%;\">\n\t\t\tFisiolog\u00eda y Psicolog\u00eda: complejidad y dial\u00e9ctica<br \/>\n\t\t\t<br \/>\n\t\t\t<span style=\"font-size: 80%;\">Marta Shuare<\/span><\/td>\n<\/tr>\n<tr>\n<td style=\"text-align: center; width: 43%;\">\n            <a href=\"https:\/\/a36b27e2-7d86-45f4-b828-d8b03593f647.filesusr.com\/ugd\/dcac6b_8150bddc1cf34777ad6659dc4f60bdc9.pdf\" target=\"_blank\" rel=\"noopener\"><br \/>\n\t\t\t\t<img decoding=\"async\" src=\"https:\/\/m.media-amazon.com\/images\/I\/61AnQwhY4gL._AC_UY218_.jpg\" style=\"width: 200px\"><br \/>\n\t\t\t<\/a><\/p>\n<hr>\n<\/td>\n<td style=\"width: 4%\"><\/td>\n<td style=\"text-align: center; width: 43%;\">\n            <a href=\"https:\/\/sites.usp.br\/gepespp-ledep\/wp-content\/uploads\/sites\/662\/dlm_uploads\/2021\/06\/CARREIRO-2003-Ecoturismo_influencias-na-educacao-fisica.pdf\" target=\"_blank\" rel=\"noopener\"><br \/>\n\t\t\t\t<img decoding=\"async\" src=\"https:\/\/images-na.ssl-images-amazon.com\/images\/I\/41yXuBZWtZL._SX331_BO1,204,203,200_.jpg\" style=\"width: 200px\"><br \/>\n\t\t\t<\/a><\/p>\n<hr>\n<\/td>\n<\/tr>\n<tr>\n<td style=\"text-align: center; width: 43%;\">\n\t\t\tA produ\u00e7\u00e3o de relat\u00f3rios de pesquisa: reda\u00e7\u00e3o e normaliza\u00e7\u00e3o<br \/>\n\t\t\t<br \/>\n\t\t\t<span style=\"font-size: 80%;\">Maria Eliza Mattosinho Bernardes; Maria Luiza Jovanovic.<\/span><\/td>\n<td style=\"width: 4%\"><\/td>\n<td style=\"text-align: center; width: 43%;\">\n\t\t\tEcoturismo: influ\u00eancias na educa\u00e7\u00e3o f\u00edsica<br \/>\n\t\t\t<br \/>\n\t\t\t<span style=\"font-size: 80%;\">Eduardo Augusto Carreiro<\/span><\/td>\n<\/tr>\n<tr>\n<td style=\"text-align: center; width: 43%;\">\n            <a href=\"https:\/\/sites.usp.br\/gepespp-ledep\/wp-content\/uploads\/sites\/662\/2022\/01\/Escola-e-desenvolvimento-humano_contribuicoes-da-psicologia-da-educacao.pdf\" target=\"_blank\" rel=\"noopener\"><br \/>\n\t\t\t\t<img decoding=\"async\" src=\"https:\/\/sites.usp.br\/gepespp-ledep\/wp-content\/uploads\/sites\/662\/2022\/01\/WhatsApp-Image-2022-01-13-at-23.48.00.jpeg\" style=\"width: 200px\"><br \/>\n\t\t\t<\/a><\/p>\n<hr>\n<\/td>\n<td style=\"width: 4%\"><\/td>\n<td style=\"text-align: center; width: 43%;\">\n            <a href=\"http:\/\/www.livrosabertos.sibi.usp.br\/portaldelivrosUSP\/catalog\/download\/170\/158\/750-1?inline=1\" target=\"_blank\" rel=\"noopener\"><br \/>\n\t\t\t\t<img decoding=\"async\" src=\"https:\/\/sites.usp.br\/gepespp-ledep\/wp-content\/uploads\/sites\/662\/2022\/01\/submission_170_170_coverImage_t.jpg\" style=\"width: 200px\"><br \/>\n\t\t\t<\/a><\/p>\n<hr>\n<\/td>\n<\/tr>\n<tr>\n<td style=\"text-align: center; width: 43%;\">\n\t\t\tEscola e desenvolvimento humano: contribui\u00e7\u00f5es da psicologia da educa\u00e7\u00e3o.<br \/>\n\t\t\t<br \/>\n\t\t\t<span style=\"font-size: 80%;\">Organiza\u00e7\u00e3o: Giovanna Marafon; Jussara Tortella; Maria Silvia Rocha.<\/span><\/td>\n<td style=\"width: 4%\"><\/td>\n<td style=\"text-align: center; width: 43%;\">\n\t\t\tTrabalho, educa\u00e7\u00e3o e lazer: contribui\u00e7\u00f5es do enfoque hist\u00f3rico-cultural para o desenvolvimento humano<br \/>\n\t\t\t<br \/>\n\t\t\t<span style=\"font-size: 80%;\">Organizadores: Maria Eliza Mattosinho Bernardes; Guillermo Arias Beat\u00f3n.<\/span><\/td>\n<\/tr>\n<tr>\n<td style=\"text-align: center; width: 43%;\">\n            <a href=\"https:\/\/a36b27e2-7d86-45f4-b828-d8b03593f647.filesusr.com\/ugd\/dcac6b_1d9d67b5af09456aa56648c269eb7a22.pdf\" target=\"_blank\" rel=\"noopener\"><br \/>\n\t\t\t\t<img decoding=\"async\" src=\"https:\/\/sites.usp.br\/gepespp-ledep\/wp-content\/uploads\/sites\/662\/2022\/01\/Screenshot-2022-01-11-at-20-32-04-NARR-E-PSICO-DA-EDUC_MARIA-ELIZA_MIOLO-FINAL_E-BOOK_26-08-2019-indd-dcac6b_1d9d67b5af09....png\" style=\"width: 200px\"><br \/>\n\t\t\t<\/a><\/p>\n<hr>\n<\/td>\n<td style=\"width: 4%\"><\/td>\n<td style=\"text-align: center; width: 43%;\">\n            <a href=\"https:\/\/a36b27e2-7d86-45f4-b828-d8b03593f647.filesusr.com\/ugd\/dcac6b_30c6b92c67ec4519827323fef7bb65d3.pdf\" target=\"_blank\" rel=\"noopener\"><br \/>\n\t\t\t\t<img decoding=\"async\" src=\"https:\/\/sites.usp.br\/gepespp-ledep\/wp-content\/uploads\/sites\/662\/2022\/01\/Screenshot-2022-01-11-at-20-34-42-dcac6b_30c6b92c67ec4519827323fef7bb65d3-pdf.png\" style=\"width: 200px\"><br \/>\n\t\t\t<\/a><\/p>\n<hr>\n<\/td>\n<\/tr>\n<tr>\n<td style=\"text-align: center; width: 43%;\">\n\t\t\tNarrativas e psicologia da educa\u00e7\u00e3o: pesquisa e forma\u00e7\u00e3o<br \/>\n\t\t\t<br \/>\n\t\t\t<span style=\"font-size: 80%;\">Organizadora: Maria Eliza Mattosinho Bernardes<\/span><\/td>\n<td style=\"width: 4%\"><\/td>\n<td style=\"text-align: center; width: 43%;\">\n\t\t\tO desenvolvimento das fun\u00e7\u00f5es psicol\u00f3gicas superiores na psicologia hist\u00f3rico-cultural: contribui\u00e7\u00f5es \u00e0 psicologia e \u00e0 educa\u00e7\u00e3o<br \/>\n\t\t\t<br \/>\n\t\t\t<span style=\"font-size: 80%;\">Organizadoras: Fabiola Gomes Batista Firbida; Marilda Gon\u00e7alves Dias Facci; Sonia Mari Shima Barroco<\/span><\/td>\n<\/tr>\n<tr>\n<td style=\"text-align: center; width: 43%;\">\n            <a href=\"https:\/\/a36b27e2-7d86-45f4-b828-d8b03593f647.filesusr.com\/ugd\/dcac6b_68c0a2dbeac240a0a5f83f87a9e104c8.pdf\" target=\"_blank\" rel=\"noopener\"><br \/>\n\t\t\t\t<img decoding=\"async\" src=\"https:\/\/sites.usp.br\/gepespp-ledep\/wp-content\/uploads\/sites\/662\/2022\/01\/Screenshot-2022-01-11-at-20-38-45-a-questao-do-metodo-e-a-teoria-historico-cultural-e-book-pdf-dcac6b_68c0a2dbeac240a....png\" style=\"width: 200px\"><br \/>\n\t\t\t<\/a><\/p>\n<hr>\n<\/td>\n<td style=\"width: 4%\"><\/td>\n<td style=\"text-align: center; width: 43%;\">\n            <a href=\"https:\/\/a36b27e2-7d86-45f4-b828-d8b03593f647.filesusr.com\/ugd\/dcac6b_7e33ad1741ae4b67a872b4a02a16e67d.pdf\" target=\"_blank\" rel=\"noopener\"><br \/>\n\t\t\t\t<img decoding=\"async\" src=\"https:\/\/sites.usp.br\/gepespp-ledep\/wp-content\/uploads\/sites\/662\/2022\/01\/Screenshot-2022-01-11-at-20-40-56-dcac6b_7e33ad1741ae4b67a872b4a02a16e67d-pdf.png\" style=\"width: 200px\"><br \/>\n\t\t\t<\/a><\/p>\n<hr>\n<\/td>\n<\/tr>\n<tr>\n<td style=\"text-align: center; width: 43%;\">\n\t\t\tA quest\u00e3o do m\u00e9todo e a teoria hist\u00f3rico-cultural: bases te\u00f3ricas e implica\u00e7\u00f5es pedag\u00f3gicas<br \/>\n\t\t\t<br \/>\n\t\t\t<span style=\"font-size: 80%;\">Organizadoras: Sueli Guadalupe de Lima Mendon\u00e7a; Luciana Aparecida Ara\u00fajo Penitente; Stela Miller<\/span><\/td>\n<td style=\"width: 4%\"><\/td>\n<td style=\"text-align: center; width: 43%;\">\n\t\t\tEstudios hist\u00f3rico culturalistas en educaci\u00f3n y desarrollo humano<br \/>\n\t\t\t<br \/>\n\t\t\t<span style=\"font-size: 80%;\">Escuela de Educaci\u00f3n y Desarrollo Humano<\/span><\/td>\n<\/tr>\n<tr>\n<td style=\"text-align: center; width: 43%;\">\n            <a href=\"https:\/\/a36b27e2-7d86-45f4-b828-d8b03593f647.filesusr.com\/ugd\/dcac6b_92de2d4ac32140a7bd79789e2b8f6d09.pdf\" target=\"_blank\" rel=\"noopener\"><br \/>\n\t\t\t\t<img decoding=\"async\" src=\"https:\/\/sites.usp.br\/gepespp-ledep\/wp-content\/uploads\/sites\/662\/2022\/01\/Screenshot-2022-01-11-at-20-44-20-dcac6b_92de2d4ac32140a7bd79789e2b8f6d09-pdf.png\" style=\"width: 200px\"><br \/>\n\t\t\t<\/a><\/p>\n<hr>\n<\/td>\n<td style=\"width: 4%\"><\/td>\n<td style=\"text-align: center; width: 43%;\">\n            <a href=\"https:\/\/a36b27e2-7d86-45f4-b828-d8b03593f647.filesusr.com\/ugd\/dcac6b_4954429f1a534510a5da58ec666e4fff.pdf\" target=\"_blank\" rel=\"noopener\"><br \/>\n\t\t\t\t<img decoding=\"async\" src=\"https:\/\/sites.usp.br\/gepespp-ledep\/wp-content\/uploads\/sites\/662\/2022\/01\/Screenshot-2022-01-11-at-20-48-00-dcac6b_4954429f1a534510a5da58ec666e4fff-pdf.png\" style=\"width: 200px\"><br \/>\n\t\t\t<\/a><\/p>\n<hr>\n<\/td>\n<\/tr>\n<tr>\n<td style=\"text-align: center; width: 43%;\">\n\t\t\tEu ainda sou crian\u00e7a educa\u00e7\u00e3o infantil e resist\u00eancia<br \/>\n\t\t\t<br \/>\n\t\t\t<span style=\"font-size: 80%;\">Organizadoras: Maria Walburga dos Santos; Cleonice Maria Tomazzetti; Suely Amaral Mello<\/span><\/td>\n<td style=\"width: 4%\"><\/td>\n<td style=\"text-align: center; width: 43%;\">\n\t\t\tMaterialismo Hist\u00f3rico-dial\u00e9tico e psicologia Hist\u00f3rico-cultural: express\u00f5es da luta de classes no interior do capitalismo<br \/>\n\t\t\t<br \/>\n\t\t\t<span style=\"font-size: 80%;\">Organizadores: Silvana Calvo Tuleski; Adriana de F\u00e1tima Franco; Tiago Morales Calve<\/span><\/td>\n<\/tr>\n<tr>\n<td style=\"text-align: center; width: 43%;\">\n            <a href=\"https:\/\/www.marilia.unesp.br\/Home\/Publicacoes\/teoria-historico-cultural_ebook.pdf\" target=\"_blank\" rel=\"noopener\"><br \/>\n\t\t\t\t<img decoding=\"async\" src=\"https:\/\/sites.usp.br\/gepespp-ledep\/wp-content\/uploads\/sites\/662\/2022\/01\/Screenshot-2022-01-11-at-20-57-42-teoria-historico-cultural-2016-indd-teoria-historico-cultural_ebook-pdf.png\" style=\"width: 200px\"><br \/>\n\t\t\t<\/a><\/p>\n<hr>\n<\/td>\n<td style=\"width: 4%\"><\/td>\n<p>\t\t<!-- \n\t\t\n\n<td style=\"text-align: center; width: 43%;\">\n            <a href=\"\" target=\"_blank\" rel=\"noopener\">\n\t\t\t\t<img decoding=\"async\" src=\"\" style=\"width: 200px\">\n\t\t\t<\/a>\n\t\t<\/td>\n\n\n\t\t--><br \/>\n\t<\/tr>\n<tr>\n<td style=\"text-align: center; width: 43%;\">\n\t\t\tTeoria Hist\u00f3rico-cultural: quest\u00f5es fundamentais para a educa\u00e7\u00e3o escolar<br \/>\n\t\t\t<br \/>\n\t\t\t<span style=\"font-size: 80%;\">Organizadoras: Maria Val\u00e9ria Barbosa; Stela Miller; Suely Amaral Mello<\/span><\/td>\n<td style=\"width: 4%\"><\/td>\n<p>\t\t<!--\n\t\t\n\n<td style=\"text-align: center; width: 43%;\">\n\t\t\t<span style=\"font-size: 80%;\"> <\/span><\/td>\n\n\n\t\t--><br \/>\n\t<\/tr>\n<p>\t<!-- #####################################################3 --><br \/>\n\t<!--\n\t\n\n<tr>\n\t\t\n\n<td style=\"text-align: center; width: 43%;\">\n            <a href=\"\" target=\"_blank\" rel=\"noopener\">\n\t\t\t\t<img decoding=\"async\" src=\"\" style=\"width: 200px\">\n\t\t\t<\/a>\n\t\t<\/td>\n\n\n\t\t\n\n<td style=\"width: 4%\"><\/td>\n\n\n\t\t\n\n<td style=\"text-align: center; width: 43%;\">\n            <a href=\"\" target=\"_blank\" rel=\"noopener\">\n\t\t\t\t<img decoding=\"async\" src=\"\" style=\"width: 200px\">\n\t\t\t<\/a>\n\t\t<\/td>\n\n\n\t<\/tr>\n\n\n\t\n\n<tr>\n\t\t\n\n<td style=\"text-align: center; width: 43%;\">\n\t\t\t<span style=\"font-size: 80%;\"> <\/span><\/td>\n\n\n\t\t\n\n<td style=\"width: 4%\"><\/td>\n\n\n\t\t\n\n<td style=\"text-align: center; width: 43%;\">\n\t\t\t<span style=\"font-size: 80%;\"> <\/span><\/td>\n\n\n\t<\/tr>\n\n\n\t--><br \/>\n<\/table>\n","protected":false},"excerpt":{"rendered":"<p>Drama Humano na Sociedade do Espet\u00e1culo: reflex\u00f5es sobre arte, educa\u00e7\u00e3o e pol\u00edticas p\u00fablicas, em tempos de pandemia. Organizadoras: Maria Eliza Mattosinho Bernardes; Laura Marisa Carnielo Calejon; Mara Aparecida de Castilho Lopes; Maria Fl\u00e1via Silveira Barbosa. Fisiolog\u00eda y Psicolog\u00eda: complejidad y dial\u00e9ctica Marta Shuare A produ\u00e7\u00e3o de relat\u00f3rios de pesquisa: reda\u00e7\u00e3o e normaliza\u00e7\u00e3o Maria Eliza Mattosinho Bernardes; Maria Luiza Jovanovic. Ecoturismo: influ\u00eancias na educa\u00e7\u00e3o f\u00edsica Eduardo Augusto Carreiro Escola e desenvolvimento humano: contribui\u00e7\u00f5es da psicologia da educa\u00e7\u00e3o. Organiza\u00e7\u00e3o: Giovanna Marafon; Jussara Tortella; Maria Silvia Rocha. Trabalho, educa\u00e7\u00e3o e lazer: contribui\u00e7\u00f5es do enfoque hist\u00f3rico-cultural para o desenvolvimento humano Organizadores: Maria Eliza Mattosinho Bernardes; Guillermo Arias Beat\u00f3n. Narrativas e psicologia da educa\u00e7\u00e3o: pesquisa e forma\u00e7\u00e3o Organizadora: Maria Eliza Mattosinho Bernardes O desenvolvimento das fun\u00e7\u00f5es psicol\u00f3gicas superiores na psicologia hist\u00f3rico-cultural: contribui\u00e7\u00f5es \u00e0 psicologia e \u00e0 educa\u00e7\u00e3o Organizadoras: Fabiola Gomes Batista Firbida; Marilda Gon\u00e7alves Dias Facci; Sonia Mari Shima Barroco A quest\u00e3o do m\u00e9todo e a teoria hist\u00f3rico-cultural: bases te\u00f3ricas e implica\u00e7\u00f5es pedag\u00f3gicas Organizadoras: Sueli Guadalupe de Lima Mendon\u00e7a; Luciana Aparecida Ara\u00fajo Penitente; Stela Miller Estudios hist\u00f3rico culturalistas en educaci\u00f3n y desarrollo humano Escuela de Educaci\u00f3n y Desarrollo Humano Eu ainda sou crian\u00e7a educa\u00e7\u00e3o infantil e resist\u00eancia Organizadoras: Maria Walburga dos Santos; Cleonice Maria Tomazzetti; [&#8230;]<\/p>\n","protected":false},"author":22271,"featured_media":0,"parent":0,"menu_order":0,"comment_status":"closed","ping_status":"closed","template":"page-full.php","meta":{"footnotes":"","_links_to":"","_links_to_target":""},"class_list":["post-2836","page","type-page","status-publish","hentry"],"_links":{"self":[{"href":"https:\/\/sites.usp.br\/gepespp-ledep\/wp-json\/wp\/v2\/pages\/2836","targetHints":{"allow":["GET"]}}],"collection":[{"href":"https:\/\/sites.usp.br\/gepespp-ledep\/wp-json\/wp\/v2\/pages"}],"about":[{"href":"https:\/\/sites.usp.br\/gepespp-ledep\/wp-json\/wp\/v2\/types\/page"}],"author":[{"embeddable":true,"href":"https:\/\/sites.usp.br\/gepespp-ledep\/wp-json\/wp\/v2\/users\/22271"}],"replies":[{"embeddable":true,"href":"https:\/\/sites.usp.br\/gepespp-ledep\/wp-json\/wp\/v2\/comments?post=2836"}],"version-history":[{"count":5,"href":"https:\/\/sites.usp.br\/gepespp-ledep\/wp-json\/wp\/v2\/pages\/2836\/revisions"}],"predecessor-version":[{"id":3411,"href":"https:\/\/sites.usp.br\/gepespp-ledep\/wp-json\/wp\/v2\/pages\/2836\/revisions\/3411"}],"wp:attachment":[{"href":"https:\/\/sites.usp.br\/gepespp-ledep\/wp-json\/wp\/v2\/media?parent=2836"}],"curies":[{"name":"wp","href":"https:\/\/api.w.org\/{rel}","templated":true}]}}