{"id":3154,"date":"2021-06-12T15:25:27","date_gmt":"2021-06-12T18:25:27","guid":{"rendered":"https:\/\/sites.usp.br\/gepespp-ledep\/?page_id=3154"},"modified":"2023-07-23T18:37:42","modified_gmt":"2023-07-23T21:37:42","slug":"inicial","status":"publish","type":"page","link":"https:\/\/sites.usp.br\/gepespp-ledep\/","title":{"rendered":""},"content":{"rendered":"<h1 style=\"text-align: center;\">Boas vindas \u00e0 p\u00e1gina do GEPESPP &#8211; LEDEP<\/h1>\n<hr \/>\n\r\n\t<div class=\"slideshow_container slideshow_container_style-light\" style=\"height: 200px; \" data-slideshow-id=\"3190\" data-style-name=\"style-light\" data-style-version=\"2.3.1\" >\r\n\r\n\t\t\t\t\t<div class=\"slideshow_loading_icon\"><\/div>\r\n\t\t\r\n\t\t<div class=\"slideshow_content\" style=\"display: none;\">\r\n\r\n\t\t\t<div class=\"slideshow_view\">\r\n\t\t\t\t<div class=\"slideshow_slide slideshow_slide_image\">\r\n\t\t\t\t\t<a href=\"https:\/\/sites.usp.br\/gepespp-ledep\/quem-somos\/\" target=\"_self\" >\t\t\t\t\t\t<img src=\"https:\/\/sites.usp.br\/gepespp-ledep\/wp-content\/uploads\/sites\/662\/2021\/06\/a.png\" alt=\"a\" width=\"1600\" height=\"500\" \/>\r\n\t\t\t\t\t<\/a>\t\t\t\t\t<div class=\"slideshow_description_box slideshow_transparent\">\r\n\t\t\t\t\t\t\t\t\t\t\t\t\t\t\t\t\t<\/div>\r\n\t\t\t\t<\/div>\r\n\r\n\t\t\t\t\t\t<div style=\"clear: both;\"><\/div><\/div><div class=\"slideshow_view\">\r\n\t\t\t\t<div class=\"slideshow_slide slideshow_slide_image\">\r\n\t\t\t\t\t<a href=\"https:\/\/sites.usp.br\/gepespp-ledep\/musica-livre\/\" target=\"_self\" >\t\t\t\t\t\t<img src=\"https:\/\/sites.usp.br\/gepespp-ledep\/wp-content\/uploads\/sites\/662\/2021\/06\/b.png\" alt=\"b\" width=\"1600\" height=\"500\" \/>\r\n\t\t\t\t\t<\/a>\t\t\t\t\t<div class=\"slideshow_description_box slideshow_transparent\">\r\n\t\t\t\t\t\t\t\t\t\t\t\t\t\t\t\t\t<\/div>\r\n\t\t\t\t<\/div>\r\n\r\n\t\t\t\t\t\t<div style=\"clear: both;\"><\/div><\/div><div class=\"slideshow_view\">\r\n\t\t\t\t<div class=\"slideshow_slide slideshow_slide_image\">\r\n\t\t\t\t\t<a href=\"https:\/\/sites.usp.br\/gepespp-ledep\/as-contradicoes-historicas-da-educacao-no-brasil-e-o-drama-humano-em-uma-sociedade-do-espetaculo-no-periodo-da-pospandemia-covid-19\/\" target=\"_self\" >\t\t\t\t\t\t<img src=\"https:\/\/sites.usp.br\/gepespp-ledep\/wp-content\/uploads\/sites\/662\/2021\/06\/c.png\" alt=\"c\" width=\"1600\" height=\"500\" \/>\r\n\t\t\t\t\t<\/a>\t\t\t\t\t<div class=\"slideshow_description_box slideshow_transparent\">\r\n\t\t\t\t\t\t\t\t\t\t\t\t\t\t\t\t\t<\/div>\r\n\t\t\t\t<\/div>\r\n\r\n\t\t\t\t\t\t<div style=\"clear: both;\"><\/div><\/div>\r\n\t\t<\/div>\r\n\r\n\t\t<div class=\"slideshow_controlPanel slideshow_transparent\" style=\"display: none;\"><ul><li class=\"slideshow_togglePlay\" data-play-text=\"Acionar\" data-pause-text=\"Pausar\"><\/li><\/ul><\/div>\r\n\r\n\t\t<div class=\"slideshow_button slideshow_previous slideshow_transparent\" role=\"button\" data-previous-text=\"Anterior\" style=\"display: none;\"><\/div>\r\n\t\t<div class=\"slideshow_button slideshow_next slideshow_transparent\" role=\"button\" data-next-text=\"Pr\u00f3ximo\" style=\"display: none;\"><\/div>\r\n\r\n\t\t<div class=\"slideshow_pagination\" style=\"display: none;\" data-go-to-text=\"Ir para o slide\"><div class=\"slideshow_pagination_center\"><\/div><\/div>\r\n\r\n\t\t<!-- WordPress Slideshow Version 2.3.1 -->\r\n\r\n\t\t\t<\/div>\r\n\r\n\n<h1 style=\"text-align: center;\"><\/h1>\n<hr \/>\n<p>P\u00e1gina dedicada ao compartilhamento de produ\u00e7\u00f5es do <i>Grupo de Estudo e Pesquisa: Educa\u00e7\u00e3o, Sociedade e Pol\u00edticas P\u00fablicas <\/i>(GEPESPP) e do <i>Laborat\u00f3rio de Educa\u00e7\u00e3o e Desenvolvimento Psicol\u00f3gico<\/i> (LEDEP).<\/p>\n<div class=\"map-responsive\">\n<iframe loading=\"lazy\" title=\"each usp\" src=\"https:\/\/maps.google.com\/maps?q=each%20usp&amp;t=m&amp;z=10&amp;output=embed&amp;iwloc=near\" aria-label=\"each usp\" width=\"1000\" height=\"250\" frameborder=\"0\" style=\"border:0;\" allowfullscreen=\"\" aria-hidden=\"false\" tabindex=\"0\"><\/iframe>\n<\/div>\n","protected":false},"excerpt":{"rendered":"<p>Boas vindas \u00e0 p\u00e1gina do GEPESPP &#8211; LEDEP P\u00e1gina dedicada ao compartilhamento de produ\u00e7\u00f5es do Grupo de Estudo e Pesquisa: Educa\u00e7\u00e3o, Sociedade e Pol\u00edticas P\u00fablicas (GEPESPP) e do Laborat\u00f3rio de Educa\u00e7\u00e3o e Desenvolvimento Psicol\u00f3gico (LEDEP).<\/p>\n","protected":false},"author":22271,"featured_media":0,"parent":0,"menu_order":0,"comment_status":"closed","ping_status":"closed","template":"page-full.php","meta":{"footnotes":"","_links_to":"","_links_to_target":""},"class_list":["post-3154","page","type-page","status-publish","hentry"],"_links":{"self":[{"href":"https:\/\/sites.usp.br\/gepespp-ledep\/wp-json\/wp\/v2\/pages\/3154","targetHints":{"allow":["GET"]}}],"collection":[{"href":"https:\/\/sites.usp.br\/gepespp-ledep\/wp-json\/wp\/v2\/pages"}],"about":[{"href":"https:\/\/sites.usp.br\/gepespp-ledep\/wp-json\/wp\/v2\/types\/page"}],"author":[{"embeddable":true,"href":"https:\/\/sites.usp.br\/gepespp-ledep\/wp-json\/wp\/v2\/users\/22271"}],"replies":[{"embeddable":true,"href":"https:\/\/sites.usp.br\/gepespp-ledep\/wp-json\/wp\/v2\/comments?post=3154"}],"version-history":[{"count":5,"href":"https:\/\/sites.usp.br\/gepespp-ledep\/wp-json\/wp\/v2\/pages\/3154\/revisions"}],"predecessor-version":[{"id":3697,"href":"https:\/\/sites.usp.br\/gepespp-ledep\/wp-json\/wp\/v2\/pages\/3154\/revisions\/3697"}],"wp:attachment":[{"href":"https:\/\/sites.usp.br\/gepespp-ledep\/wp-json\/wp\/v2\/media?parent=3154"}],"curies":[{"name":"wp","href":"https:\/\/api.w.org\/{rel}","templated":true}]}}