{"id":3434,"date":"2022-02-09T03:05:15","date_gmt":"2022-02-09T06:05:15","guid":{"rendered":"https:\/\/sites.usp.br\/gepespp-ledep\/?page_id=3434"},"modified":"2022-02-13T20:57:34","modified_gmt":"2022-02-13T23:57:34","slug":"3434-2","status":"publish","type":"page","link":"https:\/\/sites.usp.br\/gepespp-ledep\/3434-2\/","title":{"rendered":"II Confer\u00eancia Internacional: o enfoque hist\u00f3rico-cultural em quest\u00e3o"},"content":{"rendered":"<p><html><br \/>\n\t<head><\/p>\n<style type=\"text\/css\">\n\t\t\tiframe {text-align: center;}\n\t\t<\/style>\n<p>\t<\/head><\/p>\n<h3> Caso n\u00e3o seja poss\u00edvel reproduzir algum v\u00eddeo: clique no bot\u00e3o &#8220;Outra janela&#8221; presente no canto superior direito do Player de v\u00eddeo (Imagem abaixo).<\/h3>\n<p>\t<center><img decoding=\"async\" src=\"https:\/\/sites.usp.br\/gepespp-ledep\/wp-content\/uploads\/sites\/662\/2022\/02\/aaa.png\"><\/center><br \/>\n\t<br \/>\n\t<body style=\"width: 100%;\"><\/p>\n<h2>II Confer\u00eancia Internacional Parte 1 &#8211; Apresenta\u00e7\u00e3o Art\u00edstica<\/h2>\n<p>\t\t<iframe loading=\"lazy\" src=\"https:\/\/drive.google.com\/file\/d\/1Y56-Xc1C30HM5Q7GlkSZ6VM8xTOfVuBs\/preview\" width=\"640\" height=\"480\" allow=\"autoplay\"><\/iframe><\/p>\n<hr>\n<p><\/p>\n<h2>II Confer\u00eancia Internacional Parte 2 &#8211; Confer\u00eancia de Abertura<\/h2>\n<p>\t\t<iframe loading=\"lazy\" src=\"https:\/\/drive.google.com\/file\/d\/1S1QXm8JKu9-ETVa0pqSpWGFjtggO4n7K\/preview\" width=\"640\" height=\"480\" allow=\"autoplay\"><\/iframe><\/p>\n<hr>\n<p><\/p>\n<h2>II Confer\u00eancia Internacional Parte 3 &#8211; Apresenta\u00e7\u00e3o do Coral<\/h2>\n<p>\t\t<iframe loading=\"lazy\" src=\"https:\/\/drive.google.com\/file\/d\/1IwOq78_EvwpLD4uP0uEQZWlZOmEUjvSM\/preview\" width=\"640\" height=\"480\" allow=\"autoplay\"><\/iframe><\/p>\n<hr>\n<p><\/p>\n<h2>II Confer\u00eancia Internacional Parte 4 &#8211; Simp\u00f3sio I<\/h2>\n<p>\t\t<iframe loading=\"lazy\" src=\"https:\/\/drive.google.com\/file\/d\/1a9YT3aJaA37qt9a6hPcJF9QfWUURWxkZ\/preview\" width=\"640\" height=\"480\" allow=\"autoplay\"><\/iframe><\/p>\n<hr>\n<p><\/p>\n<h2>II Confer\u00eancia Internacional Parte 5 &#8211; Simp\u00f3sio II<\/h2>\n<p>\t\t<iframe loading=\"lazy\" src=\"https:\/\/drive.google.com\/file\/d\/1keui4nm4iXopX0LCsHJ3GFKbnfHh7lSZ\/preview\" width=\"640\" height=\"480\" allow=\"autoplay\"><\/iframe><\/p>\n<hr>\n<p><\/p>\n<h2>II Confer\u00eancia Internacional Parte 1 &#8211; Simp\u00f3sio III (UEM)<\/h2>\n<p>\t\t<iframe loading=\"lazy\" src=\"https:\/\/drive.google.com\/file\/d\/1VCAg6fcV9xltihrDTGUCZCbNwXp80Szd\/preview\" width=\"640\" height=\"480\" allow=\"autoplay\"><\/iframe><\/p>\n<hr>\n<p><\/p>\n<h2>II Confer\u00eancia Internacional Parte 2 &#8211; Simp\u00f3sio IV (UNESP)<\/h2>\n<p>\t\t<iframe loading=\"lazy\" src=\"https:\/\/drive.google.com\/file\/d\/1wsdpEfA4DemYGH2ftDVwnjPJ2ux0mQf6\/preview\" width=\"640\" height=\"480\" allow=\"autoplay\"><\/iframe><\/p>\n<hr>\n<p><\/p>\n<h2>II Confer\u00eancia Internacional Parte 3 &#8211; Apresenta\u00e7\u00e3o Teatral<\/h2>\n<p>\t\t<iframe loading=\"lazy\" src=\"https:\/\/drive.google.com\/file\/d\/1sZ5zlwq0i87Jk1gdm4AkstV4qDRF0zmn\/preview\" width=\"640\" height=\"480\" allow=\"autoplay\"><\/iframe><\/p>\n<hr>\n<p><\/p>\n<h2>II Confer\u00eancia Internacional Parte 4 &#8211; Apresenta\u00e7\u00e3o Musical<\/h2>\n<p>\t\t<iframe loading=\"lazy\" src=\"https:\/\/drive.google.com\/file\/d\/17HbRFRbFQdjjUP_96fa_Mi_2ngpDmbGC\/preview\" width=\"640\" height=\"480\" allow=\"autoplay\"><\/iframe><\/p>\n<hr>\n<p><\/p>\n<h2>II Confer\u00eancia Internacional Parte 5 &#8211; Confer\u00eancia Pablo Del Rio<\/h2>\n<p>\t\t<iframe loading=\"lazy\" src=\"https:\/\/drive.google.com\/file\/d\/1FlOg-5AjKM7irMg24b22BTbe16om_Qbt\/preview\" width=\"640\" height=\"480\" allow=\"autoplay\"><\/iframe><\/p>\n<hr>\n<p><\/p>\n<h2>II Confer\u00eancia Internacional Parte 1 &#8211; Simp\u00f3sio V (UEM)<\/h2>\n<p>\t\t<iframe loading=\"lazy\" src=\"https:\/\/drive.google.com\/file\/d\/1xBzHDCldq5CMtq06qrFJtYtZB7yyCBnv\/preview\" width=\"640\" height=\"480\" allow=\"autoplay\"><\/iframe><\/p>\n<hr>\n<p><\/p>\n<h2>II Confer\u00eancia Internacional Parte 2 &#8211; Simp\u00f3sio VI (UNESP)<\/h2>\n<p>\t\t<iframe loading=\"lazy\" src=\"https:\/\/drive.google.com\/file\/d\/1IU2BLk63ahCtzwwfBjLetx7DYQXZUoR1\/preview\" width=\"640\" height=\"480\" allow=\"autoplay\"><\/iframe><\/p>\n<hr>\n<p><\/p>\n<h2>II Confer\u00eancia Internacional Parte 3 &#8211; Confer\u00eancia Guillermo Arias<\/h2>\n<p>\t\t<iframe loading=\"lazy\" src=\"https:\/\/drive.google.com\/file\/d\/1PCtDGaS2qoYyDN3mbdRPPYCItN2itvY6\/preview\" width=\"640\" height=\"480\" allow=\"autoplay\"><\/iframe><\/p>\n<p>\t<\/body><br \/>\n<\/html><\/p>\n","protected":false},"excerpt":{"rendered":"<p>Caso n\u00e3o seja poss\u00edvel reproduzir algum v\u00eddeo: clique no bot\u00e3o &#8220;Outra janela&#8221; presente no canto superior direito do Player de v\u00eddeo (Imagem abaixo). II Confer\u00eancia Internacional Parte 1 &#8211; Apresenta\u00e7\u00e3o Art\u00edstica II Confer\u00eancia Internacional Parte 2 &#8211; Confer\u00eancia de Abertura II Confer\u00eancia Internacional Parte 3 &#8211; Apresenta\u00e7\u00e3o do Coral II Confer\u00eancia Internacional Parte 4 &#8211; Simp\u00f3sio I II Confer\u00eancia Internacional Parte 5 &#8211; Simp\u00f3sio II II Confer\u00eancia Internacional Parte 1 &#8211; Simp\u00f3sio III (UEM) II Confer\u00eancia Internacional Parte 2 &#8211; Simp\u00f3sio IV (UNESP) II Confer\u00eancia Internacional Parte 3 &#8211; Apresenta\u00e7\u00e3o Teatral II Confer\u00eancia Internacional Parte 4 &#8211; Apresenta\u00e7\u00e3o Musical II Confer\u00eancia Internacional Parte 5 &#8211; Confer\u00eancia Pablo Del Rio II Confer\u00eancia Internacional Parte 1 &#8211; Simp\u00f3sio V (UEM) II Confer\u00eancia Internacional Parte 2 &#8211; Simp\u00f3sio VI (UNESP) II Confer\u00eancia Internacional Parte 3 &#8211; Confer\u00eancia Guillermo Arias<\/p>\n","protected":false},"author":22271,"featured_media":0,"parent":0,"menu_order":0,"comment_status":"closed","ping_status":"closed","template":"","meta":{"footnotes":"","_links_to":"","_links_to_target":""},"class_list":["post-3434","page","type-page","status-publish","hentry"],"_links":{"self":[{"href":"https:\/\/sites.usp.br\/gepespp-ledep\/wp-json\/wp\/v2\/pages\/3434","targetHints":{"allow":["GET"]}}],"collection":[{"href":"https:\/\/sites.usp.br\/gepespp-ledep\/wp-json\/wp\/v2\/pages"}],"about":[{"href":"https:\/\/sites.usp.br\/gepespp-ledep\/wp-json\/wp\/v2\/types\/page"}],"author":[{"embeddable":true,"href":"https:\/\/sites.usp.br\/gepespp-ledep\/wp-json\/wp\/v2\/users\/22271"}],"replies":[{"embeddable":true,"href":"https:\/\/sites.usp.br\/gepespp-ledep\/wp-json\/wp\/v2\/comments?post=3434"}],"version-history":[{"count":4,"href":"https:\/\/sites.usp.br\/gepespp-ledep\/wp-json\/wp\/v2\/pages\/3434\/revisions"}],"predecessor-version":[{"id":3442,"href":"https:\/\/sites.usp.br\/gepespp-ledep\/wp-json\/wp\/v2\/pages\/3434\/revisions\/3442"}],"wp:attachment":[{"href":"https:\/\/sites.usp.br\/gepespp-ledep\/wp-json\/wp\/v2\/media?parent=3434"}],"curies":[{"name":"wp","href":"https:\/\/api.w.org\/{rel}","templated":true}]}}