{"id":136,"date":"2025-06-30T12:29:47","date_gmt":"2025-06-30T14:29:47","guid":{"rendered":"http:\/\/sites.usp.br\/gephac\/?page_id=136"},"modified":"2026-03-12T19:35:12","modified_gmt":"2026-03-12T21:35:12","slug":"publicacoes","status":"publish","type":"page","link":"https:\/\/sites.usp.br\/gephac\/publicacoes\/","title":{"rendered":"Publica\u00e7\u00f5es"},"content":{"rendered":"<hr \/>\n<h2><a href=\"https:\/\/sites.usp.br\/gephac\/wp-content\/uploads\/sites\/337\/2025\/06\/Agricultura_e_diversidades-3.pdf\">Agricultura e Diversidades, trajet\u00f3rias, desafios regionais e pol\u00edticas p\u00fablicas no Brasil<\/a><\/h2>\n<p>Organizadores: Gesmar Rosa dos Santos e Rodrigo Peixoto da Silva<\/p>\n","protected":false},"excerpt":{"rendered":"<p>Agricultura e Diversidades, trajet\u00f3rias, desafios regionais e pol\u00edticas p\u00fablicas no Brasil Organizadores: Gesmar Rosa dos Santos e Rodrigo Peixoto da Silva<\/p>\n","protected":false},"author":657,"featured_media":0,"parent":0,"menu_order":0,"comment_status":"closed","ping_status":"closed","template":"","meta":{"footnotes":"","_links_to":"","_links_to_target":""},"class_list":["post-136","page","type-page","status-publish","hentry"],"_links":{"self":[{"href":"https:\/\/sites.usp.br\/gephac\/wp-json\/wp\/v2\/pages\/136","targetHints":{"allow":["GET"]}}],"collection":[{"href":"https:\/\/sites.usp.br\/gephac\/wp-json\/wp\/v2\/pages"}],"about":[{"href":"https:\/\/sites.usp.br\/gephac\/wp-json\/wp\/v2\/types\/page"}],"author":[{"embeddable":true,"href":"https:\/\/sites.usp.br\/gephac\/wp-json\/wp\/v2\/users\/657"}],"replies":[{"embeddable":true,"href":"https:\/\/sites.usp.br\/gephac\/wp-json\/wp\/v2\/comments?post=136"}],"version-history":[{"count":4,"href":"https:\/\/sites.usp.br\/gephac\/wp-json\/wp\/v2\/pages\/136\/revisions"}],"predecessor-version":[{"id":278,"href":"https:\/\/sites.usp.br\/gephac\/wp-json\/wp\/v2\/pages\/136\/revisions\/278"}],"wp:attachment":[{"href":"https:\/\/sites.usp.br\/gephac\/wp-json\/wp\/v2\/media?parent=136"}],"curies":[{"name":"wp","href":"https:\/\/api.w.org\/{rel}","templated":true}]}}