{"id":245,"date":"2026-01-26T11:09:57","date_gmt":"2026-01-26T13:09:57","guid":{"rendered":"https:\/\/sites.usp.br\/gephac\/?page_id=245"},"modified":"2026-03-12T19:44:08","modified_gmt":"2026-03-12T21:44:08","slug":"equipe","status":"publish","type":"page","link":"https:\/\/sites.usp.br\/gephac\/equipe\/","title":{"rendered":"Equipe"},"content":{"rendered":"<h3><a href=\"https:\/\/sites.usp.br\/gephac\/professores-responsaveis\/\">Professores Respons\u00e1veis<\/a><\/h3>\n<h3><a href=\"https:\/\/sites.usp.br\/gephac\/pesquisadores\/\">Pesquisadores<\/a><\/h3>\n<h3><a href=\"https:\/\/sites.usp.br\/gephac\/alunos-de-pos-graduacao\/\">Alunos de P\u00f3s-Gradua\u00e7\u00e3o<\/a><\/h3>\n<h3><a href=\"https:\/\/sites.usp.br\/gephac\/alunos-de-graduacao\/\">Alunos de Gradua\u00e7\u00e3o<\/a><\/h3>\n<h3><a href=\"https:\/\/sites.usp.br\/gephac\/egressos\/\">Egressos<\/a><\/h3>\n","protected":false},"excerpt":{"rendered":"<p>Professores Respons\u00e1veis Pesquisadores Alunos de P\u00f3s-Gradua\u00e7\u00e3o Alunos de Gradua\u00e7\u00e3o Egressos<\/p>\n","protected":false},"author":657,"featured_media":0,"parent":0,"menu_order":0,"comment_status":"closed","ping_status":"closed","template":"","meta":{"footnotes":"","_links_to":"","_links_to_target":""},"class_list":["post-245","page","type-page","status-publish","hentry"],"_links":{"self":[{"href":"https:\/\/sites.usp.br\/gephac\/wp-json\/wp\/v2\/pages\/245","targetHints":{"allow":["GET"]}}],"collection":[{"href":"https:\/\/sites.usp.br\/gephac\/wp-json\/wp\/v2\/pages"}],"about":[{"href":"https:\/\/sites.usp.br\/gephac\/wp-json\/wp\/v2\/types\/page"}],"author":[{"embeddable":true,"href":"https:\/\/sites.usp.br\/gephac\/wp-json\/wp\/v2\/users\/657"}],"replies":[{"embeddable":true,"href":"https:\/\/sites.usp.br\/gephac\/wp-json\/wp\/v2\/comments?post=245"}],"version-history":[{"count":3,"href":"https:\/\/sites.usp.br\/gephac\/wp-json\/wp\/v2\/pages\/245\/revisions"}],"predecessor-version":[{"id":282,"href":"https:\/\/sites.usp.br\/gephac\/wp-json\/wp\/v2\/pages\/245\/revisions\/282"}],"wp:attachment":[{"href":"https:\/\/sites.usp.br\/gephac\/wp-json\/wp\/v2\/media?parent=245"}],"curies":[{"name":"wp","href":"https:\/\/api.w.org\/{rel}","templated":true}]}}