{"id":62,"date":"2014-02-12T11:28:30","date_gmt":"2014-02-12T13:28:30","guid":{"rendered":"http:\/\/sites.usp.br\/gephac\/?page_id=62"},"modified":"2020-07-02T21:54:34","modified_gmt":"2020-07-02T23:54:34","slug":"pagina-1","status":"publish","type":"page","link":"https:\/\/sites.usp.br\/gephac\/pagina-1\/","title":{"rendered":"Sobre o Gephac"},"content":{"rendered":"<p>O Grupo de Extens\u00e3o e Pesquisa em Hist\u00f3ria e Evolu\u00e7\u00e3o da Agricultura e dos Complexos Agroindustriais (Gephac) foi fundado em 2005, durante a execu\u00e7\u00e3o do projeto \u201cCaracteriza\u00e7\u00e3o e divulga\u00e7\u00e3o das S\u00e9ries Hist\u00f3ricas de Dados em Hist\u00f3ria da Agricultura e dos Complexos Agroindustriais da Cana, Caf\u00e9 e Agroenergia no Brasil\u201d, financiado pelo CNPq (Conselho Nacional de Desenvolvimento Cient\u00edfico e Tecnol\u00f3gico), no \u00e2mbito do Edital Universal de 2005.<\/p>\n<p>Neste projeto, foram analisadas v\u00e1rias publica\u00e7\u00f5es estat\u00edsticas e refer\u00eancias bibliogr\u00e1ficas que permitiram descrever a trajet\u00f3ria produtiva de setores escolhidos no estado de S\u00e3o Paulo a partir das d\u00e9cadas de 1930 e 40, mostrando como evolu\u00edram a produ\u00e7\u00e3o, a produtividade e as exporta\u00e7\u00f5es.<\/p>\n<p>O grupo desenvolveu, at\u00e9 2012, outros projetos, como monografias e disserta\u00e7\u00f5es, com car\u00e1ter explorat\u00f3rio, hist\u00f3rico e descritivo com o objetivo de esclarecer alguns aspectos das cadeias agroindustriais brasileiras. A partir de 2012, os trabalhos passaram a ter car\u00e1ter mais anal\u00edtico, com o uso de um aparato te\u00f3rico da Economia, da Sociologia e da Administra\u00e7\u00e3o para a an\u00e1lise dos dados. Destacam-se como bases e refer\u00eancias te\u00f3ricas e metodol\u00f3gicas do grupo a economia institucional, economia e organiza\u00e7\u00e3o agroindustrial, economia schumpeteriana e neo-schumpeteriana, sociologia econ\u00f4mica e escola da estrat\u00e9gia.<\/p>\n<p>O Gephac se consolidou como grupo de pesquisa dedicado ao resgate de fontes de informa\u00e7\u00e3o, da sua difus\u00e3o e ao estudo de temas com importantes lacunas na literatura. Os pesquisadores tamb\u00e9m se dedicam ao entendimento da situa\u00e7\u00e3o atual dos setores em termos institucionais, tecnol\u00f3gicos e concorrenciais, avaliando, tamb\u00e9m, o impacto das pol\u00edticas p\u00fablicas nos setores estudados. O grupo tamb\u00e9m a compila e tabula dados recentes, criando bases de dados e informa\u00e7\u00f5es para pesquisas futuras.<\/p>\n<p>Em termos metodol\u00f3gicos, inicialmente, elegeu-se como recorte regional o estado de S\u00e3o Paulo, por conta da orienta\u00e7\u00e3o das pesquisas realizadas por seus membros e da disponibilidade de um amplo acervo de anu\u00e1rios estat\u00edsticos nas bibliotecas da Esalq\/USP. Recentemente, o recorte geogr\u00e1fico das pesquisas se expandiu para o Brasil, com o uso das bases de dados do IBGE, principalmente os censos agropecu\u00e1rios, a pesquisa agr\u00edcola municipal (PAM) e as estat\u00edsticas hist\u00f3ricas do Brasil.<\/p>\n<p>Estes dados s\u00e3o usados para a elabora\u00e7\u00e3o de textos que tratam da evolu\u00e7\u00e3o da agricultura brasileira nas \u00faltimas d\u00e9cadas, com foco no processo de mecaniza\u00e7\u00e3o da agricultura, din\u00e2mica de substitui\u00e7\u00e3o de culturas, produtividade, diversidade e heterogeneidade agr\u00edcola, moderniza\u00e7\u00e3o na agricultura, entre outros temas.<\/p>\n<p>As linhas de pesquisa do Gepahc s\u00e3o:<br \/>\n1.Economias agr\u00edcola, agr\u00e1ria e agroindustrial<br \/>\n2. Organiza\u00e7\u00e3o industrial, tecnologia e inova\u00e7\u00e3o<br \/>\n3. Economia institucional<br \/>\n4. Pol\u00edtica, finan\u00e7as e desenvolvimento econ\u00f4mico<br \/>\n5. Hist\u00f3ria econ\u00f4mica e de empresas<br \/>\n6. Sociologia econ\u00f4mica<\/p>\n","protected":false},"excerpt":{"rendered":"<p>O Grupo de Extens\u00e3o e Pesquisa em Hist\u00f3ria e Evolu\u00e7\u00e3o da Agricultura e dos Complexos Agroindustriais (Gephac) foi fundado em 2005, durante a execu\u00e7\u00e3o do projeto \u201cCaracteriza\u00e7\u00e3o e divulga\u00e7\u00e3o das S\u00e9ries Hist\u00f3ricas de Dados em Hist\u00f3ria da Agricultura e dos Complexos Agroindustriais da Cana, Caf\u00e9 e Agroenergia no Brasil\u201d, financiado pelo CNPq (Conselho Nacional de<a href=\"https:\/\/sites.usp.br\/gephac\/pagina-1\/\">[&#8230;]<\/a><\/p>\n","protected":false},"author":1,"featured_media":106,"parent":0,"menu_order":0,"comment_status":"closed","ping_status":"closed","template":"","meta":{"footnotes":"","_links_to":"","_links_to_target":""},"class_list":["post-62","page","type-page","status-publish","has-post-thumbnail","hentry"],"_links":{"self":[{"href":"https:\/\/sites.usp.br\/gephac\/wp-json\/wp\/v2\/pages\/62","targetHints":{"allow":["GET"]}}],"collection":[{"href":"https:\/\/sites.usp.br\/gephac\/wp-json\/wp\/v2\/pages"}],"about":[{"href":"https:\/\/sites.usp.br\/gephac\/wp-json\/wp\/v2\/types\/page"}],"author":[{"embeddable":true,"href":"https:\/\/sites.usp.br\/gephac\/wp-json\/wp\/v2\/users\/1"}],"replies":[{"embeddable":true,"href":"https:\/\/sites.usp.br\/gephac\/wp-json\/wp\/v2\/comments?post=62"}],"version-history":[{"count":3,"href":"https:\/\/sites.usp.br\/gephac\/wp-json\/wp\/v2\/pages\/62\/revisions"}],"predecessor-version":[{"id":128,"href":"https:\/\/sites.usp.br\/gephac\/wp-json\/wp\/v2\/pages\/62\/revisions\/128"}],"wp:featuredmedia":[{"embeddable":true,"href":"https:\/\/sites.usp.br\/gephac\/wp-json\/wp\/v2\/media\/106"}],"wp:attachment":[{"href":"https:\/\/sites.usp.br\/gephac\/wp-json\/wp\/v2\/media?parent=62"}],"curies":[{"name":"wp","href":"https:\/\/api.w.org\/{rel}","templated":true}]}}