{"id":79,"date":"2014-02-24T16:51:20","date_gmt":"2014-02-24T18:51:20","guid":{"rendered":"http:\/\/sites.usp.br\/gephac\/?page_id=79"},"modified":"2020-10-25T21:08:53","modified_gmt":"2020-10-25T23:08:53","slug":"pagina-inicial","status":"publish","type":"page","link":"https:\/\/sites.usp.br\/gephac\/","title":{"rendered":"Quem somos"},"content":{"rendered":"<p>O Grupo de Extens\u00e3o e Pesquisa em Hist\u00f3ria e Evolu\u00e7\u00e3o da Agricultura e dos Complexos Agroindustriais (GEPHAC) \u00e9 coordenado pelo professor <strong>Carlos Eduardo de Freitas Vian<\/strong>, do Departamento de Economia, Administra\u00e7\u00e3o e Sociologia da Esalq\/USP.<\/p>\n<p>O GEPHAC desenvolve pesquisas sobre a hist\u00f3ria e a evolu\u00e7\u00e3o da agricultura e dos complexos agroindustriais, entendendo o papel das din\u00e2micas tecnol\u00f3gica e organizacional, da competitividade sist\u00eamica, o impacto das pol\u00edticas p\u00fablicas e das demandas da sociedade civil organizada (certifica\u00e7\u00f5es, meio ambiente, responsabilidade social, qualidade do produto) nos Complexos Agroindustriais.<\/p>\n<p>Os pesquisadores procuram incorporar diversos pontos de vista, seja no universo do pensamento econ\u00f4mico ou de \u00e1reas correlatas. O desenvolvimento das atividades busca a excel\u00eancia no ensino (gradua\u00e7\u00e3o e p\u00f3s-gradua\u00e7\u00e3o) e a difus\u00e3o do conhecimento com amplo impacto acad\u00eamico e social.<\/p>\n\r\n\t<div class=\"slideshow_container slideshow_container_style-light\" style=\"height: 292px; \" data-slideshow-id=\"82\" data-style-name=\"style-light\" data-style-version=\"2.3.1\" >\r\n\r\n\t\t\t\t\t<div class=\"slideshow_loading_icon\"><\/div>\r\n\t\t\r\n\t\t<div class=\"slideshow_content\" style=\"display: none;\">\r\n\r\n\t\t\t<div class=\"slideshow_view\">\r\n\t\t\t\t<div class=\"slideshow_slide slideshow_slide_image\">\r\n\t\t\t\t\t\t\t\t\t\t\t<img src=\"https:\/\/sites.usp.br\/gephac\/wp-content\/uploads\/sites\/337\/2020\/07\/trator-esalq-2.jpg\" alt=\"trator esalq 2\" width=\"320\" height=\"214\" \/>\r\n\t\t\t\t\t\t\t\t\t\t<div class=\"slideshow_description_box slideshow_transparent\">\r\n\t\t\t\t\t\t<div class=\"slideshow_title\">trator esalq 2<\/div>\t\t\t\t\t\t\t\t\t\t\t<\/div>\r\n\t\t\t\t<\/div>\r\n\r\n\t\t\t\t\t\t<div style=\"clear: both;\"><\/div><\/div><div class=\"slideshow_view\">\r\n\t\t\t\t<div class=\"slideshow_slide slideshow_slide_image\">\r\n\t\t\t\t\t\t\t\t\t\t\t<img src=\"https:\/\/sites.usp.br\/gephac\/wp-content\/uploads\/sites\/337\/2020\/07\/trator-esalq-3.jpg\" alt=\"trator esalq 3\" width=\"630\" height=\"418\" \/>\r\n\t\t\t\t\t\t\t\t\t\t<div class=\"slideshow_description_box slideshow_transparent\">\r\n\t\t\t\t\t\t<div class=\"slideshow_title\">trator esalq 3<\/div>\t\t\t\t\t\t\t\t\t\t\t<\/div>\r\n\t\t\t\t<\/div>\r\n\r\n\t\t\t\t\t\t<div style=\"clear: both;\"><\/div><\/div><div class=\"slideshow_view\">\r\n\t\t\t\t<div class=\"slideshow_slide slideshow_slide_image\">\r\n\t\t\t\t\t\t\t\t\t\t\t<img src=\"https:\/\/sites.usp.br\/gephac\/wp-content\/uploads\/sites\/337\/2020\/07\/trator-esalq-4.jpg\" alt=\"trator esalq 4\" width=\"632\" height=\"422\" \/>\r\n\t\t\t\t\t\t\t\t\t\t<div class=\"slideshow_description_box slideshow_transparent\">\r\n\t\t\t\t\t\t<div class=\"slideshow_title\">trator esalq 4<\/div>\t\t\t\t\t\t\t\t\t\t\t<\/div>\r\n\t\t\t\t<\/div>\r\n\r\n\t\t\t\t\t\t<div style=\"clear: both;\"><\/div><\/div><div class=\"slideshow_view\">\r\n\t\t\t\t<div class=\"slideshow_slide slideshow_slide_image\">\r\n\t\t\t\t\t\t\t\t\t\t\t<img src=\"https:\/\/sites.usp.br\/gephac\/wp-content\/uploads\/sites\/337\/2020\/07\/trator-esalq-6.jpg\" alt=\"trator esalq 6\" width=\"624\" height=\"424\" \/>\r\n\t\t\t\t\t\t\t\t\t\t<div class=\"slideshow_description_box slideshow_transparent\">\r\n\t\t\t\t\t\t<div class=\"slideshow_title\">trator esalq 6<\/div>\t\t\t\t\t\t\t\t\t\t\t<\/div>\r\n\t\t\t\t<\/div>\r\n\r\n\t\t\t\t\t\t<div style=\"clear: both;\"><\/div><\/div><div class=\"slideshow_view\">\r\n\t\t\t\t<div class=\"slideshow_slide slideshow_slide_image\">\r\n\t\t\t\t\t\t\t\t\t\t\t<img src=\"https:\/\/sites.usp.br\/gephac\/wp-content\/uploads\/sites\/337\/2020\/07\/trator-esalq.jpg\" alt=\"trator esalq\" width=\"320\" height=\"214\" \/>\r\n\t\t\t\t\t\t\t\t\t\t<div class=\"slideshow_description_box slideshow_transparent\">\r\n\t\t\t\t\t\t<div class=\"slideshow_title\">trator esalq<\/div>\t\t\t\t\t\t\t\t\t\t\t<\/div>\r\n\t\t\t\t<\/div>\r\n\r\n\t\t\t\t\t\t<div style=\"clear: both;\"><\/div><\/div><div class=\"slideshow_view\">\r\n\t\t\t\t<div class=\"slideshow_slide slideshow_slide_image\">\r\n\t\t\t\t\t\t\t\t\t\t\t<img src=\"https:\/\/sites.usp.br\/gephac\/wp-content\/uploads\/sites\/337\/2014\/02\/img_atualidades_esalq_interna3_0.jpg\" alt=\"img_atualidades_esalq_interna3_0\" width=\"950\" height=\"640\" \/>\r\n\t\t\t\t\t\t\t\t\t\t<div class=\"slideshow_description_box slideshow_transparent\">\r\n\t\t\t\t\t\t<div class=\"slideshow_title\">img_atualidades_esalq_interna3_0<\/div>\t\t\t\t\t\t\t\t\t\t\t<\/div>\r\n\t\t\t\t<\/div>\r\n\r\n\t\t\t\t\t\t<div style=\"clear: both;\"><\/div><\/div><div class=\"slideshow_view\">\r\n\t\t\t\t<div class=\"slideshow_slide slideshow_slide_image\">\r\n\t\t\t\t\t\t\t\t\t\t\t<img src=\"https:\/\/sites.usp.br\/gephac\/wp-content\/uploads\/sites\/337\/2014\/09\/usp-fotos-historicas-3.jpg\" alt=\"usp-fotos-historicas-3\" width=\"940\" height=\"292\" \/>\r\n\t\t\t\t\t\t\t\t\t\t<div class=\"slideshow_description_box slideshow_transparent\">\r\n\t\t\t\t\t\t<div class=\"slideshow_title\">usp-fotos-historicas-3<\/div>\t\t\t\t\t\t\t\t\t\t\t<\/div>\r\n\t\t\t\t<\/div>\r\n\r\n\t\t\t\t\t\t<div style=\"clear: both;\"><\/div><\/div><div class=\"slideshow_view\">\r\n\t\t\t\t<div class=\"slideshow_slide slideshow_slide_image\">\r\n\t\t\t\t\t\t\t\t\t\t\t<img src=\"https:\/\/sites.usp.br\/gephac\/wp-content\/uploads\/sites\/337\/2014\/09\/usp-fotos-historicas-2.jpg\" alt=\"usp-fotos-historicas-2\" width=\"940\" height=\"292\" \/>\r\n\t\t\t\t\t\t\t\t\t\t<div class=\"slideshow_description_box slideshow_transparent\">\r\n\t\t\t\t\t\t<div class=\"slideshow_title\">usp-fotos-historicas-2<\/div>\t\t\t\t\t\t\t\t\t\t\t<\/div>\r\n\t\t\t\t<\/div>\r\n\r\n\t\t\t\t\t\t<div style=\"clear: both;\"><\/div><\/div><div class=\"slideshow_view\">\r\n\t\t\t\t<div class=\"slideshow_slide slideshow_slide_image\">\r\n\t\t\t\t\t\t\t\t\t\t\t<img src=\"https:\/\/sites.usp.br\/gephac\/wp-content\/uploads\/sites\/337\/2014\/09\/usp-fotos-historicas.jpg\" alt=\"usp-fotos-historicas\" width=\"940\" height=\"292\" \/>\r\n\t\t\t\t\t\t\t\t\t\t<div class=\"slideshow_description_box slideshow_transparent\">\r\n\t\t\t\t\t\t<div class=\"slideshow_title\">usp-fotos-historicas<\/div>\t\t\t\t\t\t\t\t\t\t\t<\/div>\r\n\t\t\t\t<\/div>\r\n\r\n\t\t\t\t\t\t<div style=\"clear: both;\"><\/div><\/div>\r\n\t\t<\/div>\r\n\r\n\t\t<div class=\"slideshow_controlPanel slideshow_transparent\" style=\"display: none;\"><ul><li class=\"slideshow_togglePlay\" data-play-text=\"Acionar\" data-pause-text=\"Pausar\"><\/li><\/ul><\/div>\r\n\r\n\t\t<div class=\"slideshow_button slideshow_previous slideshow_transparent\" role=\"button\" data-previous-text=\"Anterior\" style=\"display: none;\"><\/div>\r\n\t\t<div class=\"slideshow_button slideshow_next slideshow_transparent\" role=\"button\" data-next-text=\"Pr\u00f3ximo\" style=\"display: none;\"><\/div>\r\n\r\n\t\t<div class=\"slideshow_pagination\" style=\"display: none;\" data-go-to-text=\"Ir para o slide\"><div class=\"slideshow_pagination_center\"><\/div><\/div>\r\n\r\n\t\t<!-- WordPress Slideshow Version 2.3.1 -->\r\n\r\n\t\t\t<\/div>\r\n\r\n\n<p>&nbsp;<\/p>\n<p style=\"text-align: center;\"><strong>Miss\u00e3o do GEPHAC<\/strong><\/p>\n<p style=\"text-align: center;\">Realizar projetos de pesquisa que contribuam para o avan\u00e7o do conhecimento sobre a evolu\u00e7\u00e3o hist\u00f3rica dos complexos agroindustriais, pensando e enfrentando os seus desafios futuros, com o uso de pontos de vista multidisciplinares e empregando metodologias diversas adequadas a cada estudo.<\/p>\n<p style=\"text-align: center;\"><strong>Vis\u00e3o do GEPHAC<\/strong><\/p>\n<p style=\"text-align: center;\">A vis\u00e3o futura do grupo \u00e9 ser refer\u00eancia internacional na elabora\u00e7\u00e3o de projetos de pesquisa e na forma\u00e7\u00e3o de pesquisadores, contribuindo para a an\u00e1lise e elabora\u00e7\u00e3o de pol\u00edticas p\u00fablicas e para a constru\u00e7\u00e3o de estrat\u00e9gias empresariais consistentes.<\/p>\n<p style=\"text-align: center;\"><strong>Valores do GEPHAC<\/strong><\/p>\n<p style=\"text-align: center;\">Temos como principal valor a dedica\u00e7\u00e3o ao trabalho de pesquisa, mas pautado pela criatividade na execu\u00e7\u00e3o dos projetos e pela \u00e9tica no levantamento e tratamento de resultados. Por sua vez, transpar\u00eancia, responsabilidade social, respeito \u00e0 diversidade cient\u00edfica e de opini\u00f5es tamb\u00e9m s\u00e3o valores que orientam os trabalhos do grupo.<\/p>\n","protected":false},"excerpt":{"rendered":"<p>O Grupo de Extens\u00e3o e Pesquisa em Hist\u00f3ria e Evolu\u00e7\u00e3o da Agricultura e dos Complexos Agroindustriais (GEPHAC) \u00e9 coordenado pelo professor Carlos Eduardo de Freitas Vian, do Departamento de Economia, Administra\u00e7\u00e3o e Sociologia da Esalq\/USP. O GEPHAC desenvolve pesquisas sobre a hist\u00f3ria e a evolu\u00e7\u00e3o da agricultura e dos complexos agroindustriais, entendendo o papel das<a href=\"https:\/\/sites.usp.br\/gephac\/\">[&#8230;]<\/a><\/p>\n","protected":false},"author":1,"featured_media":0,"parent":0,"menu_order":0,"comment_status":"closed","ping_status":"closed","template":"","meta":{"footnotes":"","_links_to":"","_links_to_target":""},"class_list":["post-79","page","type-page","status-publish","hentry"],"_links":{"self":[{"href":"https:\/\/sites.usp.br\/gephac\/wp-json\/wp\/v2\/pages\/79","targetHints":{"allow":["GET"]}}],"collection":[{"href":"https:\/\/sites.usp.br\/gephac\/wp-json\/wp\/v2\/pages"}],"about":[{"href":"https:\/\/sites.usp.br\/gephac\/wp-json\/wp\/v2\/types\/page"}],"author":[{"embeddable":true,"href":"https:\/\/sites.usp.br\/gephac\/wp-json\/wp\/v2\/users\/1"}],"replies":[{"embeddable":true,"href":"https:\/\/sites.usp.br\/gephac\/wp-json\/wp\/v2\/comments?post=79"}],"version-history":[{"count":5,"href":"https:\/\/sites.usp.br\/gephac\/wp-json\/wp\/v2\/pages\/79\/revisions"}],"predecessor-version":[{"id":209,"href":"https:\/\/sites.usp.br\/gephac\/wp-json\/wp\/v2\/pages\/79\/revisions\/209"}],"wp:attachment":[{"href":"https:\/\/sites.usp.br\/gephac\/wp-json\/wp\/v2\/media?parent=79"}],"curies":[{"name":"wp","href":"https:\/\/api.w.org\/{rel}","templated":true}]}}