{"id":111,"date":"2017-03-27T00:01:13","date_gmt":"2017-03-27T02:01:13","guid":{"rendered":"http:\/\/sites.usp.br\/gepim\/?page_id=111"},"modified":"2022-03-18T18:06:07","modified_gmt":"2022-03-18T20:06:07","slug":"quem-somos","status":"publish","type":"page","link":"https:\/\/sites.usp.br\/gepim\/quem-somos\/","title":{"rendered":"Quem somos?"},"content":{"rendered":"<p>O Centro de Estudos sobre a Prote\u00e7\u00e3o Internacional de Minorias (CEPIM\/USP) est\u00e1 vinculado a Faculdade de Direito da Universidade de S\u00e3o Paulo (USP), sob a Coordena\u00e7\u00e3o Acad\u00eamica do Professor Titular de Direito Internacional da USP, o Doutor Paulo Borba Casella.<\/p>\n","protected":false},"excerpt":{"rendered":"<p>O Centro de Estudos sobre a Prote\u00e7\u00e3o Internacional de Minorias (CEPIM\/USP) est\u00e1 vinculado a Faculdade de Direito da Universidade de S\u00e3o Paulo (USP), sob a Coordena\u00e7\u00e3o Acad\u00eamica do Professor Titular de Direito Internacional da USP, o Doutor Paulo Borba Casella.<\/p>\n","protected":false},"author":309,"featured_media":0,"parent":0,"menu_order":0,"comment_status":"closed","ping_status":"closed","template":"","meta":{"footnotes":"","_links_to":"","_links_to_target":""},"class_list":["post-111","page","type-page","status-publish","hentry","post"],"_links":{"self":[{"href":"https:\/\/sites.usp.br\/gepim\/wp-json\/wp\/v2\/pages\/111","targetHints":{"allow":["GET"]}}],"collection":[{"href":"https:\/\/sites.usp.br\/gepim\/wp-json\/wp\/v2\/pages"}],"about":[{"href":"https:\/\/sites.usp.br\/gepim\/wp-json\/wp\/v2\/types\/page"}],"author":[{"embeddable":true,"href":"https:\/\/sites.usp.br\/gepim\/wp-json\/wp\/v2\/users\/309"}],"replies":[{"embeddable":true,"href":"https:\/\/sites.usp.br\/gepim\/wp-json\/wp\/v2\/comments?post=111"}],"version-history":[{"count":6,"href":"https:\/\/sites.usp.br\/gepim\/wp-json\/wp\/v2\/pages\/111\/revisions"}],"predecessor-version":[{"id":546,"href":"https:\/\/sites.usp.br\/gepim\/wp-json\/wp\/v2\/pages\/111\/revisions\/546"}],"wp:attachment":[{"href":"https:\/\/sites.usp.br\/gepim\/wp-json\/wp\/v2\/media?parent=111"}],"curies":[{"name":"wp","href":"https:\/\/api.w.org\/{rel}","templated":true}]}}