{"id":237,"date":"2018-08-09T17:48:14","date_gmt":"2018-08-09T19:48:14","guid":{"rendered":"http:\/\/sites.usp.br\/gepim\/?page_id=237"},"modified":"2022-03-17T18:53:32","modified_gmt":"2022-03-17T20:53:32","slug":"pesquisadores","status":"publish","type":"page","link":"https:\/\/sites.usp.br\/gepim\/pesquisadores\/","title":{"rendered":"Pesquisadores"},"content":{"rendered":"<p><\/strong>Coordenador-Geral do GEPIM\/USP<strong>\n<\/ul>\n<p>Paulo Borba Casella<br \/>\n<a href=\"http:\/\/buscatextual.cnpq.br\/buscatextual\/visualizacv.do?id=K4768137D4&#038;tokenCaptchar=03AGdBq25Ov5Brw5DgaEU8IX3R5_GHG4QfCICUMGXHeWbW-2HU7yLRIvtPi60nzP_Y-q30cgQfi90vbp44S_p3gCdGW6lxawcgd15K9tY6Z9RlXAV0Zf7oRN0vMzROcFzwYH6AfYRgr6tSglD2LbXEW9F9fJs1xYDspBzYPYJK-5aiNWoLl3Gmo5HAgCDbdMh5yrnjZutJDfDyUBueLOdPDeK7qy5vtJNqK_B8aihBX7x9HDM3aGQ6lgBI2NcRhvdIgSK6C4zGj1au1fCY8glE3IG4sBAmx0pPfZqJwKWkmA9OPJZUIYMVw6aI2RixF_Ilyw1NAzduxZleKvrxS1qgri7H173tqHAFNhcDPPa58WmShmVPii5xrtDexTOEqX8hvrgnjoh84Vrm4VaPaiLCSR1H_KNrZrVGR9x7JLuUkyT6hMYVTguTluGGSKLdkYxukywmQlFKo7WgtUJkWGLs5tsJyz0yaMWBxg\" rel=\"noopener\" target=\"_blank\">Lattes<\/a><\/p>\n<p><\/strong>Pesquisadores<strong><\/p>\n<p>Bruna Fonseca Dias Lima Gatti\t<\/p>\n<p>Carlos Eduardo de Castro e Silva Carreira\t<\/p>\n<p>C\u00e1ssio Eduardo Zen<\/p>\n<p>C\u00e1ssio Vinicius Coutinho Silva\t<\/p>\n<p>Cle\u00f3patra Regina Teixeira Xavier Costa\t<\/p>\n<p>Delma Domingues Oliveira\t<\/p>\n<p>\u00c9rika Leahy\t<\/p>\n<p>Felipe Nicolau Pimentel Alamino<\/p>\n<p>Gabriela Werner Oliveira<\/p>\n<p>Izabela Zonato Villas Boas<\/p>\n<p>Larissa Campos dos Santos Pacheco\t<\/p>\n<p>Larissa Kr\u00f6ner Bresciani Teixeira<\/p>\n<p>Marco Aurelio Moura dos Santos\t<\/p>\n<p>Maria Ol\u00edvia Ferreira Silveira<\/p>\n<p>Rodrigo Weber de Jesus\t<\/p>\n<p>Sidarta Borges Martins\t<\/p>\n<p>Valdir Godoi Buqui Netto\t<\/p>\n","protected":false},"excerpt":{"rendered":"<p>Coordenador-Geral do GEPIM\/USP Paulo Borba Casella Lattes Pesquisadores Bruna Fonseca Dias Lima Gatti Carlos Eduardo de Castro e Silva Carreira C\u00e1ssio Eduardo Zen C\u00e1ssio Vinicius Coutinho Silva Cle\u00f3patra Regina Teixeira Xavier Costa Delma Domingues Oliveira \u00c9rika Leahy Felipe Nicolau Pimentel Alamino Gabriela Werner Oliveira Izabela Zonato Villas Boas Larissa Campos dos Santos Pacheco Larissa Kr\u00f6ner Bresciani Teixeira Marco Aurelio Moura&hellip;<\/p>\n","protected":false},"author":732,"featured_media":0,"parent":0,"menu_order":0,"comment_status":"closed","ping_status":"closed","template":"","meta":{"footnotes":"","_links_to":"","_links_to_target":""},"class_list":["post-237","page","type-page","status-publish","hentry","post"],"_links":{"self":[{"href":"https:\/\/sites.usp.br\/gepim\/wp-json\/wp\/v2\/pages\/237","targetHints":{"allow":["GET"]}}],"collection":[{"href":"https:\/\/sites.usp.br\/gepim\/wp-json\/wp\/v2\/pages"}],"about":[{"href":"https:\/\/sites.usp.br\/gepim\/wp-json\/wp\/v2\/types\/page"}],"author":[{"embeddable":true,"href":"https:\/\/sites.usp.br\/gepim\/wp-json\/wp\/v2\/users\/732"}],"replies":[{"embeddable":true,"href":"https:\/\/sites.usp.br\/gepim\/wp-json\/wp\/v2\/comments?post=237"}],"version-history":[{"count":4,"href":"https:\/\/sites.usp.br\/gepim\/wp-json\/wp\/v2\/pages\/237\/revisions"}],"predecessor-version":[{"id":530,"href":"https:\/\/sites.usp.br\/gepim\/wp-json\/wp\/v2\/pages\/237\/revisions\/530"}],"wp:attachment":[{"href":"https:\/\/sites.usp.br\/gepim\/wp-json\/wp\/v2\/media?parent=237"}],"curies":[{"name":"wp","href":"https:\/\/api.w.org\/{rel}","templated":true}]}}