{"id":26,"date":"2013-11-21T19:00:33","date_gmt":"2013-11-21T19:00:33","guid":{"rendered":"http:\/\/sites.usp.br\/gepim\/?page_id=26"},"modified":"2022-03-17T18:32:59","modified_gmt":"2022-03-17T20:32:59","slug":"contato","status":"publish","type":"page","link":"https:\/\/sites.usp.br\/gepim\/contato\/","title":{"rendered":"Contato"},"content":{"rendered":"<p>Faculdade de Direito da Universidade de S\u00e3o Paulo<br \/>\nLargo S\u00e3o Francisco, 95 &#8211; Centro<br \/>\nS\u00e3o Paulo &#8211; SP<br \/>\nCEP 01005-010<br \/>\nTelefone para contato: (11) 3111-4000<\/p>\n<p>E-mail CEPIM: gepim.usp@gmail.com<br \/>\nInstagram: @gepimcepimusp<br \/>\nFacebook: https:\/\/pt-br.facebook.com\/gepim.usp\/<\/p>\n","protected":false},"excerpt":{"rendered":"<p>Faculdade de Direito da Universidade de S\u00e3o Paulo Largo S\u00e3o Francisco, 95 &#8211; Centro S\u00e3o Paulo &#8211; SP CEP 01005-010 Telefone para contato: (11) 3111-4000 E-mail CEPIM: gepim.usp@gmail.com Instagram: @gepimcepimusp Facebook: https:\/\/pt-br.facebook.com\/gepim.usp\/<\/p>\n","protected":false},"author":1,"featured_media":0,"parent":0,"menu_order":0,"comment_status":"closed","ping_status":"closed","template":"","meta":{"footnotes":"","_links_to":"","_links_to_target":""},"class_list":["post-26","page","type-page","status-publish","hentry","post"],"_links":{"self":[{"href":"https:\/\/sites.usp.br\/gepim\/wp-json\/wp\/v2\/pages\/26","targetHints":{"allow":["GET"]}}],"collection":[{"href":"https:\/\/sites.usp.br\/gepim\/wp-json\/wp\/v2\/pages"}],"about":[{"href":"https:\/\/sites.usp.br\/gepim\/wp-json\/wp\/v2\/types\/page"}],"author":[{"embeddable":true,"href":"https:\/\/sites.usp.br\/gepim\/wp-json\/wp\/v2\/users\/1"}],"replies":[{"embeddable":true,"href":"https:\/\/sites.usp.br\/gepim\/wp-json\/wp\/v2\/comments?post=26"}],"version-history":[{"count":5,"href":"https:\/\/sites.usp.br\/gepim\/wp-json\/wp\/v2\/pages\/26\/revisions"}],"predecessor-version":[{"id":529,"href":"https:\/\/sites.usp.br\/gepim\/wp-json\/wp\/v2\/pages\/26\/revisions\/529"}],"wp:attachment":[{"href":"https:\/\/sites.usp.br\/gepim\/wp-json\/wp\/v2\/media?parent=26"}],"curies":[{"name":"wp","href":"https:\/\/api.w.org\/{rel}","templated":true}]}}