{"id":214,"date":"2019-08-23T14:32:07","date_gmt":"2019-08-23T16:32:07","guid":{"rendered":"https:\/\/sites.usp.br\/geps\/?page_id=214"},"modified":"2024-02-19T12:10:11","modified_gmt":"2024-02-19T14:10:11","slug":"pesquisas","status":"publish","type":"page","link":"https:\/\/sites.usp.br\/geps\/pesquisas\/","title":{"rendered":"Pesquisas"},"content":{"rendered":"<p><span style=\"text-decoration: underline;\"><strong>Linhas de Pesquisa<\/strong><\/span><\/p>\n<ul>\n<li>Impactos da crise econ\u00f4mica no sistema de sa\u00fade brasileiro<\/li>\n<li>Judicializa\u00e7\u00e3o da sa\u00fade no Brasil: SUS e planos de sa\u00fade<\/li>\n<\/ul>\n<p>&nbsp;<\/p>\n<p><span style=\"text-decoration: underline;\"><strong>Projetos<\/strong><\/span><\/p>\n<div class=\"layout-cell layout-cell-9\">\n<div class=\"su-note\"  style=\"border-color:#d3dedf;border-radius:3px;-moz-border-radius:3px;-webkit-border-radius:3px;\"><div class=\"su-note-inner su-u-clearfix su-u-trim\" style=\"background-color:#edf8f9;border-color:#ffffff;color:#333333;border-radius:3px;-moz-border-radius:3px;-webkit-border-radius:3px;\"><strong>Sa\u00fade Digital no Brasil: legisla\u00e7\u00e3o, mercado e informa\u00e7\u00e3o em sa\u00fade<\/strong><em><strong><br \/>\n<\/strong><\/em><\/p>\n<div class=\"su-expand su-expand-collapsed su-expand-link-style-default\" data-height=\"195\"><div class=\"su-expand-content su-u-trim\" style=\"color:#333333;max-height:195px;overflow:hidden\"><strong>Institui\u00e7\u00f5es:<\/strong> Faculdade de Medicina (USP)<br \/>\n<strong>Financiamento:<\/strong> Minist\u00e9rio da Sa\u00fade (MS)<br \/>\n<strong>Resumo:<\/strong> Pol\u00edticas de digitaliza\u00e7\u00e3o da sa\u00fade existem no SUS desde 2007; a sua centralidade nas estrat\u00e9gias de sa\u00fade a n\u00edvel sist\u00eamico, contudo, surgiu apenas ap\u00f3s a pandemia de COVID-19. No contexto emergencial, foram editadas normas excepcionais que introduziram no ordenamento figuras que, at\u00e9 ent\u00e3o, eram expressamente vedadas, como as teleconsultas. A nova regula\u00e7\u00e3o foi acompanhada por um movimento mais amplo de estrutura\u00e7\u00e3o de pol\u00edticas para a digitaliza\u00e7\u00e3o do sistema de sa\u00fade. Este projeto se insere neste contexto, com o objetivo de, por meio de tr\u00eas estudos sobre a produ\u00e7\u00e3o de dados in\u00e9ditos sobre a regulamenta\u00e7\u00e3o, o mercado da sa\u00fade digital e a produ\u00e7\u00e3o de dados pelo setor privado de sa\u00fade no Brasil, contribuir com a implementa\u00e7\u00e3o deste amplo projeto de digitaliza\u00e7\u00e3o.<br \/>\nO projeto prev\u00ea tr\u00eas produtos: (i) revis\u00e3o normativa e de literatura para organiza\u00e7\u00e3o da regulamenta\u00e7\u00e3o, atual e pret\u00e9rita, da sa\u00fade digital no Brasil; (ii) panorama descritivo do mercado da sa\u00fade digital no Brasil, utilizando do m\u00e9todo da an\u00e1lise documental, a partir de dados secund\u00e1rios produzidos pela Receita Federal, Comiss\u00e3o de Valores Mobili\u00e1rios e juntas comerciais estaduais, e; (iii) inventariamento dos bancos de dados relacionados ao setor privado de sa\u00fade no Brasil.<\/div><div class=\"su-expand-link su-expand-link-more\" style=\"text-align:right\"><a href=\"javascript:;\" style=\"color:#0088FF;border-color:#0088FF\"><span style=\"border-color:#0088FF\">Ver mais...<\/span><\/a><\/div><div class=\"su-expand-link su-expand-link-less\" style=\"text-align:right\"><a href=\"javascript:;\" style=\"color:#0088FF;border-color:#0088FF\"><span style=\"border-color:#0088FF\">Ver menos.<\/span><\/a><\/div><\/div><\/div><\/div>\n<div class=\"su-note\"  style=\"border-color:#d3dedf;border-radius:3px;-moz-border-radius:3px;-webkit-border-radius:3px;\"><div class=\"su-note-inner su-u-clearfix su-u-trim\" style=\"background-color:#edf8f9;border-color:#ffffff;color:#333333;border-radius:3px;-moz-border-radius:3px;-webkit-border-radius:3px;\"><em><strong><span class=\"fontstyle0\">Judicializa\u00e7\u00e3o da Incorpora\u00e7\u00e3o de Tecnologias no Sistema \u00danico de Sa\u00fade (SUS) e na Sa\u00fade Suplementar<\/span><br \/>\n<\/strong><\/em><\/p>\n<div class=\"su-expand su-expand-collapsed su-expand-link-style-default\" data-height=\"195\"><div class=\"su-expand-content su-u-trim\" style=\"color:#333333;max-height:195px;overflow:hidden\"><strong>Institui\u00e7\u00f5es:<\/strong> Faculdade de Medicina (USP)<br \/>\n<strong>Financiamento:\u00a0<\/strong> Minist\u00e9rio da Sa\u00fade (MS)<br \/>\n<strong>Resumo:<\/strong> O projeto prop\u00f5e o estudo sobre a\u00e7\u00f5es judiciais que demandam tecnologias em sa\u00fade, movidas contra o Sistema \u00danico de Sa\u00fade (SUS) e contra os planos de sa\u00fade na Cidade de S\u00e3o Paulo, atrav\u00e9s da descri\u00e7\u00e3o e an\u00e1lise das decis\u00f5es judiciais proferidas entre 2015 e 2020 pela segunda inst\u00e2ncia do Tribunal de Justi\u00e7a do Estado de S\u00e3o Paulo em a\u00e7\u00f5es judiciais que demandaram tratamentos para sa\u00fade. O projeto visa abordar a judicializa\u00e7\u00e3o na sa\u00fade suplementar por meio da an\u00e1lise de a\u00e7\u00f5es judiciais contidas na base p\u00fablica on line do Tribunal de Justi\u00e7a do Estado de S\u00e3o Paulo. Al\u00e9m do mapeamento e sistematiza\u00e7\u00e3o das demandas levadas \u00e0 Justi\u00e7a, pretende-se abordar tamb\u00e9m a<br \/>\nprodu\u00e7\u00e3o legislativa e a regulamenta\u00e7\u00e3o da Ag\u00eancia Nacional de Sa\u00fade Suplementar (ANS) e do Minist\u00e9rio da Sa\u00fade (MS) relacionadas \u00e0 incorpora\u00e7\u00e3o de tecnologias pelo setor de sa\u00fade suplementar, bem como analisar similaridades e diferen\u00e7as na judicializa\u00e7\u00e3o de tratamento para sa\u00fade demandados contra os setores p\u00fablico e privado da sa\u00fade. O estudo contribui para discuss\u00e3o e estudos futuros sobre a rela\u00e7\u00e3o da judicializa\u00e7\u00e3o da sa\u00fade com a qualidade da rede assistencial, a incorpora\u00e7\u00e3o de tecnologias, as pol\u00edticas p\u00fablicas, a regulamenta\u00e7\u00e3o e a fiscaliza\u00e7\u00e3o das atividades de assist\u00eancia \u00e0 sa\u00fade no Brasil.<\/div><div class=\"su-expand-link su-expand-link-more\" style=\"text-align:right\"><a href=\"javascript:;\" style=\"color:#0088FF;border-color:#0088FF\"><span style=\"border-color:#0088FF\">Ver mais...<\/span><\/a><\/div><div class=\"su-expand-link su-expand-link-less\" style=\"text-align:right\"><a href=\"javascript:;\" style=\"color:#0088FF;border-color:#0088FF\"><span style=\"border-color:#0088FF\">Ver menos.<\/span><\/a><\/div><\/div><\/div><\/div>\n<\/div>\n<div class=\"su-note\"  style=\"border-color:#d3dedf;border-radius:3px;-moz-border-radius:3px;-webkit-border-radius:3px;\"><div class=\"su-note-inner su-u-clearfix su-u-trim\" style=\"background-color:#edf8f9;border-color:#ffffff;color:#333333;border-radius:3px;-moz-border-radius:3px;-webkit-border-radius:3px;\"><strong><em>Judicializa\u00e7\u00e3o da Assist\u00eancia M\u00e9dica na Sa\u00fade Suplementar<\/em><\/strong><\/p>\n<div class=\"su-expand su-expand-collapsed su-expand-link-style-default\" data-height=\"195\"><div class=\"su-expand-content su-u-trim\" style=\"color:#333333;max-height:195px;overflow:hidden\"><strong>Institui\u00e7\u00e3o:<\/strong> Faculdade de Medicina (FM-USP)<br \/>\n<strong>Financiamento:<\/strong> Minist\u00e9rio da Sa\u00fade (MS)<br \/>\n<strong>Resumo:<\/strong> Estudo sobre a\u00e7\u00f5es judiciais de clientes contra planos de sa\u00fade no Estado de S\u00e3o Paulo. O mercado de planos de sa\u00fade no Brasil cobre mais de um quarto da popula\u00e7\u00e3o brasileira, contando com a atua\u00e7\u00e3o de aproximadamente 800 empresas que movimentaram, em 2018, receita de R$ 192 bilh\u00f5es, representando cerca de 40% do total das despesas com sa\u00fade no Pa\u00eds. O projeto visa abordar a judicializa\u00e7\u00e3o na sa\u00fade suplementar por meio da an\u00e1lise de a\u00e7\u00f5es judiciais contidas na base p\u00fablica <em>online<\/em> do Tribunal de Justi\u00e7a do Estado de S\u00e3o Paulo (TJSP). Al\u00e9m do mapeamento e sistematiza\u00e7\u00e3o das demandas levadas \u00e0 Justi\u00e7a, pretende-se abordar tamb\u00e9m a produ\u00e7\u00e3o legislativa, a regulamenta\u00e7\u00e3o da Ag\u00eancia Nacional de Sa\u00fade Suplementar (ANS), a incorpora\u00e7\u00e3o de tecnologias pelo setor de sa\u00fade suplementar e rela\u00e7\u00e3o das pr\u00e1ticas deste mercado com o funcionamento e a organiza\u00e7\u00e3o Sistema \u00danico de Sa\u00fade. Espera-se, com os resultados do projeto subsidiar a formula\u00e7\u00e3o de pol\u00edticas de regula\u00e7\u00e3o e gest\u00e3o do sistema de sa\u00fade no Brasil.<br \/>\n<strong>Arquivos:<br \/>\n<\/strong><a href=\"https:\/\/sites.usp.br\/geps\/download\/509\/\">Relat\u00f3rio T\u00e9cnico (set\/2022)<\/a><\/div><div class=\"su-expand-link su-expand-link-more\" style=\"text-align:right\"><a href=\"javascript:;\" style=\"color:#0088FF;border-color:#0088FF\"><span style=\"border-color:#0088FF\">Ver mais...<\/span><\/a><\/div><div class=\"su-expand-link su-expand-link-less\" style=\"text-align:right\"><a href=\"javascript:;\" style=\"color:#0088FF;border-color:#0088FF\"><span style=\"border-color:#0088FF\">Ver menos.<\/span><\/a><\/div><\/div><\/div><\/div>\n<div class=\"su-note\"  style=\"border-color:#d3dedf;border-radius:3px;-moz-border-radius:3px;-webkit-border-radius:3px;\"><div class=\"su-note-inner su-u-clearfix su-u-trim\" style=\"background-color:#edf8f9;border-color:#ffffff;color:#333333;border-radius:3px;-moz-border-radius:3px;-webkit-border-radius:3px;\"><em><strong>Impactos da crise econ\u00f4mica no sistema de sa\u00fade brasileiro<\/strong><\/em><\/p>\n<div class=\"su-expand su-expand-collapsed su-expand-link-style-default\" data-height=\"195\"><div class=\"su-expand-content su-u-trim\" style=\"color:#333333;max-height:195px;overflow:hidden\"><strong>Institui\u00e7\u00f5es:<\/strong> Universidade de S\u00e3o Paulo (USP), Universidade Federal do Maranh\u00e3o (UFMA) e Queen Mary University London (QMUL)<br \/>\n<strong>Financiamento:\u00a0<\/strong> Funda\u00e7\u00e3o de Amparo \u00e0 Pesquisa do Estado de S\u00e3o Paulo (FAPESP), Funda\u00e7\u00e3o de Amparo \u00e0 Pesquisa ao Desenvolvimento Cient\u00edfico e Tecnol\u00f3gico do Maranh\u00e3o (FAPEMA) e Medical Research Council (MRC &#8211; Reino Unido)<br \/>\n<strong>Resumo:<\/strong> As crises econ\u00f4micas, fen\u00f4menos frequentes em todo o mundo, demonstraram ter m\u00faltiplos efeitos nos sistemas nacionais de sa\u00fade: podem levar ao subfinanciamento e piora dos servi\u00e7os de sa\u00fade; podem fazer aumentar a ocorr\u00eancia de doen\u00e7as especificamente relacionadas \u00e0 sa\u00fade mental e \u00e0 pobreza; podem reduzir remunera\u00e7\u00e3o e piorar condi\u00e7\u00f5es de trabalho, acarretando o afastamento de profissionais de sa\u00fade do setor p\u00fablico. O objetivo desse estudo \u00e9 compreender as diferentes maneiras com que a crise econ\u00f4mica Brasileira afeta o sistema de sa\u00fade e sua for\u00e7a de trabalho, particularmente os m\u00e9dicos. A pesquisa ser\u00e1 nos estados de S\u00e3o Paulo e Maranh\u00e3o, onde espera-se observar o efeito da crise em dois estados com diferentes condi\u00e7\u00f5es socioecon\u00f4micas e de organiza\u00e7\u00e3o e funcionamento dos setores p\u00fablico e privado da sa\u00fade. Dados secund\u00e1rios ser\u00e3o obtidos e analisados para identificar mudan\u00e7as no financiamento \u00e0 sa\u00fade, performance do sistema, e mudan\u00e7as no comportamento dos profissionais da sa\u00fade a partir das bases DATASUS, SIOPS, SIGA e RAIS\/CAGED. Tamb\u00e9m ser\u00e3o utilizados dados prim\u00e1rios j\u00e1 coletados por estudos realizados por equipe integrante da presente pesquisa (Departamento de Medicina Preventiva da Faculdade de Medicina da USP), no escopo da pesquisa Demografia M\u00e9dica no Brasil. Al\u00e9m disso, ser\u00e3o realizadas entrevistas com informantes-chave da gest\u00e3o e inqu\u00e9rito com m\u00e9dicos. Espera-se que este estudo ajude a identificar pol\u00edticas adequadas para aliviar os efeitos da crise no sistema de sa\u00fade, na for\u00e7a de trabalho em sa\u00fade e na presta\u00e7\u00e3o de servi\u00e7os nos dois estados estudos, no Brasil e em pa\u00edses em desenvolvimento.<\/div><div class=\"su-expand-link su-expand-link-more\" style=\"text-align:right\"><a href=\"javascript:;\" style=\"color:#0088FF;border-color:#0088FF\"><span style=\"border-color:#0088FF\">Ver mais...<\/span><\/a><\/div><div class=\"su-expand-link su-expand-link-less\" style=\"text-align:right\"><a href=\"javascript:;\" style=\"color:#0088FF;border-color:#0088FF\"><span style=\"border-color:#0088FF\">Ver menos.<\/span><\/a><\/div><\/div><\/div><\/div>\n","protected":false},"excerpt":{"rendered":"<p>Linhas de Pesquisa Impactos da crise econ\u00f4mica no sistema de sa\u00fade brasileiro Judicializa\u00e7\u00e3o da sa\u00fade no Brasil: SUS e planos de sa\u00fade &nbsp; Projetos<\/p>\n","protected":false},"author":1120,"featured_media":0,"parent":0,"menu_order":0,"comment_status":"closed","ping_status":"closed","template":"","meta":{"footnotes":"","_links_to":"","_links_to_target":""},"class_list":["post-214","page","type-page","status-publish","hentry"],"_links":{"self":[{"href":"https:\/\/sites.usp.br\/geps\/wp-json\/wp\/v2\/pages\/214","targetHints":{"allow":["GET"]}}],"collection":[{"href":"https:\/\/sites.usp.br\/geps\/wp-json\/wp\/v2\/pages"}],"about":[{"href":"https:\/\/sites.usp.br\/geps\/wp-json\/wp\/v2\/types\/page"}],"author":[{"embeddable":true,"href":"https:\/\/sites.usp.br\/geps\/wp-json\/wp\/v2\/users\/1120"}],"replies":[{"embeddable":true,"href":"https:\/\/sites.usp.br\/geps\/wp-json\/wp\/v2\/comments?post=214"}],"version-history":[{"count":4,"href":"https:\/\/sites.usp.br\/geps\/wp-json\/wp\/v2\/pages\/214\/revisions"}],"predecessor-version":[{"id":550,"href":"https:\/\/sites.usp.br\/geps\/wp-json\/wp\/v2\/pages\/214\/revisions\/550"}],"wp:attachment":[{"href":"https:\/\/sites.usp.br\/geps\/wp-json\/wp\/v2\/media?parent=214"}],"curies":[{"name":"wp","href":"https:\/\/api.w.org\/{rel}","templated":true}]}}