{"id":248,"date":"2019-08-25T14:44:24","date_gmt":"2019-08-25T16:44:24","guid":{"rendered":"https:\/\/sites.usp.br\/geps\/?page_id=248"},"modified":"2019-08-25T15:35:42","modified_gmt":"2019-08-25T17:35:42","slug":"sobre-o-geps","status":"publish","type":"page","link":"https:\/\/sites.usp.br\/geps\/sobre-o-geps\/","title":{"rendered":"Sobre o GEPS"},"content":{"rendered":"<p>O Grupo de Estudos sobre Planos de Sa\u00fade e Intera\u00e7\u00f5es P\u00fablico-Privadas (GEPS) dedica-se ao acompanhamento e \u00e0 pesquisa sobre temas relacionados \u00e0 atua\u00e7\u00e3o das empresas de planos e seguros de sa\u00fade dentro do sistema de sa\u00fade brasileiro, bem como de outras formas de intera\u00e7\u00e3o p\u00fablico-privada.<\/p>\n<p>Est\u00e1 sediado no Departamento de Medicina Preventiva da Faculdade de Medicina da Universidade de S\u00e3o Paulo (DMP\/FM-USP), sob coordena\u00e7\u00e3o do Prof. M\u00e1rio C. Scheffer.<\/p>\n<p>Neste espa\u00e7o est\u00e3o apresentadas as informa\u00e7\u00f5es relevantes sobre o grupo e o material produzido por seus integrantes.<\/p>\n<p>Acesse a p\u00e1gina <a href=\"https:\/\/sites.usp.br\/geps\/publicacoes\/\">Publica\u00e7\u00f5es<\/a>, para acessar os relat\u00f3rios, boletins e outros textos escritos pelo GEPS, por seus membros e parceiros.<\/p>\n<p>Para obter mais informa\u00e7\u00f5es ou comunicar-se com o grupo, acesse a p\u00e1gina <a href=\"https:\/\/sites.usp.br\/geps\/contato\/\">Contato<\/a>.<\/p>\n","protected":false},"excerpt":{"rendered":"<p>O Grupo de Estudos sobre Planos de Sa\u00fade e Intera\u00e7\u00f5es P\u00fablico-Privadas (GEPS) dedica-se ao acompanhamento e \u00e0 pesquisa sobre temas relacionados \u00e0 atua\u00e7\u00e3o das empresas de planos e seguros de sa\u00fade dentro do sistema de sa\u00fade brasileiro, bem como de outras formas de intera\u00e7\u00e3o p\u00fablico-privada. Est\u00e1 sediado no Departamento de Medicina Preventiva da Faculdade de [&hellip;]<\/p>\n","protected":false},"author":1120,"featured_media":0,"parent":0,"menu_order":0,"comment_status":"closed","ping_status":"closed","template":"","meta":{"footnotes":"","_links_to":"","_links_to_target":""},"class_list":["post-248","page","type-page","status-publish","hentry"],"_links":{"self":[{"href":"https:\/\/sites.usp.br\/geps\/wp-json\/wp\/v2\/pages\/248","targetHints":{"allow":["GET"]}}],"collection":[{"href":"https:\/\/sites.usp.br\/geps\/wp-json\/wp\/v2\/pages"}],"about":[{"href":"https:\/\/sites.usp.br\/geps\/wp-json\/wp\/v2\/types\/page"}],"author":[{"embeddable":true,"href":"https:\/\/sites.usp.br\/geps\/wp-json\/wp\/v2\/users\/1120"}],"replies":[{"embeddable":true,"href":"https:\/\/sites.usp.br\/geps\/wp-json\/wp\/v2\/comments?post=248"}],"version-history":[{"count":4,"href":"https:\/\/sites.usp.br\/geps\/wp-json\/wp\/v2\/pages\/248\/revisions"}],"predecessor-version":[{"id":263,"href":"https:\/\/sites.usp.br\/geps\/wp-json\/wp\/v2\/pages\/248\/revisions\/263"}],"wp:attachment":[{"href":"https:\/\/sites.usp.br\/geps\/wp-json\/wp\/v2\/media?parent=248"}],"curies":[{"name":"wp","href":"https:\/\/api.w.org\/{rel}","templated":true}]}}