{"id":26,"date":"2013-11-21T19:00:33","date_gmt":"2013-11-21T19:00:33","guid":{"rendered":"http:\/\/sites.usp.br\/geps\/?page_id=26"},"modified":"2021-01-19T15:17:32","modified_gmt":"2021-01-19T17:17:32","slug":"contato","status":"publish","type":"page","link":"https:\/\/sites.usp.br\/geps\/contato\/","title":{"rendered":"Contato"},"content":{"rendered":"<p><strong>Imprensa<\/strong><\/p>\n<p>Para entrar em contato com o Prof. M\u00e1rio Scheffer ou com a equipe do GEPS, escreva para a Assessoria de Comunica\u00e7\u00e3o da Faculdade de Medicina da USP, atrav\u00e9s do e-mail &lt;<a href=\"mailto:imprensa@fm.usp.br\">imprensa@fm.usp.br<\/a>&gt;.<\/p>\n<p>Para mais informa\u00e7\u00f5es, acesse a p\u00e1gina &lt;<a href=\"https:\/\/www.fm.usp.br\/fmusp\/contato\/imprensa\">https:\/\/www.fm.usp.br\/fmusp\/contato\/imprensa<\/a>&gt;.<\/p>\n<p><strong>Demais contatos<\/strong><\/p>\n\n<div class=\"wpcf7 no-js\" id=\"wpcf7-f25-o1\" lang=\"pt-BR\" dir=\"ltr\" data-wpcf7-id=\"25\">\n<div class=\"screen-reader-response\"><p role=\"status\" aria-live=\"polite\" aria-atomic=\"true\"><\/p> <ul><\/ul><\/div>\n<form action=\"\/geps\/wp-json\/wp\/v2\/pages\/26#wpcf7-f25-o1\" method=\"post\" class=\"wpcf7-form init\" aria-label=\"Formul\u00e1rios de contato\" novalidate=\"novalidate\" data-status=\"init\">\n<fieldset class=\"hidden-fields-container\"><input type=\"hidden\" name=\"_wpcf7\" value=\"25\" \/><input type=\"hidden\" name=\"_wpcf7_version\" value=\"6.1.5\" \/><input type=\"hidden\" name=\"_wpcf7_locale\" value=\"pt_BR\" \/><input type=\"hidden\" name=\"_wpcf7_unit_tag\" value=\"wpcf7-f25-o1\" \/><input type=\"hidden\" name=\"_wpcf7_container_post\" value=\"0\" \/><input type=\"hidden\" name=\"_wpcf7_posted_data_hash\" value=\"\" \/><input type=\"hidden\" name=\"_wpcf7_recaptcha_response\" value=\"\" \/>\n<\/fieldset>\n<p>Seu nome (obrigat\u00f3rio)\n<\/p>\n<p><span class=\"wpcf7-form-control-wrap\" data-name=\"your-name\"><input size=\"40\" maxlength=\"400\" class=\"wpcf7-form-control wpcf7-text wpcf7-validates-as-required\" aria-required=\"true\" aria-invalid=\"false\" value=\"\" type=\"text\" name=\"your-name\" \/><\/span>\n<\/p>\n<p>Seu e-mail (obrigat\u00f3rio)\n<\/p>\n<p><span class=\"wpcf7-form-control-wrap\" data-name=\"your-email\"><input size=\"40\" maxlength=\"400\" class=\"wpcf7-form-control wpcf7-email wpcf7-validates-as-required wpcf7-text wpcf7-validates-as-email\" aria-required=\"true\" aria-invalid=\"false\" value=\"\" type=\"email\" name=\"your-email\" \/><\/span>\n<\/p>\n<p>Assunto\n<\/p>\n<p><span class=\"wpcf7-form-control-wrap\" data-name=\"your-subject\"><input size=\"40\" maxlength=\"400\" class=\"wpcf7-form-control wpcf7-text\" aria-invalid=\"false\" value=\"\" type=\"text\" name=\"your-subject\" \/><\/span>\n<\/p>\n<p>Sua mensagem\n<\/p>\n<p><span class=\"wpcf7-form-control-wrap\" data-name=\"your-message\"><textarea cols=\"40\" rows=\"10\" maxlength=\"2000\" class=\"wpcf7-form-control wpcf7-textarea\" aria-invalid=\"false\" name=\"your-message\"><\/textarea><\/span>\n<\/p>\n<p><input class=\"wpcf7-form-control wpcf7-submit has-spinner\" type=\"submit\" value=\"Enviar\" \/>\n<\/p><div class=\"wpcf7-response-output\" aria-hidden=\"true\"><\/div>\n<\/form>\n<\/div>\n\n<p>&nbsp;<\/p>\n","protected":false},"excerpt":{"rendered":"<p>Imprensa Para entrar em contato com o Prof. M\u00e1rio Scheffer ou com a equipe do GEPS, escreva para a Assessoria de Comunica\u00e7\u00e3o da Faculdade de Medicina da USP, atrav\u00e9s do e-mail &lt;imprensa@fm.usp.br&gt;. Para mais informa\u00e7\u00f5es, acesse a p\u00e1gina &lt;https:\/\/www.fm.usp.br\/fmusp\/contato\/imprensa&gt;. Demais contatos &nbsp;<\/p>\n","protected":false},"author":1,"featured_media":0,"parent":0,"menu_order":0,"comment_status":"closed","ping_status":"closed","template":"","meta":{"footnotes":"","_links_to":"","_links_to_target":""},"class_list":["post-26","page","type-page","status-publish","hentry"],"_links":{"self":[{"href":"https:\/\/sites.usp.br\/geps\/wp-json\/wp\/v2\/pages\/26","targetHints":{"allow":["GET"]}}],"collection":[{"href":"https:\/\/sites.usp.br\/geps\/wp-json\/wp\/v2\/pages"}],"about":[{"href":"https:\/\/sites.usp.br\/geps\/wp-json\/wp\/v2\/types\/page"}],"author":[{"embeddable":true,"href":"https:\/\/sites.usp.br\/geps\/wp-json\/wp\/v2\/users\/1"}],"replies":[{"embeddable":true,"href":"https:\/\/sites.usp.br\/geps\/wp-json\/wp\/v2\/comments?post=26"}],"version-history":[{"count":5,"href":"https:\/\/sites.usp.br\/geps\/wp-json\/wp\/v2\/pages\/26\/revisions"}],"predecessor-version":[{"id":368,"href":"https:\/\/sites.usp.br\/geps\/wp-json\/wp\/v2\/pages\/26\/revisions\/368"}],"wp:attachment":[{"href":"https:\/\/sites.usp.br\/geps\/wp-json\/wp\/v2\/media?parent=26"}],"curies":[{"name":"wp","href":"https:\/\/api.w.org\/{rel}","templated":true}]}}