{"id":62,"date":"2014-02-12T11:28:30","date_gmt":"2014-02-12T13:28:30","guid":{"rendered":"http:\/\/sites.usp.br\/geps\/?page_id=62"},"modified":"2022-06-09T13:51:06","modified_gmt":"2022-06-09T15:51:06","slug":"publicacoes","status":"publish","type":"page","link":"https:\/\/sites.usp.br\/geps\/publicacoes\/","title":{"rendered":"Publica\u00e7\u00f5es"},"content":{"rendered":"<p><span style=\"text-decoration: underline;\"><strong>Publica\u00e7\u00f5es do GEPS<\/strong><\/span><\/p>\n<table style=\"width: 100%; height: 644px;\">\n<tbody>\n<tr style=\"height: 28px;\">\n<td style=\"width: 485.933px; height: 28px;\"><em><strong>2022<\/strong><strong><br \/>\n<\/strong><\/em><\/td>\n<td style=\"width: 95.0667px; height: 28px;\"><\/td>\n<\/tr>\n<tr>\n<td style=\"width: 485.933px;\">Judicializa\u00e7\u00e3o contra planos de sa\u00fade tem recorde hist\u00f3rico (junho\/2022)<\/td>\n<td style=\"width: 95.0667px;\"><a href=\"https:\/\/sites.usp.br\/geps\/download\/488\/\">Baixe aqui<\/a><\/td>\n<\/tr>\n<tr style=\"height: 28px;\">\n<td style=\"width: 485.933px; height: 28px;\">Proposta do Ministro da Sa\u00fade, Marcelo Queiroga, de acesso a dados de clientes de planos de sa\u00fade, \u00e9 oportunista e inconstitucional<\/td>\n<td style=\"width: 95.0667px; height: 28px;\"><a href=\"https:\/\/sites.usp.br\/geps\/download\/463\/\">Baixe aqui<\/a><\/td>\n<\/tr>\n<tr style=\"height: 28px;\">\n<td style=\"width: 485.933px; height: 28px;\"><em><strong>2021<\/strong><\/em><\/td>\n<td style=\"width: 95.0667px; height: 28px;\"><\/td>\n<\/tr>\n<tr style=\"height: 56px;\">\n<td style=\"width: 485.933px; height: 56px;\">Sobre proposta do relator da Comiss\u00e3o Especial da C\u00e2mara dos Deputados destinada a mudar a Lei dos Planos de Sa\u00fade<\/td>\n<td style=\"width: 95.0667px; height: 56px;\"><a href=\"https:\/\/sites.usp.br\/geps\/download\/453\/\">Baixe aqui<\/a><\/td>\n<\/tr>\n<tr style=\"height: 28px;\">\n<td style=\"width: 485.933px; height: 28px;\">COVID-19: Boletins sobre a cobertura vacinal<\/td>\n<td style=\"width: 95.0667px; height: 28px;\"><a href=\"https:\/\/sites.usp.br\/geps\/covid-19-boletins-sobre-a-cobertura-vacinal\/\">Baixe aqui<\/a><\/td>\n<\/tr>\n<tr style=\"height: 28px;\">\n<td style=\"width: 485.933px; height: 28px;\">Planos de sa\u00fade tentam \u201cpassar a boiada\u201d em plena pandemia<\/td>\n<td style=\"width: 95.0667px; height: 28px;\"><a href=\"https:\/\/sites.usp.br\/geps\/download\/394\/\">Baixe aqui<\/a><\/td>\n<\/tr>\n<tr style=\"height: 56px;\">\n<td style=\"width: 485.933px; height: 56px;\">Duas leis contra o SUS: retrocessos no SUS e fragmenta\u00e7\u00e3o das respostas \u00e0 pandemia de COVID-19 na Lei n\u00ba 14.125\/2021 e no PL n\u00ba 1.010\/2021<\/td>\n<td style=\"width: 95.0667px; height: 56px;\"><a href=\"https:\/\/sites.usp.br\/geps\/download\/385\/\">Baixe aqui<\/a><\/td>\n<\/tr>\n<tr style=\"height: 28px;\">\n<td style=\"width: 485.933px; height: 28px;\">Planos &#8220;falsos coletivos&#8221;: crescimento do mercado e reajuste de pre\u00e7os (2014-2020)<\/td>\n<td style=\"width: 95.0667px; height: 28px;\"><a href=\"https:\/\/sites.usp.br\/geps\/download\/369\/\">Baixe aqui<\/a><\/td>\n<\/tr>\n<tr style=\"height: 28px;\">\n<td style=\"width: 485.933px; height: 28px;\"><em><strong>\u00a0 2020<br \/>\n<\/strong><\/em><\/td>\n<td style=\"width: 95.0667px; height: 28px;\"><\/td>\n<\/tr>\n<tr style=\"height: 56px;\">\n<td style=\"width: 485.933px; height: 56px;\">Recursos para o enfrentamento da COVID-19: or\u00e7amento, leitos, respiradores, testes e equipamentos de prote\u00e7\u00e3o individual<\/td>\n<td style=\"width: 95.0667px; height: 56px;\"><a href=\"https:\/\/sites.usp.br\/geps\/download\/344\/\">Baixe aqui<\/a><\/td>\n<\/tr>\n<tr style=\"height: 28px;\">\n<td style=\"width: 485.933px; height: 28px;\">COVID-19: Documento da ANS cont\u00e9m erros (jun\/2020)\u00a0<em>[*Atualizado em 10\/06]<\/em><\/td>\n<td style=\"width: 95.0667px; height: 28px;\"><a href=\"https:\/\/sites.usp.br\/geps\/download\/316\/\">Baixe aqui<\/a><\/td>\n<\/tr>\n<tr style=\"height: 28px;\">\n<td style=\"width: 485.933px; height: 28px;\">Planos de Sa\u00fade na pandemia do coronav\u00edrus: entre a omiss\u00e3o e o oportunismo<\/td>\n<td style=\"width: 95.0667px; height: 28px;\"><a href=\"https:\/\/sites.usp.br\/geps\/download\/307\/\">Baixe aqui<\/a><\/td>\n<\/tr>\n<tr style=\"height: 28px;\">\n<td style=\"width: 485.933px; height: 28px;\">A\u00e7\u00f5es judiciais contra planos de sa\u00fade em S\u00e3o Paulo (2019)<\/td>\n<td style=\"width: 95.0667px; height: 28px;\"><a href=\"https:\/\/sites.usp.br\/geps\/download\/274\/\">Baixe aqui<\/a><\/td>\n<\/tr>\n<tr style=\"height: 28px;\">\n<td style=\"width: 485.933px; height: 28px;\"><em><strong>\u00a0 2019<\/strong><\/em><\/td>\n<td style=\"width: 95.0667px; height: 28px;\"><\/td>\n<\/tr>\n<tr style=\"height: 28px;\">\n<td style=\"width: 485.933px; height: 28px;\">Planos de Sa\u00fade ganham posto dentro do F\u00f3rum Jo\u00e3o Mendes<\/td>\n<td style=\"width: 95.0667px; height: 28px;\"><a href=\"https:\/\/sites.usp.br\/geps\/download\/303\/\">Baixe aqui<\/a><\/td>\n<\/tr>\n<tr style=\"height: 28px;\">\n<td style=\"width: 485.933px; height: 28px;\">Planos &#8220;falsos coletivos&#8221;: crescimento do mercado e reajuste de pre\u00e7os (2014-2019)<\/td>\n<td style=\"width: 95.0667px; height: 28px;\"><a href=\"https:\/\/sites.usp.br\/geps\/download\/209\/\">Baixe aqui<\/a><\/td>\n<\/tr>\n<tr style=\"height: 28px;\">\n<td style=\"width: 485.933px; height: 28px;\">A\u00e7\u00f5es judiciais contra planos de sa\u00fade em S\u00e3o Paulo (1sem\/2019)<\/td>\n<td style=\"width: 95.0667px; height: 28px;\"><a href=\"https:\/\/sites.usp.br\/geps\/download\/133\/\">Baixe aqui<\/a><\/td>\n<\/tr>\n<tr style=\"height: 28px;\">\n<td style=\"width: 485.933px; height: 28px;\"><em><strong>\u00a0 2018<\/strong><\/em><\/td>\n<td style=\"width: 95.0667px; height: 28px;\"><\/td>\n<\/tr>\n<tr style=\"height: 28px;\">\n<td style=\"width: 485.933px; height: 28px;\">A\u00e7\u00f5es judiciais contra planos de sa\u00fade em S\u00e3o Paulo (1sem\/2018)<\/td>\n<td style=\"width: 95.0667px; height: 28px;\"><a href=\"https:\/\/sites.usp.br\/geps\/download\/153\/\">Baixe aqui<\/a><\/td>\n<\/tr>\n<tr style=\"height: 28px;\">\n<td style=\"width: 485.933px; height: 28px;\">A\u00e7\u00f5es judiciais contra planos de sa\u00fade em S\u00e3o Paulo (2017)<\/td>\n<td style=\"width: 95.0667px; height: 28px;\"><a href=\"https:\/\/sites.usp.br\/geps\/download\/149\/\">Baixe aqui<\/a><\/td>\n<\/tr>\n<\/tbody>\n<\/table>\n<p><strong><span style=\"text-decoration: underline;\">Publica\u00e7\u00f5es de Membros e Parceiros<\/span><br \/>\n<\/strong><\/p>\n<table style=\"width: 100%; height: 84px;\">\n<tbody>\n<tr style=\"height: 28px;\">\n<td style=\"width: 485.817px; height: 28px;\"><em><strong>\u00a0 2019<\/strong><\/em><\/td>\n<td style=\"width: 95.1833px; height: 28px;\"><\/td>\n<\/tr>\n<tr style=\"height: 56px;\">\n<td style=\"width: 485.817px; height: 56px;\"><span style=\"text-decoration: underline;\">An\u00e1lise preliminar da proposta de lei elaborada pelas empresas de planos de sa\u00fade<\/span><br \/>\n<em>Ligia Bahia, Marilena Lazzarini e M\u00e1rio Scheffer<\/em><\/td>\n<td style=\"width: 95.1833px; height: 56px;\"><a href=\"https:\/\/sites.usp.br\/geps\/download\/139\/\">Baixe aqui<\/a><\/td>\n<\/tr>\n<tr>\n<td style=\"width: 485.817px;\"><span style=\"text-decoration: underline;\">Judicializa\u00e7\u00e3o dos planos e seguros de sa\u00fade coletivos no TJSP<\/span><br \/>\n<em>Rafael Robba (Disserta\u00e7\u00e3o de mestrado<\/em>)<\/td>\n<td style=\"width: 95.1833px;\"><a href=\"https:\/\/sites.usp.br\/geps\/download\/293\/\">Baixe aqui<\/a><\/td>\n<\/tr>\n<tr>\n<td style=\"width: 485.817px;\"><span style=\"text-decoration: underline;\">Porque pacientes com c\u00e2ncer v\u00e3o \u00e0 Justi\u00e7a? Um estudo sobre a\u00e7\u00f5es judiciais movidas contra o Sistema \u00danico de Sa\u00fade (SUS) e contra os planos de sa\u00fade na Cidade de S\u00e3o Paulo<\/span><br \/>\n<em>Juliana Kozan (Disserta\u00e7\u00e3o de mestrado)<\/em><\/td>\n<td style=\"width: 95.1833px;\"><a href=\"https:\/\/sites.usp.br\/geps\/download\/295\/\">Baixe aqui<\/a><\/td>\n<\/tr>\n<tr>\n<td style=\"width: 485.817px;\"><span style=\"text-decoration: underline;\">Acumula\u00e7\u00e3o de capital na sa\u00fade brasileira: estudo explorat\u00f3rio de empresas e setores selecionados (2008-2015)<\/span><br \/>\n<em>Lucas Salvador Andrietta (Tese de doutorado)<\/em><\/td>\n<td style=\"width: 95.1833px;\"><a href=\"https:\/\/sites.usp.br\/geps\/download\/297\/\">Baixe aqui<\/a><\/td>\n<\/tr>\n<tr>\n<td style=\"width: 485.817px;\">\u00a0 <strong><em>2017<\/em><\/strong><\/td>\n<td style=\"width: 95.1833px;\"><\/td>\n<\/tr>\n<tr>\n<td style=\"width: 485.817px;\"><span style=\"text-decoration: underline;\">Judicializa\u00e7\u00e3o em planos de sa\u00fade coletivos: os efeitos da op\u00e7\u00e3o regulat\u00f3ria da ANS nos conflitos entre operadoras e consumidores<\/span><br \/>\n<em>Rev. Direito Sanit\u00e1rio, v. 19, n. 1., pp. 166-187.<\/em><br \/>\n<em>Daniela Trettel, Juliana Kozan e M\u00e1rio Scheffer<\/em><\/td>\n<td style=\"width: 95.1833px;\"><a href=\"https:\/\/sites.usp.br\/geps\/download\/291\/\">Baixe aqui<\/a><\/td>\n<\/tr>\n<tr>\n<td style=\"width: 485.817px;\"><em>\u00a0 <strong>2016<\/strong><\/em><\/td>\n<td style=\"width: 95.1833px;\"><\/td>\n<\/tr>\n<tr>\n<td style=\"width: 485.817px;\"><span style=\"text-decoration: underline;\">A responsabilidade solid\u00e1ria das cooperativas que comp\u00f5em o Grupo Unimed <\/span><br \/>\n<em>Rev. Direito Sanit\u00e1rio, v. 17, n.1, pp. 167-178.<\/em><br \/>\n<em>M\u00e1rio Scheffer e Rafael Robba<\/em><\/td>\n<td style=\"width: 95.1833px;\"><a href=\"https:\/\/sites.usp.br\/geps\/download\/284\/\">Baixe aqui<\/a><\/td>\n<\/tr>\n<\/tbody>\n<\/table>\n<p>&nbsp;<\/p>\n","protected":false},"excerpt":{"rendered":"<p>Publica\u00e7\u00f5es do GEPS 2022 Judicializa\u00e7\u00e3o contra planos de sa\u00fade tem recorde hist\u00f3rico (junho\/2022) Baixe aqui Proposta do Ministro da Sa\u00fade, Marcelo Queiroga, de acesso a dados de clientes de planos de sa\u00fade, \u00e9 oportunista e inconstitucional Baixe aqui 2021 Sobre proposta do relator da Comiss\u00e3o Especial da C\u00e2mara dos Deputados destinada a mudar a Lei [&hellip;]<\/p>\n","protected":false},"author":1,"featured_media":0,"parent":0,"menu_order":0,"comment_status":"closed","ping_status":"closed","template":"","meta":{"footnotes":"","_links_to":"","_links_to_target":""},"class_list":["post-62","page","type-page","status-publish","hentry"],"_links":{"self":[{"href":"https:\/\/sites.usp.br\/geps\/wp-json\/wp\/v2\/pages\/62","targetHints":{"allow":["GET"]}}],"collection":[{"href":"https:\/\/sites.usp.br\/geps\/wp-json\/wp\/v2\/pages"}],"about":[{"href":"https:\/\/sites.usp.br\/geps\/wp-json\/wp\/v2\/types\/page"}],"author":[{"embeddable":true,"href":"https:\/\/sites.usp.br\/geps\/wp-json\/wp\/v2\/users\/1"}],"replies":[{"embeddable":true,"href":"https:\/\/sites.usp.br\/geps\/wp-json\/wp\/v2\/comments?post=62"}],"version-history":[{"count":5,"href":"https:\/\/sites.usp.br\/geps\/wp-json\/wp\/v2\/pages\/62\/revisions"}],"predecessor-version":[{"id":492,"href":"https:\/\/sites.usp.br\/geps\/wp-json\/wp\/v2\/pages\/62\/revisions\/492"}],"wp:attachment":[{"href":"https:\/\/sites.usp.br\/geps\/wp-json\/wp\/v2\/media?parent=62"}],"curies":[{"name":"wp","href":"https:\/\/api.w.org\/{rel}","templated":true}]}}