{"id":79,"date":"2014-02-24T16:51:20","date_gmt":"2014-02-24T18:51:20","guid":{"rendered":"http:\/\/sites.usp.br\/geps\/?page_id=79"},"modified":"2020-06-06T18:24:45","modified_gmt":"2020-06-06T20:24:45","slug":"pagina-inicial","status":"publish","type":"page","link":"https:\/\/sites.usp.br\/geps\/","title":{"rendered":""},"content":{"rendered":"\n\n<div class=\"su-posts su-posts-default-loop \">\n\n\t\n\t\t\t\t\t\n\t\t\t\n\t\t\t<div id=\"su-post-558\" class=\"su-post \">\n\n\t\t\t\t\n\t\t\t\t<h2 class=\"su-post-title\"><a href=\"https:\/\/sites.usp.br\/geps\/geps-divulga-oportunidade-de-bolsa-de-pos-doutorado-junto-ao-grupo-de-estudos-demografia-medica-no-brasil-dmb-do-dmp-usp-2\/\">GEPS divulga: Oportunidade de bolsa de P\u00f3s-doutorado junto ao Grupo de Estudos Demografia M\u00e9dica no Brasil (DMB) do DMP\/USP<\/a><\/h2>\n\n\t\t\t\t<div class=\"su-post-meta\">\n\t\t\t\t\tPosted: 25\/10\/2024\t\t\t\t<\/div>\n\n\t\t\t\t<div class=\"su-post-excerpt\">\n\t\t\t\t\t<p>O Grupo de Estudos Demografia M\u00e9dica no Brasil (DMB), sediado no Departamento de Medicina Preventiva da FMUSP e coordenado pelo Professor M\u00e1rio Scheffer, est\u00e1 com uma oportunidade de bolsa de p\u00f3s-doutorado aberta no projeto \u201cFor\u00e7a de trabalho m\u00e9dico no estado de S\u00e3o Paulo: evid\u00eancias para planejamento da forma\u00e7\u00e3o, oferta e necessidades de m\u00e9dicos especialistas\u201d (Processo [&hellip;]<\/p>\n\t\t\t\t<\/div>\n\n\t\t\t\t\n\t\t\t<\/div>\n\n\t\t\t\t\t\n\t\t\t\n\t\t\t<div id=\"su-post-552\" class=\"su-post \">\n\n\t\t\t\t\n\t\t\t\t<h2 class=\"su-post-title\"><a href=\"https:\/\/sites.usp.br\/geps\/geps-divulga-oportunidade-de-bolsa-de-pos-doutorado-junto-ao-grupo-de-estudos-demografia-medica-no-brasil-dmb-do-dmp-usp\/\">GEPS divulga: Oportunidade de bolsa de P\u00f3s-doutorado junto ao Grupo de Estudos Demografia M\u00e9dica no Brasil (DMB) do DMP\/USP<\/a><\/h2>\n\n\t\t\t\t<div class=\"su-post-meta\">\n\t\t\t\t\tPosted: 04\/09\/2024\t\t\t\t<\/div>\n\n\t\t\t\t<div class=\"su-post-excerpt\">\n\t\t\t\t\t<p>O Grupo de Estudos Demografia M\u00e9dica no Brasil (DMB), sediado no Departamento de Medicina Preventiva da FMUSP e coordenado pelo Professor M\u00e1rio Scheffer, est\u00e1 com uma oportunidade de bolsa de p\u00f3s-doutorado aberta no projeto &#8220;For\u00e7a de trabalho m\u00e9dico no estado de S\u00e3o Paulo: evid\u00eancias para planejamento da forma\u00e7\u00e3o, oferta e necessidades de m\u00e9dicos especialistas&#8221;. A [&hellip;]<\/p>\n\t\t\t\t<\/div>\n\n\t\t\t\t\n\t\t\t<\/div>\n\n\t\t\t\t\t\n\t\t\t\n\t\t\t<div id=\"su-post-514\" class=\"su-post \">\n\n\t\t\t\t\n\t\t\t\t<h2 class=\"su-post-title\"><a href=\"https:\/\/sites.usp.br\/geps\/seminario-em-busca-da-autossuficiencia-do-brasil-em-vacinas\/\">Semin\u00e1rio Em Busca da Autossufici\u00eancia do Brasil em Vacinas<\/a><\/h2>\n\n\t\t\t\t<div class=\"su-post-meta\">\n\t\t\t\t\tPosted: 23\/01\/2024\t\t\t\t<\/div>\n\n\t\t\t\t<div class=\"su-post-excerpt\">\n\t\t\t\t\t<p>[English version below] Esta publica\u00e7\u00e3o re\u00fane os principais assuntos tratados no semin\u00e1rio Em Busca da Autossufici\u00eancia do Brasil em Vacinas \u2013 realizado em 5 de julho de 2023, no Instituto de Estudos Avan\u00e7ados da Universidade de S\u00e3o Paulo (IEA\/USP). Em formato de workshop, visando a troca de experi\u00eancias e de conhecimentos sob diferentes pontos de [&hellip;]<\/p>\n\t\t\t\t<\/div>\n\n\t\t\t\t\n\t\t\t<\/div>\n\n\t\t\t\t\t\n\t\t\t\n\t\t\t<div id=\"su-post-495\" class=\"su-post \">\n\n\t\t\t\t\n\t\t\t\t<h2 class=\"su-post-title\"><a href=\"https:\/\/sites.usp.br\/geps\/revista-de-direito-sanitario-e-geps-promovem-evento-de-lancamento-de-numero-tematico-e-divulgacao-de-pesquisa\/\">Revista de Direito Sanit\u00e1rio e GEPS promovem evento de lan\u00e7amento de n\u00famero tem\u00e1tico e divulga\u00e7\u00e3o de pesquisa<\/a><\/h2>\n\n\t\t\t\t<div class=\"su-post-meta\">\n\t\t\t\t\tPosted: 22\/08\/2022\t\t\t\t<\/div>\n\n\t\t\t\t<div class=\"su-post-excerpt\">\n\t\t\t\t\t<p>Na pr\u00f3xima sexta-feira, dia 26 de agosto de 2022, a equipe editorial da Revista de Direito Sanit\u00e1rio da Faculdade de Sa\u00fade P\u00fablica da Universidade de S\u00e3o Paulo e o Grupo de Estudos sobre Planos de Sa\u00fade promover\u00e3o evento conjunto para lan\u00e7amento de n\u00famero tem\u00e1tico da Revista e resultados da pesquisa &#8220;Judicializa\u00e7\u00e3o da Assist\u00eancia M\u00e9dica na [&hellip;]<\/p>\n\t\t\t\t<\/div>\n\n\t\t\t\t\n\t\t\t<\/div>\n\n\t\t\t\t\t\n\t\t\t\n\t\t\t<div id=\"su-post-485\" class=\"su-post \">\n\n\t\t\t\t\n\t\t\t\t<h2 class=\"su-post-title\"><a href=\"https:\/\/sites.usp.br\/geps\/decisoes-judiciais-sobre-planos-de-saude-tem-recorde-historico-em-sao-paulo\/\">Decis\u00f5es judiciais sobre planos de sa\u00fade t\u00eam recorde hist\u00f3rico em S\u00e3o Paulo<\/a><\/h2>\n\n\t\t\t\t<div class=\"su-post-meta\">\n\t\t\t\t\tPosted: 07\/06\/2022\t\t\t\t<\/div>\n\n\t\t\t\t<div class=\"su-post-excerpt\">\n\t\t\t\t\t<p>O Grupo de Estudos sobre Planos de Sa\u00fade e Intera\u00e7\u00f5es P\u00fablico-Privadas (GEPS\/FMUSP) divulga estudo in\u00e9dito sobre a judicializa\u00e7\u00e3o da assist\u00eancia suplementar em S\u00e3o Paulo. Em 2021, o TJSP julgou, em segunda inst\u00e2ncia, 16.286 a\u00e7\u00f5es de pacientes contra planos de sa\u00fade. \u00c9 o maior n\u00famero desde o in\u00edcio da s\u00e9rie hist\u00f3rica, em 2011. A taxa de [&hellip;]<\/p>\n\t\t\t\t<\/div>\n\n\t\t\t\t\n\t\t\t<\/div>\n\n\t\t\t\t\t\n\t\t\t\n\t\t\t<div id=\"su-post-460\" class=\"su-post \">\n\n\t\t\t\t\n\t\t\t\t<h2 class=\"su-post-title\"><a href=\"https:\/\/sites.usp.br\/geps\/proposta-de-open-health-e-oportunista-e-inconstitucional\/\">Proposta de &#8216;Open Health&#8217; \u00e9 oportunista e inconstitucional<\/a><\/h2>\n\n\t\t\t\t<div class=\"su-post-meta\">\n\t\t\t\t\tPosted: 19\/01\/2022\t\t\t\t<\/div>\n\n\t\t\t\t<div class=\"su-post-excerpt\">\n\t\t\t\t\t<p>O Grupo de Estudos sobre Planos de Sa\u00fade da USP (GEPS\/FM-USP) e o Grupo de Pesquisa e Documenta\u00e7\u00e3o sobre o Empresariamento em Sa\u00fade (GPDES\/IESC-UFRJ) divulgam nota cr\u00edtica \u00e0 proposta de &#8216;Open Health&#8217;, oportunista e inconstitucional, anunciada hoje pelo Ministro da Sa\u00fade Marcelo Queiroga. Para baixar a \u00edntegra do documento, clique aqui. Para acessar esta e [&hellip;]<\/p>\n\t\t\t\t<\/div>\n\n\t\t\t\t\n\t\t\t<\/div>\n\n\t\t\t\t\t\n\t\t\t\n\t\t\t<div id=\"su-post-450\" class=\"su-post \">\n\n\t\t\t\t\n\t\t\t\t<h2 class=\"su-post-title\"><a href=\"https:\/\/sites.usp.br\/geps\/sobre-proposta-do-relator-da-comissao-especial-da-camara-dos-deputados-destinada-a-mudar-a-lei-dos-planos-de-saude\/\">Sobre proposta do relator da Comiss\u00e3o Especial da C\u00e2mara dos Deputados destinada a mudar a Lei dos Planos de Sa\u00fade<\/a><\/h2>\n\n\t\t\t\t<div class=\"su-post-meta\">\n\t\t\t\t\tPosted: 07\/12\/2021\t\t\t\t<\/div>\n\n\t\t\t\t<div class=\"su-post-excerpt\">\n\t\t\t\t\t<p>O Grupo de Estudos sobre Planos de Sa\u00fade da USP (GEPS\/FM-USP) e o Grupo de Pesquisa e Documenta\u00e7\u00e3o sobre o Empresariamento em Sa\u00fade (GPDES\/IESC-UFRJ) divulgam nota sobre nova proposta de mudan\u00e7a da Lei dos Planos de Sa\u00fade, apresentada pelo Deputado Hiran Gon\u00e7alves em 3 de dezembro de 2021. A nota faz um panorama dos trabalhos [&hellip;]<\/p>\n\t\t\t\t<\/div>\n\n\t\t\t\t\n\t\t\t<\/div>\n\n\t\t\t\t\t\n\t\t\t\n\t\t\t<div id=\"su-post-398\" class=\"su-post \">\n\n\t\t\t\t\n\t\t\t\t<h2 class=\"su-post-title\"><a href=\"https:\/\/sites.usp.br\/geps\/a-boiada-dos-planos-de-saude\/\">A boiada dos planos de sa\u00fade<\/a><\/h2>\n\n\t\t\t\t<div class=\"su-post-meta\">\n\t\t\t\t\tPosted: 26\/05\/2021\t\t\t\t<\/div>\n\n\t\t\t\t<div class=\"su-post-excerpt\">\n\t\t\t\t\t<p>No dia 30 de abril o Minist\u00e9rio da Sa\u00fade lan\u00e7ou uma consulta p\u00fablica sobre a denominada \u201cPol\u00edtica Nacional de Sa\u00fade Suplementar Para o Enfrentamento da Pandemia da Covid-19\u201d. No lugar de medidas para fortalecer o SUS e reduzir mortes por Covid, o governo decidiu atender velhas demandas do setor privado assistencial e lan\u00e7ar uma pol\u00edtica [&hellip;]<\/p>\n\t\t\t\t<\/div>\n\n\t\t\t\t\n\t\t\t<\/div>\n\n\t\t\t\t\t\n\t\t\t\n\t\t\t<div id=\"su-post-388\" class=\"su-post \">\n\n\t\t\t\t\n\t\t\t\t<h2 class=\"su-post-title\"><a href=\"https:\/\/sites.usp.br\/geps\/duas-leis-contra-o-sus-retrocessos-no-sus-e-fragmentacao-das-respostas-a-pandemia-de-covid-19-na-lei-no-14-125-2021-e-no-pl-no-1-010-2021\/\">Duas leis contra o SUS: retrocessos no SUS e fragmenta\u00e7\u00e3o das respostas \u00e0 pandemia de COVID-19 na Lei n\u00ba 14.125\/2021 e no PL n\u00ba 1.010\/2021<\/a><\/h2>\n\n\t\t\t\t<div class=\"su-post-meta\">\n\t\t\t\t\tPosted: 06\/04\/2021\t\t\t\t<\/div>\n\n\t\t\t\t<div class=\"su-post-excerpt\">\n\t\t\t\t\t<p>O Grupo de Estudos sobre Planos de Sa\u00fade da USP (GEPS\/FM-USP) e o Grupo de Pesquisa e Documenta\u00e7\u00e3o sobre o Empresariamento em Sa\u00fade (GPDES\/IESC-UFRJ) divulgam nota cr\u00edtica a Lei n\u00ba 14.125\/2021 (lei da vacina\u00e7\u00e3o privada) e o Projeto de Lei n\u00ba 1.010\/2021 (&#8220;Lei Pr\u00f3-Leitos&#8221;), ambos aprovados pelo Congresso Nacional em mar\u00e7o de 2021 sob a [&hellip;]<\/p>\n\t\t\t\t<\/div>\n\n\t\t\t\t\n\t\t\t<\/div>\n\n\t\t\t\t\t\n\t\t\t\n\t\t\t<div id=\"su-post-372\" class=\"su-post \">\n\n\t\t\t\t\n\t\t\t\t<h2 class=\"su-post-title\"><a href=\"https:\/\/sites.usp.br\/geps\/planos-de-saude-falsos-coletivos-crescimento-do-mercado-e-reajuste-de-precos-2014-2020\/\">Planos de sa\u00fade \u201cfalsos coletivos\u201d: crescimento do mercado e reajuste de pre\u00e7os (2014-2020)<\/a><\/h2>\n\n\t\t\t\t<div class=\"su-post-meta\">\n\t\t\t\t\tPosted: 27\/01\/2021\t\t\t\t<\/div>\n\n\t\t\t\t<div class=\"su-post-excerpt\">\n\t\t\t\t\t<p>Boletim publicado pelo Grupo de Estudos sobre Planos de Sa\u00fade (GEPS \u2013 FM\/USP) e divulgado pelo UOL\u00a0analisa a evolu\u00e7\u00e3o dos planos de sa\u00fade conhecidos como \u201cfalsos coletivos\u201d ou \u201cpejotinhas\u201d durante o per\u00edodo de 2014 a 2020. O estudo atualiza boletim anterior e cont\u00e9m os seguintes destaques: Em 2020, aumentou para 5,44 milh\u00f5es o n\u00famero de [&hellip;]<\/p>\n\t\t\t\t<\/div>\n\n\t\t\t\t\n\t\t\t<\/div>\n\n\t\t\n\t\n<\/div>\n\n","protected":false},"excerpt":{"rendered":"","protected":false},"author":1,"featured_media":0,"parent":0,"menu_order":0,"comment_status":"closed","ping_status":"closed","template":"","meta":{"footnotes":"","_links_to":"","_links_to_target":""},"class_list":["post-79","page","type-page","status-publish","hentry"],"_links":{"self":[{"href":"https:\/\/sites.usp.br\/geps\/wp-json\/wp\/v2\/pages\/79","targetHints":{"allow":["GET"]}}],"collection":[{"href":"https:\/\/sites.usp.br\/geps\/wp-json\/wp\/v2\/pages"}],"about":[{"href":"https:\/\/sites.usp.br\/geps\/wp-json\/wp\/v2\/types\/page"}],"author":[{"embeddable":true,"href":"https:\/\/sites.usp.br\/geps\/wp-json\/wp\/v2\/users\/1"}],"replies":[{"embeddable":true,"href":"https:\/\/sites.usp.br\/geps\/wp-json\/wp\/v2\/comments?post=79"}],"version-history":[{"count":4,"href":"https:\/\/sites.usp.br\/geps\/wp-json\/wp\/v2\/pages\/79\/revisions"}],"predecessor-version":[{"id":326,"href":"https:\/\/sites.usp.br\/geps\/wp-json\/wp\/v2\/pages\/79\/revisions\/326"}],"wp:attachment":[{"href":"https:\/\/sites.usp.br\/geps\/wp-json\/wp\/v2\/media?parent=79"}],"curies":[{"name":"wp","href":"https:\/\/api.w.org\/{rel}","templated":true}]}}