{"id":12,"date":"2013-09-13T23:14:22","date_gmt":"2013-09-14T02:14:22","guid":{"rendered":"http:\/\/giimus.wordpress.com\/?page_id=12"},"modified":"2024-03-03T23:33:36","modified_gmt":"2024-03-04T01:33:36","slug":"pesquisa","status":"publish","type":"page","link":"https:\/\/sites.usp.br\/giimus\/pt\/pesquisa\/","title":{"rendered":"Pesquisa"},"content":{"rendered":"\t\t<div data-elementor-type=\"wp-page\" data-elementor-id=\"12\" class=\"elementor elementor-12\" data-elementor-post-type=\"page\">\n\t\t\t\t<div class=\"elementor-element elementor-element-e8f895e e-flex e-con-boxed e-con e-parent\" data-id=\"e8f895e\" data-element_type=\"container\">\n\t\t\t\t\t<div class=\"e-con-inner\">\n\t\t\t\t<div class=\"elementor-element elementor-element-426ef59 elementor-widget elementor-widget-heading\" data-id=\"426ef59\" data-element_type=\"widget\" data-widget_type=\"heading.default\">\n\t\t\t\t<div class=\"elementor-widget-container\">\n\t\t\t<h1 class=\"elementor-heading-title elementor-size-xl\"><br>Research Fields<\/h1>\t\t<\/div>\n\t\t\t\t<\/div>\n\t\t\t\t<div class=\"elementor-element elementor-element-d145770 elementor-widget elementor-widget-text-editor\" data-id=\"d145770\" data-element_type=\"widget\" data-widget_type=\"text-editor.default\">\n\t\t\t\t<div class=\"elementor-widget-container\">\n\t\t\t\t\t\t\t<p>The GIIMUS\u00a0laboratory\u00a0aims to develop research in the fields of biomedical\u00a0 instrumentation and signal processing. We are especially interested in applying ultrasonic waves associated with magnetism and optics to develop new medical diagnostic and therapeutical procedures.<\/p>\t\t\t\t\t\t<\/div>\n\t\t\t\t<\/div>\n\t\t\t\t<div class=\"elementor-element elementor-element-cfa7201 elementor-widget__width-inherit elementor-widget elementor-widget-text-editor\" data-id=\"cfa7201\" data-element_type=\"widget\" data-widget_type=\"text-editor.default\">\n\t\t\t\t<div class=\"elementor-widget-container\">\n\t\t\t\t\t\t\t<p><strong style=\"text-align: justify;\">The Research Fields are:<\/strong><\/p><p><strong>1 &#8211; Biomedical Instrumentation<\/strong> &#8211; This area includes the development and characterization of transducers and building protocols and analysis measures to support the control of human health &#8230; <a title=\"Biomedical\u00a0Instrumentation\" href=\"https:\/\/sites.usp.br\/giimus\/pt\/instrumentacao-biomedica\/\">Read More &gt;&gt;<\/a><\/p><p><strong>2 &#8211; Tissue Characterization<\/strong> &#8211; This area includes ultrasound imaging techniques such as Elastography and Acoustography. Both of which are noninvasive and effective methods for medical diagnosis. Ultrasound elastography is a novel medical imaging modality able to evaluate the stiffness of human tissue. In ultrasound acoustography, the nonlinear propagation of acoustic waves and ultrasonic mechanical vibrational response of structures inside the medium are explored as a device for imaging at frequencies on the order of kilohertz (kHz), from input with ultrasonic waves in order MHz &#8230; <a title=\"Acoustic Radiation\u00a0Force\" href=\"https:\/\/sites.usp.br\/giimus\/pt\/caracterizacao\/\">Read More &gt;&gt;<\/a><\/p><p><strong>3 &#8211; Photoacoustic Imaging<\/strong> &#8211; The Photoacoustic effect, in which sound is generated due to the absorption of light by a material, provides access to a type of medical imaging with unique features.\u00a0These images can represent both physiological events in the body, as indicating the molecular composition of a tissue &#8230;\u00a0<a title=\"Photoacoustics\" href=\"https:\/\/sites.usp.br\/giimus\/pt\/fotoacustica\/\">Read More &gt;&gt;<\/a><\/p><p><strong>4 &#8211; Tissue-mimicking Phantom<\/strong> &#8211; The need and interest from health professionals conduct training in clinical procedures with high risk, before acting directly on the patient has grown along with the technological development in health &#8230;\u00a0<a title=\"Phantom\" href=\"https:\/\/sites.usp.br\/giimus\/pt\/phantom\/\">Read More &gt;&gt;<\/a><\/p><p><strong style=\"text-align: justify;\">5 &#8211; Theranostics<\/strong><span style=\"text-align: justify;\"> &#8211; Here we explore the combined use of MagnetoMotive Ultrasound, Hyperthermia and Nanomedicine. Our techniques involves excitation of a target or labeled medium with magnetic nanoparticles by applying an alternating magnetic field and measuring the displacement and temperature of the internal structures of medium by acoustic techniques &#8230; <\/span><a style=\"text-align: justify;\" title=\"Magnetoacoustography (Magneto Motive\u00a0Ultrasound)\" href=\"https:\/\/sites.usp.br\/giimus\/pt\/teranostica\/\">Read More &gt;&gt;<\/a><\/p><p><strong style=\"text-align: justify;\">6 &#8211; Neuromodulation<\/strong><span style=\"text-align: justify;\"> &#8211; I<span style=\"font-weight: 400;\">n the field of focused ultrasound, which encompassing the study of especific transducers for applications in brain disorders, cancer immunotherapy and veterinary medicine, our team focuses to develop the ultrasound transducer, a robotic neuronavigate system and protocols for neurotherapeutic techniques<\/span>\u00a0&#8230; <\/span><a style=\"text-align: justify;\" href=\"https:\/\/sites.usp.br\/giimus\/pt\/neuromodulacao\/\">Read More &gt;&gt;<\/a><a style=\"text-align: justify;\" title=\"Magnetoacoustography (Magneto Motive\u00a0Ultrasound)\" href=\"https:\/\/sites.usp.br\/giimus\/en\/magnetoacustografia\/\"><img decoding=\"async\" title=\"More ...\" src=\"http:\/\/giimus.wordpress.com\/wp-includes\/js\/tinymce\/plugins\/wordpress\/img\/trans.gif?m=1207340914g\" alt=\"\" \/><\/a><\/p>\t\t\t\t\t\t<\/div>\n\t\t\t\t<\/div>\n\t\t\t\t\t<\/div>\n\t\t\t\t<\/div>\n\t\t<div class=\"elementor-element elementor-element-78c2aa6 e-flex e-con-boxed e-con e-parent\" data-id=\"78c2aa6\" data-element_type=\"container\">\n\t\t\t\t\t<div class=\"e-con-inner\">\n\t\t\t\t<div class=\"elementor-element elementor-element-5c06318 elementor-widget-divider--view-line elementor-widget elementor-widget-divider\" data-id=\"5c06318\" data-element_type=\"widget\" data-widget_type=\"divider.default\">\n\t\t\t\t<div class=\"elementor-widget-container\">\n\t\t\t\t\t<div class=\"elementor-divider\">\n\t\t\t<span class=\"elementor-divider-separator\">\n\t\t\t\t\t\t<\/span>\n\t\t<\/div>\n\t\t\t\t<\/div>\n\t\t\t\t<\/div>\n\t\t\t\t\t<\/div>\n\t\t\t\t<\/div>\n\t\t<div class=\"elementor-element elementor-element-f6864d9 e-flex e-con-boxed e-con e-parent\" data-id=\"f6864d9\" data-element_type=\"container\">\n\t\t\t\t\t<div class=\"e-con-inner\">\n\t\t\t\t<div class=\"elementor-element elementor-element-c13c64c elementor-widget elementor-widget-heading\" data-id=\"c13c64c\" data-element_type=\"widget\" data-widget_type=\"heading.default\">\n\t\t\t\t<div class=\"elementor-widget-container\">\n\t\t\t<h2 class=\"elementor-heading-title elementor-size-default\">GIIMUS Infrastructure<\/h2>\t\t<\/div>\n\t\t\t\t<\/div>\n\t\t\t\t<div class=\"elementor-element elementor-element-1024f17 elementor-widget-mobile__width-initial elementor-widget elementor-widget-text-editor\" data-id=\"1024f17\" data-element_type=\"widget\" data-widget_type=\"text-editor.default\">\n\t\t\t\t<div class=\"elementor-widget-container\">\n\t\t\t\t\t\t\t<div><p style=\"text-align: center;\"><span style=\"text-align: justify;\">GIIMUS lab is composed of two principal investigators, one specialized technician in ultrasonic instrumentation, undergraduate and graduate students, and partial technical support of the Department of Physics for electronics. The laboratories sum an area of approximately 100 m\u00b2 with the following infrastructure:<\/span><\/p><\/div>\t\t\t\t\t\t<\/div>\n\t\t\t\t<\/div>\n\t\t\t\t<div class=\"elementor-element elementor-element-3af208f elementor-widget elementor-widget-gallery\" data-id=\"3af208f\" data-element_type=\"widget\" data-settings=\"{&quot;lazyload&quot;:&quot;yes&quot;,&quot;gallery_layout&quot;:&quot;grid&quot;,&quot;columns&quot;:4,&quot;columns_tablet&quot;:2,&quot;columns_mobile&quot;:1,&quot;gap&quot;:{&quot;unit&quot;:&quot;px&quot;,&quot;size&quot;:10,&quot;sizes&quot;:[]},&quot;gap_tablet&quot;:{&quot;unit&quot;:&quot;px&quot;,&quot;size&quot;:10,&quot;sizes&quot;:[]},&quot;gap_mobile&quot;:{&quot;unit&quot;:&quot;px&quot;,&quot;size&quot;:10,&quot;sizes&quot;:[]},&quot;link_to&quot;:&quot;file&quot;,&quot;aspect_ratio&quot;:&quot;3:2&quot;,&quot;overlay_background&quot;:&quot;yes&quot;,&quot;content_hover_animation&quot;:&quot;fade-in&quot;}\" data-widget_type=\"gallery.default\">\n\t\t\t\t<div class=\"elementor-widget-container\">\n\t\t\t\t\t<div class=\"elementor-gallery__container\">\n\t\t\t\t\t\t\t<a class=\"e-gallery-item elementor-gallery-item elementor-animated-content\" href=\"https:\/\/sites.usp.br\/giimus\/wp-content\/uploads\/sites\/892\/2013\/09\/20130918_092107.jpg\" data-elementor-open-lightbox=\"yes\" data-elementor-lightbox-slideshow=\"3af208f\" data-elementor-lightbox-title=\"Phantom\" data-e-action-hash=\"#elementor-action%3Aaction%3Dlightbox%26settings%3DeyJpZCI6MTU3LCJ1cmwiOiJodHRwczpcL1wvc2l0ZXMudXNwLmJyXC9naWltdXNcL3dwLWNvbnRlbnRcL3VwbG9hZHNcL3NpdGVzXC84OTJcLzIwMTNcLzA5XC8yMDEzMDkxOF8wOTIxMDcuanBnIiwic2xpZGVzaG93IjoiM2FmMjA4ZiJ9\">\n\t\t\t\t\t<div class=\"e-gallery-image elementor-gallery-item__image\" data-thumbnail=\"https:\/\/sites.usp.br\/giimus\/wp-content\/uploads\/sites\/892\/2013\/09\/20130918_092107-300x225.jpg\" data-width=\"300\" data-height=\"225\" aria-label=\"\" role=\"img\" ><\/div>\n\t\t\t\t\t\t\t\t\t\t\t<div class=\"elementor-gallery-item__overlay\"><\/div>\n\t\t\t\t\t\t\t\t\t\t\t\t\t\t<\/a>\n\t\t\t\t\t\t\t<a class=\"e-gallery-item elementor-gallery-item elementor-animated-content\" href=\"https:\/\/sites.usp.br\/giimus\/wp-content\/uploads\/sites\/892\/2013\/09\/2011-12-01_16-40-19_674-scaled.jpg\" data-elementor-open-lightbox=\"yes\" data-elementor-lightbox-slideshow=\"3af208f\" data-elementor-lightbox-title=\"Ultrassom\" data-e-action-hash=\"#elementor-action%3Aaction%3Dlightbox%26settings%3DeyJpZCI6MTk0LCJ1cmwiOiJodHRwczpcL1wvc2l0ZXMudXNwLmJyXC9naWltdXNcL3dwLWNvbnRlbnRcL3VwbG9hZHNcL3NpdGVzXC84OTJcLzIwMTNcLzA5XC8yMDExLTEyLTAxXzE2LTQwLTE5XzY3NC1zY2FsZWQuanBnIiwic2xpZGVzaG93IjoiM2FmMjA4ZiJ9\">\n\t\t\t\t\t<div class=\"e-gallery-image elementor-gallery-item__image\" data-thumbnail=\"https:\/\/sites.usp.br\/giimus\/wp-content\/uploads\/sites\/892\/2013\/09\/2011-12-01_16-40-19_674-300x169.jpg\" data-width=\"300\" data-height=\"169\" aria-label=\"\" role=\"img\" ><\/div>\n\t\t\t\t\t\t\t\t\t\t\t<div class=\"elementor-gallery-item__overlay\"><\/div>\n\t\t\t\t\t\t\t\t\t\t\t\t\t\t<\/a>\n\t\t\t\t\t\t\t<a class=\"e-gallery-item elementor-gallery-item elementor-animated-content\" href=\"https:\/\/sites.usp.br\/giimus\/wp-content\/uploads\/sites\/892\/2013\/09\/2012-11-23_16-29-08_282-scaled.jpg\" data-elementor-open-lightbox=\"yes\" data-elementor-lightbox-slideshow=\"3af208f\" data-elementor-lightbox-title=\"Vibroac\u00fastografia\" data-e-action-hash=\"#elementor-action%3Aaction%3Dlightbox%26settings%3DeyJpZCI6MTk3LCJ1cmwiOiJodHRwczpcL1wvc2l0ZXMudXNwLmJyXC9naWltdXNcL3dwLWNvbnRlbnRcL3VwbG9hZHNcL3NpdGVzXC84OTJcLzIwMTNcLzA5XC8yMDEyLTExLTIzXzE2LTI5LTA4XzI4Mi1zY2FsZWQuanBnIiwic2xpZGVzaG93IjoiM2FmMjA4ZiJ9\">\n\t\t\t\t\t<div class=\"e-gallery-image elementor-gallery-item__image\" data-thumbnail=\"https:\/\/sites.usp.br\/giimus\/wp-content\/uploads\/sites\/892\/2013\/09\/2012-11-23_16-29-08_282-300x225.jpg\" data-width=\"300\" data-height=\"225\" aria-label=\"\" role=\"img\" ><\/div>\n\t\t\t\t\t\t\t\t\t\t\t<div class=\"elementor-gallery-item__overlay\"><\/div>\n\t\t\t\t\t\t\t\t\t\t\t\t\t\t<\/a>\n\t\t\t\t\t\t\t<a class=\"e-gallery-item elementor-gallery-item elementor-animated-content\" href=\"https:\/\/sites.usp.br\/giimus\/wp-content\/uploads\/sites\/892\/2013\/09\/2011-12-03_13-03-09_7124-scaled.jpg\" data-elementor-open-lightbox=\"yes\" data-elementor-lightbox-slideshow=\"3af208f\" data-elementor-lightbox-title=\"Sistema de rastreio 3D e tanque ac\u00fastico\" data-e-action-hash=\"#elementor-action%3Aaction%3Dlightbox%26settings%3DeyJpZCI6MTk2LCJ1cmwiOiJodHRwczpcL1wvc2l0ZXMudXNwLmJyXC9naWltdXNcL3dwLWNvbnRlbnRcL3VwbG9hZHNcL3NpdGVzXC84OTJcLzIwMTNcLzA5XC8yMDExLTEyLTAzXzEzLTAzLTA5XzcxMjQtc2NhbGVkLmpwZyIsInNsaWRlc2hvdyI6IjNhZjIwOGYifQ%3D%3D\">\n\t\t\t\t\t<div class=\"e-gallery-image elementor-gallery-item__image\" data-thumbnail=\"https:\/\/sites.usp.br\/giimus\/wp-content\/uploads\/sites\/892\/2013\/09\/2011-12-03_13-03-09_7124-300x225.jpg\" data-width=\"300\" data-height=\"225\" aria-label=\"\" role=\"img\" ><\/div>\n\t\t\t\t\t\t\t\t\t\t\t<div class=\"elementor-gallery-item__overlay\"><\/div>\n\t\t\t\t\t\t\t\t\t\t\t\t\t\t<\/a>\n\t\t\t\t\t\t\t<a class=\"e-gallery-item elementor-gallery-item elementor-animated-content\" href=\"https:\/\/sites.usp.br\/giimus\/wp-content\/uploads\/sites\/892\/2013\/09\/20130918_094822.jpg\" data-elementor-open-lightbox=\"yes\" data-elementor-lightbox-slideshow=\"3af208f\" data-elementor-lightbox-title=\"Viscos\u00edmetro\" data-e-action-hash=\"#elementor-action%3Aaction%3Dlightbox%26settings%3DeyJpZCI6MTYyLCJ1cmwiOiJodHRwczpcL1wvc2l0ZXMudXNwLmJyXC9naWltdXNcL3dwLWNvbnRlbnRcL3VwbG9hZHNcL3NpdGVzXC84OTJcLzIwMTNcLzA5XC8yMDEzMDkxOF8wOTQ4MjIuanBnIiwic2xpZGVzaG93IjoiM2FmMjA4ZiJ9\">\n\t\t\t\t\t<div class=\"e-gallery-image elementor-gallery-item__image\" data-thumbnail=\"https:\/\/sites.usp.br\/giimus\/wp-content\/uploads\/sites\/892\/2013\/09\/20130918_094822-225x300.jpg\" data-width=\"225\" data-height=\"300\" aria-label=\"\" role=\"img\" ><\/div>\n\t\t\t\t\t\t\t\t\t\t\t<div class=\"elementor-gallery-item__overlay\"><\/div>\n\t\t\t\t\t\t\t\t\t\t\t\t\t\t<\/a>\n\t\t\t\t\t\t\t<a class=\"e-gallery-item elementor-gallery-item elementor-animated-content\" href=\"https:\/\/sites.usp.br\/giimus\/wp-content\/uploads\/sites\/892\/2013\/09\/20130918_094144.jpg\" data-elementor-open-lightbox=\"yes\" data-elementor-lightbox-slideshow=\"3af208f\" data-elementor-lightbox-title=\"Balan\u00e7a Ac\u00fastica\" data-e-action-hash=\"#elementor-action%3Aaction%3Dlightbox%26settings%3DeyJpZCI6MTYxLCJ1cmwiOiJodHRwczpcL1wvc2l0ZXMudXNwLmJyXC9naWltdXNcL3dwLWNvbnRlbnRcL3VwbG9hZHNcL3NpdGVzXC84OTJcLzIwMTNcLzA5XC8yMDEzMDkxOF8wOTQxNDQuanBnIiwic2xpZGVzaG93IjoiM2FmMjA4ZiJ9\">\n\t\t\t\t\t<div class=\"e-gallery-image elementor-gallery-item__image\" data-thumbnail=\"https:\/\/sites.usp.br\/giimus\/wp-content\/uploads\/sites\/892\/2013\/09\/20130918_094144-300x225.jpg\" data-width=\"300\" data-height=\"225\" aria-label=\"\" role=\"img\" ><\/div>\n\t\t\t\t\t\t\t\t\t\t\t<div class=\"elementor-gallery-item__overlay\"><\/div>\n\t\t\t\t\t\t\t\t\t\t\t\t\t\t<\/a>\n\t\t\t\t\t\t\t<a class=\"e-gallery-item elementor-gallery-item elementor-animated-content\" href=\"https:\/\/sites.usp.br\/giimus\/wp-content\/uploads\/sites\/892\/2013\/09\/20130918_092656.jpg\" data-elementor-open-lightbox=\"yes\" data-elementor-lightbox-slideshow=\"3af208f\" data-elementor-lightbox-title=\"Oscilosc\u00f3pio 10GSample\" data-e-action-hash=\"#elementor-action%3Aaction%3Dlightbox%26settings%3DeyJpZCI6MTYwLCJ1cmwiOiJodHRwczpcL1wvc2l0ZXMudXNwLmJyXC9naWltdXNcL3dwLWNvbnRlbnRcL3VwbG9hZHNcL3NpdGVzXC84OTJcLzIwMTNcLzA5XC8yMDEzMDkxOF8wOTI2NTYuanBnIiwic2xpZGVzaG93IjoiM2FmMjA4ZiJ9\">\n\t\t\t\t\t<div class=\"e-gallery-image elementor-gallery-item__image\" data-thumbnail=\"https:\/\/sites.usp.br\/giimus\/wp-content\/uploads\/sites\/892\/2013\/09\/20130918_092656-300x225.jpg\" data-width=\"300\" data-height=\"225\" aria-label=\"\" role=\"img\" ><\/div>\n\t\t\t\t\t\t\t\t\t\t\t<div class=\"elementor-gallery-item__overlay\"><\/div>\n\t\t\t\t\t\t\t\t\t\t\t\t\t\t<\/a>\n\t\t\t\t\t\t\t<a class=\"e-gallery-item elementor-gallery-item elementor-animated-content\" href=\"https:\/\/sites.usp.br\/giimus\/wp-content\/uploads\/sites\/892\/2013\/09\/20130918_092334.jpg\" data-elementor-open-lightbox=\"yes\" data-elementor-lightbox-slideshow=\"3af208f\" data-elementor-lightbox-title=\"Instrumentos de pesquisa em ultrassom\" data-e-action-hash=\"#elementor-action%3Aaction%3Dlightbox%26settings%3DeyJpZCI6MjA2LCJ1cmwiOiJodHRwczpcL1wvc2l0ZXMudXNwLmJyXC9naWltdXNcL3dwLWNvbnRlbnRcL3VwbG9hZHNcL3NpdGVzXC84OTJcLzIwMTNcLzA5XC8yMDEzMDkxOF8wOTIzMzQuanBnIiwic2xpZGVzaG93IjoiM2FmMjA4ZiJ9\">\n\t\t\t\t\t<div class=\"e-gallery-image elementor-gallery-item__image\" data-thumbnail=\"https:\/\/sites.usp.br\/giimus\/wp-content\/uploads\/sites\/892\/2013\/09\/20130918_092334-300x225.jpg\" data-width=\"300\" data-height=\"225\" aria-label=\"\" role=\"img\" ><\/div>\n\t\t\t\t\t\t\t\t\t\t\t<div class=\"elementor-gallery-item__overlay\"><\/div>\n\t\t\t\t\t\t\t\t\t\t\t\t\t\t<\/a>\n\t\t\t\t\t\t\t<a class=\"e-gallery-item elementor-gallery-item elementor-animated-content\" href=\"https:\/\/sites.usp.br\/giimus\/wp-content\/uploads\/sites\/892\/2013\/09\/20130918_092146.jpg\" data-elementor-open-lightbox=\"yes\" data-elementor-lightbox-slideshow=\"3af208f\" data-elementor-lightbox-title=\"Balan\u00e7a e Estufa\" data-e-action-hash=\"#elementor-action%3Aaction%3Dlightbox%26settings%3DeyJpZCI6MjA1LCJ1cmwiOiJodHRwczpcL1wvc2l0ZXMudXNwLmJyXC9naWltdXNcL3dwLWNvbnRlbnRcL3VwbG9hZHNcL3NpdGVzXC84OTJcLzIwMTNcLzA5XC8yMDEzMDkxOF8wOTIxNDYuanBnIiwic2xpZGVzaG93IjoiM2FmMjA4ZiJ9\">\n\t\t\t\t\t<div class=\"e-gallery-image elementor-gallery-item__image\" data-thumbnail=\"https:\/\/sites.usp.br\/giimus\/wp-content\/uploads\/sites\/892\/2013\/09\/20130918_092146-300x225.jpg\" data-width=\"300\" data-height=\"225\" aria-label=\"\" role=\"img\" ><\/div>\n\t\t\t\t\t\t\t\t\t\t\t<div class=\"elementor-gallery-item__overlay\"><\/div>\n\t\t\t\t\t\t\t\t\t\t\t\t\t\t<\/a>\n\t\t\t\t\t<\/div>\n\t\t\t<\/div>\n\t\t\t\t<\/div>\n\t\t\t\t<div class=\"elementor-element elementor-element-50f19d8 elementor-widget-mobile__width-initial elementor-widget elementor-widget-text-editor\" data-id=\"50f19d8\" data-element_type=\"widget\" data-widget_type=\"text-editor.default\">\n\t\t\t\t<div class=\"elementor-widget-container\">\n\t\t\t\t\t\t\t<ul><li><span style=\"text-align: justify;\">2 automated acoustic tanks;<\/span><\/li><li>Photoacoustic imaging laboratory;<\/li><li>1 electronic workbench;<\/li><li>High-frequency power amplifiers;<\/li><li>1 GE ultrasound system;<\/li><li>3 Ultrasonix ultrasound systems;<\/li><li>1 Magnetic Hyperthermia device;<\/li><li>1 Viscosimeter;<\/li><li>National Instruments boards for acquisition and hardware control;<\/li><li>Needle and membrane hydrophones;<\/li><li>Lock-in amplifiers;<\/li><li>Function generators and oscilloscopes;<\/li><li>Chemistry workbench for making phantoms.<\/li><\/ul>\t\t\t\t\t\t<\/div>\n\t\t\t\t<\/div>\n\t\t\t\t\t<\/div>\n\t\t\t\t<\/div>\n\t\t<div class=\"elementor-element elementor-element-8638636 e-flex e-con-boxed e-con e-parent\" data-id=\"8638636\" data-element_type=\"container\">\n\t\t\t\t\t<div class=\"e-con-inner\">\n\t\t\t\t<div class=\"elementor-element elementor-element-956862d elementor-widget-divider--view-line elementor-widget elementor-widget-divider\" data-id=\"956862d\" data-element_type=\"widget\" data-widget_type=\"divider.default\">\n\t\t\t\t<div class=\"elementor-widget-container\">\n\t\t\t\t\t<div class=\"elementor-divider\">\n\t\t\t<span class=\"elementor-divider-separator\">\n\t\t\t\t\t\t<\/span>\n\t\t<\/div>\n\t\t\t\t<\/div>\n\t\t\t\t<\/div>\n\t\t\t\t\t<\/div>\n\t\t\t\t<\/div>\n\t\t\t\t<\/div>\n\t\t","protected":false},"excerpt":{"rendered":"<p>Research Fields The GIIMUS\u00a0laboratory\u00a0aims to develop research in the fields of biomedical\u00a0 instrumentation and signal processing. We are especially interested in applying ultrasonic waves associated with magnetism and optics to develop new medical diagnostic and therapeutical procedures. The Research Fields are: 1 &#8211; Biomedical Instrumentation &#8211; This area includes the development and characterization of transducers&hellip;<\/p>\n","protected":false},"author":22255,"featured_media":0,"parent":0,"menu_order":2,"comment_status":"closed","ping_status":"closed","template":"","meta":{"footnotes":"","_links_to":"","_links_to_target":""},"class_list":["post-12","page","type-page","status-publish","hentry","post"],"yoast_head":"<!-- This site is optimized with the Yoast SEO plugin v27.2 - https:\/\/yoast.com\/product\/yoast-seo-wordpress\/ -->\n<title>Pesquisa - GIIMUS - Grupo de Inova\u00e7\u00e3o em Instrumenta\u00e7\u00e3o M\u00e9dica e Ultrassom<\/title>\n<meta name=\"robots\" content=\"index, follow, max-snippet:-1, max-image-preview:large, max-video-preview:-1\" \/>\n<link rel=\"canonical\" href=\"https:\/\/sites.usp.br\/giimus\/pesquisa\/\" \/>\n<meta name=\"twitter:label1\" content=\"Est. tempo de leitura\" \/>\n\t<meta name=\"twitter:data1\" content=\"2 minutos\" \/>\n<script type=\"application\/ld+json\" class=\"yoast-schema-graph\">{\"@context\":\"https:\/\/schema.org\",\"@graph\":[{\"@type\":\"WebPage\",\"@id\":\"https:\/\/sites.usp.br\/giimus\/pesquisa\/\",\"url\":\"https:\/\/sites.usp.br\/giimus\/pesquisa\/\",\"name\":\"Pesquisa - GIIMUS - Grupo de Inova\u00e7\u00e3o em Instrumenta\u00e7\u00e3o M\u00e9dica e Ultrassom\",\"isPartOf\":{\"@id\":\"https:\/\/sites.usp.br\/giimus\/pt\/#website\"},\"primaryImageOfPage\":{\"@id\":\"https:\/\/sites.usp.br\/giimus\/pesquisa\/#primaryimage\"},\"image\":{\"@id\":\"https:\/\/sites.usp.br\/giimus\/pesquisa\/#primaryimage\"},\"thumbnailUrl\":\"http:\/\/giimus.wordpress.com\/wp-includes\/js\/tinymce\/plugins\/wordpress\/img\/trans.gif?m=1207340914g\",\"datePublished\":\"2013-09-14T02:14:22+00:00\",\"dateModified\":\"2024-03-04T01:33:36+00:00\",\"inLanguage\":\"pt-BR\",\"potentialAction\":[{\"@type\":\"ReadAction\",\"target\":[\"https:\/\/sites.usp.br\/giimus\/pesquisa\/\"]}]},{\"@type\":\"ImageObject\",\"inLanguage\":\"pt-BR\",\"@id\":\"https:\/\/sites.usp.br\/giimus\/pesquisa\/#primaryimage\",\"url\":\"http:\/\/giimus.wordpress.com\/wp-includes\/js\/tinymce\/plugins\/wordpress\/img\/trans.gif?m=1207340914g\",\"contentUrl\":\"http:\/\/giimus.wordpress.com\/wp-includes\/js\/tinymce\/plugins\/wordpress\/img\/trans.gif?m=1207340914g\"},{\"@type\":\"WebSite\",\"@id\":\"https:\/\/sites.usp.br\/giimus\/pt\/#website\",\"url\":\"https:\/\/sites.usp.br\/giimus\/pt\/\",\"name\":\"GIIMUS - Grupo de Inova\u00e7\u00e3o em Instrumenta\u00e7\u00e3o M\u00e9dica e Ultrassom\",\"description\":\"Grupo de Inova\u00e7\u00e3o em Instrumenta\u00e7\u00e3o M\u00e9dica e Ultrassom - Universidade de S\u00e3o Paulo\",\"potentialAction\":[{\"@type\":\"SearchAction\",\"target\":{\"@type\":\"EntryPoint\",\"urlTemplate\":\"https:\/\/sites.usp.br\/giimus\/pt\/?s={search_term_string}\"},\"query-input\":{\"@type\":\"PropertyValueSpecification\",\"valueRequired\":true,\"valueName\":\"search_term_string\"}}],\"inLanguage\":\"pt-BR\"}]}<\/script>\n<!-- \/ Yoast SEO plugin. -->","yoast_head_json":{"title":"Pesquisa - GIIMUS - Grupo de Inova\u00e7\u00e3o em Instrumenta\u00e7\u00e3o M\u00e9dica e Ultrassom","robots":{"index":"index","follow":"follow","max-snippet":"max-snippet:-1","max-image-preview":"max-image-preview:large","max-video-preview":"max-video-preview:-1"},"canonical":"https:\/\/sites.usp.br\/giimus\/pesquisa\/","twitter_misc":{"Est. tempo de leitura":"2 minutos"},"schema":{"@context":"https:\/\/schema.org","@graph":[{"@type":"WebPage","@id":"https:\/\/sites.usp.br\/giimus\/pesquisa\/","url":"https:\/\/sites.usp.br\/giimus\/pesquisa\/","name":"Pesquisa - GIIMUS - Grupo de Inova\u00e7\u00e3o em Instrumenta\u00e7\u00e3o M\u00e9dica e Ultrassom","isPartOf":{"@id":"https:\/\/sites.usp.br\/giimus\/pt\/#website"},"primaryImageOfPage":{"@id":"https:\/\/sites.usp.br\/giimus\/pesquisa\/#primaryimage"},"image":{"@id":"https:\/\/sites.usp.br\/giimus\/pesquisa\/#primaryimage"},"thumbnailUrl":"http:\/\/giimus.wordpress.com\/wp-includes\/js\/tinymce\/plugins\/wordpress\/img\/trans.gif?m=1207340914g","datePublished":"2013-09-14T02:14:22+00:00","dateModified":"2024-03-04T01:33:36+00:00","inLanguage":"pt-BR","potentialAction":[{"@type":"ReadAction","target":["https:\/\/sites.usp.br\/giimus\/pesquisa\/"]}]},{"@type":"ImageObject","inLanguage":"pt-BR","@id":"https:\/\/sites.usp.br\/giimus\/pesquisa\/#primaryimage","url":"http:\/\/giimus.wordpress.com\/wp-includes\/js\/tinymce\/plugins\/wordpress\/img\/trans.gif?m=1207340914g","contentUrl":"http:\/\/giimus.wordpress.com\/wp-includes\/js\/tinymce\/plugins\/wordpress\/img\/trans.gif?m=1207340914g"},{"@type":"WebSite","@id":"https:\/\/sites.usp.br\/giimus\/pt\/#website","url":"https:\/\/sites.usp.br\/giimus\/pt\/","name":"GIIMUS - Grupo de Inova\u00e7\u00e3o em Instrumenta\u00e7\u00e3o M\u00e9dica e Ultrassom","description":"Grupo de Inova\u00e7\u00e3o em Instrumenta\u00e7\u00e3o M\u00e9dica e Ultrassom - Universidade de S\u00e3o Paulo","potentialAction":[{"@type":"SearchAction","target":{"@type":"EntryPoint","urlTemplate":"https:\/\/sites.usp.br\/giimus\/pt\/?s={search_term_string}"},"query-input":{"@type":"PropertyValueSpecification","valueRequired":true,"valueName":"search_term_string"}}],"inLanguage":"pt-BR"}]}},"_links":{"self":[{"href":"https:\/\/sites.usp.br\/giimus\/pt\/wp-json\/wp\/v2\/pages\/12","targetHints":{"allow":["GET"]}}],"collection":[{"href":"https:\/\/sites.usp.br\/giimus\/pt\/wp-json\/wp\/v2\/pages"}],"about":[{"href":"https:\/\/sites.usp.br\/giimus\/pt\/wp-json\/wp\/v2\/types\/page"}],"author":[{"embeddable":true,"href":"https:\/\/sites.usp.br\/giimus\/pt\/wp-json\/wp\/v2\/users\/22255"}],"replies":[{"embeddable":true,"href":"https:\/\/sites.usp.br\/giimus\/pt\/wp-json\/wp\/v2\/comments?post=12"}],"version-history":[{"count":4,"href":"https:\/\/sites.usp.br\/giimus\/pt\/wp-json\/wp\/v2\/pages\/12\/revisions"}],"predecessor-version":[{"id":2894,"href":"https:\/\/sites.usp.br\/giimus\/pt\/wp-json\/wp\/v2\/pages\/12\/revisions\/2894"}],"wp:attachment":[{"href":"https:\/\/sites.usp.br\/giimus\/pt\/wp-json\/wp\/v2\/media?parent=12"}],"curies":[{"name":"wp","href":"https:\/\/api.w.org\/{rel}","templated":true}]}}