{"id":134,"date":"2013-09-18T10:55:33","date_gmt":"2013-09-18T13:55:33","guid":{"rendered":"http:\/\/giimus.wordpress.com\/?page_id=134"},"modified":"2025-12-30T18:50:27","modified_gmt":"2025-12-30T20:50:27","slug":"posicoes","status":"publish","type":"page","link":"https:\/\/sites.usp.br\/giimus\/pt\/posicoes\/","title":{"rendered":"Oportunidades"},"content":{"rendered":"\t\t<div data-elementor-type=\"wp-page\" data-elementor-id=\"134\" class=\"elementor elementor-134\" data-elementor-post-type=\"page\">\n\t\t\t\t<div class=\"elementor-element elementor-element-8633cd1 e-flex e-con-boxed e-con e-parent\" data-id=\"8633cd1\" data-element_type=\"container\">\n\t\t\t\t\t<div class=\"e-con-inner\">\n\t\t\t\t<div class=\"elementor-element elementor-element-4ed27a7 elementor-widget elementor-widget-heading\" data-id=\"4ed27a7\" data-element_type=\"widget\" data-widget_type=\"heading.default\">\n\t\t\t\t<div class=\"elementor-widget-container\">\n\t\t\t<h1 class=\"elementor-heading-title elementor-size-xl\"><br>Opportunities<\/h1>\t\t<\/div>\n\t\t\t\t<\/div>\n\t\t\t\t<div class=\"elementor-element elementor-element-6aa1e0f elementor-widget__width-initial elementor-widget elementor-widget-text-editor\" data-id=\"6aa1e0f\" data-element_type=\"widget\" data-widget_type=\"text-editor.default\">\n\t\t\t\t<div class=\"elementor-widget-container\">\n\t\t\t\t\t\t\t<p>GIIMUS offers research and development opportunities in Physics Applied to Medicine and Biology, with a focus on ultrasound, photoacoustics, magnetoacoustics and instrumentation. We rely on grants from CAPES, CNPq, and FAPESP. To be accepted as a graduate student (PhD or Masters), the candidate is conditioned to curriculum evaluation and to be approved to enroll in the\u00a0 <a href=\"https:\/\/sites.usp.br\/famb\/pb\/ingresso\/\">Graduate Program of\u00a0 Physics Applied to Medicine and Biology \/ Department of Physics- FFCLRP\/USP.<\/a><\/p><ul><li>Postdoc<\/li><li>PhD<\/li><li>Master&#8217;s<\/li><li>Undergraduate<\/li><\/ul>\t\t\t\t\t\t<\/div>\n\t\t\t\t<\/div>\n\t\t\t\t<div class=\"elementor-element elementor-element-4475a20 elementor-widget elementor-widget-heading\" data-id=\"4475a20\" data-element_type=\"widget\" data-widget_type=\"heading.default\">\n\t\t\t\t<div class=\"elementor-widget-container\">\n\t\t\t<h1 class=\"elementor-heading-title elementor-size-xl\">Open Calls<\/h1>\t\t<\/div>\n\t\t\t\t<\/div>\n\t\t\t\t\t<\/div>\n\t\t\t\t<\/div>\n\t\t\t\t<\/div>\n\t\t","protected":false},"excerpt":{"rendered":"<p>Opportunities GIIMUS offers research and development opportunities in Physics Applied to Medicine and Biology, with a focus on ultrasound, photoacoustics, magnetoacoustics and instrumentation. We rely on grants from CAPES, CNPq, and FAPESP. To be accepted as a graduate student (PhD or Masters), the candidate is conditioned to curriculum evaluation and to be approved to enroll&hellip;<\/p>\n","protected":false},"author":22251,"featured_media":0,"parent":0,"menu_order":11,"comment_status":"closed","ping_status":"closed","template":"","meta":{"footnotes":"","_links_to":"","_links_to_target":""},"class_list":["post-134","page","type-page","status-publish","hentry","post"],"yoast_head":"<!-- This site is optimized with the Yoast SEO plugin v27.3 - https:\/\/yoast.com\/product\/yoast-seo-wordpress\/ -->\n<title>Oportunidades - GIIMUS - Grupo de Inova\u00e7\u00e3o em Instrumenta\u00e7\u00e3o M\u00e9dica e Ultrassom<\/title>\n<meta name=\"robots\" content=\"index, follow, max-snippet:-1, max-image-preview:large, max-video-preview:-1\" \/>\n<link rel=\"canonical\" href=\"https:\/\/sites.usp.br\/giimus\/posicoes\/\" \/>\n<script type=\"application\/ld+json\" class=\"yoast-schema-graph\">{\"@context\":\"https:\\\/\\\/schema.org\",\"@graph\":[{\"@type\":\"WebPage\",\"@id\":\"https:\\\/\\\/sites.usp.br\\\/giimus\\\/posicoes\\\/\",\"url\":\"https:\\\/\\\/sites.usp.br\\\/giimus\\\/posicoes\\\/\",\"name\":\"Oportunidades - GIIMUS - Grupo de Inova\u00e7\u00e3o em Instrumenta\u00e7\u00e3o M\u00e9dica e Ultrassom\",\"isPartOf\":{\"@id\":\"https:\\\/\\\/sites.usp.br\\\/giimus\\\/pt\\\/#website\"},\"datePublished\":\"2013-09-18T13:55:33+00:00\",\"dateModified\":\"2025-12-30T20:50:27+00:00\",\"inLanguage\":\"pt-BR\",\"potentialAction\":[{\"@type\":\"ReadAction\",\"target\":[\"https:\\\/\\\/sites.usp.br\\\/giimus\\\/posicoes\\\/\"]}]},{\"@type\":\"WebSite\",\"@id\":\"https:\\\/\\\/sites.usp.br\\\/giimus\\\/pt\\\/#website\",\"url\":\"https:\\\/\\\/sites.usp.br\\\/giimus\\\/pt\\\/\",\"name\":\"GIIMUS - Grupo de Inova\u00e7\u00e3o em Instrumenta\u00e7\u00e3o M\u00e9dica e Ultrassom\",\"description\":\"Grupo de Inova\u00e7\u00e3o em Instrumenta\u00e7\u00e3o M\u00e9dica e Ultrassom - Universidade de S\u00e3o Paulo\",\"potentialAction\":[{\"@type\":\"SearchAction\",\"target\":{\"@type\":\"EntryPoint\",\"urlTemplate\":\"https:\\\/\\\/sites.usp.br\\\/giimus\\\/pt\\\/?s={search_term_string}\"},\"query-input\":{\"@type\":\"PropertyValueSpecification\",\"valueRequired\":true,\"valueName\":\"search_term_string\"}}],\"inLanguage\":\"pt-BR\"}]}<\/script>\n<!-- \/ Yoast SEO plugin. -->","yoast_head_json":{"title":"Oportunidades - GIIMUS - Grupo de Inova\u00e7\u00e3o em Instrumenta\u00e7\u00e3o M\u00e9dica e Ultrassom","robots":{"index":"index","follow":"follow","max-snippet":"max-snippet:-1","max-image-preview":"max-image-preview:large","max-video-preview":"max-video-preview:-1"},"canonical":"https:\/\/sites.usp.br\/giimus\/posicoes\/","schema":{"@context":"https:\/\/schema.org","@graph":[{"@type":"WebPage","@id":"https:\/\/sites.usp.br\/giimus\/posicoes\/","url":"https:\/\/sites.usp.br\/giimus\/posicoes\/","name":"Oportunidades - GIIMUS - Grupo de Inova\u00e7\u00e3o em Instrumenta\u00e7\u00e3o M\u00e9dica e Ultrassom","isPartOf":{"@id":"https:\/\/sites.usp.br\/giimus\/pt\/#website"},"datePublished":"2013-09-18T13:55:33+00:00","dateModified":"2025-12-30T20:50:27+00:00","inLanguage":"pt-BR","potentialAction":[{"@type":"ReadAction","target":["https:\/\/sites.usp.br\/giimus\/posicoes\/"]}]},{"@type":"WebSite","@id":"https:\/\/sites.usp.br\/giimus\/pt\/#website","url":"https:\/\/sites.usp.br\/giimus\/pt\/","name":"GIIMUS - Grupo de Inova\u00e7\u00e3o em Instrumenta\u00e7\u00e3o M\u00e9dica e Ultrassom","description":"Grupo de Inova\u00e7\u00e3o em Instrumenta\u00e7\u00e3o M\u00e9dica e Ultrassom - Universidade de S\u00e3o Paulo","potentialAction":[{"@type":"SearchAction","target":{"@type":"EntryPoint","urlTemplate":"https:\/\/sites.usp.br\/giimus\/pt\/?s={search_term_string}"},"query-input":{"@type":"PropertyValueSpecification","valueRequired":true,"valueName":"search_term_string"}}],"inLanguage":"pt-BR"}]}},"_links":{"self":[{"href":"https:\/\/sites.usp.br\/giimus\/pt\/wp-json\/wp\/v2\/pages\/134","targetHints":{"allow":["GET"]}}],"collection":[{"href":"https:\/\/sites.usp.br\/giimus\/pt\/wp-json\/wp\/v2\/pages"}],"about":[{"href":"https:\/\/sites.usp.br\/giimus\/pt\/wp-json\/wp\/v2\/types\/page"}],"author":[{"embeddable":true,"href":"https:\/\/sites.usp.br\/giimus\/pt\/wp-json\/wp\/v2\/users\/22251"}],"replies":[{"embeddable":true,"href":"https:\/\/sites.usp.br\/giimus\/pt\/wp-json\/wp\/v2\/comments?post=134"}],"version-history":[{"count":4,"href":"https:\/\/sites.usp.br\/giimus\/pt\/wp-json\/wp\/v2\/pages\/134\/revisions"}],"predecessor-version":[{"id":3153,"href":"https:\/\/sites.usp.br\/giimus\/pt\/wp-json\/wp\/v2\/pages\/134\/revisions\/3153"}],"wp:attachment":[{"href":"https:\/\/sites.usp.br\/giimus\/pt\/wp-json\/wp\/v2\/media?parent=134"}],"curies":[{"name":"wp","href":"https:\/\/api.w.org\/{rel}","templated":true}]}}