{"id":182,"date":"2013-09-13T23:37:59","date_gmt":"2013-09-14T02:37:59","guid":{"rendered":"http:\/\/giimus.wordpress.com\/?page_id=25"},"modified":"2024-03-03T16:36:09","modified_gmt":"2024-03-03T18:36:09","slug":"colaboracoes","status":"publish","type":"page","link":"https:\/\/sites.usp.br\/giimus\/pt\/colaboracoes\/","title":{"rendered":"Colabora\u00e7\u00f5es"},"content":{"rendered":"\t\t<div data-elementor-type=\"wp-page\" data-elementor-id=\"182\" class=\"elementor elementor-182\" data-elementor-post-type=\"page\">\n\t\t\t\t<div class=\"elementor-element elementor-element-db77d5c e-flex e-con-boxed e-con e-parent\" data-id=\"db77d5c\" data-element_type=\"container\">\n\t\t\t\t\t<div class=\"e-con-inner\">\n\t\t\t\t<div class=\"elementor-element elementor-element-ce8d523 elementor-widget elementor-widget-heading\" data-id=\"ce8d523\" data-element_type=\"widget\" data-widget_type=\"heading.default\">\n\t\t\t\t<div class=\"elementor-widget-container\">\n\t\t\t<h1 class=\"elementor-heading-title elementor-size-xl\"><br>Collaborations Around the World<\/h1>\t\t<\/div>\n\t\t\t\t<\/div>\n\t\t\t\t<div class=\"elementor-element elementor-element-9af7871 elementor-hidden-mobile elementor-widget elementor-widget-spacer\" data-id=\"9af7871\" data-element_type=\"widget\" data-widget_type=\"spacer.default\">\n\t\t\t\t<div class=\"elementor-widget-container\">\n\t\t\t\t\t<div class=\"elementor-spacer\">\n\t\t\t<div class=\"elementor-spacer-inner\"><\/div>\n\t\t<\/div>\n\t\t\t\t<\/div>\n\t\t\t\t<\/div>\n\t\t\t\t\t<\/div>\n\t\t\t\t<\/div>\n\t\t<div class=\"elementor-element elementor-element-6aba87f4 e-flex e-con-boxed e-con e-parent\" data-id=\"6aba87f4\" data-element_type=\"container\">\n\t\t\t\t\t<div class=\"e-con-inner\">\n\t\t\t\t<div class=\"elementor-element elementor-element-af75c3c elementor-widget__width-inherit elementor-hidden-tablet elementor-hidden-mobile elementor-widget elementor-widget-igmap\" data-id=\"af75c3c\" data-element_type=\"widget\" data-widget_type=\"igmap.default\">\n\t\t\t\t<div class=\"elementor-widget-container\">\n\t\t\t<div class=\"igmap-elementor-widget\"><div class=\"map_wrapper\" id=\"map_wrapper_2226\">\n<div class=\"map_box\" style=\"max-width:2000px\">\n<div class=\"map_aspect_ratio\" style=\"padding-top:56%\" data-padding-top=\"56%\" data-padding-top-mobile=\"0%\">\n<div class=\"map_container\">\n<div class=\"map_render map_loading\" id=\"map_2226\"><\/div>\n<\/div>\n<\/div>\n<\/div>\n<\/div><\/div>\t\t<\/div>\n\t\t\t\t<\/div>\n\t\t\t\t<div class=\"elementor-element elementor-element-940964c elementor-hidden-desktop elementor-tabs-view-horizontal elementor-widget elementor-widget-tabs\" data-id=\"940964c\" data-element_type=\"widget\" data-widget_type=\"tabs.default\">\n\t\t\t\t<div class=\"elementor-widget-container\">\n\t\t\t\t\t<div class=\"elementor-tabs\">\n\t\t\t<div class=\"elementor-tabs-wrapper\" role=\"tablist\" >\n\t\t\t\t\t\t\t\t\t<div id=\"elementor-tab-title-1551\" class=\"elementor-tab-title elementor-tab-desktop-title\" aria-selected=\"true\" data-tab=\"1\" role=\"tab\" tabindex=\"0\" aria-controls=\"elementor-tab-content-1551\" aria-expanded=\"false\">Brazil<\/div>\n\t\t\t\t\t\t\t<\/div>\n\t\t\t<div class=\"elementor-tabs-content-wrapper\" role=\"tablist\" aria-orientation=\"vertical\">\n\t\t\t\t\t\t\t\t\t<div class=\"elementor-tab-title elementor-tab-mobile-title\" aria-selected=\"true\" data-tab=\"1\" role=\"tab\" tabindex=\"0\" aria-controls=\"elementor-tab-content-1551\" aria-expanded=\"false\">Brazil<\/div>\n\t\t\t\t\t<div id=\"elementor-tab-content-1551\" class=\"elementor-tab-content elementor-clearfix\" data-tab=\"1\" role=\"tabpanel\" aria-labelledby=\"elementor-tab-title-1551\" tabindex=\"0\" hidden=\"false\"><ul><li><a href=\"https:\/\/ifsc-lear.weebly.com\/\">Lear &#8211; IFSC<\/a><br \/>&#8212;&#8212;&#8212;&#8212;&#8212;<\/li><li><a href=\"https:\/\/biomaglab.wordpress.com\/\">BiomagLab &#8211; USP\/RP<\/a><br \/>&#8212;&#8212;&#8212;&#8212;&#8212;<\/li><li><a href=\"https:\/\/www.ibb.unesp.br\/#!\/ensino\/departamentos\/biofisica-farmacologia\/laboratorios\/2\/\">Biomag &#8211; Unesp\/Botucatu<\/a><br \/>&#8212;&#8212;&#8212;&#8212;&#8212;<\/li><li><a href=\"https:\/\/if.ufal.br\/pt-br\/pesquisa\/grupos-de-pesquisa\/grupo-de-acustica-fisica\">Physical Acoustics Group &#8211; UFAL<\/a><br \/>&#8212;&#8212;&#8212;&#8212;&#8212;<\/li><li><a href=\"https:\/\/ccifm.fmrp.usp.br\/\">Centro de Ci\u00eancias da Imagem e F\u00edsica M\u00e9dica &#8211; HCFMRP<\/a><br \/>&#8212;&#8212;&#8212;&#8212;&#8212;<\/li><li><a href=\"https:\/\/superaparque.com.br\/\">Supera Parque<\/a><br \/>&#8212;&#8212;&#8212;&#8212;&#8212;<\/li><li><a href=\"https:\/\/sbeb.org.br\/\">Sociedade Brasileira de Engenharia Biom\u00e9dica &#8211; SBEB<\/a><br \/>&#8212;&#8212;&#8212;&#8212;&#8212;<\/li><li><a href=\"https:\/\/www.abfm.org.br\/\">Associa\u00e7\u00e3o Brasileira De F\u00edsica M\u00e9dica &#8211; ABFM<\/a><br \/>&#8212;&#8212;&#8212;&#8212;&#8212;<\/li><li><a href=\"https:\/\/fapesp.br\/\">Funda\u00e7\u00e3o de Amparo \u00e0 Pesquisa do Estado de S\u00e3o Paulo &#8211; FAPESP<\/a><br \/>&#8212;&#8212;&#8212;&#8212;&#8212;<\/li><li><a href=\"https:\/\/www.hc.fm.usp.br\/hc\/portal\/\">Hospital das Cl\u00ednicas &#8211; FMUSP<\/a><\/li><\/ul><\/div>\n\t\t\t\t\t\t\t<\/div>\n\t\t<\/div>\n\t\t\t\t<\/div>\n\t\t\t\t<\/div>\n\t\t\t\t<div class=\"elementor-element elementor-element-218a021c elementor-hidden-desktop elementor-hidden-tablet elementor-hidden-mobile elementor-widget elementor-widget-text-editor\" data-id=\"218a021c\" data-element_type=\"widget\" data-widget_type=\"text-editor.default\">\n\t\t\t\t<div class=\"elementor-widget-container\">\n\t\t\t\t\t\t\t&nbsp;\r\n<table style=\"height: 424px;\" border=\"0\" width=\"610\" cellspacing=\"0\" cellpadding=\"0\">\r\n<tbody>\r\n<tr>\r\n<td valign=\"top\" width=\"192\">\r\n<p style=\"text-align: center;\"><a href=\"http:\/\/www.ffclrp.usp.br\"><img decoding=\"async\" class=\"size-full wp-image-738 aligncenter\" src=\"https:\/\/sites.usp.br\/giimus\/wp-content\/uploads\/sites\/892\/2022\/01\/logo-FFCLRP.png\" alt=\"\" width=\"260\" height=\"90\" \/><\/a><\/p>\r\n<\/td>\r\n<td valign=\"top\" width=\"192\"><a href=\"http:\/\/df.ffclrp.usp.br\/\"><img decoding=\"async\" class=\"size-full wp-image-741 aligncenter\" src=\"https:\/\/sites.usp.br\/giimus\/wp-content\/uploads\/sites\/892\/2022\/01\/logo_site.png\" alt=\"\" width=\"100\" height=\"102\" srcset=\"https:\/\/sites.usp.br\/giimus\/wp-content\/uploads\/sites\/892\/2022\/01\/logo_site.png 100w, https:\/\/sites.usp.br\/giimus\/wp-content\/uploads\/sites\/892\/2022\/01\/logo_site-45x45.png 45w\" sizes=\"(max-width: 100px) 100vw, 100px\" \/><\/a><\/td>\r\n<td valign=\"top\" width=\"192\"><a href=\"https:\/\/sites.usp.br\/giimus\/wp-content\/uploads\/sites\/892\/2013\/09\/famb.png\" target=\"_blank\" rel=\"http:\/\/famb.ffclrp.usp.br\/ noopener\"><img decoding=\"async\" class=\"size-full wp-image-255 aligncenter\" src=\"https:\/\/sites.usp.br\/giimus\/wp-content\/uploads\/sites\/892\/2013\/09\/famb.png\" alt=\"\" width=\"100\" height=\"106\" \/><\/a><\/td>\r\n<\/tr>\r\n<tr>\r\n<td valign=\"top\" width=\"192\"><a href=\"https:\/\/ccifm.fmrp.usp.br\/\"><img loading=\"lazy\" decoding=\"async\" class=\"size-full wp-image-742 aligncenter\" src=\"https:\/\/sites.usp.br\/giimus\/wp-content\/uploads\/sites\/892\/2022\/01\/Logo_FMRP_t.png\" alt=\"\" width=\"72\" height=\"100\" \/><\/a><\/td>\r\n<td valign=\"top\" width=\"192\">\r\n<p style=\"text-align: center;\"><a href=\"http:\/\/www.mayo.edu\/research\/labs\/ultrasound-imaging\/overview\" target=\"_blank\" rel=\"noopener\"><img loading=\"lazy\" decoding=\"async\" class=\"aligncenter\" src=\"http:\/\/www.mayo.edu\/research\/~\/media\/Images\/MayoLogo.ashx\" alt=\"\" width=\"77\" height=\"83\" \/><\/a><\/p>\r\n<\/td>\r\n<td valign=\"top\" width=\"192\">&nbsp;\r\n<p style=\"text-align: center;\"><a href=\"https:\/\/superaparque.com.br\/\"><img loading=\"lazy\" decoding=\"async\" class=\"size-full wp-image-740 aligncenter\" src=\"https:\/\/sites.usp.br\/giimus\/wp-content\/uploads\/sites\/892\/2022\/01\/header-logo-supera.jpg\" alt=\"\" width=\"277\" height=\"67\" \/><\/a><\/p>\r\n<\/td>\r\n<\/tr>\r\n<tr>\r\n<td valign=\"top\" width=\"192\"><a href=\"http:\/\/www.medphysics.wisc.edu\/\" target=\"_blank\" rel=\"noopener\"><img loading=\"lazy\" decoding=\"async\" class=\"aligncenter\" src=\"http:\/\/www.fnal.gov\/pub\/today\/universities\/images\/university-wisconsin-logo.jpg\" alt=\"\" width=\"158\" height=\"104\" \/><\/a><\/td>\r\n<td valign=\"top\" width=\"192\"><a href=\"http:\/\/orion.bme.columbia.edu\/ueil\/\" target=\"_blank\" rel=\"noopener\"><img loading=\"lazy\" decoding=\"async\" class=\"aligncenter\" src=\"https:\/\/encrypted-tbn1.gstatic.com\/images?q=tbn:ANd9GcRIup35fbMlfprP6i7WpuNKsZBXPp8HOqjp-_eXmBXAck6PG6Bm\" alt=\"\" width=\"160\" height=\"160\" \/><\/a><\/td>\r\n<td valign=\"top\" width=\"192\">&nbsp;\r\n\r\n<a href=\"https:\/\/www.bme.utexas.edu\/\"><img loading=\"lazy\" decoding=\"async\" class=\"alignnone size-medium wp-image-744\" src=\"https:\/\/sites.usp.br\/giimus\/wp-content\/uploads\/sites\/892\/2022\/01\/bmelogo-300x64.png\" alt=\"\" width=\"300\" height=\"64\" srcset=\"https:\/\/sites.usp.br\/giimus\/wp-content\/uploads\/sites\/892\/2022\/01\/bmelogo-300x64.png 300w, https:\/\/sites.usp.br\/giimus\/wp-content\/uploads\/sites\/892\/2022\/01\/bmelogo.png 363w\" sizes=\"(max-width: 300px) 100vw, 300px\" \/><\/a><\/td>\r\n<\/tr>\r\n<\/tbody>\r\n<\/table>\r\nColaboradores:\r\n<table border=\"0\" cellspacing=\"0\" cellpadding=\"0\">\r\n<tbody>\r\n<tr>\r\n<td valign=\"top\" width=\"189\"><a href=\"http:\/\/www.fig-labs.com.br\/home\/\" target=\"_blank\" rel=\"noopener\"><img loading=\"lazy\" decoding=\"async\" class=\"alignnone size-thumbnail wp-image-278\" src=\"https:\/\/sites.usp.br\/giimus\/wp-content\/uploads\/sites\/892\/2013\/09\/04-marca-figlabs.png?w=150\" alt=\"04 Marca Figlabs\" width=\"150\" height=\"45\" srcset=\"https:\/\/sites.usp.br\/giimus\/wp-content\/uploads\/sites\/892\/2013\/09\/04-marca-figlabs.png 1906w, https:\/\/sites.usp.br\/giimus\/wp-content\/uploads\/sites\/892\/2013\/09\/04-marca-figlabs-300x90.png 300w, https:\/\/sites.usp.br\/giimus\/wp-content\/uploads\/sites\/892\/2013\/09\/04-marca-figlabs-1024x308.png 1024w, https:\/\/sites.usp.br\/giimus\/wp-content\/uploads\/sites\/892\/2013\/09\/04-marca-figlabs-768x231.png 768w, https:\/\/sites.usp.br\/giimus\/wp-content\/uploads\/sites\/892\/2013\/09\/04-marca-figlabs-1536x463.png 1536w, https:\/\/sites.usp.br\/giimus\/wp-content\/uploads\/sites\/892\/2013\/09\/04-marca-figlabs-400x120.png 400w\" sizes=\"(max-width: 150px) 100vw, 150px\" \/><\/a><\/td>\r\n<td style=\"text-align: center;\" valign=\"top\" width=\"189\"><a href=\"http:\/\/orion.bme.columbia.edu\/ueil\/\" target=\"_blank\" rel=\"noopener\">\u00a0<\/a><\/td>\r\n<td valign=\"top\" width=\"189\"><\/td>\r\n<\/tr>\r\n<\/tbody>\r\n<\/table>\t\t\t\t\t\t<\/div>\n\t\t\t\t<\/div>\n\t\t\t\t\t<\/div>\n\t\t\t\t<\/div>\n\t\t<div class=\"elementor-element elementor-element-4201410 e-flex e-con-boxed e-con e-parent\" data-id=\"4201410\" data-element_type=\"container\">\n\t\t\t\t\t<div class=\"e-con-inner\">\n\t\t\t\t<div class=\"elementor-element elementor-element-093e99d elementor-widget-divider--view-line elementor-widget elementor-widget-divider\" data-id=\"093e99d\" data-element_type=\"widget\" data-widget_type=\"divider.default\">\n\t\t\t\t<div class=\"elementor-widget-container\">\n\t\t\t\t\t<div class=\"elementor-divider\">\n\t\t\t<span class=\"elementor-divider-separator\">\n\t\t\t\t\t\t<\/span>\n\t\t<\/div>\n\t\t\t\t<\/div>\n\t\t\t\t<\/div>\n\t\t\t\t\t<\/div>\n\t\t\t\t<\/div>\n\t\t\t\t<\/div>\n\t\t","protected":false},"excerpt":{"rendered":"<p>Collaborations Around the World Apenas pr\u00e9-visualizar Brazil Brazil Lear &#8211; IFSC&#8212;&#8212;&#8212;&#8212;&#8212; BiomagLab &#8211; USP\/RP&#8212;&#8212;&#8212;&#8212;&#8212; Biomag &#8211; Unesp\/Botucatu&#8212;&#8212;&#8212;&#8212;&#8212; Physical Acoustics Group &#8211; UFAL&#8212;&#8212;&#8212;&#8212;&#8212; Centro de Ci\u00eancias da Imagem e F\u00edsica M\u00e9dica &#8211; HCFMRP&#8212;&#8212;&#8212;&#8212;&#8212; Supera Parque&#8212;&#8212;&#8212;&#8212;&#8212; Sociedade Brasileira de Engenharia Biom\u00e9dica &#8211; SBEB&#8212;&#8212;&#8212;&#8212;&#8212; Associa\u00e7\u00e3o Brasileira De F\u00edsica M\u00e9dica &#8211; ABFM&#8212;&#8212;&#8212;&#8212;&#8212; Funda\u00e7\u00e3o de Amparo \u00e0 Pesquisa do Estado&hellip;<\/p>\n","protected":false},"author":22255,"featured_media":0,"parent":0,"menu_order":13,"comment_status":"closed","ping_status":"closed","template":"","meta":{"footnotes":"","_links_to":"","_links_to_target":""},"class_list":["post-182","page","type-page","status-publish","hentry","post"],"yoast_head":"<!-- This site is optimized with the Yoast SEO plugin v27.5 - https:\/\/yoast.com\/product\/yoast-seo-wordpress\/ -->\n<title>Colabora\u00e7\u00f5es - GIIMUS - Grupo de Inova\u00e7\u00e3o em Instrumenta\u00e7\u00e3o M\u00e9dica e Ultrassom<\/title>\n<meta name=\"robots\" content=\"index, follow, max-snippet:-1, max-image-preview:large, max-video-preview:-1\" \/>\n<link rel=\"canonical\" href=\"https:\/\/sites.usp.br\/giimus\/colaboracoes\/\" \/>\n<script type=\"application\/ld+json\" class=\"yoast-schema-graph\">{\"@context\":\"https:\\\/\\\/schema.org\",\"@graph\":[{\"@type\":\"WebPage\",\"@id\":\"https:\\\/\\\/sites.usp.br\\\/giimus\\\/colaboracoes\\\/\",\"url\":\"https:\\\/\\\/sites.usp.br\\\/giimus\\\/colaboracoes\\\/\",\"name\":\"Colabora\u00e7\u00f5es - GIIMUS - Grupo de Inova\u00e7\u00e3o em Instrumenta\u00e7\u00e3o M\u00e9dica e Ultrassom\",\"isPartOf\":{\"@id\":\"https:\\\/\\\/sites.usp.br\\\/giimus\\\/pt\\\/#website\"},\"primaryImageOfPage\":{\"@id\":\"https:\\\/\\\/sites.usp.br\\\/giimus\\\/colaboracoes\\\/#primaryimage\"},\"image\":{\"@id\":\"https:\\\/\\\/sites.usp.br\\\/giimus\\\/colaboracoes\\\/#primaryimage\"},\"thumbnailUrl\":\"https:\\\/\\\/sites.usp.br\\\/giimus\\\/wp-content\\\/uploads\\\/sites\\\/892\\\/2022\\\/01\\\/logo-FFCLRP.png\",\"datePublished\":\"2013-09-14T02:37:59+00:00\",\"dateModified\":\"2024-03-03T18:36:09+00:00\",\"inLanguage\":\"pt-BR\",\"potentialAction\":[{\"@type\":\"ReadAction\",\"target\":[\"https:\\\/\\\/sites.usp.br\\\/giimus\\\/colaboracoes\\\/\"]}]},{\"@type\":\"ImageObject\",\"inLanguage\":\"pt-BR\",\"@id\":\"https:\\\/\\\/sites.usp.br\\\/giimus\\\/colaboracoes\\\/#primaryimage\",\"url\":\"https:\\\/\\\/sites.usp.br\\\/giimus\\\/wp-content\\\/uploads\\\/sites\\\/892\\\/2022\\\/01\\\/logo-FFCLRP.png\",\"contentUrl\":\"https:\\\/\\\/sites.usp.br\\\/giimus\\\/wp-content\\\/uploads\\\/sites\\\/892\\\/2022\\\/01\\\/logo-FFCLRP.png\"},{\"@type\":\"WebSite\",\"@id\":\"https:\\\/\\\/sites.usp.br\\\/giimus\\\/pt\\\/#website\",\"url\":\"https:\\\/\\\/sites.usp.br\\\/giimus\\\/pt\\\/\",\"name\":\"GIIMUS - Grupo de Inova\u00e7\u00e3o em Instrumenta\u00e7\u00e3o M\u00e9dica e Ultrassom\",\"description\":\"Grupo de Inova\u00e7\u00e3o em Instrumenta\u00e7\u00e3o M\u00e9dica e Ultrassom - Universidade de S\u00e3o Paulo\",\"potentialAction\":[{\"@type\":\"SearchAction\",\"target\":{\"@type\":\"EntryPoint\",\"urlTemplate\":\"https:\\\/\\\/sites.usp.br\\\/giimus\\\/pt\\\/?s={search_term_string}\"},\"query-input\":{\"@type\":\"PropertyValueSpecification\",\"valueRequired\":true,\"valueName\":\"search_term_string\"}}],\"inLanguage\":\"pt-BR\"}]}<\/script>\n<!-- \/ Yoast SEO plugin. -->","yoast_head_json":{"title":"Colabora\u00e7\u00f5es - GIIMUS - Grupo de Inova\u00e7\u00e3o em Instrumenta\u00e7\u00e3o M\u00e9dica e Ultrassom","robots":{"index":"index","follow":"follow","max-snippet":"max-snippet:-1","max-image-preview":"max-image-preview:large","max-video-preview":"max-video-preview:-1"},"canonical":"https:\/\/sites.usp.br\/giimus\/colaboracoes\/","schema":{"@context":"https:\/\/schema.org","@graph":[{"@type":"WebPage","@id":"https:\/\/sites.usp.br\/giimus\/colaboracoes\/","url":"https:\/\/sites.usp.br\/giimus\/colaboracoes\/","name":"Colabora\u00e7\u00f5es - GIIMUS - Grupo de Inova\u00e7\u00e3o em Instrumenta\u00e7\u00e3o M\u00e9dica e Ultrassom","isPartOf":{"@id":"https:\/\/sites.usp.br\/giimus\/pt\/#website"},"primaryImageOfPage":{"@id":"https:\/\/sites.usp.br\/giimus\/colaboracoes\/#primaryimage"},"image":{"@id":"https:\/\/sites.usp.br\/giimus\/colaboracoes\/#primaryimage"},"thumbnailUrl":"https:\/\/sites.usp.br\/giimus\/wp-content\/uploads\/sites\/892\/2022\/01\/logo-FFCLRP.png","datePublished":"2013-09-14T02:37:59+00:00","dateModified":"2024-03-03T18:36:09+00:00","inLanguage":"pt-BR","potentialAction":[{"@type":"ReadAction","target":["https:\/\/sites.usp.br\/giimus\/colaboracoes\/"]}]},{"@type":"ImageObject","inLanguage":"pt-BR","@id":"https:\/\/sites.usp.br\/giimus\/colaboracoes\/#primaryimage","url":"https:\/\/sites.usp.br\/giimus\/wp-content\/uploads\/sites\/892\/2022\/01\/logo-FFCLRP.png","contentUrl":"https:\/\/sites.usp.br\/giimus\/wp-content\/uploads\/sites\/892\/2022\/01\/logo-FFCLRP.png"},{"@type":"WebSite","@id":"https:\/\/sites.usp.br\/giimus\/pt\/#website","url":"https:\/\/sites.usp.br\/giimus\/pt\/","name":"GIIMUS - Grupo de Inova\u00e7\u00e3o em Instrumenta\u00e7\u00e3o M\u00e9dica e Ultrassom","description":"Grupo de Inova\u00e7\u00e3o em Instrumenta\u00e7\u00e3o M\u00e9dica e Ultrassom - Universidade de S\u00e3o Paulo","potentialAction":[{"@type":"SearchAction","target":{"@type":"EntryPoint","urlTemplate":"https:\/\/sites.usp.br\/giimus\/pt\/?s={search_term_string}"},"query-input":{"@type":"PropertyValueSpecification","valueRequired":true,"valueName":"search_term_string"}}],"inLanguage":"pt-BR"}]}},"_links":{"self":[{"href":"https:\/\/sites.usp.br\/giimus\/pt\/wp-json\/wp\/v2\/pages\/182","targetHints":{"allow":["GET"]}}],"collection":[{"href":"https:\/\/sites.usp.br\/giimus\/pt\/wp-json\/wp\/v2\/pages"}],"about":[{"href":"https:\/\/sites.usp.br\/giimus\/pt\/wp-json\/wp\/v2\/types\/page"}],"author":[{"embeddable":true,"href":"https:\/\/sites.usp.br\/giimus\/pt\/wp-json\/wp\/v2\/users\/22255"}],"replies":[{"embeddable":true,"href":"https:\/\/sites.usp.br\/giimus\/pt\/wp-json\/wp\/v2\/comments?post=182"}],"version-history":[{"count":4,"href":"https:\/\/sites.usp.br\/giimus\/pt\/wp-json\/wp\/v2\/pages\/182\/revisions"}],"predecessor-version":[{"id":2747,"href":"https:\/\/sites.usp.br\/giimus\/pt\/wp-json\/wp\/v2\/pages\/182\/revisions\/2747"}],"wp:attachment":[{"href":"https:\/\/sites.usp.br\/giimus\/pt\/wp-json\/wp\/v2\/media?parent=182"}],"curies":[{"name":"wp","href":"https:\/\/api.w.org\/{rel}","templated":true}]}}