{"id":198,"date":"2013-09-17T21:57:50","date_gmt":"2013-09-18T00:57:50","guid":{"rendered":"http:\/\/giimus.wordpress.com\/?page_id=124"},"modified":"2024-03-04T14:07:01","modified_gmt":"2024-03-04T16:07:01","slug":"phantom","status":"publish","type":"page","link":"https:\/\/sites.usp.br\/giimus\/pt\/phantom\/","title":{"rendered":"Phantom"},"content":{"rendered":"\t\t<div data-elementor-type=\"wp-page\" data-elementor-id=\"198\" class=\"elementor elementor-198\" data-elementor-post-type=\"page\">\n\t\t\t\t<div class=\"elementor-element elementor-element-d5fcb48 e-flex e-con-boxed e-con e-parent\" data-id=\"d5fcb48\" data-element_type=\"container\">\n\t\t\t\t\t<div class=\"e-con-inner\">\n\t\t\t\t<div class=\"elementor-element elementor-element-0841bf4 elementor-widget elementor-widget-heading\" data-id=\"0841bf4\" data-element_type=\"widget\" data-widget_type=\"heading.default\">\n\t\t\t\t<div class=\"elementor-widget-container\">\n\t\t\t<h1 class=\"elementor-heading-title elementor-size-xl\"><br>Tissue-mimicking Phantom<\/h1>\t\t<\/div>\n\t\t\t\t<\/div>\n\t\t\t\t\t<\/div>\n\t\t\t\t<\/div>\n\t\t<div class=\"elementor-element elementor-element-fc24c10 e-flex e-con-boxed e-con e-parent\" data-id=\"fc24c10\" data-element_type=\"container\">\n\t\t\t\t\t<div class=\"e-con-inner\">\n\t\t\t\t<div class=\"elementor-element elementor-element-6494b7c elementor-widget elementor-widget-text-editor\" data-id=\"6494b7c\" data-element_type=\"widget\" data-widget_type=\"text-editor.default\">\n\t\t\t\t<div class=\"elementor-widget-container\">\n\t\t\t\t\t\t\t<p><span style=\"font-weight: 400;\">The development of innovative imaging and therapeutic techniques requires both <\/span><i><span style=\"font-weight: 400;\">in vitro<\/span><\/i><span style=\"font-weight: 400;\"> and <\/span><i><span style=\"font-weight: 400;\">in vivo<\/span><\/i><span style=\"font-weight: 400;\"> testing. However, <\/span><i><span style=\"font-weight: 400;\">in vivo<\/span><\/i><span style=\"font-weight: 400;\"> experiments demand previous characterization of the technology, aiming for the most ethical use of animals. In this context,\u00a0 methodologies can be first carried out on tissue-mimicking materials, known as &#8220;phantoms.&#8221; Originally designed as tools for training in imaging techniques, these simulators have evolved to play a fundamental role in research and the development of advanced technologies, as they can mimic the format, size, and different mechanical properties equivalent to biological tissues, according to demand (Vieira et al., 2013). Their application for advancing ultrasound techniques has been a subject of study by GIIMUS in various contexts, with variations in their composition depending on the research objectives (Cabrelli et al., 2017, 2021; Pavan et al., 2012). (Figure 1)<\/span><\/p><p><span style=\"font-weight: 400;\">Acoustic simulators allow the mimicking of interactions between magnetic nanoparticles and biological tissues, providing a profound understanding of magnetic responses in controlled environments. They play a crucial role in validating and refining magneto-motive ultrasound techniques, contributing to the understanding of microvibrations induced by magnetic nanoparticles (NMPs) and their interactions with magnetic fields, as mentioned earlier (Almeida et al., 2015; Hadadian et al., 2021). The research group also participated in the development of various medical simulators, such as a biomimetic brain phantom for the validation of brain image volumetric measurements (BVM) (Figure 2), a breast phantom used for medical training in ultrasound-guided biopsy (Figure 3) and a lung phantom that simulates ultrasound artifacts commonly seen in Covid-19 patients (Figure 4).<\/span><\/p><p><span style=\"font-weight: 400;\">This combination of cutting-edge research and realistic simulation drives significant advances in diagnosis and therapy, especially in the detection of medical conditions such as cancer, using different mixtures of styrene-ethylene\/butylene &#8211; styrene gel and paraffin to mimic white matter (WM), gray matter (GM), and cerebrospinal fluid (CSF) were used in this work (Figure 2).<\/span><\/p>\t\t\t\t\t\t<\/div>\n\t\t\t\t<\/div>\n\t\t\t\t<div class=\"elementor-element elementor-element-80ccc2e elementor-widget elementor-widget-gallery\" data-id=\"80ccc2e\" data-element_type=\"widget\" data-settings=\"{&quot;gallery_layout&quot;:&quot;justified&quot;,&quot;gap&quot;:{&quot;unit&quot;:&quot;px&quot;,&quot;size&quot;:14,&quot;sizes&quot;:[]},&quot;ideal_row_height&quot;:{&quot;unit&quot;:&quot;px&quot;,&quot;size&quot;:200,&quot;sizes&quot;:[]},&quot;ideal_row_height_tablet&quot;:{&quot;unit&quot;:&quot;px&quot;,&quot;size&quot;:150,&quot;sizes&quot;:[]},&quot;ideal_row_height_mobile&quot;:{&quot;unit&quot;:&quot;px&quot;,&quot;size&quot;:150,&quot;sizes&quot;:[]},&quot;gap_tablet&quot;:{&quot;unit&quot;:&quot;px&quot;,&quot;size&quot;:10,&quot;sizes&quot;:[]},&quot;gap_mobile&quot;:{&quot;unit&quot;:&quot;px&quot;,&quot;size&quot;:10,&quot;sizes&quot;:[]},&quot;link_to&quot;:&quot;file&quot;,&quot;overlay_background&quot;:&quot;yes&quot;,&quot;content_hover_animation&quot;:&quot;fade-in&quot;}\" data-widget_type=\"gallery.default\">\n\t\t\t\t<div class=\"elementor-widget-container\">\n\t\t\t\t\t<div class=\"elementor-gallery__container\">\n\t\t\t\t\t\t\t<a class=\"e-gallery-item elementor-gallery-item elementor-animated-content\" href=\"https:\/\/sites.usp.br\/giimus\/wp-content\/uploads\/sites\/892\/2013\/09\/1180.png\" data-elementor-open-lightbox=\"yes\" data-elementor-lightbox-slideshow=\"80ccc2e\" data-elementor-lightbox-title=\"1180\" data-e-action-hash=\"#elementor-action%3Aaction%3Dlightbox%26settings%3DeyJpZCI6MjE3LCJ1cmwiOiJodHRwczpcL1wvc2l0ZXMudXNwLmJyXC9naWltdXNcL3dwLWNvbnRlbnRcL3VwbG9hZHNcL3NpdGVzXC84OTJcLzIwMTNcLzA5XC8xMTgwLnBuZyIsInNsaWRlc2hvdyI6IjgwY2NjMmUifQ%3D%3D\">\n\t\t\t\t\t<div class=\"e-gallery-image elementor-gallery-item__image\" data-thumbnail=\"https:\/\/sites.usp.br\/giimus\/wp-content\/uploads\/sites\/892\/2013\/09\/1180-282x300.png\" data-width=\"282\" data-height=\"300\" aria-label=\"\" role=\"img\" ><\/div>\n\t\t\t\t\t\t\t\t\t\t\t<div class=\"elementor-gallery-item__overlay\"><\/div>\n\t\t\t\t\t\t\t\t\t\t\t\t\t\t<\/a>\n\t\t\t\t\t\t\t<a class=\"e-gallery-item elementor-gallery-item elementor-animated-content\" href=\"https:\/\/sites.usp.br\/giimus\/wp-content\/uploads\/sites\/892\/2013\/09\/11-22-35.png\" data-elementor-open-lightbox=\"yes\" data-elementor-lightbox-slideshow=\"80ccc2e\" data-elementor-lightbox-title=\"Phantom para ultrassom\" data-e-action-hash=\"#elementor-action%3Aaction%3Dlightbox%26settings%3DeyJpZCI6MjE1LCJ1cmwiOiJodHRwczpcL1wvc2l0ZXMudXNwLmJyXC9naWltdXNcL3dwLWNvbnRlbnRcL3VwbG9hZHNcL3NpdGVzXC84OTJcLzIwMTNcLzA5XC8xMS0yMi0zNS5wbmciLCJzbGlkZXNob3ciOiI4MGNjYzJlIn0%3D\">\n\t\t\t\t\t<div class=\"e-gallery-image elementor-gallery-item__image\" data-thumbnail=\"https:\/\/sites.usp.br\/giimus\/wp-content\/uploads\/sites\/892\/2013\/09\/11-22-35-300x225.png\" data-width=\"300\" data-height=\"225\" aria-label=\"\" role=\"img\" ><\/div>\n\t\t\t\t\t\t\t\t\t\t\t<div class=\"elementor-gallery-item__overlay\"><\/div>\n\t\t\t\t\t\t\t\t\t\t\t\t\t\t<\/a>\n\t\t\t\t\t\t\t<a class=\"e-gallery-item elementor-gallery-item elementor-animated-content\" href=\"https:\/\/sites.usp.br\/giimus\/wp-content\/uploads\/sites\/892\/2013\/09\/11-20-22.png\" data-elementor-open-lightbox=\"yes\" data-elementor-lightbox-slideshow=\"80ccc2e\" data-elementor-lightbox-title=\"11-20-22\" data-e-action-hash=\"#elementor-action%3Aaction%3Dlightbox%26settings%3DeyJpZCI6MjE4LCJ1cmwiOiJodHRwczpcL1wvc2l0ZXMudXNwLmJyXC9naWltdXNcL3dwLWNvbnRlbnRcL3VwbG9hZHNcL3NpdGVzXC84OTJcLzIwMTNcLzA5XC8xMS0yMC0yMi5wbmciLCJzbGlkZXNob3ciOiI4MGNjYzJlIn0%3D\">\n\t\t\t\t\t<div class=\"e-gallery-image elementor-gallery-item__image\" data-thumbnail=\"https:\/\/sites.usp.br\/giimus\/wp-content\/uploads\/sites\/892\/2013\/09\/11-20-22-300x225.png\" data-width=\"300\" data-height=\"225\" aria-label=\"\" role=\"img\" ><\/div>\n\t\t\t\t\t\t\t\t\t\t\t<div class=\"elementor-gallery-item__overlay\"><\/div>\n\t\t\t\t\t\t\t\t\t\t\t\t\t\t<\/a>\n\t\t\t\t\t\t\t<a class=\"e-gallery-item elementor-gallery-item elementor-animated-content\" href=\"https:\/\/sites.usp.br\/giimus\/wp-content\/uploads\/sites\/892\/2013\/09\/10-41-10.png\" data-elementor-open-lightbox=\"yes\" data-elementor-lightbox-slideshow=\"80ccc2e\" data-elementor-lightbox-title=\"Phantom para ultrassom\" data-e-action-hash=\"#elementor-action%3Aaction%3Dlightbox%26settings%3DeyJpZCI6MjEzLCJ1cmwiOiJodHRwczpcL1wvc2l0ZXMudXNwLmJyXC9naWltdXNcL3dwLWNvbnRlbnRcL3VwbG9hZHNcL3NpdGVzXC84OTJcLzIwMTNcLzA5XC8xMC00MS0xMC5wbmciLCJzbGlkZXNob3ciOiI4MGNjYzJlIn0%3D\">\n\t\t\t\t\t<div class=\"e-gallery-image elementor-gallery-item__image\" data-thumbnail=\"https:\/\/sites.usp.br\/giimus\/wp-content\/uploads\/sites\/892\/2013\/09\/10-41-10-300x225.png\" data-width=\"300\" data-height=\"225\" aria-label=\"\" role=\"img\" ><\/div>\n\t\t\t\t\t\t\t\t\t\t\t<div class=\"elementor-gallery-item__overlay\"><\/div>\n\t\t\t\t\t\t\t\t\t\t\t\t\t\t<\/a>\n\t\t\t\t\t\t\t<a class=\"e-gallery-item elementor-gallery-item elementor-animated-content\" href=\"https:\/\/sites.usp.br\/giimus\/wp-content\/uploads\/sites\/892\/2013\/09\/14-35-58.png\" data-elementor-open-lightbox=\"yes\" data-elementor-lightbox-slideshow=\"80ccc2e\" data-elementor-lightbox-title=\"Phantom para ultrassom\" data-e-action-hash=\"#elementor-action%3Aaction%3Dlightbox%26settings%3DeyJpZCI6MjE2LCJ1cmwiOiJodHRwczpcL1wvc2l0ZXMudXNwLmJyXC9naWltdXNcL3dwLWNvbnRlbnRcL3VwbG9hZHNcL3NpdGVzXC84OTJcLzIwMTNcLzA5XC8xNC0zNS01OC5wbmciLCJzbGlkZXNob3ciOiI4MGNjYzJlIn0%3D\">\n\t\t\t\t\t<div class=\"e-gallery-image elementor-gallery-item__image\" data-thumbnail=\"https:\/\/sites.usp.br\/giimus\/wp-content\/uploads\/sites\/892\/2013\/09\/14-35-58-300x225.png\" data-width=\"300\" data-height=\"225\" aria-label=\"\" role=\"img\" ><\/div>\n\t\t\t\t\t\t\t\t\t\t\t<div class=\"elementor-gallery-item__overlay\"><\/div>\n\t\t\t\t\t\t\t\t\t\t\t\t\t\t<\/a>\n\t\t\t\t\t\t\t<a class=\"e-gallery-item elementor-gallery-item elementor-animated-content\" href=\"https:\/\/sites.usp.br\/giimus\/wp-content\/uploads\/sites\/892\/2013\/09\/phantomcabeca-scaled.jpg\" data-elementor-open-lightbox=\"yes\" data-elementor-lightbox-slideshow=\"80ccc2e\" data-elementor-lightbox-title=\"Phantom encef\u00e1lico\" data-e-action-hash=\"#elementor-action%3Aaction%3Dlightbox%26settings%3DeyJpZCI6MTA1LCJ1cmwiOiJodHRwczpcL1wvc2l0ZXMudXNwLmJyXC9naWltdXNcL3dwLWNvbnRlbnRcL3VwbG9hZHNcL3NpdGVzXC84OTJcLzIwMTNcLzA5XC9waGFudG9tY2FiZWNhLXNjYWxlZC5qcGciLCJzbGlkZXNob3ciOiI4MGNjYzJlIn0%3D\">\n\t\t\t\t\t<div class=\"e-gallery-image elementor-gallery-item__image\" data-thumbnail=\"https:\/\/sites.usp.br\/giimus\/wp-content\/uploads\/sites\/892\/2013\/09\/phantomcabeca-224x300.jpg\" data-width=\"224\" data-height=\"300\" aria-label=\"\" role=\"img\" ><\/div>\n\t\t\t\t\t\t\t\t\t\t\t<div class=\"elementor-gallery-item__overlay\"><\/div>\n\t\t\t\t\t\t\t\t\t\t\t\t\t\t<\/a>\n\t\t\t\t\t\t\t<a class=\"e-gallery-item elementor-gallery-item elementor-animated-content\" href=\"https:\/\/sites.usp.br\/giimus\/wp-content\/uploads\/sites\/892\/2013\/09\/10-41-38.png\" data-elementor-open-lightbox=\"yes\" data-elementor-lightbox-slideshow=\"80ccc2e\" data-elementor-lightbox-title=\"Phantom para ultrassom\" data-e-action-hash=\"#elementor-action%3Aaction%3Dlightbox%26settings%3DeyJpZCI6MjE0LCJ1cmwiOiJodHRwczpcL1wvc2l0ZXMudXNwLmJyXC9naWltdXNcL3dwLWNvbnRlbnRcL3VwbG9hZHNcL3NpdGVzXC84OTJcLzIwMTNcLzA5XC8xMC00MS0zOC5wbmciLCJzbGlkZXNob3ciOiI4MGNjYzJlIn0%3D\">\n\t\t\t\t\t<div class=\"e-gallery-image elementor-gallery-item__image\" data-thumbnail=\"https:\/\/sites.usp.br\/giimus\/wp-content\/uploads\/sites\/892\/2013\/09\/10-41-38-300x225.png\" data-width=\"300\" data-height=\"225\" aria-label=\"\" role=\"img\" ><\/div>\n\t\t\t\t\t\t\t\t\t\t\t<div class=\"elementor-gallery-item__overlay\"><\/div>\n\t\t\t\t\t\t\t\t\t\t\t\t\t\t<\/a>\n\t\t\t\t\t\t\t<a class=\"e-gallery-item elementor-gallery-item elementor-animated-content\" href=\"https:\/\/sites.usp.br\/giimus\/wp-content\/uploads\/sites\/892\/2013\/09\/14-27-38.png\" data-elementor-open-lightbox=\"yes\" data-elementor-lightbox-slideshow=\"80ccc2e\" data-elementor-lightbox-title=\"14-27-38\" data-e-action-hash=\"#elementor-action%3Aaction%3Dlightbox%26settings%3DeyJpZCI6MjE5LCJ1cmwiOiJodHRwczpcL1wvc2l0ZXMudXNwLmJyXC9naWltdXNcL3dwLWNvbnRlbnRcL3VwbG9hZHNcL3NpdGVzXC84OTJcLzIwMTNcLzA5XC8xNC0yNy0zOC5wbmciLCJzbGlkZXNob3ciOiI4MGNjYzJlIn0%3D\">\n\t\t\t\t\t<div class=\"e-gallery-image elementor-gallery-item__image\" data-thumbnail=\"https:\/\/sites.usp.br\/giimus\/wp-content\/uploads\/sites\/892\/2013\/09\/14-27-38-300x225.png\" data-width=\"300\" data-height=\"225\" aria-label=\"\" role=\"img\" ><\/div>\n\t\t\t\t\t\t\t\t\t\t\t<div class=\"elementor-gallery-item__overlay\"><\/div>\n\t\t\t\t\t\t\t\t\t\t\t\t\t\t<\/a>\n\t\t\t\t\t\t\t<a class=\"e-gallery-item elementor-gallery-item elementor-animated-content\" href=\"https:\/\/sites.usp.br\/giimus\/wp-content\/uploads\/sites\/892\/2013\/09\/image-1.jpeg\" data-elementor-open-lightbox=\"yes\" data-elementor-lightbox-slideshow=\"80ccc2e\" data-elementor-lightbox-title=\"Phantoms\" data-elementor-lightbox-description=\"&lt;a href=&quot;http:\/\/wp.me\/P3UFIH-20&quot;&gt;&lt;\/a&gt;\" data-e-action-hash=\"#elementor-action%3Aaction%3Dlightbox%26settings%3DeyJpZCI6MTY1LCJ1cmwiOiJodHRwczpcL1wvc2l0ZXMudXNwLmJyXC9naWltdXNcL3dwLWNvbnRlbnRcL3VwbG9hZHNcL3NpdGVzXC84OTJcLzIwMTNcLzA5XC9pbWFnZS0xLmpwZWciLCJzbGlkZXNob3ciOiI4MGNjYzJlIn0%3D\">\n\t\t\t\t\t<div class=\"e-gallery-image elementor-gallery-item__image\" data-thumbnail=\"https:\/\/sites.usp.br\/giimus\/wp-content\/uploads\/sites\/892\/2013\/09\/image-1-260x300.jpeg\" data-width=\"260\" data-height=\"300\" aria-label=\"\" role=\"img\" ><\/div>\n\t\t\t\t\t\t\t\t\t\t\t<div class=\"elementor-gallery-item__overlay\"><\/div>\n\t\t\t\t\t\t\t\t\t\t\t\t\t\t<\/a>\n\t\t\t\t\t<\/div>\n\t\t\t<\/div>\n\t\t\t\t<\/div>\n\t\t\t\t<div class=\"elementor-element elementor-element-6336977 elementor-widget elementor-widget-text-editor\" data-id=\"6336977\" data-element_type=\"widget\" data-widget_type=\"text-editor.default\">\n\t\t\t\t<div class=\"elementor-widget-container\">\n\t\t\t\t\t\t\t<p>The soft tissue simulating objects used in ultrasound, more commonly called phantoms, are materials that have physical characteristics \u2013 such as acoustic wave propagation speed, density, viscoelasticity \u2013 close to tissues or other materials. (credit: Vivian Luccas)<\/p>\t\t\t\t\t\t<\/div>\n\t\t\t\t<\/div>\n\t\t\t\t<div class=\"elementor-element elementor-element-7987dff elementor-widget elementor-widget-text-editor\" data-id=\"7987dff\" data-element_type=\"widget\" data-widget_type=\"text-editor.default\">\n\t\t\t\t<div class=\"elementor-widget-container\">\n\t\t\t\t\t\t\t<p>Read More at:<\/p><ul><li><a href=\"https:\/\/pubmed.ncbi.nlm.nih.gov\/24035622\/\"><span style=\"font-weight: 400;\">VIEIRA, S. L. <\/span><i><span style=\"font-weight: 400;\">et al.<\/span><\/i><span style=\"font-weight: 400;\"> Paraffin-Gel Tissue-Mimicking Material for Ultrasound-Guided Needle Biopsy Phantom. <\/span><b>Ultrasound in Medicine and Biology<\/b><span style=\"font-weight: 400;\">, v. 39, n. 12, 2013.<\/span><\/a><\/li><li><a href=\"https:\/\/pubmed.ncbi.nlm.nih.gov\/26670853\/\"><span style=\"font-weight: 400;\">ALMEIDA, T. W. J. <\/span><i><span style=\"font-weight: 400;\">et al.<\/span><\/i><span style=\"font-weight: 400;\"> Comparison between shear wave dispersion magneto motive ultrasound and transient elastography for measuring tissue-mimicking phantom viscoelasticity. <\/span><b>IEEE Transactions on Ultrasonics, Ferroelectrics, and Frequency Control<\/b><span style=\"font-weight: 400;\">, v. 62, n. 12, 2015.<\/span><\/a><\/li><li><a href=\"https:\/\/pubmed.ncbi.nlm.nih.gov\/34496358\/\"><span style=\"font-weight: 400;\">Glycerol-in-SEBS gel as a material to manufacture stable wall-less vascular phantom for ultrasound and photoacoustic imaging. <\/span><b>Biomedical Physics and Engineering Express<\/b><span style=\"font-weight: 400;\">, v. 7, n. 6, 2021.<\/span><\/a><\/li><li><a href=\"https:\/\/pubmed.ncbi.nlm.nih.gov\/32356735\/\"><span style=\"font-weight: 400;\">A Novel Theranostic Platform: Integration of Magnetomotive and Thermal Ultrasound Imaging with Magnetic Hyperthermia. <\/span><b>IEEE Transactions on Biomedical Engineering<\/b><span style=\"font-weight: 400;\">, v. 68, n. 1, 2021.<\/span><\/a><\/li><li><a href=\"https:\/\/pubmed.ncbi.nlm.nih.gov\/22772074\/\"><span style=\"font-weight: 400;\">PAVAN, T. Z. <\/span><i><span style=\"font-weight: 400;\">et al.<\/span><\/i><span style=\"font-weight: 400;\"> A nonlinear elasticity phantom containing spherical inclusions. <\/span><b>Physics in Medicine and Biology<\/b><span style=\"font-weight: 400;\">, v. 57, n. 15, 2012.<\/span><\/a><\/li><li><a href=\"https:\/\/pubmed.ncbi.nlm.nih.gov\/28648918\/\"><span style=\"font-weight: 400;\">CABRELLI, L. C. <\/span><i><span style=\"font-weight: 400;\">et al.<\/span><\/i><span style=\"font-weight: 400;\"> Acoustic and Elastic Properties of Glycerol in Oil-Based Gel Phantoms. <\/span><b>Ultrasound in Medicine and Biology<\/b><span style=\"font-weight: 400;\">, v. 43, n. 9, 2017.<\/span><\/a><\/li><\/ul>\t\t\t\t\t\t<\/div>\n\t\t\t\t<\/div>\n\t\t\t\t\t<\/div>\n\t\t\t\t<\/div>\n\t\t<div class=\"elementor-element elementor-element-eb89a2c e-flex e-con-boxed e-con e-parent\" data-id=\"eb89a2c\" data-element_type=\"container\">\n\t\t\t\t\t<div class=\"e-con-inner\">\n\t\t\t\t<div class=\"elementor-element elementor-element-0d678e5 elementor-widget-divider--view-line elementor-widget elementor-widget-divider\" data-id=\"0d678e5\" data-element_type=\"widget\" data-widget_type=\"divider.default\">\n\t\t\t\t<div class=\"elementor-widget-container\">\n\t\t\t\t\t<div class=\"elementor-divider\">\n\t\t\t<span class=\"elementor-divider-separator\">\n\t\t\t\t\t\t<\/span>\n\t\t<\/div>\n\t\t\t\t<\/div>\n\t\t\t\t<\/div>\n\t\t\t\t\t<\/div>\n\t\t\t\t<\/div>\n\t\t<div class=\"elementor-element elementor-element-b917f26 e-con-full e-flex e-con e-parent\" data-id=\"b917f26\" data-element_type=\"container\">\n\t\t\t\t<div class=\"elementor-element elementor-element-fae24b4 elementor-widget__width-initial elementor-widget elementor-widget-author-box\" data-id=\"fae24b4\" data-element_type=\"widget\" data-widget_type=\"author-box.default\">\n\t\t\t\t<div class=\"elementor-widget-container\">\n\t\t\t\t\t<div class=\"elementor-author-box\">\n\t\t\t\t\t\t\t<a href=\"https:\/\/sites.usp.br\/giimus\/pt\/membros\/\" class=\"elementor-author-box__avatar\">\n\t\t\t\t\t<img decoding=\"async\" src=\"https:\/\/sites.usp.br\/giimus\/wp-content\/uploads\/sites\/892\/2024\/01\/perfil-e1717427252875-300x300.jpg\" alt=\"Picture of Karina Salom\u00e3o\" loading=\"lazy\">\n\t\t\t\t<\/a>\n\t\t\t\n\t\t\t<div class=\"elementor-author-box__text\">\n\t\t\t\t\t\t\t\t\t<a href=\"https:\/\/sites.usp.br\/giimus\/pt\/membros\/\">\n\t\t\t\t\t\t<h4 class=\"elementor-author-box__name\">\n\t\t\t\t\t\t\tKarina Salom\u00e3o\t\t\t\t\t\t<\/h4>\n\t\t\t\t\t<\/a>\n\t\t\t\t\n\t\t\t\t\t\t\t\t\t<div class=\"elementor-author-box__bio\">\n\t\t\t\t\t\t<p>Fellow-Researcher<\/p>\n\t\t\t\t\t<\/div>\n\t\t\t\t\n\t\t\t\t\t\t\t<\/div>\n\t\t<\/div>\n\t\t\t\t<\/div>\n\t\t\t\t<\/div>\n\t\t\t\t<div class=\"elementor-element elementor-element-5bfa5ac elementor-widget__width-initial elementor-widget elementor-widget-author-box\" data-id=\"5bfa5ac\" data-element_type=\"widget\" data-widget_type=\"author-box.default\">\n\t\t\t\t<div class=\"elementor-widget-container\">\n\t\t\t\t\t<div class=\"elementor-author-box\">\n\t\t\t\t\t\t\t<a href=\"https:\/\/sites.usp.br\/giimus\/pt\/membros\/\" class=\"elementor-author-box__avatar\">\n\t\t\t\t\t<img decoding=\"async\" src=\"https:\/\/sites.usp.br\/giimus\/wp-content\/uploads\/sites\/892\/2024\/02\/WhatsApp-Image-2024-02-02-at-14.41.52-e1717427132420-300x300.jpeg\" alt=\"Picture of Jo\u00e3o Uliana\" loading=\"lazy\">\n\t\t\t\t<\/a>\n\t\t\t\n\t\t\t<div class=\"elementor-author-box__text\">\n\t\t\t\t\t\t\t\t\t<a href=\"https:\/\/sites.usp.br\/giimus\/pt\/membros\/\">\n\t\t\t\t\t\t<h4 class=\"elementor-author-box__name\">\n\t\t\t\t\t\t\tJo\u00e3o Uliana\t\t\t\t\t\t<\/h4>\n\t\t\t\t\t<\/a>\n\t\t\t\t\n\t\t\t\t\t\t\t\t\t<div class=\"elementor-author-box__bio\">\n\t\t\t\t\t\t<p>Fellow-Researcher<\/p>\n\t\t\t\t\t<\/div>\n\t\t\t\t\n\t\t\t\t\t\t\t<\/div>\n\t\t<\/div>\n\t\t\t\t<\/div>\n\t\t\t\t<\/div>\n\t\t\t\t<div class=\"elementor-element elementor-element-f5c1954 elementor-widget__width-initial elementor-widget elementor-widget-author-box\" data-id=\"f5c1954\" data-element_type=\"widget\" data-widget_type=\"author-box.default\">\n\t\t\t\t<div class=\"elementor-widget-container\">\n\t\t\t\t\t<div class=\"elementor-author-box\">\n\t\t\t\t\t\t\t<a href=\"https:\/\/sites.usp.br\/giimus\/pt\/membros\/\" class=\"elementor-author-box__avatar\">\n\t\t\t\t\t<img decoding=\"async\" src=\"https:\/\/sites.usp.br\/giimus\/wp-content\/uploads\/sites\/892\/2023\/10\/WhatsApp-Image-2023-10-06-at-16.43.37-1-e1717428273139-300x300.jpeg\" alt=\"Picture of Ariane Sanches\" loading=\"lazy\">\n\t\t\t\t<\/a>\n\t\t\t\n\t\t\t<div class=\"elementor-author-box__text\">\n\t\t\t\t\t\t\t\t\t<a href=\"https:\/\/sites.usp.br\/giimus\/pt\/membros\/\">\n\t\t\t\t\t\t<h4 class=\"elementor-author-box__name\">\n\t\t\t\t\t\t\tAriane Sanches\t\t\t\t\t\t<\/h4>\n\t\t\t\t\t<\/a>\n\t\t\t\t\n\t\t\t\t\t\t\t\t\t<div class=\"elementor-author-box__bio\">\n\t\t\t\t\t\t<p>PhD Student<\/p>\n\t\t\t\t\t<\/div>\n\t\t\t\t\n\t\t\t\t\t\t\t<\/div>\n\t\t<\/div>\n\t\t\t\t<\/div>\n\t\t\t\t<\/div>\n\t\t\t\t<\/div>\n\t\t\t\t<\/div>\n\t\t","protected":false},"excerpt":{"rendered":"<p>Tissue-mimicking Phantom The development of innovative imaging and therapeutic techniques requires both in vitro and in vivo testing. However, in vivo experiments demand previous characterization of the technology, aiming for the most ethical use of animals. In this context,\u00a0 methodologies can be first carried out on tissue-mimicking materials, known as &#8220;phantoms.&#8221; Originally designed as tools&hellip;<\/p>\n","protected":false},"author":22251,"featured_media":0,"parent":0,"menu_order":6,"comment_status":"closed","ping_status":"closed","template":"","meta":{"footnotes":"","_links_to":"","_links_to_target":""},"class_list":["post-198","page","type-page","status-publish","hentry","post"],"yoast_head":"<!-- This site is optimized with the Yoast SEO plugin v27.3 - https:\/\/yoast.com\/product\/yoast-seo-wordpress\/ -->\n<title>Phantom - GIIMUS - Grupo de Inova\u00e7\u00e3o em Instrumenta\u00e7\u00e3o M\u00e9dica e Ultrassom<\/title>\n<meta name=\"robots\" content=\"index, follow, max-snippet:-1, max-image-preview:large, max-video-preview:-1\" \/>\n<link rel=\"canonical\" href=\"https:\/\/sites.usp.br\/giimus\/phantom\/\" \/>\n<meta name=\"twitter:label1\" content=\"Est. tempo de leitura\" \/>\n\t<meta name=\"twitter:data1\" content=\"2 minutos\" \/>\n<script type=\"application\/ld+json\" class=\"yoast-schema-graph\">{\"@context\":\"https:\\\/\\\/schema.org\",\"@graph\":[{\"@type\":\"WebPage\",\"@id\":\"https:\\\/\\\/sites.usp.br\\\/giimus\\\/phantom\\\/\",\"url\":\"https:\\\/\\\/sites.usp.br\\\/giimus\\\/phantom\\\/\",\"name\":\"Phantom - GIIMUS - Grupo de Inova\u00e7\u00e3o em Instrumenta\u00e7\u00e3o M\u00e9dica e Ultrassom\",\"isPartOf\":{\"@id\":\"https:\\\/\\\/sites.usp.br\\\/giimus\\\/pt\\\/#website\"},\"datePublished\":\"2013-09-18T00:57:50+00:00\",\"dateModified\":\"2024-03-04T16:07:01+00:00\",\"inLanguage\":\"pt-BR\",\"potentialAction\":[{\"@type\":\"ReadAction\",\"target\":[\"https:\\\/\\\/sites.usp.br\\\/giimus\\\/phantom\\\/\"]}]},{\"@type\":\"WebSite\",\"@id\":\"https:\\\/\\\/sites.usp.br\\\/giimus\\\/pt\\\/#website\",\"url\":\"https:\\\/\\\/sites.usp.br\\\/giimus\\\/pt\\\/\",\"name\":\"GIIMUS - Grupo de Inova\u00e7\u00e3o em Instrumenta\u00e7\u00e3o M\u00e9dica e Ultrassom\",\"description\":\"Grupo de Inova\u00e7\u00e3o em Instrumenta\u00e7\u00e3o M\u00e9dica e Ultrassom - Universidade de S\u00e3o Paulo\",\"potentialAction\":[{\"@type\":\"SearchAction\",\"target\":{\"@type\":\"EntryPoint\",\"urlTemplate\":\"https:\\\/\\\/sites.usp.br\\\/giimus\\\/pt\\\/?s={search_term_string}\"},\"query-input\":{\"@type\":\"PropertyValueSpecification\",\"valueRequired\":true,\"valueName\":\"search_term_string\"}}],\"inLanguage\":\"pt-BR\"}]}<\/script>\n<!-- \/ Yoast SEO plugin. -->","yoast_head_json":{"title":"Phantom - GIIMUS - Grupo de Inova\u00e7\u00e3o em Instrumenta\u00e7\u00e3o M\u00e9dica e Ultrassom","robots":{"index":"index","follow":"follow","max-snippet":"max-snippet:-1","max-image-preview":"max-image-preview:large","max-video-preview":"max-video-preview:-1"},"canonical":"https:\/\/sites.usp.br\/giimus\/phantom\/","twitter_misc":{"Est. tempo de leitura":"2 minutos"},"schema":{"@context":"https:\/\/schema.org","@graph":[{"@type":"WebPage","@id":"https:\/\/sites.usp.br\/giimus\/phantom\/","url":"https:\/\/sites.usp.br\/giimus\/phantom\/","name":"Phantom - GIIMUS - Grupo de Inova\u00e7\u00e3o em Instrumenta\u00e7\u00e3o M\u00e9dica e Ultrassom","isPartOf":{"@id":"https:\/\/sites.usp.br\/giimus\/pt\/#website"},"datePublished":"2013-09-18T00:57:50+00:00","dateModified":"2024-03-04T16:07:01+00:00","inLanguage":"pt-BR","potentialAction":[{"@type":"ReadAction","target":["https:\/\/sites.usp.br\/giimus\/phantom\/"]}]},{"@type":"WebSite","@id":"https:\/\/sites.usp.br\/giimus\/pt\/#website","url":"https:\/\/sites.usp.br\/giimus\/pt\/","name":"GIIMUS - Grupo de Inova\u00e7\u00e3o em Instrumenta\u00e7\u00e3o M\u00e9dica e Ultrassom","description":"Grupo de Inova\u00e7\u00e3o em Instrumenta\u00e7\u00e3o M\u00e9dica e Ultrassom - Universidade de S\u00e3o Paulo","potentialAction":[{"@type":"SearchAction","target":{"@type":"EntryPoint","urlTemplate":"https:\/\/sites.usp.br\/giimus\/pt\/?s={search_term_string}"},"query-input":{"@type":"PropertyValueSpecification","valueRequired":true,"valueName":"search_term_string"}}],"inLanguage":"pt-BR"}]}},"_links":{"self":[{"href":"https:\/\/sites.usp.br\/giimus\/pt\/wp-json\/wp\/v2\/pages\/198","targetHints":{"allow":["GET"]}}],"collection":[{"href":"https:\/\/sites.usp.br\/giimus\/pt\/wp-json\/wp\/v2\/pages"}],"about":[{"href":"https:\/\/sites.usp.br\/giimus\/pt\/wp-json\/wp\/v2\/types\/page"}],"author":[{"embeddable":true,"href":"https:\/\/sites.usp.br\/giimus\/pt\/wp-json\/wp\/v2\/users\/22251"}],"replies":[{"embeddable":true,"href":"https:\/\/sites.usp.br\/giimus\/pt\/wp-json\/wp\/v2\/comments?post=198"}],"version-history":[{"count":4,"href":"https:\/\/sites.usp.br\/giimus\/pt\/wp-json\/wp\/v2\/pages\/198\/revisions"}],"predecessor-version":[{"id":2906,"href":"https:\/\/sites.usp.br\/giimus\/pt\/wp-json\/wp\/v2\/pages\/198\/revisions\/2906"}],"wp:attachment":[{"href":"https:\/\/sites.usp.br\/giimus\/pt\/wp-json\/wp\/v2\/media?parent=198"}],"curies":[{"name":"wp","href":"https:\/\/api.w.org\/{rel}","templated":true}]}}