{"id":201,"date":"2013-09-18T11:20:37","date_gmt":"2013-09-18T14:20:37","guid":{"rendered":"http:\/\/giimus.wordpress.com\/?page_id=145"},"modified":"2024-03-04T14:04:17","modified_gmt":"2024-03-04T16:04:17","slug":"teranostica","status":"publish","type":"page","link":"https:\/\/sites.usp.br\/giimus\/pt\/teranostica\/","title":{"rendered":"Teran\u00f3stica"},"content":{"rendered":"\t\t<div data-elementor-type=\"wp-page\" data-elementor-id=\"201\" class=\"elementor elementor-201\" data-elementor-post-type=\"page\">\n\t\t\t\t<div class=\"elementor-element elementor-element-3827342 e-flex e-con-boxed e-con e-parent\" data-id=\"3827342\" data-element_type=\"container\">\n\t\t\t\t\t<div class=\"e-con-inner\">\n\t\t\t\t<div class=\"elementor-element elementor-element-433593b elementor-widget elementor-widget-heading\" data-id=\"433593b\" data-element_type=\"widget\" data-widget_type=\"heading.default\">\n\t\t\t\t<div class=\"elementor-widget-container\">\n\t\t\t<h1 class=\"elementor-heading-title elementor-size-xl\"><br>Theranostics<\/h1>\t\t<\/div>\n\t\t\t\t<\/div>\n\t\t\t\t<div class=\"elementor-element elementor-element-765f486 elementor-widget elementor-widget-text-editor\" data-id=\"765f486\" data-element_type=\"widget\" data-widget_type=\"text-editor.default\">\n\t\t\t\t<div class=\"elementor-widget-container\">\n\t\t\t\t\t\t\t<p>The word &#8220;theranostic&#8221; comes from the combination of the words &#8220;therapy&#8221; and &#8220;diagnosis.&#8221; It means that when we talk about a theranostic agent or a theranostic platform, their use is both in therapy and in diagnosis. Theranostic agents are those that can be used both as a diagnostic agent, such as a contrast agent, and as a therapeutic agent, such as a drug or an agent that heats up under electromagnetic radiation. In our research group, the application of theranostic agents and platforms is through photoacoustic and magnetoacoustic techniques combined with magnetohyperthermia. Through the synthesis of theranostic agents, primarily magnetic and metallic nanoparticles (or a combination of both), we can use these as contrasts for photoacoustic and magnetoacoustic techniques and as therapeutic agents in magnetic hyperthermia.<\/p>\t\t\t\t\t\t<\/div>\n\t\t\t\t<\/div>\n\t\t\t\t\t<\/div>\n\t\t\t\t<\/div>\n\t\t<div class=\"elementor-element elementor-element-31603cc e-flex e-con-boxed e-con e-parent\" data-id=\"31603cc\" data-element_type=\"container\">\n\t\t\t\t\t<div class=\"e-con-inner\">\n\t\t\t\t<div class=\"elementor-element elementor-element-7e9aab0 elementor-widget-divider--view-line elementor-widget elementor-widget-divider\" data-id=\"7e9aab0\" data-element_type=\"widget\" data-widget_type=\"divider.default\">\n\t\t\t\t<div class=\"elementor-widget-container\">\n\t\t\t\t\t<div class=\"elementor-divider\">\n\t\t\t<span class=\"elementor-divider-separator\">\n\t\t\t\t\t\t<\/span>\n\t\t<\/div>\n\t\t\t\t<\/div>\n\t\t\t\t<\/div>\n\t\t\t\t\t<\/div>\n\t\t\t\t<\/div>\n\t\t<div class=\"elementor-element elementor-element-457936b e-flex e-con-boxed e-con e-parent\" data-id=\"457936b\" data-element_type=\"container\">\n\t\t\t\t\t<div class=\"e-con-inner\">\n\t\t\t\t<div class=\"elementor-element elementor-element-77c48a3 elementor-widget elementor-widget-heading\" data-id=\"77c48a3\" data-element_type=\"widget\" data-widget_type=\"heading.default\">\n\t\t\t\t<div class=\"elementor-widget-container\">\n\t\t\t<h1 class=\"elementor-heading-title elementor-size-xl\"><br>Magnetohyperthermia<\/h1>\t\t<\/div>\n\t\t\t\t<\/div>\n\t\t\t\t<div class=\"elementor-element elementor-element-d4029dc elementor-widget elementor-widget-text-editor\" data-id=\"d4029dc\" data-element_type=\"widget\" data-widget_type=\"text-editor.default\">\n\t\t\t\t<div class=\"elementor-widget-container\">\n\t\t\t\t\t\t\t<p>This phenomenon involves the increase in temperature of a magnetic material (magnetic nanoparticles) through an alternating magnetic field. It can be used as a therapeutic technique for the treatment of malignant neoplasms (cancer).<br \/>Magnetic hyperthermia is the phenomenon whereby the temperature of magnetic magnetic nanoparticles when subjected to an alternating magnetic field. This therapy consists of dispersing magnetic nanoparticles along a tumor tissue in which the aim is to raise the temperature. After the application of this magnetic field, heat is generated through different relaxation mechanisms. However, the success of this technique depends on several factors, such as the proper synthesis and characterization of the nanoparticles, their biocompatibility, performance evaluation under operating conditions, efficient delivery to the target tissue, temperature monitoring and safety limitation of the applied magnetic field.<\/p>\t\t\t\t\t\t<\/div>\n\t\t\t\t<\/div>\n\t\t\t\t\t<\/div>\n\t\t\t\t<\/div>\n\t\t<div class=\"elementor-element elementor-element-bc5f7ef e-flex e-con-boxed e-con e-parent\" data-id=\"bc5f7ef\" data-element_type=\"container\">\n\t\t\t\t\t<div class=\"e-con-inner\">\n\t\t\t\t<div class=\"elementor-element elementor-element-00e0f9e elementor-widget-divider--view-line elementor-widget elementor-widget-divider\" data-id=\"00e0f9e\" data-element_type=\"widget\" data-widget_type=\"divider.default\">\n\t\t\t\t<div class=\"elementor-widget-container\">\n\t\t\t\t\t<div class=\"elementor-divider\">\n\t\t\t<span class=\"elementor-divider-separator\">\n\t\t\t\t\t\t<\/span>\n\t\t<\/div>\n\t\t\t\t<\/div>\n\t\t\t\t<\/div>\n\t\t\t\t\t<\/div>\n\t\t\t\t<\/div>\n\t\t<div class=\"elementor-element elementor-element-c6e41aa e-flex e-con-boxed e-con e-parent\" data-id=\"c6e41aa\" data-element_type=\"container\">\n\t\t\t\t\t<div class=\"e-con-inner\">\n\t\t\t\t<div class=\"elementor-element elementor-element-b960c69 elementor-widget elementor-widget-heading\" data-id=\"b960c69\" data-element_type=\"widget\" data-widget_type=\"heading.default\">\n\t\t\t\t<div class=\"elementor-widget-container\">\n\t\t\t<h1 class=\"elementor-heading-title elementor-size-xl\"><br>Magnetomotive Ultrasound<\/h1>\t\t<\/div>\n\t\t\t\t<\/div>\n\t\t\t\t<div class=\"elementor-element elementor-element-074348f elementor-widget elementor-widget-text-editor\" data-id=\"074348f\" data-element_type=\"widget\" data-widget_type=\"text-editor.default\">\n\t\t\t\t<div class=\"elementor-widget-container\">\n\t\t\t\t\t\t\t<p>Magnetomotive ultrasound is a technique that combines magnetism and ultrasound for applications involving magnetic nanoparticles. By using a coil, it is possible to generate a magnetic field that attracts the nanoparticles, and this displacement can be simultaneously detected by an ultrasound transducer positioned transversely to the coil. Therefore, this technique allows for the localization of magnetic nanoparticles in biological tissue, and through the ultrasonic waves generated by the displacement, we can also obtain information about the viscoelasticity of the tissue labeled with the nanoparticles. Hence, the technique can be used in conjunction with therapeutic methods utilizing magnetic nanoparticles, enhancing their precision.<\/p>\t\t\t\t\t\t<\/div>\n\t\t\t\t<\/div>\n\t\t\t\t<div class=\"elementor-element elementor-element-76631aa elementor-widget elementor-widget-gallery\" data-id=\"76631aa\" data-element_type=\"widget\" data-settings=\"{&quot;lazyload&quot;:&quot;yes&quot;,&quot;gallery_layout&quot;:&quot;grid&quot;,&quot;columns&quot;:4,&quot;columns_tablet&quot;:2,&quot;columns_mobile&quot;:1,&quot;gap&quot;:{&quot;unit&quot;:&quot;px&quot;,&quot;size&quot;:10,&quot;sizes&quot;:[]},&quot;gap_tablet&quot;:{&quot;unit&quot;:&quot;px&quot;,&quot;size&quot;:10,&quot;sizes&quot;:[]},&quot;gap_mobile&quot;:{&quot;unit&quot;:&quot;px&quot;,&quot;size&quot;:10,&quot;sizes&quot;:[]},&quot;link_to&quot;:&quot;file&quot;,&quot;aspect_ratio&quot;:&quot;3:2&quot;,&quot;overlay_background&quot;:&quot;yes&quot;,&quot;content_hover_animation&quot;:&quot;fade-in&quot;}\" data-widget_type=\"gallery.default\">\n\t\t\t\t<div class=\"elementor-widget-container\">\n\t\t\t\t\t<div class=\"elementor-gallery__container\">\n\t\t\t\t\t\t\t<a class=\"e-gallery-item elementor-gallery-item elementor-animated-content\" href=\"https:\/\/sites.usp.br\/giimus\/wp-content\/uploads\/sites\/892\/2013\/10\/transdutor-h.jpg\" data-elementor-open-lightbox=\"yes\" data-elementor-lightbox-slideshow=\"76631aa\" data-elementor-lightbox-title=\"Transdutor Ultrassom Magneto Motriz\" data-e-action-hash=\"#elementor-action%3Aaction%3Dlightbox%26settings%3DeyJpZCI6Mzk0LCJ1cmwiOiJodHRwczpcL1wvc2l0ZXMudXNwLmJyXC9naWltdXNcL3dwLWNvbnRlbnRcL3VwbG9hZHNcL3NpdGVzXC84OTJcLzIwMTNcLzEwXC90cmFuc2R1dG9yLWguanBnIiwic2xpZGVzaG93IjoiNzY2MzFhYSJ9\">\n\t\t\t\t\t<div class=\"e-gallery-image elementor-gallery-item__image\" data-thumbnail=\"https:\/\/sites.usp.br\/giimus\/wp-content\/uploads\/sites\/892\/2013\/10\/transdutor-h-300x258.jpg\" data-width=\"300\" data-height=\"258\" aria-label=\"\" role=\"img\" ><\/div>\n\t\t\t\t\t\t\t\t\t\t\t<div class=\"elementor-gallery-item__overlay\"><\/div>\n\t\t\t\t\t\t\t\t\t\t\t\t\t\t<\/a>\n\t\t\t\t\t\t\t<a class=\"e-gallery-item elementor-gallery-item elementor-animated-content\" href=\"https:\/\/sites.usp.br\/giimus\/wp-content\/uploads\/sites\/892\/2013\/10\/1376157_10151850516547870_1162907380_n1.jpg\" data-elementor-open-lightbox=\"yes\" data-elementor-lightbox-slideshow=\"76631aa\" data-elementor-lightbox-title=\"Ultrassom Magneto Motriz (USMM)\" data-e-action-hash=\"#elementor-action%3Aaction%3Dlightbox%26settings%3DeyJpZCI6Mzk3LCJ1cmwiOiJodHRwczpcL1wvc2l0ZXMudXNwLmJyXC9naWltdXNcL3dwLWNvbnRlbnRcL3VwbG9hZHNcL3NpdGVzXC84OTJcLzIwMTNcLzEwXC8xMzc2MTU3XzEwMTUxODUwNTE2NTQ3ODcwXzExNjI5MDczODBfbjEuanBnIiwic2xpZGVzaG93IjoiNzY2MzFhYSJ9\">\n\t\t\t\t\t<div class=\"e-gallery-image elementor-gallery-item__image\" data-thumbnail=\"https:\/\/sites.usp.br\/giimus\/wp-content\/uploads\/sites\/892\/2013\/10\/1376157_10151850516547870_1162907380_n1-300x225.jpg\" data-width=\"300\" data-height=\"225\" aria-label=\"\" role=\"img\" ><\/div>\n\t\t\t\t\t\t\t\t\t\t\t<div class=\"elementor-gallery-item__overlay\"><\/div>\n\t\t\t\t\t\t\t\t\t\t\t\t\t\t<\/a>\n\t\t\t\t\t\t\t<a class=\"e-gallery-item elementor-gallery-item elementor-animated-content\" href=\"https:\/\/sites.usp.br\/giimus\/wp-content\/uploads\/sites\/892\/2013\/10\/fatoma-cbebmenor1.jpg\" data-elementor-open-lightbox=\"yes\" data-elementor-lightbox-slideshow=\"76631aa\" data-elementor-lightbox-title=\"Ultrassom Magneto Motriz\" data-e-action-hash=\"#elementor-action%3Aaction%3Dlightbox%26settings%3DeyJpZCI6Mzk1LCJ1cmwiOiJodHRwczpcL1wvc2l0ZXMudXNwLmJyXC9naWltdXNcL3dwLWNvbnRlbnRcL3VwbG9hZHNcL3NpdGVzXC84OTJcLzIwMTNcLzEwXC9mYXRvbWEtY2JlYm1lbm9yMS5qcGciLCJzbGlkZXNob3ciOiI3NjYzMWFhIn0%3D\">\n\t\t\t\t\t<div class=\"e-gallery-image elementor-gallery-item__image\" data-thumbnail=\"https:\/\/sites.usp.br\/giimus\/wp-content\/uploads\/sites\/892\/2013\/10\/fatoma-cbebmenor1-300x133.jpg\" data-width=\"300\" data-height=\"133\" aria-label=\"\" role=\"img\" ><\/div>\n\t\t\t\t\t\t\t\t\t\t\t<div class=\"elementor-gallery-item__overlay\"><\/div>\n\t\t\t\t\t\t\t\t\t\t\t\t\t\t<\/a>\n\t\t\t\t\t\t\t<a class=\"e-gallery-item elementor-gallery-item elementor-animated-content\" href=\"https:\/\/sites.usp.br\/giimus\/wp-content\/uploads\/sites\/892\/2013\/10\/aparato.png\" data-elementor-open-lightbox=\"yes\" data-elementor-lightbox-slideshow=\"76631aa\" data-elementor-lightbox-title=\"Ultrassom Magneto Motriz\" data-e-action-hash=\"#elementor-action%3Aaction%3Dlightbox%26settings%3DeyJpZCI6MzkzLCJ1cmwiOiJodHRwczpcL1wvc2l0ZXMudXNwLmJyXC9naWltdXNcL3dwLWNvbnRlbnRcL3VwbG9hZHNcL3NpdGVzXC84OTJcLzIwMTNcLzEwXC9hcGFyYXRvLnBuZyIsInNsaWRlc2hvdyI6Ijc2NjMxYWEifQ%3D%3D\">\n\t\t\t\t\t<div class=\"e-gallery-image elementor-gallery-item__image\" data-thumbnail=\"https:\/\/sites.usp.br\/giimus\/wp-content\/uploads\/sites\/892\/2013\/10\/aparato-300x168.png\" data-width=\"300\" data-height=\"168\" aria-label=\"\" role=\"img\" ><\/div>\n\t\t\t\t\t\t\t\t\t\t\t<div class=\"elementor-gallery-item__overlay\"><\/div>\n\t\t\t\t\t\t\t\t\t\t\t\t\t\t<\/a>\n\t\t\t\t\t<\/div>\n\t\t\t<\/div>\n\t\t\t\t<\/div>\n\t\t\t\t<div class=\"elementor-element elementor-element-2bd62b2 elementor-widget elementor-widget-text-editor\" data-id=\"2bd62b2\" data-element_type=\"widget\" data-widget_type=\"text-editor.default\">\n\t\t\t\t<div class=\"elementor-widget-container\">\n\t\t\t\t\t\t\t<p>Read More at:<\/p><ul><li><a href=\"https:\/\/www.teses.usp.br\/teses\/disponiveis\/59\/59135\/tde-15042010-082441\/pt-br.php\">Hybrid transducer and ultrasonic measurements susceptom\u00e9tricas simultaneously<\/a><\/li><li><a href=\"https:\/\/pubmed.ncbi.nlm.nih.gov\/24658731\/\">The hybrid transducer to ultrasonically and magnetically Evaluate magnetic fluids<\/a><\/li><li><a href=\"https:\/\/pubmed.ncbi.nlm.nih.gov\/19964487\/\">Hybrid system for magnetic and acoustic measurement<\/a><\/li><\/ul>\t\t\t\t\t\t<\/div>\n\t\t\t\t<\/div>\n\t\t\t\t\t<\/div>\n\t\t\t\t<\/div>\n\t\t<div class=\"elementor-element elementor-element-33c78c1 e-flex e-con-boxed e-con e-parent\" data-id=\"33c78c1\" data-element_type=\"container\">\n\t\t\t\t\t<div class=\"e-con-inner\">\n\t\t\t\t<div class=\"elementor-element elementor-element-1f38f62 elementor-widget-divider--view-line elementor-widget elementor-widget-divider\" data-id=\"1f38f62\" data-element_type=\"widget\" data-widget_type=\"divider.default\">\n\t\t\t\t<div class=\"elementor-widget-container\">\n\t\t\t\t\t<div class=\"elementor-divider\">\n\t\t\t<span class=\"elementor-divider-separator\">\n\t\t\t\t\t\t<\/span>\n\t\t<\/div>\n\t\t\t\t<\/div>\n\t\t\t\t<\/div>\n\t\t\t\t\t<\/div>\n\t\t\t\t<\/div>\n\t\t<div class=\"elementor-element elementor-element-881a3ee e-flex e-con-boxed e-con e-parent\" data-id=\"881a3ee\" data-element_type=\"container\">\n\t\t\t\t\t<div class=\"e-con-inner\">\n\t\t\t\t<div class=\"elementor-element elementor-element-8b9436a elementor-widget elementor-widget-heading\" data-id=\"8b9436a\" data-element_type=\"widget\" data-widget_type=\"heading.default\">\n\t\t\t\t<div class=\"elementor-widget-container\">\n\t\t\t<h1 class=\"elementor-heading-title elementor-size-xl\"><br>Nanoparticles<\/h1>\t\t<\/div>\n\t\t\t\t<\/div>\n\t\t\t\t<div class=\"elementor-element elementor-element-299bc65 elementor-widget elementor-widget-text-editor\" data-id=\"299bc65\" data-element_type=\"widget\" data-widget_type=\"text-editor.default\">\n\t\t\t\t<div class=\"elementor-widget-container\">\n\t\t\t\t\t\t\t<p>Nanoparticles consist of particles of a specific material with dimensions in the order of nanometers (between 1&#215;10-9 m and 100&#215;10-9 m). They can be of different types and shapes, exhibiting theranostic action by serving as both contrast agents and therapeutic agents. In studies conducted by this research group, magnetic nanoparticles (particles responsive to magnetic fields) are primarily used for applications in magnetohyperthermia and magnetoacoustography techniques. Additionally, metallic nanoparticles such as gold nanoparticles are employed for photoacoustic purposes. These nanoparticles can be combined, either encapsulated with organic molecules or associated with other molecules, in nanostructures where all the aforementioned techniques can be applied.<\/p>\t\t\t\t\t\t<\/div>\n\t\t\t\t<\/div>\n\t\t\t\t\t<\/div>\n\t\t\t\t<\/div>\n\t\t<div class=\"elementor-element elementor-element-0972267 e-flex e-con-boxed e-con e-parent\" data-id=\"0972267\" data-element_type=\"container\">\n\t\t\t\t\t<div class=\"e-con-inner\">\n\t\t\t\t<div class=\"elementor-element elementor-element-baef6ea elementor-widget-divider--view-line elementor-widget elementor-widget-divider\" data-id=\"baef6ea\" data-element_type=\"widget\" data-widget_type=\"divider.default\">\n\t\t\t\t<div class=\"elementor-widget-container\">\n\t\t\t\t\t<div class=\"elementor-divider\">\n\t\t\t<span class=\"elementor-divider-separator\">\n\t\t\t\t\t\t<\/span>\n\t\t<\/div>\n\t\t\t\t<\/div>\n\t\t\t\t<\/div>\n\t\t\t\t\t<\/div>\n\t\t\t\t<\/div>\n\t\t<div class=\"elementor-element elementor-element-5bb1c16 e-flex e-con-boxed e-con e-parent\" data-id=\"5bb1c16\" data-element_type=\"container\">\n\t\t\t\t\t<div class=\"e-con-inner\">\n\t\t\t\t<div class=\"elementor-element elementor-element-fff44a6 elementor-widget elementor-widget-image\" data-id=\"fff44a6\" data-element_type=\"widget\" data-widget_type=\"image.default\">\n\t\t\t\t<div class=\"elementor-widget-container\">\n\t\t\t\t\t\t\t\t\t\t\t\t\t<img fetchpriority=\"high\" decoding=\"async\" width=\"1024\" height=\"723\" src=\"https:\/\/sites.usp.br\/giimus\/wp-content\/uploads\/sites\/892\/2020\/02\/mh-mmus-1024x723.jpg\" class=\"attachment-large size-large wp-image-643\" alt=\"\" srcset=\"https:\/\/sites.usp.br\/giimus\/wp-content\/uploads\/sites\/892\/2020\/02\/mh-mmus-1024x723.jpg 1024w, https:\/\/sites.usp.br\/giimus\/wp-content\/uploads\/sites\/892\/2020\/02\/mh-mmus-300x212.jpg 300w, https:\/\/sites.usp.br\/giimus\/wp-content\/uploads\/sites\/892\/2020\/02\/mh-mmus-768x543.jpg 768w, https:\/\/sites.usp.br\/giimus\/wp-content\/uploads\/sites\/892\/2020\/02\/mh-mmus-400x283.jpg 400w, https:\/\/sites.usp.br\/giimus\/wp-content\/uploads\/sites\/892\/2020\/02\/mh-mmus.jpg 1410w\" sizes=\"(max-width: 1024px) 100vw, 1024px\" \/>\t\t\t\t\t\t\t\t\t\t\t\t\t<\/div>\n\t\t\t\t<\/div>\n\t\t\t\t\t<\/div>\n\t\t\t\t<\/div>\n\t\t<div class=\"elementor-element elementor-element-4301218 e-flex e-con-boxed e-con e-parent\" data-id=\"4301218\" data-element_type=\"container\">\n\t\t\t\t\t<div class=\"e-con-inner\">\n\t\t\t\t<div class=\"elementor-element elementor-element-38a7471 elementor-widget-divider--view-line elementor-widget elementor-widget-divider\" data-id=\"38a7471\" data-element_type=\"widget\" data-widget_type=\"divider.default\">\n\t\t\t\t<div class=\"elementor-widget-container\">\n\t\t\t\t\t<div class=\"elementor-divider\">\n\t\t\t<span class=\"elementor-divider-separator\">\n\t\t\t\t\t\t<\/span>\n\t\t<\/div>\n\t\t\t\t<\/div>\n\t\t\t\t<\/div>\n\t\t\t\t\t<\/div>\n\t\t\t\t<\/div>\n\t\t<div class=\"elementor-element elementor-element-946b268 e-con-full e-flex e-con e-parent\" data-id=\"946b268\" data-element_type=\"container\">\n\t\t\t\t<div class=\"elementor-element elementor-element-cc57145 elementor-widget__width-initial elementor-widget elementor-widget-author-box\" data-id=\"cc57145\" data-element_type=\"widget\" data-widget_type=\"author-box.default\">\n\t\t\t\t<div class=\"elementor-widget-container\">\n\t\t\t\t\t<div class=\"elementor-author-box\">\n\t\t\t\t\t\t\t<a href=\"https:\/\/sites.usp.br\/giimus\/pt\/membros\/\" class=\"elementor-author-box__avatar\">\n\t\t\t\t\t<img decoding=\"async\" src=\"https:\/\/sites.usp.br\/giimus\/wp-content\/uploads\/sites\/892\/2023\/10\/F231B48E-2136-42A5-BFEC-00183B0FE804-scaled-e1717428782451-300x300.jpeg\" alt=\"Picture of Thiago Tiburcio\" loading=\"lazy\">\n\t\t\t\t<\/a>\n\t\t\t\n\t\t\t<div class=\"elementor-author-box__text\">\n\t\t\t\t\t\t\t\t\t<a href=\"https:\/\/sites.usp.br\/giimus\/pt\/membros\/\">\n\t\t\t\t\t\t<h4 class=\"elementor-author-box__name\">\n\t\t\t\t\t\t\tThiago Tiburcio\t\t\t\t\t\t<\/h4>\n\t\t\t\t\t<\/a>\n\t\t\t\t\n\t\t\t\t\t\t\t\t\t<div class=\"elementor-author-box__bio\">\n\t\t\t\t\t\t<p>Master Student<\/p>\n\t\t\t\t\t<\/div>\n\t\t\t\t\n\t\t\t\t\t\t\t<\/div>\n\t\t<\/div>\n\t\t\t\t<\/div>\n\t\t\t\t<\/div>\n\t\t\t\t<div class=\"elementor-element elementor-element-912f3d9 elementor-widget__width-initial elementor-widget elementor-widget-author-box\" data-id=\"912f3d9\" data-element_type=\"widget\" data-widget_type=\"author-box.default\">\n\t\t\t\t<div class=\"elementor-widget-container\">\n\t\t\t\t\t<div class=\"elementor-author-box\">\n\t\t\t\t\t\t\t<a href=\"https:\/\/sites.usp.br\/giimus\/pt\/membros\/\" class=\"elementor-author-box__avatar\">\n\t\t\t\t\t<img decoding=\"async\" src=\"https:\/\/sites.usp.br\/giimus\/wp-content\/uploads\/sites\/892\/2024\/01\/WhatsApp-Image-2024-01-29-at-13.30.29-1-e1717427326833-300x300.jpeg\" alt=\"Picture of Nicholas Zufelato\" loading=\"lazy\">\n\t\t\t\t<\/a>\n\t\t\t\n\t\t\t<div class=\"elementor-author-box__text\">\n\t\t\t\t\t\t\t\t\t<a href=\"https:\/\/sites.usp.br\/giimus\/pt\/membros\/\">\n\t\t\t\t\t\t<h4 class=\"elementor-author-box__name\">\n\t\t\t\t\t\t\tNicholas Zufelato\t\t\t\t\t\t<\/h4>\n\t\t\t\t\t<\/a>\n\t\t\t\t\n\t\t\t\t\t\t\t\t\t<div class=\"elementor-author-box__bio\">\n\t\t\t\t\t\t<p>Postdoctoral Fellow<\/p>\n\t\t\t\t\t<\/div>\n\t\t\t\t\n\t\t\t\t\t\t\t<\/div>\n\t\t<\/div>\n\t\t\t\t<\/div>\n\t\t\t\t<\/div>\n\t\t\t\t<\/div>\n\t\t\t\t<\/div>\n\t\t","protected":false},"excerpt":{"rendered":"<p>Theranostics The word &#8220;theranostic&#8221; comes from the combination of the words &#8220;therapy&#8221; and &#8220;diagnosis.&#8221; It means that when we talk about a theranostic agent or a theranostic platform, their use is both in therapy and in diagnosis. Theranostic agents are those that can be used both as a diagnostic agent, such as a contrast agent,&hellip;<\/p>\n","protected":false},"author":22251,"featured_media":0,"parent":0,"menu_order":7,"comment_status":"closed","ping_status":"closed","template":"","meta":{"footnotes":"","_links_to":"","_links_to_target":""},"class_list":["post-201","page","type-page","status-publish","hentry","post"],"yoast_head":"<!-- This site is optimized with the Yoast SEO plugin v27.5 - https:\/\/yoast.com\/product\/yoast-seo-wordpress\/ -->\n<title>Teran\u00f3stica - GIIMUS - Grupo de Inova\u00e7\u00e3o em Instrumenta\u00e7\u00e3o M\u00e9dica e Ultrassom<\/title>\n<meta name=\"robots\" content=\"index, follow, max-snippet:-1, max-image-preview:large, max-video-preview:-1\" \/>\n<link rel=\"canonical\" href=\"https:\/\/sites.usp.br\/giimus\/teranostica\/\" \/>\n<meta name=\"twitter:label1\" content=\"Est. tempo de leitura\" \/>\n\t<meta name=\"twitter:data1\" content=\"2 minutos\" \/>\n<script type=\"application\/ld+json\" class=\"yoast-schema-graph\">{\"@context\":\"https:\\\/\\\/schema.org\",\"@graph\":[{\"@type\":\"WebPage\",\"@id\":\"https:\\\/\\\/sites.usp.br\\\/giimus\\\/teranostica\\\/\",\"url\":\"https:\\\/\\\/sites.usp.br\\\/giimus\\\/teranostica\\\/\",\"name\":\"Teran\u00f3stica - GIIMUS - Grupo de Inova\u00e7\u00e3o em Instrumenta\u00e7\u00e3o M\u00e9dica e Ultrassom\",\"isPartOf\":{\"@id\":\"https:\\\/\\\/sites.usp.br\\\/giimus\\\/pt\\\/#website\"},\"primaryImageOfPage\":{\"@id\":\"https:\\\/\\\/sites.usp.br\\\/giimus\\\/teranostica\\\/#primaryimage\"},\"image\":{\"@id\":\"https:\\\/\\\/sites.usp.br\\\/giimus\\\/teranostica\\\/#primaryimage\"},\"thumbnailUrl\":\"https:\\\/\\\/sites.usp.br\\\/giimus\\\/wp-content\\\/uploads\\\/sites\\\/892\\\/2020\\\/02\\\/mh-mmus-1024x723.jpg\",\"datePublished\":\"2013-09-18T14:20:37+00:00\",\"dateModified\":\"2024-03-04T16:04:17+00:00\",\"inLanguage\":\"pt-BR\",\"potentialAction\":[{\"@type\":\"ReadAction\",\"target\":[\"https:\\\/\\\/sites.usp.br\\\/giimus\\\/teranostica\\\/\"]}]},{\"@type\":\"ImageObject\",\"inLanguage\":\"pt-BR\",\"@id\":\"https:\\\/\\\/sites.usp.br\\\/giimus\\\/teranostica\\\/#primaryimage\",\"url\":\"https:\\\/\\\/sites.usp.br\\\/giimus\\\/wp-content\\\/uploads\\\/sites\\\/892\\\/2020\\\/02\\\/mh-mmus-1024x723.jpg\",\"contentUrl\":\"https:\\\/\\\/sites.usp.br\\\/giimus\\\/wp-content\\\/uploads\\\/sites\\\/892\\\/2020\\\/02\\\/mh-mmus-1024x723.jpg\"},{\"@type\":\"WebSite\",\"@id\":\"https:\\\/\\\/sites.usp.br\\\/giimus\\\/pt\\\/#website\",\"url\":\"https:\\\/\\\/sites.usp.br\\\/giimus\\\/pt\\\/\",\"name\":\"GIIMUS - Grupo de Inova\u00e7\u00e3o em Instrumenta\u00e7\u00e3o M\u00e9dica e Ultrassom\",\"description\":\"Grupo de Inova\u00e7\u00e3o em Instrumenta\u00e7\u00e3o M\u00e9dica e Ultrassom - Universidade de S\u00e3o Paulo\",\"potentialAction\":[{\"@type\":\"SearchAction\",\"target\":{\"@type\":\"EntryPoint\",\"urlTemplate\":\"https:\\\/\\\/sites.usp.br\\\/giimus\\\/pt\\\/?s={search_term_string}\"},\"query-input\":{\"@type\":\"PropertyValueSpecification\",\"valueRequired\":true,\"valueName\":\"search_term_string\"}}],\"inLanguage\":\"pt-BR\"}]}<\/script>\n<!-- \/ Yoast SEO plugin. -->","yoast_head_json":{"title":"Teran\u00f3stica - GIIMUS - Grupo de Inova\u00e7\u00e3o em Instrumenta\u00e7\u00e3o M\u00e9dica e Ultrassom","robots":{"index":"index","follow":"follow","max-snippet":"max-snippet:-1","max-image-preview":"max-image-preview:large","max-video-preview":"max-video-preview:-1"},"canonical":"https:\/\/sites.usp.br\/giimus\/teranostica\/","twitter_misc":{"Est. tempo de leitura":"2 minutos"},"schema":{"@context":"https:\/\/schema.org","@graph":[{"@type":"WebPage","@id":"https:\/\/sites.usp.br\/giimus\/teranostica\/","url":"https:\/\/sites.usp.br\/giimus\/teranostica\/","name":"Teran\u00f3stica - GIIMUS - Grupo de Inova\u00e7\u00e3o em Instrumenta\u00e7\u00e3o M\u00e9dica e Ultrassom","isPartOf":{"@id":"https:\/\/sites.usp.br\/giimus\/pt\/#website"},"primaryImageOfPage":{"@id":"https:\/\/sites.usp.br\/giimus\/teranostica\/#primaryimage"},"image":{"@id":"https:\/\/sites.usp.br\/giimus\/teranostica\/#primaryimage"},"thumbnailUrl":"https:\/\/sites.usp.br\/giimus\/wp-content\/uploads\/sites\/892\/2020\/02\/mh-mmus-1024x723.jpg","datePublished":"2013-09-18T14:20:37+00:00","dateModified":"2024-03-04T16:04:17+00:00","inLanguage":"pt-BR","potentialAction":[{"@type":"ReadAction","target":["https:\/\/sites.usp.br\/giimus\/teranostica\/"]}]},{"@type":"ImageObject","inLanguage":"pt-BR","@id":"https:\/\/sites.usp.br\/giimus\/teranostica\/#primaryimage","url":"https:\/\/sites.usp.br\/giimus\/wp-content\/uploads\/sites\/892\/2020\/02\/mh-mmus-1024x723.jpg","contentUrl":"https:\/\/sites.usp.br\/giimus\/wp-content\/uploads\/sites\/892\/2020\/02\/mh-mmus-1024x723.jpg"},{"@type":"WebSite","@id":"https:\/\/sites.usp.br\/giimus\/pt\/#website","url":"https:\/\/sites.usp.br\/giimus\/pt\/","name":"GIIMUS - Grupo de Inova\u00e7\u00e3o em Instrumenta\u00e7\u00e3o M\u00e9dica e Ultrassom","description":"Grupo de Inova\u00e7\u00e3o em Instrumenta\u00e7\u00e3o M\u00e9dica e Ultrassom - Universidade de S\u00e3o Paulo","potentialAction":[{"@type":"SearchAction","target":{"@type":"EntryPoint","urlTemplate":"https:\/\/sites.usp.br\/giimus\/pt\/?s={search_term_string}"},"query-input":{"@type":"PropertyValueSpecification","valueRequired":true,"valueName":"search_term_string"}}],"inLanguage":"pt-BR"}]}},"_links":{"self":[{"href":"https:\/\/sites.usp.br\/giimus\/pt\/wp-json\/wp\/v2\/pages\/201","targetHints":{"allow":["GET"]}}],"collection":[{"href":"https:\/\/sites.usp.br\/giimus\/pt\/wp-json\/wp\/v2\/pages"}],"about":[{"href":"https:\/\/sites.usp.br\/giimus\/pt\/wp-json\/wp\/v2\/types\/page"}],"author":[{"embeddable":true,"href":"https:\/\/sites.usp.br\/giimus\/pt\/wp-json\/wp\/v2\/users\/22251"}],"replies":[{"embeddable":true,"href":"https:\/\/sites.usp.br\/giimus\/pt\/wp-json\/wp\/v2\/comments?post=201"}],"version-history":[{"count":4,"href":"https:\/\/sites.usp.br\/giimus\/pt\/wp-json\/wp\/v2\/pages\/201\/revisions"}],"predecessor-version":[{"id":2900,"href":"https:\/\/sites.usp.br\/giimus\/pt\/wp-json\/wp\/v2\/pages\/201\/revisions\/2900"}],"wp:attachment":[{"href":"https:\/\/sites.usp.br\/giimus\/pt\/wp-json\/wp\/v2\/media?parent=201"}],"curies":[{"name":"wp","href":"https:\/\/api.w.org\/{rel}","templated":true}]}}