{"id":2236,"date":"2024-01-31T21:50:46","date_gmt":"2024-01-31T23:50:46","guid":{"rendered":"https:\/\/sites.usp.br\/giimus\/?page_id=2236"},"modified":"2024-03-03T21:45:46","modified_gmt":"2024-03-03T23:45:46","slug":"neuromodulacao","status":"publish","type":"page","link":"https:\/\/sites.usp.br\/giimus\/pt\/neuromodulacao\/","title":{"rendered":"Neuromodula\u00e7\u00e3o"},"content":{"rendered":"\t\t<div data-elementor-type=\"wp-page\" data-elementor-id=\"2236\" class=\"elementor elementor-2236\" data-elementor-post-type=\"page\">\n\t\t\t\t<div class=\"elementor-element elementor-element-6dd56e6 e-flex e-con-boxed e-con e-parent\" data-id=\"6dd56e6\" data-element_type=\"container\">\n\t\t\t\t\t<div class=\"e-con-inner\">\n\t\t\t\t<div class=\"elementor-element elementor-element-3dfa817 elementor-widget elementor-widget-heading\" data-id=\"3dfa817\" data-element_type=\"widget\" data-widget_type=\"heading.default\">\n\t\t\t\t<div class=\"elementor-widget-container\">\n\t\t\t<h1 class=\"elementor-heading-title elementor-size-xl\"><br>Neuromodulation<\/h1>\t\t<\/div>\n\t\t\t\t<\/div>\n\t\t\t\t\t<\/div>\n\t\t\t\t<\/div>\n\t\t<div class=\"elementor-element elementor-element-d412dfe e-flex e-con-boxed e-con e-parent\" data-id=\"d412dfe\" data-element_type=\"container\">\n\t\t\t\t\t<div class=\"e-con-inner\">\n\t\t\t\t<div class=\"elementor-element elementor-element-a2c748a elementor-widget elementor-widget-text-editor\" data-id=\"a2c748a\" data-element_type=\"widget\" data-widget_type=\"text-editor.default\">\n\t\t\t\t<div class=\"elementor-widget-container\">\n\t\t\t\t\t\t\t<p>Focused ultrasound provides spatial resolution and dedicated ultrasonic energy for neuromodulation, offering a non-invasive and precise approach to stimulate specific areas of the brain. The ultrasound neuromodulation technique has shown potential applications in the treatment of neurological disorders such as Parkinson&#8217;s and depression, avoiding invasive surgeries and minimizing associated risks.<br \/>Additionally, focused ultrasound has garnered attention for its ability to enhance drug delivery to the brain, known as focused ultrasound-mediated blood-brain barrier (BBB) disruption. This innovative technique allows for temporary and localized permeabilization of the BBB, facilitating the passage of therapeutic agents into the brain tissue. By combining focused ultrasound with drug delivery, researchers aim to improve the effectiveness of treatments for various neurological conditions.<\/p>\t\t\t\t\t\t<\/div>\n\t\t\t\t<\/div>\n\t\t\t\t<div class=\"elementor-element elementor-element-1113084 elementor-widget elementor-widget-text-editor\" data-id=\"1113084\" data-element_type=\"widget\" data-widget_type=\"text-editor.default\">\n\t\t\t\t<div class=\"elementor-widget-container\">\n\t\t\t\t\t\t\t<p>Furthermore, the versatility of focused ultrasound extends beyond neuromodulation and drug delivery. It has also been explored for its potential role in sonothrombolysis, a non-invasive method for breaking down blood clots in the brain&#8217;s vasculature. This application holds promise for addressing conditions such as ischemic stroke.<br \/>As research in the field of focused ultrasound continues to advance, its diverse applications underscore its potential to revolutionize the landscape of neurotherapeutics, providing safer and more targeted interventions for a range of neurological challenges.<\/p>\t\t\t\t\t\t<\/div>\n\t\t\t\t<\/div>\n\t\t\t\t<div class=\"elementor-element elementor-element-aabf74e elementor-widget elementor-widget-text-editor\" data-id=\"aabf74e\" data-element_type=\"widget\" data-widget_type=\"text-editor.default\">\n\t\t\t\t<div class=\"elementor-widget-container\">\n\t\t\t\t\t\t\t<p>Read More at:<\/p><ul><li><a href=\"https:\/\/teses.usp.br\/teses\/disponiveis\/59\/59135\/tde-10022016-152155\/publico\/HASK_doutorado_2016.pdf\" target=\"_blank\" rel=\"noopener\">KAMIMURA, H.A.S. &#8211; Multifrequency excitation and safety aspects for transcranial sonothrombolysis &#8211; (PhD Dissertation &#8211; Graduate Program in Applied Physics to Medicine and Biology) &#8211; Faculty of Philosophy, Sciences, and Letters of Ribeir\u00e3o Preto, University of S\u00e3o Paulo. Ribeir\u00e3o Preto &#8211; SP, 2016.Optimization of block matching algorithm applied to studies elastogr\u00e1ficos<\/a><\/li><li><a href=\"https:\/\/www.sciencedirect.com\/science\/article\/pii\/S1875389215010020?via%3Dihub\">KAMIMURA, H. et al &#8211; Ipsi- and contralateral motor response using ultrasound-induced neurostimulation in deeply anesthetized mice. Physics Procedia, 70, n. C, p. 1214-1217, 2015<\/a><\/li><li><a href=\"https:\/\/www.fusfoundation.org\/\">FusFoundation<\/a><\/li><\/ul>\t\t\t\t\t\t<\/div>\n\t\t\t\t<\/div>\n\t\t\t\t\t<\/div>\n\t\t\t\t<\/div>\n\t\t<div class=\"elementor-element elementor-element-6f4c730 e-flex e-con-boxed e-con e-parent\" data-id=\"6f4c730\" data-element_type=\"container\">\n\t\t\t\t\t<div class=\"e-con-inner\">\n\t\t\t\t<div class=\"elementor-element elementor-element-688781a elementor-widget-divider--view-line elementor-widget elementor-widget-divider\" data-id=\"688781a\" data-element_type=\"widget\" data-widget_type=\"divider.default\">\n\t\t\t\t<div class=\"elementor-widget-container\">\n\t\t\t\t\t<div class=\"elementor-divider\">\n\t\t\t<span class=\"elementor-divider-separator\">\n\t\t\t\t\t\t<\/span>\n\t\t<\/div>\n\t\t\t\t<\/div>\n\t\t\t\t<\/div>\n\t\t\t\t\t<\/div>\n\t\t\t\t<\/div>\n\t\t<div class=\"elementor-element elementor-element-8f1ca66 e-con-full e-flex e-con e-parent\" data-id=\"8f1ca66\" data-element_type=\"container\">\n\t\t\t\t<div class=\"elementor-element elementor-element-4ee03b5 elementor-widget__width-initial elementor-widget elementor-widget-author-box\" data-id=\"4ee03b5\" data-element_type=\"widget\" data-widget_type=\"author-box.default\">\n\t\t\t\t<div class=\"elementor-widget-container\">\n\t\t\t\t\t<div class=\"elementor-author-box\">\n\t\t\t\t\t\t\t<a href=\"https:\/\/sites.usp.br\/giimus\/pt\/membros\/\" class=\"elementor-author-box__avatar\">\n\t\t\t\t\t<img decoding=\"async\" src=\"https:\/\/sites.usp.br\/giimus\/wp-content\/uploads\/sites\/892\/2023\/11\/2673CA1D-99C9-40D0-BE28-FDA71ACE51C9-scaled-e1717429333815-300x300.jpeg\" alt=\"Picture of Mateus Valen\u00e7a\" loading=\"lazy\">\n\t\t\t\t<\/a>\n\t\t\t\n\t\t\t<div class=\"elementor-author-box__text\">\n\t\t\t\t\t\t\t\t\t<a href=\"https:\/\/sites.usp.br\/giimus\/pt\/membros\/\">\n\t\t\t\t\t\t<h4 class=\"elementor-author-box__name\">\n\t\t\t\t\t\t\tMateus Valen\u00e7a\t\t\t\t\t\t<\/h4>\n\t\t\t\t\t<\/a>\n\t\t\t\t\n\t\t\t\t\t\t\t\t\t<div class=\"elementor-author-box__bio\">\n\t\t\t\t\t\t<p>Undergraduation Student<\/p>\n\t\t\t\t\t<\/div>\n\t\t\t\t\n\t\t\t\t\t\t\t<\/div>\n\t\t<\/div>\n\t\t\t\t<\/div>\n\t\t\t\t<\/div>\n\t\t\t\t<div class=\"elementor-element elementor-element-96018ca elementor-widget__width-initial elementor-widget elementor-widget-author-box\" data-id=\"96018ca\" data-element_type=\"widget\" data-widget_type=\"author-box.default\">\n\t\t\t\t<div class=\"elementor-widget-container\">\n\t\t\t\t\t<div class=\"elementor-author-box\">\n\t\t\t\t\t\t\t<a href=\"https:\/\/sites.usp.br\/giimus\/pt\/membros\/\" class=\"elementor-author-box__avatar\">\n\t\t\t\t\t<img decoding=\"async\" src=\"https:\/\/sites.usp.br\/giimus\/wp-content\/uploads\/sites\/892\/2023\/10\/6B5D7A0C-4B95-416C-813F-3851460280FB-scaled-e1717428945455-300x300.jpeg\" alt=\"Picture of Victor Malheiro\" loading=\"lazy\">\n\t\t\t\t<\/a>\n\t\t\t\n\t\t\t<div class=\"elementor-author-box__text\">\n\t\t\t\t\t\t\t\t\t<a href=\"https:\/\/sites.usp.br\/giimus\/pt\/membros\/\">\n\t\t\t\t\t\t<h4 class=\"elementor-author-box__name\">\n\t\t\t\t\t\t\tVictor Malheiro\t\t\t\t\t\t<\/h4>\n\t\t\t\t\t<\/a>\n\t\t\t\t\n\t\t\t\t\t\t\t\t\t<div class=\"elementor-author-box__bio\">\n\t\t\t\t\t\t<p>Master Student<\/p>\n\t\t\t\t\t<\/div>\n\t\t\t\t\n\t\t\t\t\t\t\t<\/div>\n\t\t<\/div>\n\t\t\t\t<\/div>\n\t\t\t\t<\/div>\n\t\t\t\t<\/div>\n\t\t\t\t<\/div>\n\t\t","protected":false},"excerpt":{"rendered":"<p>Neuromodulation Focused ultrasound provides spatial resolution and dedicated ultrasonic energy for neuromodulation, offering a non-invasive and precise approach to stimulate specific areas of the brain. The ultrasound neuromodulation technique has shown potential applications in the treatment of neurological disorders such as Parkinson&#8217;s and depression, avoiding invasive surgeries and minimizing associated risks.Additionally, focused ultrasound has garnered&hellip;<\/p>\n","protected":false},"author":22154,"featured_media":0,"parent":0,"menu_order":8,"comment_status":"closed","ping_status":"closed","template":"","meta":{"footnotes":"","_links_to":"","_links_to_target":""},"class_list":["post-2236","page","type-page","status-publish","hentry","post"],"yoast_head":"<!-- This site is optimized with the Yoast SEO plugin v27.3 - https:\/\/yoast.com\/product\/yoast-seo-wordpress\/ -->\n<title>Neuromodula\u00e7\u00e3o - GIIMUS - Grupo de Inova\u00e7\u00e3o em Instrumenta\u00e7\u00e3o M\u00e9dica e Ultrassom<\/title>\n<meta name=\"robots\" content=\"index, follow, max-snippet:-1, max-image-preview:large, max-video-preview:-1\" \/>\n<link rel=\"canonical\" href=\"https:\/\/sites.usp.br\/giimus\/neuromodulacao\/\" \/>\n<meta name=\"twitter:label1\" content=\"Est. tempo de leitura\" \/>\n\t<meta name=\"twitter:data1\" content=\"1 minuto\" \/>\n<script type=\"application\/ld+json\" class=\"yoast-schema-graph\">{\"@context\":\"https:\\\/\\\/schema.org\",\"@graph\":[{\"@type\":\"WebPage\",\"@id\":\"https:\\\/\\\/sites.usp.br\\\/giimus\\\/neuromodulacao\\\/\",\"url\":\"https:\\\/\\\/sites.usp.br\\\/giimus\\\/neuromodulacao\\\/\",\"name\":\"Neuromodula\u00e7\u00e3o - GIIMUS - Grupo de Inova\u00e7\u00e3o em Instrumenta\u00e7\u00e3o M\u00e9dica e Ultrassom\",\"isPartOf\":{\"@id\":\"https:\\\/\\\/sites.usp.br\\\/giimus\\\/pt\\\/#website\"},\"datePublished\":\"2024-01-31T23:50:46+00:00\",\"dateModified\":\"2024-03-03T23:45:46+00:00\",\"inLanguage\":\"pt-BR\",\"potentialAction\":[{\"@type\":\"ReadAction\",\"target\":[\"https:\\\/\\\/sites.usp.br\\\/giimus\\\/neuromodulacao\\\/\"]}]},{\"@type\":\"WebSite\",\"@id\":\"https:\\\/\\\/sites.usp.br\\\/giimus\\\/pt\\\/#website\",\"url\":\"https:\\\/\\\/sites.usp.br\\\/giimus\\\/pt\\\/\",\"name\":\"GIIMUS - Grupo de Inova\u00e7\u00e3o em Instrumenta\u00e7\u00e3o M\u00e9dica e Ultrassom\",\"description\":\"Grupo de Inova\u00e7\u00e3o em Instrumenta\u00e7\u00e3o M\u00e9dica e Ultrassom - Universidade de S\u00e3o Paulo\",\"potentialAction\":[{\"@type\":\"SearchAction\",\"target\":{\"@type\":\"EntryPoint\",\"urlTemplate\":\"https:\\\/\\\/sites.usp.br\\\/giimus\\\/pt\\\/?s={search_term_string}\"},\"query-input\":{\"@type\":\"PropertyValueSpecification\",\"valueRequired\":true,\"valueName\":\"search_term_string\"}}],\"inLanguage\":\"pt-BR\"}]}<\/script>\n<!-- \/ Yoast SEO plugin. -->","yoast_head_json":{"title":"Neuromodula\u00e7\u00e3o - GIIMUS - Grupo de Inova\u00e7\u00e3o em Instrumenta\u00e7\u00e3o M\u00e9dica e Ultrassom","robots":{"index":"index","follow":"follow","max-snippet":"max-snippet:-1","max-image-preview":"max-image-preview:large","max-video-preview":"max-video-preview:-1"},"canonical":"https:\/\/sites.usp.br\/giimus\/neuromodulacao\/","twitter_misc":{"Est. tempo de leitura":"1 minuto"},"schema":{"@context":"https:\/\/schema.org","@graph":[{"@type":"WebPage","@id":"https:\/\/sites.usp.br\/giimus\/neuromodulacao\/","url":"https:\/\/sites.usp.br\/giimus\/neuromodulacao\/","name":"Neuromodula\u00e7\u00e3o - GIIMUS - Grupo de Inova\u00e7\u00e3o em Instrumenta\u00e7\u00e3o M\u00e9dica e Ultrassom","isPartOf":{"@id":"https:\/\/sites.usp.br\/giimus\/pt\/#website"},"datePublished":"2024-01-31T23:50:46+00:00","dateModified":"2024-03-03T23:45:46+00:00","inLanguage":"pt-BR","potentialAction":[{"@type":"ReadAction","target":["https:\/\/sites.usp.br\/giimus\/neuromodulacao\/"]}]},{"@type":"WebSite","@id":"https:\/\/sites.usp.br\/giimus\/pt\/#website","url":"https:\/\/sites.usp.br\/giimus\/pt\/","name":"GIIMUS - Grupo de Inova\u00e7\u00e3o em Instrumenta\u00e7\u00e3o M\u00e9dica e Ultrassom","description":"Grupo de Inova\u00e7\u00e3o em Instrumenta\u00e7\u00e3o M\u00e9dica e Ultrassom - Universidade de S\u00e3o Paulo","potentialAction":[{"@type":"SearchAction","target":{"@type":"EntryPoint","urlTemplate":"https:\/\/sites.usp.br\/giimus\/pt\/?s={search_term_string}"},"query-input":{"@type":"PropertyValueSpecification","valueRequired":true,"valueName":"search_term_string"}}],"inLanguage":"pt-BR"}]}},"_links":{"self":[{"href":"https:\/\/sites.usp.br\/giimus\/pt\/wp-json\/wp\/v2\/pages\/2236","targetHints":{"allow":["GET"]}}],"collection":[{"href":"https:\/\/sites.usp.br\/giimus\/pt\/wp-json\/wp\/v2\/pages"}],"about":[{"href":"https:\/\/sites.usp.br\/giimus\/pt\/wp-json\/wp\/v2\/types\/page"}],"author":[{"embeddable":true,"href":"https:\/\/sites.usp.br\/giimus\/pt\/wp-json\/wp\/v2\/users\/22154"}],"replies":[{"embeddable":true,"href":"https:\/\/sites.usp.br\/giimus\/pt\/wp-json\/wp\/v2\/comments?post=2236"}],"version-history":[{"count":4,"href":"https:\/\/sites.usp.br\/giimus\/pt\/wp-json\/wp\/v2\/pages\/2236\/revisions"}],"predecessor-version":[{"id":2856,"href":"https:\/\/sites.usp.br\/giimus\/pt\/wp-json\/wp\/v2\/pages\/2236\/revisions\/2856"}],"wp:attachment":[{"href":"https:\/\/sites.usp.br\/giimus\/pt\/wp-json\/wp\/v2\/media?parent=2236"}],"curies":[{"name":"wp","href":"https:\/\/api.w.org\/{rel}","templated":true}]}}