{"id":3003,"date":"2024-09-16T17:05:11","date_gmt":"2024-09-16T19:05:11","guid":{"rendered":"https:\/\/sites.usp.br\/giimus\/?page_id=3003"},"modified":"2024-09-20T09:24:14","modified_gmt":"2024-09-20T11:24:14","slug":"emu","status":"publish","type":"page","link":"https:\/\/sites.usp.br\/giimus\/pt\/emu\/","title":{"rendered":"EMU"},"content":{"rendered":"\t\t<div data-elementor-type=\"wp-page\" data-elementor-id=\"3003\" class=\"elementor elementor-3003\" data-elementor-post-type=\"page\">\n\t\t\t\t<div class=\"elementor-element elementor-element-484db35 e-flex e-con-boxed e-con e-parent\" data-id=\"484db35\" data-element_type=\"container\">\n\t\t\t\t\t<div class=\"e-con-inner\">\n\t\t\t\t<div class=\"elementor-element elementor-element-55dbbaa elementor-widget elementor-widget-heading\" data-id=\"55dbbaa\" data-element_type=\"widget\" data-widget_type=\"heading.default\">\n\t\t\t\t<div class=\"elementor-widget-container\">\n\t\t\t<h2 class=\"elementor-heading-title elementor-size-default\">EQUIPAMENTO MULTIUSU\u00c1RIO<\/h2>\t\t<\/div>\n\t\t\t\t<\/div>\n\t\t\t\t\t<\/div>\n\t\t\t\t<\/div>\n\t\t<div class=\"elementor-element elementor-element-1b2208c e-flex e-con-boxed e-con e-parent\" data-id=\"1b2208c\" data-element_type=\"container\">\n\t\t\t\t\t<div class=\"e-con-inner\">\n\t\t<div class=\"elementor-element elementor-element-350fbe9 e-con-full e-flex e-con e-child\" data-id=\"350fbe9\" data-element_type=\"container\">\n\t\t\t\t<div class=\"elementor-element elementor-element-90a2255 elementor-widget elementor-widget-text-editor\" data-id=\"90a2255\" data-element_type=\"widget\" data-widget_type=\"text-editor.default\">\n\t\t\t\t<div class=\"elementor-widget-container\">\n\t\t\t\t\t\t\t<h1>Plataforma de Ultrassom Verasonics (R) &#8211; modelo VANTAGE 256<\/h1><p>O sistema Verasonics Vantage 256 \u00e9 um sistema de ultrassonografia voltado para pesquisa que permite a cria\u00e7\u00e3o de sequ\u00eancias de eventos (transmiss\u00e3o, aquisi\u00e7\u00e3o, sincroniza\u00e7\u00e3o e fun\u00e7\u00f5es externas) de forma personalizada.<\/p><p>Atualmente o sistema opera com os transdutores lineares:<\/p><ul><li>ATL Philips L7-4 (frequ\u00eancia central de 5,1 MHZ)<\/li><li>Verasonics L11-5V (frequ\u00eancia central de 7,6 MHZ)<\/li><\/ul><p>As sequ\u00eancias de eventos implementadas e operantes s\u00e3o:<\/p><ul><li>Emiss\u00e3o\/Aquisi\u00e7\u00e3o de ondas planas com alta taxa de quadros (pulso-eco com m\u00e1xima taxa de aquisi\u00e7\u00e3o de 10.000 HZ) sincronizada com pulso trigger externo. Utilizada para experimentos de Magneto-Motive Ultrasound (MMUS) e elastografia por Shear Wave planas.<\/li><\/ul><ul><li>Aquisi\u00e7\u00e3o de sinais com sincroniza\u00e7\u00e3o externa para imagens fotoac\u00fasticas (Photoacoustic, PA) com excita\u00e7\u00e3o por LED seguida ao pulso-eco com alta taxa de aquisi\u00e7\u00e3o (MMUS-PA)<\/li><\/ul><ul><li>Sequ\u00eancia de aquisi\u00e7\u00e3o com invers\u00e3o de pulso para imagens harm\u00f4nicas<\/li><\/ul><ul><li>Sequ\u00eancia de aquisi\u00e7\u00e3o para Coherente Plane-Wave Compound (CPWC)<\/li><\/ul><p>Esse equipamento integra o Grupo de Inova\u00e7\u00e3o em Instrumenta\u00e7\u00e3o M\u00e9dica e Ultrassom (GIIMUS) localizado no Departamento de F\u00edsica da Faculdade de Filosofia, Ci\u00eancias e Letras de Ribeir\u00e3o Preto, Universidade de S\u00e3o Paulo.<\/p><p>Para a utiliza\u00e7\u00e3o do equipamento, o formul\u00e1rio para requisi\u00e7\u00e3o deve ser preenchido com todas as informa\u00e7\u00f5es, lendo atentamente as observa\u00e7\u00f5es. A confirma\u00e7\u00e3o do agendamento e autoriza\u00e7\u00e3o de uso\u00a0 ser\u00e3o feitas por e-mail.<\/p><p>O pesquisador solicitante dever\u00e1 indicar os pesquisadores que estar\u00e3o envolvidos nas atividades experimentais.<\/p><p>A opera\u00e7\u00e3o t\u00e9cnica do equipamento estar\u00e1 a cargo do t\u00e9cnico <em>Jo\u00e3o Uliana<\/em>. Os pesquisadores solicitantes que passarem por treinamento espec\u00edfico tamb\u00e9m poder\u00e3o operar o equipamento.<\/p><p>Contudo, os professores respons\u00e1veis ter\u00e3o autonomia para decidir se o equipamento ser\u00e1 operado pelos pesquisadores solicitantes ou pelo t\u00e9cnico do laborat\u00f3rio.<\/p><p>Os usu\u00e1rios dever\u00e3o providenciar todos os consum\u00edveis que ser\u00e3o utilizados nas atividades experimentais.<\/p><p>Eventuais danos ao equipamento ocasionados por descuido, desleixo ou por uso incorreto ser\u00e3o de responsabilidade do pesquisador solicitante.<\/p><p>Como contrapartida, os pesquisadores solicitantes dever\u00e3o agradecer, em todas as publica\u00e7\u00f5es cient\u00edficas resultante do uso do equipamento, o apoio parcial da FAPESP-2018\/16939 e do GIIMUS.<\/p>\t\t\t\t\t\t<\/div>\n\t\t\t\t<\/div>\n\t\t\t\t<\/div>\n\t\t<div class=\"elementor-element elementor-element-6383789 e-con-full e-flex e-con e-child\" data-id=\"6383789\" data-element_type=\"container\">\n\t\t<div class=\"elementor-element elementor-element-8f1ecfb e-con-full e-flex e-con e-child\" data-id=\"8f1ecfb\" data-element_type=\"container\">\n\t\t\t\t<div class=\"elementor-element elementor-element-961ac46 elementor-widget elementor-widget-image\" data-id=\"961ac46\" data-element_type=\"widget\" data-widget_type=\"image.default\">\n\t\t\t\t<div class=\"elementor-widget-container\">\n\t\t\t\t\t\t\t\t\t\t\t\t\t<img fetchpriority=\"high\" decoding=\"async\" width=\"800\" height=\"533\" src=\"https:\/\/sites.usp.br\/giimus\/wp-content\/uploads\/sites\/892\/2024\/09\/NDT_demo_setup_guided_wave-800.jpg\" class=\"attachment-large size-large wp-image-3008\" alt=\"\" srcset=\"https:\/\/sites.usp.br\/giimus\/wp-content\/uploads\/sites\/892\/2024\/09\/NDT_demo_setup_guided_wave-800.jpg 800w, https:\/\/sites.usp.br\/giimus\/wp-content\/uploads\/sites\/892\/2024\/09\/NDT_demo_setup_guided_wave-800-300x200.jpg 300w, https:\/\/sites.usp.br\/giimus\/wp-content\/uploads\/sites\/892\/2024\/09\/NDT_demo_setup_guided_wave-800-768x512.jpg 768w\" sizes=\"(max-width: 800px) 100vw, 800px\" \/>\t\t\t\t\t\t\t\t\t\t\t\t\t<\/div>\n\t\t\t\t<\/div>\n\t\t\t\t<\/div>\n\t\t<div class=\"elementor-element elementor-element-836472d e-con-full e-flex e-con e-child\" data-id=\"836472d\" data-element_type=\"container\">\n\t\t\t\t<div class=\"elementor-element elementor-element-3d513ce elementor-widget elementor-widget-heading\" data-id=\"3d513ce\" data-element_type=\"widget\" data-widget_type=\"heading.default\">\n\t\t\t\t<div class=\"elementor-widget-container\">\n\t\t\t<h2 class=\"elementor-heading-title elementor-size-default\">Formul\u00e1rio para Requisi\u00e7\u00e3o de Uso<\/h2>\t\t<\/div>\n\t\t\t\t<\/div>\n\t\t\t\t<div class=\"elementor-element elementor-element-3a95feb elementor-button-info elementor-widget elementor-widget-button\" data-id=\"3a95feb\" data-element_type=\"widget\" data-widget_type=\"button.default\">\n\t\t\t\t<div class=\"elementor-widget-container\">\n\t\t\t\t\t\t\t<div class=\"elementor-button-wrapper\">\n\t\t\t\t\t<a class=\"elementor-button elementor-button-link elementor-size-sm\" href=\"https:\/\/forms.gle\/cxdVZaJRQwjnBswf9\">\n\t\t\t\t\t\t<span class=\"elementor-button-content-wrapper\">\n\t\t\t\t\t\t<span class=\"elementor-button-icon\">\n\t\t\t\t<i aria-hidden=\"true\" class=\"fas fa-file-alt\"><\/i>\t\t\t<\/span>\n\t\t\t\t\t\t\t\t\t<span class=\"elementor-button-text\">Clique aqui<\/span>\n\t\t\t\t\t<\/span>\n\t\t\t\t\t<\/a>\n\t\t\t\t<\/div>\n\t\t\t\t\t\t<\/div>\n\t\t\t\t<\/div>\n\t\t\t\t<\/div>\n\t\t\t\t<\/div>\n\t\t\t\t\t<\/div>\n\t\t\t\t<\/div>\n\t\t\t\t<\/div>\n\t\t","protected":false},"excerpt":{"rendered":"<p>EQUIPAMENTO MULTIUSU\u00c1RIO Plataforma de Ultrassom Verasonics (R) &#8211; modelo VANTAGE 256 O sistema Verasonics Vantage 256 \u00e9 um sistema de ultrassonografia voltado para pesquisa que permite a cria\u00e7\u00e3o de sequ\u00eancias de eventos (transmiss\u00e3o, aquisi\u00e7\u00e3o, sincroniza\u00e7\u00e3o e fun\u00e7\u00f5es externas) de forma personalizada. Atualmente o sistema opera com os transdutores lineares: ATL Philips L7-4 (frequ\u00eancia central de&hellip;<\/p>\n","protected":false},"author":24319,"featured_media":0,"parent":0,"menu_order":0,"comment_status":"closed","ping_status":"closed","template":"","meta":{"footnotes":"","_links_to":"","_links_to_target":""},"class_list":["post-3003","page","type-page","status-publish","hentry","post"],"yoast_head":"<!-- This site is optimized with the Yoast SEO plugin v27.5 - https:\/\/yoast.com\/product\/yoast-seo-wordpress\/ -->\n<title>EMU - GIIMUS - Grupo de Inova\u00e7\u00e3o em Instrumenta\u00e7\u00e3o M\u00e9dica e Ultrassom<\/title>\n<meta name=\"robots\" content=\"index, follow, max-snippet:-1, max-image-preview:large, max-video-preview:-1\" \/>\n<link rel=\"canonical\" href=\"https:\/\/sites.usp.br\/giimus\/emu\/\" \/>\n<meta name=\"twitter:label1\" content=\"Est. tempo de leitura\" \/>\n\t<meta name=\"twitter:data1\" content=\"2 minutos\" \/>\n<script type=\"application\/ld+json\" class=\"yoast-schema-graph\">{\"@context\":\"https:\\\/\\\/schema.org\",\"@graph\":[{\"@type\":\"WebPage\",\"@id\":\"https:\\\/\\\/sites.usp.br\\\/giimus\\\/emu\\\/\",\"url\":\"https:\\\/\\\/sites.usp.br\\\/giimus\\\/emu\\\/\",\"name\":\"EMU - GIIMUS - Grupo de Inova\u00e7\u00e3o em Instrumenta\u00e7\u00e3o M\u00e9dica e Ultrassom\",\"isPartOf\":{\"@id\":\"https:\\\/\\\/sites.usp.br\\\/giimus\\\/pt\\\/#website\"},\"primaryImageOfPage\":{\"@id\":\"https:\\\/\\\/sites.usp.br\\\/giimus\\\/emu\\\/#primaryimage\"},\"image\":{\"@id\":\"https:\\\/\\\/sites.usp.br\\\/giimus\\\/emu\\\/#primaryimage\"},\"thumbnailUrl\":\"https:\\\/\\\/sites.usp.br\\\/giimus\\\/wp-content\\\/uploads\\\/sites\\\/892\\\/2024\\\/09\\\/NDT_demo_setup_guided_wave-800.jpg\",\"datePublished\":\"2024-09-16T19:05:11+00:00\",\"dateModified\":\"2024-09-20T11:24:14+00:00\",\"inLanguage\":\"pt-BR\",\"potentialAction\":[{\"@type\":\"ReadAction\",\"target\":[\"https:\\\/\\\/sites.usp.br\\\/giimus\\\/emu\\\/\"]}]},{\"@type\":\"ImageObject\",\"inLanguage\":\"pt-BR\",\"@id\":\"https:\\\/\\\/sites.usp.br\\\/giimus\\\/emu\\\/#primaryimage\",\"url\":\"https:\\\/\\\/sites.usp.br\\\/giimus\\\/wp-content\\\/uploads\\\/sites\\\/892\\\/2024\\\/09\\\/NDT_demo_setup_guided_wave-800.jpg\",\"contentUrl\":\"https:\\\/\\\/sites.usp.br\\\/giimus\\\/wp-content\\\/uploads\\\/sites\\\/892\\\/2024\\\/09\\\/NDT_demo_setup_guided_wave-800.jpg\"},{\"@type\":\"WebSite\",\"@id\":\"https:\\\/\\\/sites.usp.br\\\/giimus\\\/pt\\\/#website\",\"url\":\"https:\\\/\\\/sites.usp.br\\\/giimus\\\/pt\\\/\",\"name\":\"GIIMUS - Grupo de Inova\u00e7\u00e3o em Instrumenta\u00e7\u00e3o M\u00e9dica e Ultrassom\",\"description\":\"Grupo de Inova\u00e7\u00e3o em Instrumenta\u00e7\u00e3o M\u00e9dica e Ultrassom - Universidade de S\u00e3o Paulo\",\"potentialAction\":[{\"@type\":\"SearchAction\",\"target\":{\"@type\":\"EntryPoint\",\"urlTemplate\":\"https:\\\/\\\/sites.usp.br\\\/giimus\\\/pt\\\/?s={search_term_string}\"},\"query-input\":{\"@type\":\"PropertyValueSpecification\",\"valueRequired\":true,\"valueName\":\"search_term_string\"}}],\"inLanguage\":\"pt-BR\"}]}<\/script>\n<!-- \/ Yoast SEO plugin. -->","yoast_head_json":{"title":"EMU - GIIMUS - Grupo de Inova\u00e7\u00e3o em Instrumenta\u00e7\u00e3o M\u00e9dica e Ultrassom","robots":{"index":"index","follow":"follow","max-snippet":"max-snippet:-1","max-image-preview":"max-image-preview:large","max-video-preview":"max-video-preview:-1"},"canonical":"https:\/\/sites.usp.br\/giimus\/emu\/","twitter_misc":{"Est. tempo de leitura":"2 minutos"},"schema":{"@context":"https:\/\/schema.org","@graph":[{"@type":"WebPage","@id":"https:\/\/sites.usp.br\/giimus\/emu\/","url":"https:\/\/sites.usp.br\/giimus\/emu\/","name":"EMU - GIIMUS - Grupo de Inova\u00e7\u00e3o em Instrumenta\u00e7\u00e3o M\u00e9dica e Ultrassom","isPartOf":{"@id":"https:\/\/sites.usp.br\/giimus\/pt\/#website"},"primaryImageOfPage":{"@id":"https:\/\/sites.usp.br\/giimus\/emu\/#primaryimage"},"image":{"@id":"https:\/\/sites.usp.br\/giimus\/emu\/#primaryimage"},"thumbnailUrl":"https:\/\/sites.usp.br\/giimus\/wp-content\/uploads\/sites\/892\/2024\/09\/NDT_demo_setup_guided_wave-800.jpg","datePublished":"2024-09-16T19:05:11+00:00","dateModified":"2024-09-20T11:24:14+00:00","inLanguage":"pt-BR","potentialAction":[{"@type":"ReadAction","target":["https:\/\/sites.usp.br\/giimus\/emu\/"]}]},{"@type":"ImageObject","inLanguage":"pt-BR","@id":"https:\/\/sites.usp.br\/giimus\/emu\/#primaryimage","url":"https:\/\/sites.usp.br\/giimus\/wp-content\/uploads\/sites\/892\/2024\/09\/NDT_demo_setup_guided_wave-800.jpg","contentUrl":"https:\/\/sites.usp.br\/giimus\/wp-content\/uploads\/sites\/892\/2024\/09\/NDT_demo_setup_guided_wave-800.jpg"},{"@type":"WebSite","@id":"https:\/\/sites.usp.br\/giimus\/pt\/#website","url":"https:\/\/sites.usp.br\/giimus\/pt\/","name":"GIIMUS - Grupo de Inova\u00e7\u00e3o em Instrumenta\u00e7\u00e3o M\u00e9dica e Ultrassom","description":"Grupo de Inova\u00e7\u00e3o em Instrumenta\u00e7\u00e3o M\u00e9dica e Ultrassom - Universidade de S\u00e3o Paulo","potentialAction":[{"@type":"SearchAction","target":{"@type":"EntryPoint","urlTemplate":"https:\/\/sites.usp.br\/giimus\/pt\/?s={search_term_string}"},"query-input":{"@type":"PropertyValueSpecification","valueRequired":true,"valueName":"search_term_string"}}],"inLanguage":"pt-BR"}]}},"_links":{"self":[{"href":"https:\/\/sites.usp.br\/giimus\/pt\/wp-json\/wp\/v2\/pages\/3003","targetHints":{"allow":["GET"]}}],"collection":[{"href":"https:\/\/sites.usp.br\/giimus\/pt\/wp-json\/wp\/v2\/pages"}],"about":[{"href":"https:\/\/sites.usp.br\/giimus\/pt\/wp-json\/wp\/v2\/types\/page"}],"author":[{"embeddable":true,"href":"https:\/\/sites.usp.br\/giimus\/pt\/wp-json\/wp\/v2\/users\/24319"}],"replies":[{"embeddable":true,"href":"https:\/\/sites.usp.br\/giimus\/pt\/wp-json\/wp\/v2\/comments?post=3003"}],"version-history":[{"count":4,"href":"https:\/\/sites.usp.br\/giimus\/pt\/wp-json\/wp\/v2\/pages\/3003\/revisions"}],"predecessor-version":[{"id":3041,"href":"https:\/\/sites.usp.br\/giimus\/pt\/wp-json\/wp\/v2\/pages\/3003\/revisions\/3041"}],"wp:attachment":[{"href":"https:\/\/sites.usp.br\/giimus\/pt\/wp-json\/wp\/v2\/media?parent=3003"}],"curies":[{"name":"wp","href":"https:\/\/api.w.org\/{rel}","templated":true}]}}